



{"id":1132,"date":"2014-12-17T00:36:39","date_gmt":"2014-12-16T23:36:39","guid":{"rendered":"http:\/\/www.faustyna.pl\/zmbm\/?page_id=1132"},"modified":"2021-07-10T12:02:49","modified_gmt":"2021-07-10T10:02:49","slug":"swieta-siostra-faustyna","status":"publish","type":"page","link":"https:\/\/www.faustyna.pl\/zmbm\/swieta-siostra-faustyna\/","title":{"rendered":"\u015awi\u0119ta Siostra Faustyna"},"content":{"rendered":"<p style=\"text-align: justify\">Jest \u201edarem Boga dla naszych czas\u00f3w\u201d, wielkim mistykiem, mistrzyni\u0105 \u017cycia duchowego, prorokiem, kt\u00f3ry przypomnia\u0142 biblijn\u0105 prawd\u0119 o mi\u0142o\u015bci mi\u0142osiernej Boga do ka\u017cdego cz\u0142owieka i wzywa do g\u0142oszenia jej \u015bwiatu \u015bwiadectwem \u017cycia, czynem, s\u0142owem i modlitw\u0105.<\/p>\n","protected":false},"excerpt":{"rendered":"<p>Jest \u201edarem Boga dla naszych czas\u00f3w\u201d, wielkim mistykiem, mistrzyni\u0105 \u017cycia duchowego, prorokiem, kt\u00f3ry przypomnia\u0142 biblijn\u0105 prawd\u0119 o mi\u0142o\u015bci mi\u0142osiernej Boga do ka\u017cdego cz\u0142owieka i wzywa do g\u0142oszenia jej \u015bwiatu \u015bwiadectwem \u017cycia, czynem, s\u0142owem i modlitw\u0105.<\/p>\n","protected":false},"author":1,"featured_media":21530,"parent":0,"menu_order":0,"comment_status":"closed","ping_status":"closed","template":"page_section_menu.php","meta":{"footnotes":""},"categories":[24],"tags":[],"class_list":["post-1132","page","type-page","status-publish","has-post-thumbnail","hentry","category-swieta-siostra-faustyna"],"_links":{"self":[{"href":"https:\/\/www.faustyna.pl\/zmbm\/wp-json\/wp\/v2\/pages\/1132","targetHints":{"allow":["GET"]}}],"collection":[{"href":"https:\/\/www.faustyna.pl\/zmbm\/wp-json\/wp\/v2\/pages"}],"about":[{"href":"https:\/\/www.faustyna.pl\/zmbm\/wp-json\/wp\/v2\/types\/page"}],"author":[{"embeddable":true,"href":"https:\/\/www.faustyna.pl\/zmbm\/wp-json\/wp\/v2\/users\/1"}],"replies":[{"embeddable":true,"href":"https:\/\/www.faustyna.pl\/zmbm\/wp-json\/wp\/v2\/comments?post=1132"}],"version-history":[{"count":2,"href":"https:\/\/www.faustyna.pl\/zmbm\/wp-json\/wp\/v2\/pages\/1132\/revisions"}],"predecessor-version":[{"id":4233,"href":"https:\/\/www.faustyna.pl\/zmbm\/wp-json\/wp\/v2\/pages\/1132\/revisions\/4233"}],"wp:featuredmedia":[{"embeddable":true,"href":"https:\/\/www.faustyna.pl\/zmbm\/wp-json\/wp\/v2\/media\/21530"}],"wp:attachment":[{"href":"https:\/\/www.faustyna.pl\/zmbm\/wp-json\/wp\/v2\/media?parent=1132"}],"wp:term":[{"taxonomy":"category","embeddable":true,"href":"https:\/\/www.faustyna.pl\/zmbm\/wp-json\/wp\/v2\/categories?post=1132"},{"taxonomy":"post_tag","embeddable":true,"href":"https:\/\/www.faustyna.pl\/zmbm\/wp-json\/wp\/v2\/tags?post=1132"}],"curies":[{"name":"wp","href":"https:\/\/api.w.org\/{rel}","templated":true}]}}