



{"id":1154,"date":"2014-12-17T00:46:01","date_gmt":"2014-12-17T00:46:01","guid":{"rendered":"http:\/\/www.faustyna.pl\/zmbm\/?page_id=1154"},"modified":"2023-03-08T14:29:25","modified_gmt":"2023-03-08T13:29:25","slug":"ks-michal-sopocko","status":"publish","type":"page","link":"https:\/\/www.faustyna.pl\/zmbm\/ks-michal-sopocko\/","title":{"rendered":"ks. Micha\u0142 Sopo\u0107ko"},"content":{"rendered":"<p align=\"justify\"><span style=\"color: #003300\">W \u017cyciu duchowym oraz rozeznawaniu i wype\u0142nianiu prorockiej misji Mi\u0142osierdzia wspierali Siostr\u0119 Faustyn\u0119 kap\u0142ani: w Wilnie spowiednikiem i kierownikiem duchowym by\u0142 b\u0142. ks. Micha\u0142 Sopo\u0107ko, a w Krakowie o. J\u00f3zef Andrasz SJ.<\/span><\/p>\n<p><a href=\"https:\/\/www.faustyna.pl\/zmbm\/wp-content\/uploads\/2014\/12\/Ks-Michal-Sopocko-mlody.jpg\" data-gallery><img loading=\"lazy\" decoding=\"async\" class=\"size-medium wp-image-10521 alignnone\" src=\"https:\/\/www.faustyna.pl\/zmbm\/wp-content\/uploads\/2014\/12\/Ks-Michal-Sopocko-mlody-560x334.jpg\" alt=\"\" width=\"560\" height=\"334\" srcset=\"https:\/\/www.faustyna.pl\/zmbm\/wp-content\/uploads\/2014\/12\/Ks-Michal-Sopocko-mlody-560x334.jpg 560w, https:\/\/www.faustyna.pl\/zmbm\/wp-content\/uploads\/2014\/12\/Ks-Michal-Sopocko-mlody-140x84.jpg 140w, https:\/\/www.faustyna.pl\/zmbm\/wp-content\/uploads\/2014\/12\/Ks-Michal-Sopocko-mlody.jpg 1024w\" sizes=\"auto, (max-width: 560px) 100vw, 560px\" \/><\/a><\/p>\n<p style=\"text-align: justify\">Ksi\u0105dz Micha\u0142 Sopo\u0107ko po raz pierwszy spotka\u0142 si\u0119 z Siostr\u0105 Faustyn\u0105 Kowalsk\u0105 w czerwcu 1933 roku w Wilnie, gdzie by\u0142 spowiednikiem zwyczajnym Zgromadzenia Si\u00f3str Matki Bo\u017cej Mi\u0142osierdzia. <i style=\"font-weight: normal\">Ju\u017c na pocz\u0105tku o\u015bwiadczy\u0142a mi<\/i> \u2013 wspomina\u0142 po latach \u2013 <i style=\"font-weight: normal\">\u017ce zna mnie z jakiego\u015b widzenia, \u017ce mam by\u0107 jej kierownikiem sumienia i musz\u0119 urzeczywistni\u0107 jakie\u015b plany Bo\u017ce, kt\u00f3re maj\u0105 by\u0107 przez ni\u0105 podane.<\/i> Ksi\u0105dz Sopo\u0107ko by\u0142 spowiednikiem i kierownikiem duchowym Siostry Faustyny do 21 marca\u00a0 1936 roku,\u00a0czyli do czasu jej wyjazdu z Wilna. Potem utrzymywa\u0142 z ni\u0105 \u017cywy kontakt korespondencyjny, poprzez kt\u00f3ry udziela\u0142 rad i wskaz\u00f3wek dotycz\u0105cych \u017cycia duchowego i realizacji pos\u0142annictwa, a b\u0119d\u0105c w Krakowie odwiedza\u0142 j\u0105 w klasztorze lub w szpitalu na Pr\u0105dniku. Z jego polecenia Siostra Faustyna rozpocz\u0119\u0142a pisanie \u201eDzienniczka\u201d. On zatroszczy\u0142 si\u0119 o namalowanie pierwszego obrazu Jezusa Mi\u0142osiernego w Wilnie w 1934 roku i publiczne jego uczczenie, kt\u00f3re mia\u0142o miejsce w Ostrej Bramie w czasie obchod\u00f3w Jubileuszu Odkupienia 26-28 kwietnia 1935 roku. Jeszcze przed II wojn\u0105 \u015bwiatow\u0105 podj\u0105\u0142 starania u w\u0142adz ko\u015bcielnych o ustanowienie \u015bwi\u0119ta Mi\u0142osierdzia Bo\u017cego. Napisa\u0142 szereg prac po\u015bwi\u0119conych prawdzie mi\u0142osierdzia Bo\u017cego. Do ko\u0144ca \u017cycia zabiega\u0142 o ustanowienie \u015bwi\u0119ta i aprobat\u0119 kultu Mi\u0142osierdzia Bo\u017cego.<\/p>\n<p style=\"text-align: justify\"><a href=\"https:\/\/www.faustyna.pl\/zmbm\/wp-content\/uploads\/2014\/12\/Ksiadz-Michal-Sopocko-na-procesji.jpg\" data-gallery><img loading=\"lazy\" decoding=\"async\" class=\"size-medium wp-image-10522 alignnone\" src=\"https:\/\/www.faustyna.pl\/zmbm\/wp-content\/uploads\/2014\/12\/Ksiadz-Michal-Sopocko-na-procesji-560x331.jpg\" alt=\"\" width=\"560\" height=\"331\" srcset=\"https:\/\/www.faustyna.pl\/zmbm\/wp-content\/uploads\/2014\/12\/Ksiadz-Michal-Sopocko-na-procesji-560x331.jpg 560w, https:\/\/www.faustyna.pl\/zmbm\/wp-content\/uploads\/2014\/12\/Ksiadz-Michal-Sopocko-na-procesji-140x83.jpg 140w, https:\/\/www.faustyna.pl\/zmbm\/wp-content\/uploads\/2014\/12\/Ksiadz-Michal-Sopocko-na-procesji.jpg 1024w\" sizes=\"auto, (max-width: 560px) 100vw, 560px\" \/><\/a><\/p>\n<p style=\"text-align: justify\">Urodzi\u0142 si\u0119 1 listopada 1888 roku w Juszewszczy\u017anie,\u00a0 w\u00a0 powiecie\u00a0 oszmia\u0144skim. W 1910 roku wst\u0105pi\u0142 do Seminarium Duchownego w Wilnie. W 1914 roku otrzyma\u0142 \u015bwi\u0119cenia kap\u0142a\u0144skie i przez cztery lata pracowa\u0142 jako wikariusz w Taboryszkach. W latach 1919-1924 by\u0142 kapelanem wojskowym w Warszawie i jednocze\u015bnie odby\u0142 studia specjalistyczne na Wydziale Teologicznym Uniwersytetu War szawskiego oraz w Instytucie Pedagogicznym. W 1924 roku przeniesiony zosta\u0142 do Wilna, gdzie nadal pe\u0142ni\u0142 funkcj\u0119 kapelana wojskowego, a\u017c do roku 1932. Od 1928 roku zatrudniony zosta\u0142 jako zast\u0119pca profesora teologii pastoralnej na Wydziale Teologicznym Uniwersytetu Stefana Batorego. W latach 1927-1932 pe\u0142ni\u0142 funkcj\u0119 ojca duchownego w Seminarium Wile\u0144skim. W 1947 roku przyby\u0142 do Bia\u0142egostoku i podj\u0105\u0142 wyk\u0142ady w Seminarium Duchownym, kt\u00f3re prowadzi\u0142 do roku 1962. Zadziwia r\u00f3\u017cnorodno\u015b\u0107 jego pos\u0142ugi kap\u0142a\u0144skiej: by\u0142 duszpasterzem parafialnym, katechet\u0105, organizatorem szkolnictwa, pedagogiem, wyk\u0142adowc\u0105 na Uniwersytecie i w Seminarium, ojcem duchownym, spowiednikiem alumn\u00f3w, ksi\u0119\u017cy i si\u00f3str zakonnych, kapelanem wojskowym, dzia\u0142aczem trze\u017awo\u015bciowym, a tak\u017ce budowniczym ko\u015bcio\u0142\u00f3w.<\/p>\n<p style=\"text-align: justify\">Zmar\u0142 w Bia\u0142ymstoku 15 lutego 1975 roku. W 1987 roku na szczeblu diecezjalnym rozpocz\u0119to jego proces zmierzaj\u0105cy do wyniesienia ks. Sopo\u0107ki na o\u0142tarze. W 1993 roku akta procesowe przekazane zosta\u0142y do Kongregacji do Spraw Kanonizacyjnych w Rzymie. W 2004 roku Ojciec \u015awi\u0119ty Jan Pawe\u0142 II promulgowa\u0142 dekret o heroiczno\u015bci cn\u00f3t S\u0142ugi Bo\u017cego, a nast\u0119pnie dekret o cudzie przypisywanym jego wstawiennictwu. Beatyfikacja odby\u0142a si\u0119 w Bia\u0142ymstoku 28 wrze\u015bnia 2008 roku. Jego relikwie spoczywaj\u0105 w ko\u015bciele pw. Mi\u0142osierdzia Bo\u017cego w Bia\u0142ymstoku, kt\u00f3re zosta\u0142o podniesione do rangi diecezjalnego sanktuarium.<\/p>\n<p><!--more--><\/p>\n<div align=\"center\"><span style=\"color: #800000\"><i><b>\u015aWI\u0118CI CHODZ\u0104 PARAMI<\/b><\/i><\/span><\/div>\n<p align=\"justify\"><a href=\"https:\/\/www.faustyna.pl\/zmbm\/wp-content\/uploads\/2014\/12\/ks-Michal-Sopocko-w-wieku-sedziwym.jpg\" data-gallery><img loading=\"lazy\" decoding=\"async\" class=\"size-medium wp-image-10523 alignnone\" src=\"https:\/\/www.faustyna.pl\/zmbm\/wp-content\/uploads\/2014\/12\/ks-Michal-Sopocko-w-wieku-sedziwym-560x331.jpg\" alt=\"\" width=\"560\" height=\"331\" srcset=\"https:\/\/www.faustyna.pl\/zmbm\/wp-content\/uploads\/2014\/12\/ks-Michal-Sopocko-w-wieku-sedziwym-560x331.jpg 560w, https:\/\/www.faustyna.pl\/zmbm\/wp-content\/uploads\/2014\/12\/ks-Michal-Sopocko-w-wieku-sedziwym-140x83.jpg 140w, https:\/\/www.faustyna.pl\/zmbm\/wp-content\/uploads\/2014\/12\/ks-Michal-Sopocko-w-wieku-sedziwym.jpg 1024w\" sizes=\"auto, (max-width: 560px) 100vw, 560px\" \/><\/a><\/p>\n<p align=\"justify\">\u015awi\u0119ci odnajduj\u0105 si\u0119 na ziemi, rozpoznaj\u0105 siebie, wspomagaj\u0105 nawzajem, ucz\u0105 si\u0119 od siebie. Przyk\u0142ady \u015bwi\u0119tych par s\u0105 liczne: Franciszek z Asy\u017cu i Klara, Franciszek Salezy i Joanna de Chantal, Albert Chmielowski i s. Bernardyna Maria Jab\u0142o\u0144ski. Tak te\u017c by\u0142o w przypadku \u015bw. Siostry Faustyny i jej spowiednika b\u0142. ks. Micha\u0142a Sopo\u0107ki. W nim za zrz\u0105dzeniem Bo\u017cym Siostra Faustyna odnalaz\u0142a ow\u0105 <i style=\"font-weight: normal\">pomoc widzialn\u0105 na ziemi,<\/i> dzi\u0119ki kt\u00f3rej mia\u0142a spe\u0142ni\u0107 wol\u0119 Bo\u017c\u0105 <span style=\"font-size: 90%\">(Dz. 53)<\/span>. Ale i ona, jej d\u0105\u017cenie do \u015bwi\u0119to\u015bci i misja powierzona przez Jezusa wp\u0142yn\u0119\u0142y na \u017cycie duchowe i apostolstwo ks. Micha\u0142a.<\/p>\n<p style=\"text-align: justify\">Lektura \u201eDzienniczka\u201d ukazuje Siostr\u0119 Faustyn\u0119 z jednej strony jako osob\u0119 poddan\u0105 cierpieniom, pr\u00f3bom i niepewno\u015bciom: czy to, co prze\u017cywa, pochodzi od Boga, a z drugiej strony \u2013 doznaj\u0105c\u0105\u00a0 pociech, pokoju, blisko\u015bci i mi\u0142o\u015bci Boga. Jest wierna obowi\u0105zkom, pracy, modlitwie, cierpliwie znosi chorob\u0119, zdobywa si\u0119 na heroiczne akty wynagradzania za grzechy innych. Jej si\u0142\u0105 by\u0142a wiara ufna i szczera. Wychowana by\u0142a w prostej, ale religijnej i prawej rodzinie, gdzie dobro by\u0142o czytelne i jednoznacznie odnoszone do Boga jako \u017ar\u00f3d\u0142a dobra i mi\u0142o\u015bci. To w\u0142a\u015bnie ta postawa ducha otwiera\u0142a j\u0105 na Boga, na Jego natchnienia, motywowa\u0142a j\u0105 do wierno\u015bci na drodze powo\u0142ania, kt\u00f3ra nieraz w codzienno\u015bci du\u017co j\u0105 kosztowa\u0142a, wi\u0119cej \u2013 do godzenia si\u0119 na cierpienia ofiarowywane Bogu za innych. Niew\u0105tpliwie jej si\u0142\u0105 by\u0142o te\u017c szczere i gorliwe podj\u0119cie \u017cycia zakonnego, post\u0119powanie zgodne ze wskazaniami regu\u0142y, modlitwa i \u017cycie sakramentalne.<\/p>\n<p style=\"text-align: justify\">Czy objawienia, wewn\u0119trzne doznania i prze\u017cycia kszta\u0142towa\u0142y jej \u015bwi\u0119to\u015b\u0107? \u201eNam\u0119czy\u0142a si\u0119 z nimi.\u201d By\u0142y one powodem wahania i r\u00f3\u017cnych w\u0105tpliwo\u015bci. Wiele razy zadawa\u0142a sobie pytania: Czy to prawda? Czy to mo\u017cliwe? I tu potrzebny by\u0142 kto\u015b, kto by j\u0105 wys\u0142ucha\u0142, rozumia\u0142, szczerze i uczciwie powiedzia\u0142, czy to, czego doznaje, to prawda, czy to jest od Boga. Potrzebny\u00a0 by\u0142\u00a0 kto\u015b,\u00a0 kto zna\u0142by\u00a0 si\u0119\u00a0 na rzeczy, mia\u0142 wiedz\u0119, Bo\u017cego ducha i chcia\u0142 si\u0119 zaj\u0105\u0107 jej spraw\u0105.<\/p>\n<p style=\"text-align: justify\">W takiej sytuacji pojawi\u0142 si\u0119 ks. Sopo\u0107ko. Jego droga \u017cyciowa do momentu spotkania z Siostr\u0105 Faustyn\u0105 by\u0142a podobna do tej, jak\u0105 ona przesz\u0142a. W domu i przez \u015brodowisko, w kt\u00f3rym wzrasta\u0142, wychowywa\u0142 si\u0119, przygotowywa\u0142 do kap\u0142a\u0144stwa, otrzyma\u0142 wszystko, co s\u0142u\u017cy\u0142o drodze autentycznie ludzkiej, chrze\u015bcija\u0144skiej, drodze kap\u0142a\u0144skiego powo\u0142ania: ufno\u015b\u0107, otwarto\u015b\u0107 i wra\u017cliwo\u015b\u0107 na Boga, gotowo\u015b\u0107 na trud, ofiarno\u015b\u0107, pragnienie oddania siebie na s\u0142u\u017cb\u0119 Bogu. On tak\u017ce uczciwie \u017cy\u0142 wed\u0142ug wymaga\u0144 stanu kap\u0142a\u0144skiego.<\/p>\n<p style=\"text-align: justify\">Gdy spotka\u0142 Siostr\u0119 Faustyn\u0119, w jego \u017cyciu pojawi\u0142o si\u0119 nowe zadanie: oboje stan\u0119li przed tym samym problemem, tym samym wyzwaniem \u2013 g\u0142oszenia tajemnicy Mi\u0142osierdzia. Byli otwarci na g\u0142os Boga, na Jego natchnienia, pos\u0142uszni i wierni zleconemu im pos\u0142annictwu. Byli na wystarczaj\u0105co wysokim poziomie duchowym, by sobie wzajemnie pomaga\u0107. A tak naprawd\u0119 to B\u00f3g wszystkim kierowa\u0142, wszak to by\u0142o Jego dzie\u0142o. Musieli jednak\u017ce na pocz\u0105tku pokona\u0107 ludzkie opory, pozna\u0107 siebie nawzajem, wypr\u00f3bowa\u0107 czy sprawdzi\u0107. Z \u201eDzienniczka\u201d wiemy, \u017ce Siostra Faustyna nie od razu wszystko powiedzia\u0142a swemu spowiednikowi, cho\u0107 by\u0142 on wskazany jej przez Boga i wymodlony. Sam Jezus musia\u0142 j\u0105 upomnie\u0107 <span style=\"font-size: 90%\">(zob. Dz. 263, 269, 144)<\/span>. Podobnie i ks. Sopo\u0107ko chcia\u0142 porzuci\u0107 spowiadanie w klasztorze si\u00f3str Matki Bo\u017cej Mi\u0142osierdzia i Siostr\u0119 Faustyn\u0119 podda\u0142 pewnej pr\u00f3bie. Ostatecznie jednak stan\u0105\u0142 na wysoko\u015bci zadania.<\/p>\n<p style=\"text-align: justify\">W czym ks. Sopo\u0107ko pom\u00f3g\u0142 Siostrze Faustynie? Jako kap\u0142an, spowiednik z urz\u0119du by\u0142 w roli pouczaj\u0105cego, odpowiadaj\u0105cego za powierzon\u0105 sobie penitentk\u0119 i dzie\u0142o Mi\u0142osierdzia Bo\u017cego przed nim ods\u0142aniane. Sam Jezus nakazywa\u0142 Siostrze Faustynie s\u0142ucha\u0107 spowiednika <span style=\"font-size: 90%\">(Dz. 331, 979, 1308, 1644)<\/span>. Pos\u0142usze\u0144stwo chroni\u0142o j\u0105 przed rozmini\u0119ciem si\u0119 z wol\u0105 Bo\u017c\u0105 i pomaga\u0142o kroczy\u0107 \u015bcie\u017ckami duchowego wzrostu. Ksi\u0105dz Sopo\u0107ko nie musia\u0142 jej zach\u0119ca\u0107 do wierno\u015bci Bogu, do starania si\u0119 o wzrost swego \u017cycia duchowego, bo ona tego ca\u0142\u0105 sob\u0105 pragn\u0119\u0142a. Spowiednik przekazywa\u0142 jej wiedz\u0119, ale ona tak zatroskana o mi\u0142o\u015b\u0107 do Boga niejako naturalnie przechodzi\u0142a stopnie doskona\u0142o\u015bci, a mo\u017ce nawet uprzedza\u0142a \u017cyciem nauk\u0119 jej przedk\u0142adan\u0105. Niemniej trzeba uzna\u0107, \u017ce to on poprowadzi\u0142 Siostr\u0119 Faustyn\u0119 drog\u0105 \u015bwi\u0119to\u015bci, o czym sama napisa\u0142a w \u201eDzienniczku\u201d <span style=\"font-size: 90%\">(zob. Dz. 269-270, 331, 444, 144, 145, 937)<\/span>, a mo\u017ce jeszcze wi\u0119cej w listach kierowanych do niego.<\/p>\n<p style=\"text-align: justify\">Wielk\u0105 pomoc\u0105 dla Siostry Faustyny by\u0142 ju\u017c sam fakt, \u017ce mia\u0142a spowiednika, kt\u00f3ry j\u0105 rozumia\u0142, wspiera\u0142 i wzmacnia\u0142, nawet je\u015bli wszystkiego do ko\u0144ca w danym momencie nie rozumia\u0142. On wyja\u015bnia\u0142, rozeznawa\u0142, utwierdza\u0142 w przekonaniu o autentyczno\u015bci prze\u017cy\u0107, wizji, objawie\u0144. A je\u015bli nawet mog\u0142y si\u0119 rodzi\u0107 pewne w\u0105tpliwo\u015bci w tym wzgl\u0119dzie, to na pewno wyra\u017ca\u0142 przekonanie,\u00a0 \u017ce g\u0142oszenie\u00a0 prawdy o mi\u0142osierdziu\u00a0 Bo\u017cym, o potrzebie kultu, i specjalnego\u00a0 \u015bwi\u0119ta\u00a0 jest ze wszech\u00a0 miar po\u017c\u0105dane. Sam sta\u0142 si\u0119\u00a0 pomoc\u0105 w realizacji \u017c\u0105da\u0144 Jezusa, kontynuatorem misji apostolskiej Siostry Faustyny po jej \u015bmierci <span style=\"font-size: 90%\">(Dz. 53, 436-437)<\/span>.<\/p>\n<p style=\"text-align: justify\">A w czym ksi\u0119dzu\u00a0 Sopo\u0107ce pomog\u0142a\u00a0 jego \u015bwi\u0119ta Penitentka? Troska o w\u0142asne \u017cycie duchowe, jego rozw\u00f3j i wzrost, jak by\u0142o ju\u017c wspomniane, nigdy nie by\u0142a mu obca. On podobnie jak Siostra Faustyna otwarty by\u0142 na Bo\u017ce wezwania, stara\u0142 si\u0119 pe\u0142ni\u0107 wol\u0119 Bo\u017c\u0105 i by\u0107 Bogu wiernym na drodze swego kap\u0142a\u0144skiego powo\u0142ania. Poprzez spotkanie z ni\u0105 zosta\u0142 wezwany do czego\u015b wi\u0119cej \u2013 do zada\u0144, kt\u00f3re nie jawi\u0105 si\u0119 na co dzie\u0144 w pos\u0142udze kap\u0142a\u0144skiej \u2013 do apostolstwa Mi\u0142osierdzia Bo\u017cego, zabiegania o ustanowienie \u015bwi\u0119ta, do troski o upowszechnienie kultu. Samo za\u015b wejrzenie w tajniki duszy \u015awi\u0119tej sta\u0142o si\u0119 szczeg\u00f3lnym wyzwaniem dla \u017cywionych przez niego pragnie\u0144 osobistej \u015bwi\u0119to\u015bci. Przede wszystkim jej modlitwa, ofiarowywanie cierpie\u0144 w jego intencji, stawa\u0142y si\u0119 nieocenion\u0105 pomoc\u0105 <span style=\"font-size: 90%\">(Dz. 330, 596, 838, 851, 868, 988)<\/span>. Uczy\u0142 si\u0119\u00a0 od niej ufno\u015bci\u00a0 Bogu,\u00a0 zawierzenia Mu. Bardzo\u00a0 go w tym wzmacnia\u0142a Siostra Faustyna tak\u017ce w momencie jej odchodzenia z tego \u015bwiata. Po swym ostatnim spotkaniu i rozmowie z ni\u0105 ks. Micha\u0142 zapisa\u0142: <i style=\"font-weight: normal\">Czu\u0142em wielki b\u00f3l w duszy i gorycz, \u017ce mam po\u017cegna\u0107 t\u0119 niezwyk\u0142\u0105 istot\u0119, \u017ce obecnie jestem tak opuszczony przez wszystkich. Ale zrozumia\u0142em, \u017ce je\u015bli kto, to ja musz\u0119 przede wszystkim zaufa\u0107 mi\u0142osierdziu Bo\u017cemu.<\/i> (&#8230;) <i style=\"font-weight: normal\">Dlatego mam si\u0119 otrz\u0105sn\u0105\u0107 z ma\u0142oduszno\u015bci i ufa\u0107 Mu, ufa\u0107 i jeszcze raz ufa\u0107.<\/i> Or\u0119downictwo u Boga, zapewnienie pomocy ju\u017c z nieba \u2013 <i style=\"font-weight: normal\">Na moj\u0105 pro\u015bb\u0119 \u017cyczy\u0142a mi \u0142ask wszelkich\u00a0 od\u00a0 Boga i po\u017cegna\u0142a\u00a0 si\u0119,\u00a0 obiecuj\u0105c\u00a0 modlitw\u0119 tu i po \u015bmierci<\/i> \u2013 by\u0142y niew\u0105tpliwie wielkim umocnieniem wysi\u0142k\u00f3w apostolskich ks. Sopo\u0107ki. Zainspirowany \u015bwi\u0119tym \u017cyciem i objawieniami Siostry Faustyny sta\u0142 si\u0119 wielkim aposto\u0142em Mi\u0142osierdzia Bo\u017cego. Jako kierownik jej duszy, \u015bwiadek tajemnic jej intymnego dialogu z Bogiem i dzie\u0142 w niej przez Boga dokonywanych, dotkn\u0105\u0142 pe\u0142niej tajemnicy Boga. Jego troska o osobiste doskonalenie i wierno\u015b\u0107 misji kap\u0142a\u0144skiej, naznaczonej charyzmatem aposto\u0142a Mi\u0142osierdzia Bo\u017cego, o\u017cywione i wzmocnione spotkaniem z niezwyk\u0142\u0105 Penitentk\u0105, zaowocowa\u0142y tak\u017ce u niego osobist\u0105 \u015bwi\u0119to\u015bci\u0105, czego jeste\u015bmy dzi\u015b \u015bwiadkami, gdy zosta\u0142 wyniesiony do chwa\u0142y o\u0142tarzy jako b\u0142ogos\u0142awiony Ko\u015bcio\u0142a. \u015awi\u0119ci rzeczywi\u015bcie chodz\u0105 parami.<\/p>\n<div align=\"right\"><i style=\"font-weight: normal\">ks.\u00a0Henryk Ciereszko<\/i><\/div>\n<p>Z: &#8222;Or\u0119dzie Mi\u0142osierdzia&#8221; 70 (2009)<\/p>\n<p>Foto: Archiwum Zgromadzenia Si\u00f3str Jezusa Mi\u0142osiernego<\/p>\n<p><a href=\"https:\/\/www.faustyna.pl\/zmbm\/swieta-siostra-faustyna\/\">\u015awi\u0119ta Siostra Faustyna\/Spowiednicy<\/a><\/p>\n","protected":false},"excerpt":{"rendered":"<p>W \u017cyciu duchowym oraz rozeznawaniu i wype\u0142nianiu prorockiej misji Mi\u0142osierdzia wspierali Siostr\u0119 Faustyn\u0119 kap\u0142ani: w Wilnie spowiednikiem i kierownikiem duchowym by\u0142 b\u0142. ks. Micha\u0142 Sopo\u0107ko, a w Krakowie o. J\u00f3zef Andrasz SJ. Ksi\u0105dz Micha\u0142 Sopo\u0107ko po raz pierwszy spotka\u0142 si\u0119 z Siostr\u0105 Faustyn\u0105 Kowalsk\u0105 w czerwcu 1933 roku w Wilnie, gdzie by\u0142 spowiednikiem zwyczajnym Zgromadzenia [&hellip;]<\/p>\n","protected":false},"author":1,"featured_media":0,"parent":0,"menu_order":0,"comment_status":"closed","ping_status":"closed","template":"","meta":{"footnotes":""},"categories":[26],"tags":[],"class_list":["post-1154","page","type-page","status-publish","hentry","category-spowiednicy"],"_links":{"self":[{"href":"https:\/\/www.faustyna.pl\/zmbm\/wp-json\/wp\/v2\/pages\/1154","targetHints":{"allow":["GET"]}}],"collection":[{"href":"https:\/\/www.faustyna.pl\/zmbm\/wp-json\/wp\/v2\/pages"}],"about":[{"href":"https:\/\/www.faustyna.pl\/zmbm\/wp-json\/wp\/v2\/types\/page"}],"author":[{"embeddable":true,"href":"https:\/\/www.faustyna.pl\/zmbm\/wp-json\/wp\/v2\/users\/1"}],"replies":[{"embeddable":true,"href":"https:\/\/www.faustyna.pl\/zmbm\/wp-json\/wp\/v2\/comments?post=1154"}],"version-history":[{"count":7,"href":"https:\/\/www.faustyna.pl\/zmbm\/wp-json\/wp\/v2\/pages\/1154\/revisions"}],"predecessor-version":[{"id":25859,"href":"https:\/\/www.faustyna.pl\/zmbm\/wp-json\/wp\/v2\/pages\/1154\/revisions\/25859"}],"wp:attachment":[{"href":"https:\/\/www.faustyna.pl\/zmbm\/wp-json\/wp\/v2\/media?parent=1154"}],"wp:term":[{"taxonomy":"category","embeddable":true,"href":"https:\/\/www.faustyna.pl\/zmbm\/wp-json\/wp\/v2\/categories?post=1154"},{"taxonomy":"post_tag","embeddable":true,"href":"https:\/\/www.faustyna.pl\/zmbm\/wp-json\/wp\/v2\/tags?post=1154"}],"curies":[{"name":"wp","href":"https:\/\/api.w.org\/{rel}","templated":true}]}}