



{"id":11545,"date":"2017-10-31T00:58:13","date_gmt":"2017-10-30T23:58:13","guid":{"rendered":"https:\/\/www.faustyna.pl\/zmbm\/?page_id=11545"},"modified":"2018-02-20T21:09:33","modified_gmt":"2018-02-20T20:09:33","slug":"aplikacja-faustyna-pl-ios-android","status":"publish","type":"page","link":"https:\/\/www.faustyna.pl\/zmbm\/aplikacja-faustyna-pl-ios-android\/","title":{"rendered":"Aplikacja Mobilna Faustyna.pl dla iOS \/ Android"},"content":{"rendered":"<p><img loading=\"lazy\" decoding=\"async\" class=\"aligncenter size-full wp-image-11557\" src=\"https:\/\/www.faustyna.pl\/zmbm\/wp-content\/uploads\/2017\/10\/app_mobile.jpg\" alt=\"\" width=\"500\" height=\"281\" srcset=\"https:\/\/www.faustyna.pl\/zmbm\/wp-content\/uploads\/2017\/10\/app_mobile.jpg 500w, https:\/\/www.faustyna.pl\/zmbm\/wp-content\/uploads\/2017\/10\/app_mobile-140x79.jpg 140w\" sizes=\"auto, (max-width: 500px) 100vw, 500px\" \/><\/p>\n<p style=\"text-align: justify;\">Aplikacja: Faustyna.pl, dost\u0119pna w 7 j\u0119zykach, \u00a0u\u0142atwia korzystanie z najwa\u017cniejszych tre\u015bci na stronie: <a href=\"https:\/\/www.faustyna.pl\">www.faustyna.pl<\/a>. Chodzi przede wszystkim o szybki dost\u0119p do transmisji on-line z Sanktuarium Bo\u017cego Mi\u0142osierdzia w Krakowie-\u0141agiewnikach, informacje o tej \u201estolicy kultu Mi\u0142osierdzia Bo\u017cego\u201d, wiadomo\u015bci dla pielgrzym\u00f3w, aktualno\u015bci (zapowiedzi i relacje fotograficzne z najwa\u017cniejszych wydarze\u0144), przes\u0142anie z \u201eDzienniczka\u201d na ka\u017cdy dzie\u0144, a tak\u017ce o \u0142atwy dost\u0119p do istotnych tre\u015bci zwi\u0105zanych z or\u0119dziem Bo\u017cego Mi\u0142osierdzia i \u015bw. Siostr\u0105 Faustyn\u0105 oraz dzie\u0142em \u201eKoronki za konaj\u0105cych\u201d.<\/p>\n<p>Aplikacja do pobrania:<\/p>\n<p><a href=\"https:\/\/play.google.com\/store\/apps\/details?id=com.agh.faustyna.mobile&amp;hl=pl\"><img loading=\"lazy\" decoding=\"async\" class=\"border: none !important;margin: auto !important; aligncenter wp-image-11554 \" src=\"https:\/\/www.faustyna.pl\/zmbm\/wp-content\/uploads\/2017\/10\/pl_badge_web_generic-1-560x248.png\" alt=\"\" width=\"282\" height=\"125\" srcset=\"https:\/\/www.faustyna.pl\/zmbm\/wp-content\/uploads\/2017\/10\/pl_badge_web_generic-1-560x248.png 560w, https:\/\/www.faustyna.pl\/zmbm\/wp-content\/uploads\/2017\/10\/pl_badge_web_generic-1-140x62.png 140w, https:\/\/www.faustyna.pl\/zmbm\/wp-content\/uploads\/2017\/10\/pl_badge_web_generic-1.png 564w\" sizes=\"auto, (max-width: 282px) 100vw, 282px\" \/><\/a> <a href=\"https:\/\/itunes.apple.com\/pl\/app\/faustyna.pl\/id1301359509?mt=8\"><img loading=\"lazy\" decoding=\"async\" class=\"border: none !important;margin: auto !important; aligncenter wp-image-11547 size-full\" src=\"https:\/\/www.faustyna.pl\/zmbm\/wp-content\/uploads\/2017\/10\/badge-download-on-the-app-store.png\" alt=\"\" width=\"281\" height=\"83\" srcset=\"https:\/\/www.faustyna.pl\/zmbm\/wp-content\/uploads\/2017\/10\/badge-download-on-the-app-store.png 281w, https:\/\/www.faustyna.pl\/zmbm\/wp-content\/uploads\/2017\/10\/badge-download-on-the-app-store-140x41.png 140w\" sizes=\"auto, (max-width: 281px) 100vw, 281px\" \/><\/a><\/p>\n","protected":false},"excerpt":{"rendered":"<p>Aplikacja: Faustyna.pl, dost\u0119pna w 7 j\u0119zykach, \u00a0u\u0142atwia korzystanie z najwa\u017cniejszych tre\u015bci na stronie: www.faustyna.pl. Chodzi przede wszystkim o szybki dost\u0119p do transmisji on-line z Sanktuarium Bo\u017cego Mi\u0142osierdzia w Krakowie-\u0141agiewnikach, informacje o tej \u201estolicy kultu Mi\u0142osierdzia Bo\u017cego\u201d, wiadomo\u015bci dla pielgrzym\u00f3w, aktualno\u015bci (zapowiedzi i relacje fotograficzne z najwa\u017cniejszych wydarze\u0144), przes\u0142anie z \u201eDzienniczka\u201d na ka\u017cdy dzie\u0144, a tak\u017ce [&hellip;]<\/p>\n","protected":false},"author":1,"featured_media":11557,"parent":0,"menu_order":0,"comment_status":"closed","ping_status":"closed","template":"","meta":{"footnotes":""},"categories":[1],"tags":[],"class_list":["post-11545","page","type-page","status-publish","has-post-thumbnail","hentry","category-bez-kategorii"],"_links":{"self":[{"href":"https:\/\/www.faustyna.pl\/zmbm\/wp-json\/wp\/v2\/pages\/11545","targetHints":{"allow":["GET"]}}],"collection":[{"href":"https:\/\/www.faustyna.pl\/zmbm\/wp-json\/wp\/v2\/pages"}],"about":[{"href":"https:\/\/www.faustyna.pl\/zmbm\/wp-json\/wp\/v2\/types\/page"}],"author":[{"embeddable":true,"href":"https:\/\/www.faustyna.pl\/zmbm\/wp-json\/wp\/v2\/users\/1"}],"replies":[{"embeddable":true,"href":"https:\/\/www.faustyna.pl\/zmbm\/wp-json\/wp\/v2\/comments?post=11545"}],"version-history":[{"count":11,"href":"https:\/\/www.faustyna.pl\/zmbm\/wp-json\/wp\/v2\/pages\/11545\/revisions"}],"predecessor-version":[{"id":12314,"href":"https:\/\/www.faustyna.pl\/zmbm\/wp-json\/wp\/v2\/pages\/11545\/revisions\/12314"}],"wp:featuredmedia":[{"embeddable":true,"href":"https:\/\/www.faustyna.pl\/zmbm\/wp-json\/wp\/v2\/media\/11557"}],"wp:attachment":[{"href":"https:\/\/www.faustyna.pl\/zmbm\/wp-json\/wp\/v2\/media?parent=11545"}],"wp:term":[{"taxonomy":"category","embeddable":true,"href":"https:\/\/www.faustyna.pl\/zmbm\/wp-json\/wp\/v2\/categories?post=11545"},{"taxonomy":"post_tag","embeddable":true,"href":"https:\/\/www.faustyna.pl\/zmbm\/wp-json\/wp\/v2\/tags?post=11545"}],"curies":[{"name":"wp","href":"https:\/\/api.w.org\/{rel}","templated":true}]}}