



{"id":1169,"date":"2014-12-17T00:48:44","date_gmt":"2014-12-17T00:48:44","guid":{"rendered":"http:\/\/www.faustyna.pl\/zmbm\/?page_id=1169"},"modified":"2023-03-08T14:33:52","modified_gmt":"2023-03-08T13:33:52","slug":"poznawanie-tajemnicy-milosierdzia-bozego","status":"publish","type":"page","link":"https:\/\/www.faustyna.pl\/zmbm\/poznawanie-tajemnicy-milosierdzia-bozego\/","title":{"rendered":"Poznawanie tajemnicy mi\u0142osierdzia Bo\u017cego"},"content":{"rendered":"<p style=\"text-align: justify\" align=\"justify\"><a href=\"https:\/\/www.faustyna.pl\/zmbm\/wp-content\/uploads\/2014\/12\/Siostra-Faustyna-Poznawanie-tajemnici-milosierdzia-Bozego.jpg\" data-gallery><img loading=\"lazy\" decoding=\"async\" class=\"size-medium wp-image-10549 alignnone\" src=\"https:\/\/www.faustyna.pl\/zmbm\/wp-content\/uploads\/2014\/12\/Siostra-Faustyna-Poznawanie-tajemnici-milosierdzia-Bozego-560x329.jpg\" alt=\"\" width=\"560\" height=\"329\" srcset=\"https:\/\/www.faustyna.pl\/zmbm\/wp-content\/uploads\/2014\/12\/Siostra-Faustyna-Poznawanie-tajemnici-milosierdzia-Bozego-560x329.jpg 560w, https:\/\/www.faustyna.pl\/zmbm\/wp-content\/uploads\/2014\/12\/Siostra-Faustyna-Poznawanie-tajemnici-milosierdzia-Bozego-140x82.jpg 140w, https:\/\/www.faustyna.pl\/zmbm\/wp-content\/uploads\/2014\/12\/Siostra-Faustyna-Poznawanie-tajemnici-milosierdzia-Bozego.jpg 1024w\" sizes=\"auto, (max-width: 560px) 100vw, 560px\" \/><\/a><\/p>\n<p style=\"text-align: justify\" align=\"justify\">Pierwszym zadaniem w szkole duchowo\u015bci \u015bw. Siostry\u00a0Faustyny\u00a0jest poznawanie Boga w tajemnicy Jego mi\u0142osierdzia. Aposto\u0142ka Mi\u0142osierdzia Bo\u017cego czyni\u0142a to najpierw przez bardzo zwyczajne \u015brodki, takie jak: rozwa\u017canie s\u0142owa Bo\u017cego, czytanie duchowne, s\u0142uchanie konferencji, rozwa\u017canie tajemnic r\u00f3\u017ca\u0144cowych i stacji drogi krzy\u017cowej, korzystanie z dni skupienia i rekolekcji, g\u0142\u0119bokie prze\u017cywanie sakrament\u00f3w \u015bwi\u0119tych czy uroczysto\u015bci ko\u015bcielnych w roku liturgicznym. Poznawa\u0142a tajemnic\u0119 mi\u0142osierdzia Bo\u017cego nie tylko w oparciu o teksty Pisma \u015awi\u0119tego, Liturgii Ko\u015bcio\u0142a\u2026, ale tak\u017ce stara\u0142a si\u0119 dostrzega\u0107 przejawy mi\u0142o\u015bci Boga we w\u0142asnym \u017cyciu. W codziennym rachunku sumienia pyta\u0142a: co dzisiaj dla mnie uczyni\u0142 B\u00f3g? Takie poznawanie tajemnicy mi\u0142osierdzia Bo\u017cego sprawia\u0142o, \u017ce mi\u0142o\u015b\u0107 Boga by\u0142a dla niej nie tylko prawd\u0105 pi\u0119kn\u0105, ale abstrakcyjn\u0105, lecz stawa\u0142a si\u0119 rzeczywisto\u015bci\u0105 obecn\u0105 w jej \u017cyciu, przybiera\u0142a konkretne kszta\u0142ty w codzienno\u015bci. Tak czyni\u0105c, Siostra Faustyna zobaczy\u0142a, \u017ce ca\u0142e jej \u017cycie zanurzone jest w mi\u0142osierdziu Bo\u017cym. W\u00a0 nim\u00a0 <i style=\"font-weight: normal\">k\u0105pie\u00a0 si\u0119\u00a0 dusza\u00a0 moja\u00a0 codziennie<\/i> \u2013 pisa\u0142a \u2013 <i style=\"font-weight: normal\">nie\u00a0 znam\u00a0 momentu w swym \u017cyciu, w kt\u00f3rym bym nie doznawa\u0142a mi\u0142osierdzia Twego<\/i> <span style=\"font-size: 90%\">(Dz. 697)<\/span>. Jest ono <i style=\"font-weight: normal\">jak z\u0142ota ni\u0107<\/i>, przeprowadzona przez ca\u0142e nasze \u017cycie, <i style=\"font-weight: normal\">kt\u00f3ra utrzymuje kontakt naszego jestestwa z Bogiem we wszelkim porz\u0105dku<\/i> <span style=\"font-size: 90%\">(Dz. 1466)<\/span>. Doskonale zdawa\u0142a sobie spraw\u0119 z tego, \u017ce poznawanie tajemnicy mi\u0142osierdzia Bo\u017cego dokonuje si\u0119 nie tylko dzi\u0119ki w\u0142asnym wysi\u0142kom, ale \u017ce praca ludzkiego rozumu musi by\u0107 wzmacniana \u0142ask\u0105 Bo\u017c\u0105. Dlatego modli\u0142a si\u0119: <i style=\"font-weight: normal\">O Jezu m\u00f3j, daj mi m\u0105dro\u015b\u0107, daj mi rozum wielki i o\u015bwiecony Twym \u015bwiat\u0142em, na to jedynie, abym Ciebie, o Panie, lepiej pozna\u0142a, bo im Ci\u0119 lepiej poznam, tym Ci\u0119 gor\u0119cej ukocham<\/i> <span style=\"font-size: 90%\">(Dz. 1030; por. Dz. 1474)<\/span>.<\/p>\n<p style=\"text-align: justify\">Siostra Faustyna\u00a0 dostrzega\u0142a r\u00f3wnie\u017c, \u017ce\u00a0 Boga\u00a0 mo\u017cna\u00a0 poznawa\u0107 nie tylko poprzez intelekt, ale tak\u017ce poprzez praktyk\u0119 mi\u0142o\u015bci. <i style=\"font-weight: normal\">Pozna\u0142am i do\u015bwiadczy\u0142am<\/i> \u2013 stwierdzi\u0142a w \u201eDzienniczku\u201d \u2013 <i style=\"font-weight: normal\">\u017ce dusze, kt\u00f3re \u017cyj\u0105 w mi\u0142o\u015bci, odznaczaj\u0105 si\u0119 wielkim \u015bwiat\u0142em w poznawaniu rzeczy Bo\u017cych, jak we w\u0142asnej duszy, tak i w duszach innych. I dusze proste, nie maj\u0105ce wykszta\u0142cenia, odznaczaj\u0105 si\u0119 wiedz\u0105<\/i> <span style=\"font-size: 90%\">(Dz. 1191)<\/span>.<\/p>\n<p style=\"text-align: justify\">Takie\u00a0 poznawanie Boga w \u017cyciu Siostry Faustyny zosta\u0142o wzmocnione darem kontemplacji wlanej, dzi\u0119ki czemu bardzo g\u0142\u0119boko wnikn\u0119\u0142a w t\u0119 tajemnic\u0119 naszej wiary, by j\u0105 da\u0107 pozna\u0107 \u015bwiatu. Dzi\u0119ki jej zapiskom pozostawionym w \u201eDzienniczku\u201d mo\u017cemy lepiej poznawa\u0107 Boga w tajemnicy Jego mi\u0142o\u015bci mi\u0142osiernej do cz\u0142owieka.<\/p>\n<p><!--more--><\/p>\n<p align=\"justify\">Do poznania tajemnicy mi\u0142osierdzia Bo\u017cego uzdalnia dar Ducha \u015awi\u0119tego udzielany na chrzcie \u015bwi\u0119tym, kt\u00f3rym jest nadprzyrodzona cnota wiary. Dzi\u0119ki niej cz\u0142owiek mo\u017ce poznawa\u0107 prawdy objawione, a w\u015br\u00f3d nich mi\u0142osiern\u0105 mi\u0142o\u015b\u0107 Boga do cz\u0142owieka. Konstytucje Zgromadzenia Si\u00f3str Matki Bo\u017cej Mi\u0142osierdzia zaleca\u0142y, aby siostry cz\u0119sto rozwa\u017ca\u0142y: <i style=\"font-weight: normal\">co B\u00f3g uczyni\u0142 dla zbawienia dusz przy stwarzaniu, co uczyni\u0142 i ucierpia\u0142 w odkupieniu i co im gotuje w chwale wiecznej.<\/i> Wierna tej regule zakonnej Siostra Faustyna rozmy\u015bla\u0142a i poznawa\u0142a tajemnic\u0119 mi\u0142osierdzia Bo\u017cego poczynaj\u0105c od dzie\u0142a stworzenia, przez dzie\u0142o odkupienia, a ko\u0144cz\u0105c na przeznaczeniu cz\u0142owieka do chwa\u0142y wiecznej. Te rozmy\u015blania nad tajemnic\u0105 mi\u0142osierdzia Bo\u017cego, ubogacone darem kontemplacji i mistycznym do\u015bwiadczeniem Boga, zapisa\u0142a na kartach swego \u201eDzienniczka\u201d.<\/p>\n<p style=\"text-align: justify\">Pozostawi\u0142a\u00a0 w nim oryginalne zapisy m\u00f3wi\u0105ce o stworzeniu jako dziele mi\u0142osierdzia\u00a0 Bo\u017cego.\u00a0<i style=\"font-weight: normal\">Bo\u017ce<\/i> \u2013 pisa\u0142a \u2013 <i style=\"font-weight: normal\">kt\u00f3ry\u015b\u00a0 jest szcz\u0119\u015bciem sam w sobie i nic nie potrzebujesz do tego szcz\u0119\u015bcia, \u017cadnych stworze\u0144, gdy\u017c sam w sobie jeste\u015b pe\u0142ni\u0105 mi\u0142o\u015bci, ale<\/i> [Ty] <i style=\"font-weight: normal\">z niezg\u0142\u0119bionego mi\u0142osierdzia swego powo\u0142ujesz do bytu stworzenia i dajesz im udzia\u0142 w swym wiekuistym szcz\u0119\u015bciu i w swym wiekuistym \u017cyciu wewn\u0119trznym Bo\u017cym, jakim \u017cyjesz, jeden B\u00f3g w Osobie Troistej<\/i> <span style=\"font-size: 90%\">(Dz. 1741)<\/span>. Siostra Faustyna wprost pisa\u0142a, \u017ce jedynym motywem powo\u0142ania stworze\u0144 z nico\u015bci do bytu jest mi\u0142osierdzie Boga. On do szcz\u0119\u015bcia swego niczego nie potrzebuje, a je\u015bli powo\u0142uje co\u015b do istnienia, to tylko dlatego, \u017ce jest Mi\u0142osierdziem, kt\u00f3re chce si\u0119 dzieli\u0107 darem istnienia, dopuszczaj\u0105c istoty rozumne a\u017c do udzia\u0142u w swoim \u017cyciu. <i style=\"font-weight: normal\">Bo\u017ce<\/i> \u2013 pisa\u0142a w innym miejscu \u2013 <i style=\"font-weight: normal\">kt\u00f3ry\u015b z mi\u0142osierdzia swego powo\u0142a\u0107 raczy\u0142 z nico\u015bci do bytu rodzaj ludzki, z hojno\u015bci\u0105 obdarzy\u0142e\u015b go natur\u0105 i \u0142ask\u0105. Lecz dobroci Twojej jak<\/i> [by by\u0142o] <i style=\"font-weight: normal\">nie dosy\u0107. Ty, Panie, w mi\u0142osierdziu swoim dajesz nam \u017cycie wiekuiste. Przypuszczasz nas do swego szcz\u0119\u015bcia wiekuistego i dajesz nam udzia\u0142 w swym \u017cyciu wewn\u0119trznym, a czynisz to jedynie z mi\u0142osierdzia swego. Tak nas darzysz \u0142ask\u0105 swoj\u0105 jedynie dlatego, \u017ce\u015b dobry i pe\u0142en mi\u0142o\u015bci. Nie byli\u015bmy Ci potrzebni wcale do szcz\u0119\u015bcia Twego, ale Ty, Panie, chcesz si\u0119 podzieli\u0107 w\u0142asnym szcz\u0119\u015bciem z nami<\/i> <span style=\"font-size: 90%\">(Dz. 1743)<\/span>.<\/p>\n<p style=\"text-align: justify\">Siostra\u00a0 Faustyna pozna\u0142a,\u00a0\u017ce w centrum\u00a0 stworzenia jest cz\u0142owiek, dla kt\u00f3rego B\u00f3g powo\u0142uje do istnienia ca\u0142y wszech\u015bwiat. Nawet anio\u0142om swoim da\u0142 rozkaz, aby go strzegli na wszystkich jego drogach <span style=\"font-size: 90%\">(Ps 91,11)<\/span>. Dlatego zachwyca\u0142a si\u0119 mi\u0142o\u015bci\u0105 mi\u0142osiern\u0105 Boga wobec cz\u0142owieka i wo\u0142a\u0142a: <i style=\"font-weight: normal\">O Bo\u017ce, jak hojnie rozlane jest mi\u0142osierdzie Twoje, a to wszystko uczyni\u0142e\u015b dla cz\u0142owieka. O, jak bardzo musisz kocha\u0107 tego cz\u0142owieka, kiedy Twa mi\u0142o\u015b\u0107 tak czynna dla niego<\/i> <span style=\"font-size: 90%\">(Dz. 1749)<\/span>.<\/p>\n<p style=\"text-align: justify\">W dziele stworzenia cz\u0142owieka i wszech\u015bwiata Siostra Faustyna dostrzega\u0142a nie tylko doskona\u0142o\u015b\u0107, pot\u0119g\u0119 i m\u0105dro\u015b\u0107 Boga, ale nade wszystko mi\u0142osierdzie, kt\u00f3re by\u0142o najg\u0142\u0119bszym motywem Jego dzia\u0142ania. B\u00f3g z nico\u015bci wszystko powo\u0142a\u0142 do istnienia, kieruj\u0105c si\u0119 jedynie mi\u0142osierdziem. <i style=\"font-weight: normal\">Wszystko, co wysz\u0142o z r\u0105k Stw\u00f3rcy<\/i> \u2013 pisa\u0142a w \u201eDzienniczku\u201d \u2013 <i style=\"font-weight: normal\">zamkni\u0119te jest w tajemnicy niepoj\u0119tej, to jest we wn\u0119trzno\u015bciach Jego mi\u0142osierdzia. Gdy to rozwa\u017cam, duch m\u00f3j ustaje, w rado\u015bci serce si\u0119 rozp\u0142ywa<\/i> <span style=\"font-size: 90%\">(Dz. 1553)<\/span>.<\/p>\n<p style=\"text-align: justify\">W jeszcze wi\u0119kszy zachwyt wprowadza\u0142o Siostr\u0119 Faustyn\u0119 rozwa\u017canie tajemnicy mi\u0142osierdzia Bo\u017cego w dziele odkupienia. Wielbi\u0142a Boga za dar wcielenia Syna Bo\u017cego, kt\u00f3ry przyszed\u0142 na ziemi\u0119, aby naprawi\u0107 b\u0142\u0105d Adama i pod\u017awign\u0105\u0107 upad\u0142\u0105, pogr\u0105\u017con\u0105 w grzechach ludzko\u015b\u0107. <i style=\"font-weight: normal\">Mi\u0142osierdzie Ci\u0119 pobudzi\u0142o<\/i> \u2013 wyzna\u0142a w rozmowie z Jezusem \u2013 <i style=\"font-weight: normal\">\u017ce\u015b sam raczy\u0142 zst\u0105pi\u0107 do nas i wyd\u017awign\u0105\u0107 nas z n\u0119dzy naszej. B\u00f3g zst\u0105pi na ziemi\u0119, Pan nad pany, zni\u017cy si\u0119 Nie\u015bmiertelny<\/i> (&#8230;). <i style=\"font-weight: normal\">I staje si\u0119 niepoj\u0119ty cud mi\u0142osierdzia Twego, o Panie: S\u0142owo staje si\u0119 Cia\u0142em. B\u00f3g zamieszka\u0142 z nami, S\u0142owo Bo\u017ce \u2013 Mi\u0142osierdzie Wcielone<\/i> <span style=\"font-size: 90%\">(Dz. 1745)<\/span>. To uni\u017cenie si\u0119 Boga przez przyj\u0119cie ludzkiej natury jest wyrazem Jego mi\u0142osierdzia, <i style=\"font-weight: normal\">zbytkiem mi\u0142o\u015bci<\/i>, nad kt\u00f3rym <i style=\"font-weight: normal\">zdumiewaj\u0105 si\u0119 niebiosa<\/i> <span style=\"font-size: 90%\">(Dz. 1745)<\/span>. Od tej chwili bowiem B\u00f3g staje si\u0119 bardzo bliski cz\u0142owiekowi, gdy\u017c dzieli jego ziemskie \u017cycie we wszystkim opr\u00f3cz grzechu.<\/p>\n<p style=\"text-align: justify\">Najpe\u0142niej tajemnica mi\u0142osierdzia Bo\u017cego ods\u0142ania si\u0119 w misterium paschalnym Chrystusa. <i style=\"font-weight: normal\">Bo\u017ce<\/i> \u2013 rozwa\u017ca\u0142a Siostra Faustyna \u2013 [Ty] <i style=\"font-weight: normal\">jednym s\u0142owem mog\u0142e\u015b zbawi\u0107 \u015bwiat\u00f3w tysi\u0105ce, jedno westchnienie Jezusa uczyni\u0142oby sprawiedliwo\u015bci Twojej zado\u015b\u0107, ale Ty, o Jezu, sam podj\u0105\u0142e\u015b tak straszn\u0105 m\u0119k\u0119 za nas jedynie z mi\u0142o\u015bci. Sprawiedliwo\u015b\u0107 Ojca Twego by\u0142aby przeb\u0142agana jednym westchnieniem Twoim, a wszystkie wyniszczenia Twoje s\u0105 jedynie dzie\u0142em mi\u0142osierdzia Twego<\/i> <span style=\"font-size: 90%\">(Dz. 1747)<\/span>. Rozwa\u017canie misterium paschalnego prowadzi\u0142o do coraz g\u0142\u0119bszego wnikania w tajemnic\u0119 mi\u0142osierdzia Bo\u017cego, dlatego Pan Jezus wiele razy zach\u0119ca\u0142 Siostr\u0119 Faustyn\u0119 do rozmy\u015blania nad Jego m\u0119k\u0105 <span style=\"font-size: 90%\">(Dz. 149, 159, 267)<\/span>. <i style=\"font-weight: normal\">Pragn\u0119<\/i> \u2013 m\u00f3wi\u0142 \u2013 <i style=\"font-weight: normal\">aby\u015b g\u0142\u0119biej pozna\u0142a Moj\u0105 mi\u0142o\u015b\u0107, jak\u0105 pa\u0142a Moje Serce ku duszom, a zrozumiesz to, kiedy b\u0119dziesz rozwa\u017ca\u0107 m\u0119k\u0119 Moj\u0105<\/i> <span style=\"font-size: 90%\">(Dz. 186; por. Dz. 1663)<\/span>. Siostra Faustyna sama przyzna\u0142a, \u017ce przez rozwa\u017canie m\u0119ki Pa\u0144skiej wiele \u015bwiat\u0142a sp\u0142ywa\u0142o na jej dusz\u0119 <span style=\"font-size: 90%\">(Dz. 267)<\/span>, lepiej poznawa\u0142a Boga, a szczeg\u00f3lnie Jego mi\u0142osiern\u0105 mi\u0142o\u015b\u0107 pochylaj\u0105c\u0105 si\u0119 nad ka\u017cdym cz\u0142owiekiem, zw\u0142aszcza chorym na duszy, gdy\u017c on jest w najwi\u0119kszej potrzebie.<\/p>\n<p style=\"text-align: justify\">Rozwa\u017caj\u0105c\u00a0 tajemnic\u0119\u00a0 mi\u0142osierdzia\u00a0 Bo\u017cego\u00a0 w\u00a0 porz\u0105dku\u00a0 zbawienia, Siostra Faustyna dostrzega\u0142a je w ustanowieniu\u00a0 Ko\u015bcio\u0142a, w s\u0142owie Bo\u017cym, w sakramentach \u015bwi\u0119tych, szczeg\u00f3lnie w sakramencie pojednania i Eucharystii. <i style=\"font-weight: normal\">Nie mog\u0119 nigdy wyj\u015b\u0107 ze zdumienia<\/i> \u2013 wyzna\u0142a \u2013 <i style=\"font-weight: normal\">kiedy Pan w tak \u015bcis\u0142\u0105 za\u017cy\u0142o\u015b\u0107\u00a0 wchodzi ze swym stworzeniem. Zawsze zaczynam to rozmy\u015blanie, a nigdy go nie ko\u0144cz\u0119, bo duch m\u00f3j ca\u0142kowicie si\u0119 w Nim pogr\u0105\u017ca<\/i> <span style=\"font-size: 90%\">(Dz. 1523)<\/span>. Pozna\u0142a, \u017ce wszystko, co cz\u0142owiek ma, poczynaj\u0105c od istnienia a ko\u0144cz\u0105c na najmniejszej \u0142asce, otrzymuje z mi\u0142osierdzia Bo\u017cego. Wielko\u015b\u0107 tego mi\u0142osierdzia ods\u0142ania\u0142a si\u0119 przed ni\u0105 w spos\u00f3b szczeg\u00f3lny w\u00f3wczas, gdy je rozwa\u017ca\u0142a w stosunku do grzesznik\u00f3w. <i style=\"font-weight: normal\">O Jezu m\u00f3j<\/i> \u2013 modli\u0142a si\u0119 \u2013 <i style=\"font-weight: normal\">wszelki umys\u0142 przechodzi dobro\u0107 Twoja, a mi\u0142osierdzia Twego nie wyczerpie nikt. Dla tej duszy zatracenie, kt\u00f3ra chce si\u0119 zatraci\u0107, bo kto pragnie zbawienia, dla tego jest morze niewyczerpane mi\u0142osierdzia Pa\u0144skiego<\/i> <span style=\"font-size: 90%\">(Dz. 631)<\/span>.<\/p>\n<p style=\"text-align: justify\">Konsekwencj\u0105\u00a0 dzie\u0142a\u00a0 stworzenia\u00a0 i\u00a0 zbawienia\u00a0 jest\u00a0 udzia\u0142\u00a0 cz\u0142owieka w chwale Boga. I to r\u00f3wnie\u017c jest darem Jego mi\u0142osierdzia. <i style=\"font-weight: normal\">W czasie medytacji<\/i> \u2013 pisa\u0142a Siostra Faustyna \u2013 <i style=\"font-weight: normal\">da\u0142 mi Pan pozna\u0107 rado\u015bci nieba i \u015bwi\u0119tych<\/i> (&#8230;). <i style=\"font-weight: normal\">Kochaj\u0105<\/i> [oni] <i style=\"font-weight: normal\">Boga jako jedyny przedmiot swej mi\u0142o\u015bci, ale i nas kochaj\u0105 czule i serdecznie<\/i> (&#8230;). <i style=\"font-weight: normal\">Na wszystkich sp\u0142ywa ta rado\u015b\u0107 z oblicza Bo\u017cego, bo Go widzimy twarz\u0105 w twarz. To Oblicze jest tak s\u0142odkie, \u017ce dusza wpada w nowy zachwyt<\/i> <span style=\"font-size: 90%\">(Dz. 1592)<\/span>.<\/p>\n<p style=\"text-align: justify\">Systematyczne wnikanie w tajemnic\u0119 mi\u0142osierdzia Bo\u017cego budzi\u0142o w jej sercu niedosyt: <i style=\"font-weight: normal\">Im lepiej Ci\u0119 poznaj\u0119, tym Ci\u0119 mniej pojmuj\u0119, ale dlatego, \u017ce Ci\u0119 poj\u0105\u0107 nie mog\u0119 \u2013 wi\u0119cej pojmuj\u0119 wielko\u015b\u0107 Twoj\u0105<\/i> <span style=\"font-size: 90%\">(Dz. 278)<\/span>. Siostra Faustyna do\u015bwiadcza\u0142a tej prawdy, \u017ce B\u00f3g jest tajemnic\u0105, kt\u00f3rej nie mo\u017ce przenikn\u0105\u0107 ludzki rozum. Ale ju\u017c to poznanie, kt\u00f3re daje cz\u0142owiekowi rozum o\u015bwiecony wiar\u0105, jest wystarczaj\u0105ce, aby stwierdzi\u0107 za Siostr\u0105 Faustyn\u0105: <i style=\"font-weight: normal\">Pozna\u0142am Ci\u0119, o Bo\u017ce, jako \u017ar\u00f3d\u0142o mi\u0142osierdzia, kt\u00f3rym o\u017cywia si\u0119 i karmi wszelka dusza. O, jak wielkie jest mi\u0142osierdzie Pa\u0144skie, ponad wszystkie przymioty Jego. Mi\u0142osierdzie jest najwi\u0119kszym przymiotem Boga, wszystko, co mnie otacza, o tym mi m\u00f3wi<\/i> <span style=\"font-size: 90%\">(Dz. 611)<\/span>.<\/p>\n<div align=\"right\"><i style=\"font-weight: normal\">s. M. El\u017cbieta Siepak ISMM<\/i><\/div>\n<div style=\"text-align: left\" align=\"right\"><a href=\"https:\/\/www.faustyna.pl\/zmbm\/swieta-siostra-faustyna\/\">\u015awi\u0119ta Siostra Faustyna\/Duchowo\u015b\u0107<\/a><\/div>\n","protected":false},"excerpt":{"rendered":"<p>Pierwszym zadaniem w szkole duchowo\u015bci \u015bw. Siostry\u00a0Faustyny\u00a0jest poznawanie Boga w tajemnicy Jego mi\u0142osierdzia. Aposto\u0142ka Mi\u0142osierdzia Bo\u017cego czyni\u0142a to najpierw przez bardzo zwyczajne \u015brodki, takie jak: rozwa\u017canie s\u0142owa Bo\u017cego, czytanie duchowne, s\u0142uchanie konferencji, rozwa\u017canie tajemnic r\u00f3\u017ca\u0144cowych i stacji drogi krzy\u017cowej, korzystanie z dni skupienia i rekolekcji, g\u0142\u0119bokie prze\u017cywanie sakrament\u00f3w \u015bwi\u0119tych czy uroczysto\u015bci ko\u015bcielnych w roku liturgicznym. [&hellip;]<\/p>\n","protected":false},"author":1,"featured_media":0,"parent":0,"menu_order":0,"comment_status":"closed","ping_status":"closed","template":"","meta":{"footnotes":""},"categories":[29],"tags":[],"class_list":["post-1169","page","type-page","status-publish","hentry","category-duchowosc"],"_links":{"self":[{"href":"https:\/\/www.faustyna.pl\/zmbm\/wp-json\/wp\/v2\/pages\/1169","targetHints":{"allow":["GET"]}}],"collection":[{"href":"https:\/\/www.faustyna.pl\/zmbm\/wp-json\/wp\/v2\/pages"}],"about":[{"href":"https:\/\/www.faustyna.pl\/zmbm\/wp-json\/wp\/v2\/types\/page"}],"author":[{"embeddable":true,"href":"https:\/\/www.faustyna.pl\/zmbm\/wp-json\/wp\/v2\/users\/1"}],"replies":[{"embeddable":true,"href":"https:\/\/www.faustyna.pl\/zmbm\/wp-json\/wp\/v2\/comments?post=1169"}],"version-history":[{"count":5,"href":"https:\/\/www.faustyna.pl\/zmbm\/wp-json\/wp\/v2\/pages\/1169\/revisions"}],"predecessor-version":[{"id":25865,"href":"https:\/\/www.faustyna.pl\/zmbm\/wp-json\/wp\/v2\/pages\/1169\/revisions\/25865"}],"wp:attachment":[{"href":"https:\/\/www.faustyna.pl\/zmbm\/wp-json\/wp\/v2\/media?parent=1169"}],"wp:term":[{"taxonomy":"category","embeddable":true,"href":"https:\/\/www.faustyna.pl\/zmbm\/wp-json\/wp\/v2\/categories?post=1169"},{"taxonomy":"post_tag","embeddable":true,"href":"https:\/\/www.faustyna.pl\/zmbm\/wp-json\/wp\/v2\/tags?post=1169"}],"curies":[{"name":"wp","href":"https:\/\/api.w.org\/{rel}","templated":true}]}}