



{"id":1181,"date":"2014-12-17T00:51:12","date_gmt":"2014-12-17T00:51:12","guid":{"rendered":"http:\/\/www.faustyna.pl\/zmbm\/?page_id=1181"},"modified":"2024-04-19T09:26:08","modified_gmt":"2024-04-19T07:26:08","slug":"homilia-jana-pawla-ii","status":"publish","type":"page","link":"https:\/\/www.faustyna.pl\/zmbm\/homilia-jana-pawla-ii\/","title":{"rendered":"Homilia Jana Paw\u0142a II"},"content":{"rendered":"<h3 align=\"center\"><span style=\"color: #800000;\"><em><b><b>Ko\u015bci\u00f3\u0142 raduje si\u0119 i dzi\u0119kuje za wielkie dzie\u0142a Bo\u017ce<br \/>\n<\/b><\/b><\/em>Homilia ojca \u015bwi\u0119tego Jana Paw\u0142a II<\/span><br \/>\n<span style=\"color: #800000;\"> podczas beatyfikacji Siostry Faustyny, <\/span><span style=\"color: #800000;\">Rzym, 18 kwietnia 1993<\/span><\/h3>\n<p align=\"justify\"><b><a href=\"https:\/\/www.faustyna.pl\/zmbm\/wp-content\/uploads\/2014\/12\/Beatyfikacja-Siostry-Faustyny.jpg\" data-gallery><img loading=\"lazy\" decoding=\"async\" class=\"size-medium wp-image-10583 alignnone\" src=\"https:\/\/www.faustyna.pl\/zmbm\/wp-content\/uploads\/2014\/12\/Beatyfikacja-Siostry-Faustyny-560x332.jpg\" alt=\"\" width=\"560\" height=\"332\" srcset=\"https:\/\/www.faustyna.pl\/zmbm\/wp-content\/uploads\/2014\/12\/Beatyfikacja-Siostry-Faustyny-560x332.jpg 560w, https:\/\/www.faustyna.pl\/zmbm\/wp-content\/uploads\/2014\/12\/Beatyfikacja-Siostry-Faustyny-140x83.jpg 140w, https:\/\/www.faustyna.pl\/zmbm\/wp-content\/uploads\/2014\/12\/Beatyfikacja-Siostry-Faustyny.jpg 1024w\" sizes=\"auto, (max-width: 560px) 100vw, 560px\" \/><\/a><\/b><\/p>\n<p align=\"justify\"><b>1.<\/b> <i style=\"font-weight: normal;\">Dzi\u0119kujcie Panu, bo jest dobry, bo \u0142aska Jego trwa na wieki<\/i> <span style=\"font-size: 90%;\">(Ps 118 [117], 1)<\/span>.<br \/>\nDzi\u0119kczynny psalm prze\u015bwietla ca\u0142\u0105 paschaln\u0105 oktaw\u0119. Ko\u015bci\u00f3\u0142 z dzi\u0119kczynieniem uwielbia Boga za dar zmartwychwstania Chrystusa: za dar nowego i wiecznego \u017cycia objawionego w Zmartwychwsta\u0142ym. Ko\u015bci\u00f3\u0142 jednomy\u015blnie uwielbia i dzi\u0119kuje za niesko\u0144czon\u0105 mi\u0142o\u015b\u0107, jaka si\u0119 w Nim uobecni\u0142a wobec cz\u0142owieka i \u015bwiata.<\/p>\n<p style=\"text-align: justify;\"><i style=\"font-weight: normal;\">Niech b\u0119dzie b\u0142ogos\u0142awiony B\u00f3g i Ojciec Pana naszego Jezusa Chrystusa. On<\/i> (&#8230;) <i style=\"font-weight: normal;\">przez powstanie z martwych Jezusa Chrystusa na nowo zrodzi\u0142 nas do \u017cywej nadziei<\/i> <span style=\"font-size: 90%;\">(1 P 1, 3)<\/span>. Zrodzi\u0142 nas na nowo &#8222;przez wielkie swe mi\u0142osierdzie&#8221;. B\u00f3g i Ojciec Chrystusa ukrzy\u017cowanego i zmartwychwsta\u0142ego: <i style=\"font-weight: normal;\">dives in misericordia<\/i>.<\/p>\n<p style=\"text-align: justify;\">Ko\u015bci\u00f3\u0142 \u017cyje t\u0105 \u015bwiadomo\u015bci\u0105 od pierwszych dni. W duchu paschalnego dzi\u0119kczynienia gromadz\u0105 si\u0119 pierwsi uczniowie i wyznawcy, \u0142ami\u0105c chleb po domach <span style=\"font-size: 90%;\">(por. Dz 2, 46)<\/span> \u2013 czyli sprawuj\u0105c Eucharysti\u0119. W tym samym duchu Ko\u015bci\u00f3\u0142 apostolski przyjmowa\u0142 do swej wsp\u00f3lnoty katechument\u00f3w: pomna\u017ca\u0142a si\u0119 liczba tych, kt\u00f3rzy b\u0142ogos\u0142awili Boga, kt\u00f3rzy wyznawali Go &#8222;bogatym w mi\u0142osierdzie&#8221; <span style=\"font-size: 90%;\">(por. Ef 2, 4)<\/span>, dzi\u0119kuj\u0105c za mi\u0142o\u015b\u0107 objawion\u0105 w Chrystusie.<\/p>\n<p style=\"text-align: justify;\">\u00a0\u00a0\u00a0 \u00a0\u00a0 <b>2.<\/b> Dzi\u015b ten sam Ko\u015bci\u00f3\u0142, zrodzony &#8222;do \u017cywej nadziei&#8221;, dzi\u0119kuje za &#8222;dziedzictwo niezniszczalne, kt\u00f3re jest zachowane dla nas w niebie&#8221; <span style=\"font-size: 90%;\">(por. 1 P 1, 4)<\/span>. Lud chrze\u015bcija\u0144ski wyra\u017ca rado\u015b\u0107 wielkanocn\u0105 \u2013 w blisko\u015bci r. 2000 \u2013 poprzez te swoje c\u00f3rki i syn\u00f3w, kt\u00f3rzy to Bo\u017ce dziedzictwo zachowane dla nas w niebie w spos\u00f3b szczeg\u00f3lny potwierdzaj\u0105.<\/p>\n<p>Oto ich imiona:<br \/>\nLudwik z Casorii<br \/>\nPaula Montal Forn\u00e9s od \u015bw. J\u00f3zefa Kalasantego<br \/>\nStanis\u0142aw Kazimierczyk<br \/>\nAngela Truszkowska<br \/>\nFaustyna Kowalska.<\/p>\n<p><b>3.<\/b> Pozdrawiam\u00a0 ci\u0119,\u00a0 b\u0142.\u00a0 Ludwiku\u00a0 z\u00a0 Casorii, znakomity przedstawicielu Braci Mniejszych i \u017carliwy \u015bwiadku mi\u0142o\u015bci Chrystusa.<\/p>\n<p style=\"text-align: justify;\">Wzruszaj\u0105 nas s\u0142owa twojego <i style=\"font-weight: normal;\">Testamentu<\/i>: \u201ePan przywo\u0142a\u0142 mnie do siebie \u0142agodn\u0105 mi\u0142o\u015bci\u0105 i z niesko\u0144czonym mi\u0142osierdziem prowadzi\u0142 mnie i wi\u00f3d\u0142 po drogach mego \u017cycia\u201d. Moc tej mi\u0142o\u015bci sk\u0142oni\u0142a ciebie, wybitnego uczonego i wyk\u0142adowc\u0119, do po\u015bwi\u0119cenia si\u0119 najubo\u017cszym: chorym kap\u0142anom, afryka\u0144skim imigrantom, niemowom, niewidomym, starcom i sierotom.<\/p>\n<p style=\"text-align: justify;\">B\u0142. Ludwiku,\u00a0 wielki\u00a0 synu\u00a0 Ko\u015bcio\u0142a\u00a0 neapolita\u0144skiego, przyj\u0105\u0142e\u015b charyzmat \u015bw. Franciszka z Asy\u017cu i \u017cy\u0142e\u015b nim w spo\u0142ecze\u0144stwie swojej epoki, na po\u0142udniu W\u0142och ubieg\u0142ego stulecia, staraj\u0105c si\u0119 czynnie zapobiega\u0107 najdotkliwszym formom ub\u00f3stwa, uczestnicz\u0105c z chrze\u015bcija\u0144skim wsp\u00f3\u0142czuciem w \u017cyciu swoich wsp\u00f3\u0142czesnych i w ich codziennych dramatach. Zasi\u0119g twojego apostolstwa wydaje si\u0119 prawie niewiarygodny, tak \u017ce nasuwa si\u0119 nam pytanie: w jaki spos\u00f3b zdo\u0142a\u0142e\u015b nim ogarn\u0105\u0107 tak wiele obszar\u00f3w ludzkiej n\u0119dzy, wykazuj\u0105c tak ogromn\u0105 \u201ewyobra\u017ani\u0119\u201d w dzia\u0142aniu dla dobra cz\u0142owieka? Na to tak\u017ce znajdujemy odpowied\u017a w twoich s\u0142owach: \u201eMi\u0142o\u015b\u0107 Chrystusa zrani\u0142a moje serce\u201d (<i style=\"font-weight: normal;\">Testament<\/i>).<\/p>\n<p style=\"text-align: justify;\">Prosimy\u00a0 ci\u0119,\u00a0 by\u0107\u00a0 tak\u017ce\u00a0 nas\u00a0 nauczy\u0142\u00a0 \u017cy\u0107 dla innych i budowa\u0107 prawdziwe wsp\u00f3lnoty ko\u015bcielne, w kt\u00f3rych rozkwita\u0107 b\u0119dzie mi\u0142o\u015b\u0107, rado\u015b\u0107 i nadzieja pobudzaj\u0105ca do dzia\u0142ania. \u201eUbogich zawsze macie u siebie\u201d \u2013 powiedzia\u0142\u00a0 nam Jezus <span style=\"font-size: 90%;\">(por. Mt 26, 11)<\/span>. B\u0142. Ludwiku, pom\u00f3\u017c nam ich odnale\u017a\u0107 i kocha\u0107, s\u0142u\u017cy\u0107 im z t\u0105 sam\u0105 gorliwo\u015bci\u0105, kt\u00f3ra w tobie dokona\u0142a wielkich rzeczy.<\/p>\n<p style=\"text-align: justify;\"><b>4.<\/b> Nowa\u00a0 b\u0142ogos\u0142awiona,\u00a0 Paula Montal od \u015bw. J\u00f3zefa Kalasantego, by\u0142a przez ca\u0142e \u017cycie ofiarn\u0105 aposto\u0142k\u0105 kulturowego, osobowego i chrze\u015bcija\u0144skiego rozwoju kobiety. Z ca\u0142kowitym poddaniem si\u0119 woli Bo\u017cej i \u201ez czterdziestoma realami w kieszeni\u201d, jak m\u00f3wi historia jej \u017cycia, otworzy\u0142a pierwsz\u0105 szko\u0142\u0119 dla dziewcz\u0105t, aby uczy\u0107 je przede wszystkim mi\u0142o\u015bci Boga i ukazywa\u0107 godno\u015b\u0107 kobiety jako przysz\u0142ej matki rodziny. \u201eChc\u0119 ratowa\u0107 rodziny\u201d, powtarza\u0142a z naciskiem. W tym celu za\u0142o\u017cy\u0142a Zgromadzenie C\u00f3rek Maryi od Szk\u00f3l Chrze\u015bcija\u0144skich, \u017cyj\u0105cych w pe\u0142ni duchowo\u015bci\u0105 \u015bw. J\u00f3zefa Kalasantego i sk\u0142adaj\u0105cych czwarty \u015blub \u2013 \u015blub ca\u0142kowitego po\u015bwi\u0119cenia si\u0119 nauczaniu.<\/p>\n<p style=\"text-align: justify;\">Charyzmat\u00a0 b\u0142. Pauli Montal \u017cyje w was, drogie siostry od szk\u00f3\u0142 chrze\u015bcija\u0144skich, a wyniesienie jej dzisiaj do chwa\u0142y o\u0142tarzy jest nagl\u0105cym wezwaniem, jakie kieruje do was Chrystus, by\u015bcie jako osoby konsekrowane odnowi\u0142y sw\u0105 owocn\u0105 ko\u015bcieln\u0105 pos\u0142ug\u0119 na rzecz godno\u015bci kobiety i rodziny, zgodnie z jej\u00a0 charyzmatem. Oby\u00a0 B\u00f3g\u00a0 sprawi\u0142,\u00a0 \u017ce\u00a0 za\u00a0 jej wstawiennictwem i przyk\u0142adem dzia\u0142alno\u015b\u0107 wychowawcza Ko\u015bcio\u0142a w\u015br\u00f3d dzieci i m\u0142odzie\u017cy b\u0119dzie si\u0119 dynamicznie rozwija\u0107 i o\u017cywi chrze\u015bcija\u0144skie korzenie szlachetnego narodu hiszpa\u0144skiego, reprezentowanego tu przez liczne grono biskup\u00f3w, przedstawicieli w\u0142adz, kap\u0142an\u00f3w, zakonnik\u00f3w \u2013 zw\u0142aszcza pijar\u00f3w \u2013 zakonnice i licznych wiernych, kt\u00f3rych bardzo serdecznie pozdrawiam.<\/p>\n<p style=\"text-align: justify;\"><b>5.<\/b> Pozdrawiam ci\u0119, m. Mario Angelo Truszkowska, matko wielkiej rodziny felicja\u0144skiej. By\u0142a\u015b \u015bwiadkiem trudnych dziej\u00f3w naszego narodu i Ko\u015bcio\u0142a, kt\u00f3ry w tym narodzie sprawowa\u0142 swe pos\u0142annictwo. Imi\u0119 twoje i powo\u0142anie zwi\u0105zane jest z postaci\u0105 b\u0142. Honorata Ko\u017ami\u0144skiego, wielkiego aposto\u0142a ukrytych\u00a0 zgromadze\u0144,\u00a0kt\u00f3re\u00a0 odradza\u0142y\u00a0 \u017cycie\u00a0 udr\u0119czonego spo\u0142ecze\u0144stwa i przywraca\u0142y nadziej\u0119 zmartwychwstania.<\/p>\n<p style=\"text-align: justify;\">W dniu dzisiejszym pielgrzymuj\u0119 do twych relikwii w moim umi\u0142owanym Krakowie, gdzie rozwin\u0119\u0142a si\u0119 rodzina felicja\u0144ska i sk\u0105d posz\u0142a za ocean, by s\u0142u\u017cy\u0107 nowym pokoleniom emigrant\u00f3w i Amerykan\u00f3w.<\/p>\n<p style=\"text-align: justify;\">Chrystus\u00a0 prowadzi\u0142\u00a0 m. Angel\u0119\u00a0 drog\u0105\u00a0 niezwyk\u0142\u0105,\u00a0 daj\u0105c jej szczeg\u00f3lny udzia\u0142 w tajemnicy swego Krzy\u017ca. Rze\u017abi\u0142 jej dusz\u0119 cierpieniem, kt\u00f3re przyjmowa\u0142a z wiar\u0105 i heroicznym poddaniem si\u0119 Jego woli: w ukryciu i samotno\u015bci, w d\u0142ugotrwa\u0142ej i uci\u0105\u017cliwej chorobie, w ciemnej nocy duszy.<\/p>\n<p style=\"text-align: justify;\">Najwi\u0119kszym\u00a0 jej pragnieniem\u00a0 by\u0142o\u00a0 sta\u0107 si\u0119\u00a0 \u201e\u017certw\u0105 mi\u0142o\u015bci\u201d. A mi\u0142o\u015b\u0107 rozumia\u0142a zawsze jako bezinteresowny dar z siebie. \u201eKocha\u0107 to dawa\u0107. Dawa\u0107 wszystko, czego za\u017c\u0105da mi\u0142o\u015b\u0107. Dawa\u0107 pr\u0119dko, bez \u017calu, z rado\u015bci\u0105, z pragnieniem, by wi\u0119cej od nas \u017c\u0105dano\u201d. To s\u0105 jej s\u0142owa, w kt\u00f3rych wyrazi\u0142a zwi\u0119\u017ale ca\u0142y sw\u00f3j \u017cyciowy program.<\/p>\n<p style=\"text-align: justify;\">T\u0119 mi\u0142o\u015b\u0107 roznieca\u0142a w sercach si\u00f3str\u00a0 swego zgromadzenia. Ta\u00a0 mi\u0142o\u015b\u0107 jest ci\u0105gle \u017cywym zaczynem dzie\u0142, jakimi wsp\u00f3lnoty felicja\u0144skie s\u0142u\u017c\u0105 Ko\u015bcio\u0142owi w Polsce i poza jej granicami.<\/p>\n<p>\u201eDzi\u0119kujcie Panu, bo jest dobry\u201d.<\/p>\n<p style=\"text-align: justify;\">Ko\u015bci\u00f3\u0142 raduje si\u0119 dzisiaj i dzi\u0119kuje Bogu za dar beatyfikacji s\u0142ugi Bo\u017cej m. Marii Angeli i za ca\u0142e Zgromadzenie Si\u00f3str Felicjanek, kt\u00f3re z jej charyzmatu wzi\u0119\u0142o pocz\u0105tek.<\/p>\n<p style=\"text-align: justify;\"><b>6.<\/b> Pozdrawiam ci\u0119,\u00a0 Siostro Faustyno.\u00a0 Od dzisiaj\u00a0 Ko\u015bci\u00f3\u0142\u00a0 zwie\u00a0 ciebie b\u0142ogos\u0142awion\u0105, zw\u0142aszcza Ko\u015bci\u00f3\u0142 na ziemi polskiej i litewskiej. O Faustyno, jak\u017ce przedziwna by\u0142a twoja droga! Czy\u017c mo\u017cna nie pomy\u015ble\u0107, \u017ce to ciebie w\u0142a\u015bnie \u2013 ubog\u0105 i prost\u0105 c\u00f3rk\u0119 mazowieckiego polskiego ludu \u2013 wybra\u0142 Chrystus, aby przypomnie\u0107 ludziom wielk\u0105 Bo\u017c\u0105 tajemnic\u0119 Mi\u0142osierdzia. T\u0119 tajemnic\u0119 zabra\u0142a\u015b ze sob\u0105, odchodz\u0105c z tego \u015bwiata po kr\u00f3tkim i pe\u0142nym cierpie\u0144 \u017cyciu. R\u00f3wnocze\u015bnie tajemnica ta sta\u0142a si\u0119 proroczym zaiste wo\u0142aniem do \u015bwiata, do Europy. Przecie\u017c twoje or\u0119dzie Bo\u017cego Mi\u0142osierdzia zrodzi\u0142o si\u0119 jakby w przeddzie\u0144 straszliwego kataklizmu II wojny \u015bwiatowej. Zapewne by\u015b si\u0119 zdziwi\u0142a, gdyby\u015b mog\u0142a na ziemi do\u015bwiadczy\u0107, czym sta\u0142o si\u0119 to or\u0119dzie dla udr\u0119czonych ludzi tego czasu pogardy, jak szeroko ono posz\u0142o w \u015bwiat. Dzisiaj \u2013 tak g\u0142\u0119boko wierzymy \u2013 ogl\u0105dasz w Bogu owoce twojego pos\u0142annictwa na ziemi. Dzi\u015b do\u015bwiadczasz u samego \u0179r\u00f3d\u0142a, kim jest tw\u00f3j Chrystus: <i style=\"font-weight: normal;\">dives in misericordia<\/i>.<\/p>\n<p style=\"text-align: justify;\">\u201eCzuj\u0119 dobrze, \u017ce nie\u00a0 ko\u0144czy si\u0119\u00a0 pos\u0142annictwo\u00a0 moje\u00a0 ze\u00a0 \u015bmierci\u0105, ale si\u0119 zacznie\u201d &#8211; napisa\u0142a Siostra Faustyna w swym <i style=\"font-weight: normal;\">Dzienniczku<\/i>. I tak si\u0119 sta\u0142o. Misja Siostry Faustyny trwa i przynosi zadziwiaj\u0105ce owoce. W jak\u017ce przedziwny spos\u00f3b jej nabo\u017ce\u0144stwo do Jezusa Mi\u0142osiernego toruje sobie drog\u0119 w \u015bwiecie i zdobywa tyle ludzkich serc! Jest to niew\u0105tpliwie jaki\u015b znak czas\u00f3w \u2013 znak naszego XX w. Bilans tego ko\u0144cz\u0105cego si\u0119 wieku, obok osi\u0105gni\u0119\u0107, kt\u00f3re wielokrotnie przewy\u017cszy\u0142y poprzednie epoki, zawiera tak\u017ce g\u0142\u0119boki niepok\u00f3j o przysz\u0142o\u015b\u0107. Gdzie\u017c wi\u0119c, je\u015bli nie w Bo\u017cym Mi\u0142osierdziu, znajdzie \u015bwiat ocalenie i \u015bwiat\u0142o nadziei? Ludzie wierz\u0105cy doskonale to wyczuwaj\u0105!<\/p>\n<p>\u201eDzi\u0119kujcie Panu, bo jest dobry. Dzi\u0119kujcie Panu, bo jest mi\u0142osierny\u201d.<\/p>\n<p style=\"text-align: justify;\">Dzisiaj, w dniu\u00a0 beatyfikacji\u00a0 Siostry Faustyny, wielbimy Boga za wielkie dzie\u0142a, jakich dokona\u0142 w jej duszy. Wys\u0142awiamy Go i dzi\u0119kujemy Mu za wielkie dzie\u0142a, jakich dokona\u0142 i ci\u0105gle dokonuje w duszach ludzkich, kt\u00f3re dzi\u0119ki jej \u015bwiadectwu i or\u0119dziu odkrywaj\u0105 niesko\u0144czone g\u0142\u0119bie Bo\u017cego Mi\u0142osierdzia.<\/p>\n<p style=\"text-align: justify;\"><b>7.<\/b> Pozdrawiam ci\u0119 wreszcie Stanis\u0142awie Kazimierczyku, kap\u0142anie Kanonik\u00f3w Regularnych\u00a0 Latera\u0144skich.\u00a0Twe \u017cycie\u00a0zwi\u0105zane\u00a0by\u0142o\u00a0 nierozerwalnie z Krakowem, z jego s\u0142awn\u0105 Akademi\u0105 oraz z klasztorem przy ko\u015bciele Bo\u017cego Cia\u0142a na Kazimierzu, gdzie dojrzewa\u0142o i rozwija\u0142o si\u0119 twoje powo\u0142anie.<\/p>\n<p style=\"text-align: justify;\">S\u0142uga Bo\u017cy Stanis\u0142aw \u017cy\u0142 w XV w., a wi\u0119c w czasach bardzo odleg\u0142ych. W dziejach Krakowa by\u0142 to wiek wyj\u0105tkowy \u2013 wiek \u015bwi\u0119tych, epoka szczeg\u00f3lnego rozkwitu \u017cycia duchowego i religijnego. W tym w\u0142a\u015bnie wieku Krak\u00f3w wyda\u0142 postacie tego formatu co \u015bw. Jan Kanty oraz b\u0142ogos\u0142awieni: Szymon z Lipnicy, Micha\u0142 Giedroy\u0107, Izajasz Boner i \u015awi\u0119tos\u0142aw ze S\u0142awkowa. B\u0142ogos\u0142awiony wiek! Jego duchowe oblicze tworzyli \u015bwi\u0119ci i b\u0142ogos\u0142awieni, a w\u015br\u00f3d nich Stanis\u0142aw z Kazimierza: \u017carliwy czciciel Eucharystii, nauczyciel i obro\u0144ca prawdy ewangelicznej, wychowawca, przewodnik na drogach \u017cycia duchowego, opiekun ubogich.<\/p>\n<p style=\"text-align: justify;\">Pami\u0119\u0107\u00a0 o \u015bwi\u0119to\u015bci s\u0142ugi Bo\u017cego \u017cyje i owocuje do dzisiaj. Tej pami\u0119ci lud Krakowa, a zw\u0142aszcza lud Kazimierza, dawa\u0142 wyraz przez modlitw\u0119 u jego relikwii nieprzerwanie a\u017c do naszych czas\u00f3w. Jako arcybiskup krakowski nieraz tym modlitwom przewodniczy\u0142em. Dzisiaj Ko\u015bci\u00f3\u0142 \u015bwi\u0119ty uroczy\u015bcie potwierdza jego kult, wynosz\u0105c go do chwa\u0142y o\u0142tarzy.<\/p>\n<p>\u201eDzi\u0119kujcie Panu&#8230; Dzi\u0119kujcie Panu, bo jest dobry\u201d.<\/p>\n<p style=\"text-align: justify;\">M. Maria Angela\u00a0 Truszkowska,\u00a0 Siostra Faustyna Kowalska, Stanis\u0142aw Kazimierczyk, kap\u0142an-zakonnik: trzej nowi polscy b\u0142ogos\u0142awieni, nasi nowi or\u0119downicy. W dzisiejszych czasach tego or\u0119downictwa \u015bwi\u0119tych i b\u0142ogos\u0142awionych tak bardzo nam potrzeba! Oto szczeg\u00f3lny dar Bo\u017cej Opatrzno\u015bci dla Ko\u015bcio\u0142a w Polsce \u2013 dar dla naszej Ojczyzny.<\/p>\n<p>Raduj si\u0119 wi\u0119c Ko\u015bciele Polski!<br \/>\n<i style=\"font-weight: normal;\">Gaude Mater Polonia!<\/i><\/p>\n<p><b>8.<\/b> Dzi\u0119kujmy Panu, bo jest dobry. Dzi\u0119kujmy, bo jest mi\u0142osierny.<\/p>\n<p style=\"text-align: justify;\">Oto aposto\u0142owie zgromadzeni w Wieczerniku: pierwsi, kt\u00f3rych udzia\u0142em sta\u0142o si\u0119 to wielkanocne dzi\u0119kczynienie. Oni pierwsi otrzymali Ducha \u015awi\u0119tego ku odpuszczeniu grzech\u00f3w. I w tym Duchu zostali pos\u0142ani. \u201eJak Ojciec Mnie pos\u0142a\u0142, tak i Ja was posy\u0142am\u201d <span style=\"font-size: 90%;\">(J 20, 21)<\/span>. To pos\u0142annictwo trwa przez wieki, z pokolenia na pokolenie. I trwa te\u017c \u0142aska, kt\u00f3ra zdolna jest \u201ewszystkie rzeczy nowymi uczyni\u0107\u201d <span style=\"font-size: 90%;\">(por. Ap 21, 5)<\/span>.<\/p>\n<p style=\"text-align: justify;\">Oto\u00a0 Tomasz \u2013 kt\u00f3ry\u00a0 sta\u0142\u00a0 si\u0119\u00a0 szczeg\u00f3lnym\u00a0 protagonist\u0105\u00a0 wszystkich, kt\u00f3rzy m\u00f3wi\u0105: \u201eje\u017celi (&#8230;) nie zobacz\u0119, (&#8230;) nie uwierz\u0119\u201d <span style=\"font-size: 90%;\">(J 20, 25)<\/span>. Sta\u0142 si\u0119 te\u017c z kolei, w osiem dni p\u00f3\u017aniej, pierwszym w\u015br\u00f3d tych, kt\u00f3rzy wyznaj\u0105: \u201ePan m\u00f3j i B\u00f3g m\u00f3j!\u201d <span style=\"font-size: 90%;\">(J 20, 28)<\/span>. Oby prawda o Chrystusie ukrzy\u017cowanym i zmartwychwsta\u0142ym znajdowa\u0142a przyst\u0119p do coraz nowych pokole\u0144 tych, kt\u00f3rzy \u201enie widzieli, a uwierzyli\u201d <span style=\"font-size: 90%;\">(J 20, 29)<\/span>.<\/p>\n<p style=\"text-align: justify;\"><i style=\"font-weight: normal;\">Dives in misericordia<\/i>. Jak\u017ce bardzo cz\u0142owiekowi wszystkich czas\u00f3w potrzebne jest spotkanie z Tob\u0105, Chryste \u2013 spotkanie przez wiar\u0119, kt\u00f3r\u0105 pr\u00f3buje si\u0119 w ogniu do\u015bwiadcze\u0144, a kt\u00f3ra owocuje rado\u015bci\u0105 \u2013 rado\u015bci\u0105 paschaln\u0105. Wiara owocuje rado\u015bci\u0105 \u201eniewymown\u0105 i pe\u0142n\u0105 chwa\u0142y\u201d <span style=\"font-size: 90%;\">(1 P 1, 8)<\/span>.<\/p>\n<p>\u201eL`Osservatore Romano\u201d, 5-6(1993), s. 13-15.<\/p>\n<p align=\"justify\">\u00a9 Copyright \u2013 Editrice Vaticana<\/p>\n<p align=\"justify\"><a href=\"https:\/\/www.faustyna.pl\/zmbm\/swieta-siostra-faustyna\/\">\u015awi\u0119ta Siostra Faustyna\/Beatyfikacja<\/a><\/p>\n","protected":false},"excerpt":{"rendered":"<p>Ko\u015bci\u00f3\u0142 raduje si\u0119 i dzi\u0119kuje za wielkie dzie\u0142a Bo\u017ce Homilia ojca \u015bwi\u0119tego Jana Paw\u0142a II podczas beatyfikacji Siostry Faustyny, Rzym, 18 kwietnia 1993 1. Dzi\u0119kujcie Panu, bo jest dobry, bo \u0142aska Jego trwa na wieki (Ps 118 [117], 1). Dzi\u0119kczynny psalm prze\u015bwietla ca\u0142\u0105 paschaln\u0105 oktaw\u0119. Ko\u015bci\u00f3\u0142 z dzi\u0119kczynieniem uwielbia Boga za dar zmartwychwstania Chrystusa: za [&hellip;]<\/p>\n","protected":false},"author":1,"featured_media":0,"parent":0,"menu_order":0,"comment_status":"closed","ping_status":"closed","template":"","meta":{"footnotes":""},"categories":[31],"tags":[],"class_list":["post-1181","page","type-page","status-publish","hentry","category-beatyfikacja"],"_links":{"self":[{"href":"https:\/\/www.faustyna.pl\/zmbm\/wp-json\/wp\/v2\/pages\/1181","targetHints":{"allow":["GET"]}}],"collection":[{"href":"https:\/\/www.faustyna.pl\/zmbm\/wp-json\/wp\/v2\/pages"}],"about":[{"href":"https:\/\/www.faustyna.pl\/zmbm\/wp-json\/wp\/v2\/types\/page"}],"author":[{"embeddable":true,"href":"https:\/\/www.faustyna.pl\/zmbm\/wp-json\/wp\/v2\/users\/1"}],"replies":[{"embeddable":true,"href":"https:\/\/www.faustyna.pl\/zmbm\/wp-json\/wp\/v2\/comments?post=1181"}],"version-history":[{"count":7,"href":"https:\/\/www.faustyna.pl\/zmbm\/wp-json\/wp\/v2\/pages\/1181\/revisions"}],"predecessor-version":[{"id":28980,"href":"https:\/\/www.faustyna.pl\/zmbm\/wp-json\/wp\/v2\/pages\/1181\/revisions\/28980"}],"wp:attachment":[{"href":"https:\/\/www.faustyna.pl\/zmbm\/wp-json\/wp\/v2\/media?parent=1181"}],"wp:term":[{"taxonomy":"category","embeddable":true,"href":"https:\/\/www.faustyna.pl\/zmbm\/wp-json\/wp\/v2\/categories?post=1181"},{"taxonomy":"post_tag","embeddable":true,"href":"https:\/\/www.faustyna.pl\/zmbm\/wp-json\/wp\/v2\/tags?post=1181"}],"curies":[{"name":"wp","href":"https:\/\/api.w.org\/{rel}","templated":true}]}}