



{"id":1191,"date":"2014-12-17T00:54:50","date_gmt":"2014-12-17T00:54:50","guid":{"rendered":"http:\/\/www.faustyna.pl\/zmbm\/?page_id=1191"},"modified":"2023-03-08T14:41:45","modified_gmt":"2023-03-08T13:41:45","slug":"homilia-jana-pawla-ii-kanonizacja","status":"publish","type":"page","link":"https:\/\/www.faustyna.pl\/zmbm\/homilia-jana-pawla-ii-kanonizacja\/","title":{"rendered":"Homilia Jana Paw\u0142a II"},"content":{"rendered":"<h3 align=\"center\"><span style=\"color: #800000\"><i><b><a href=\"https:\/\/www.faustyna.pl\/zmbm\/wp-content\/uploads\/2014\/12\/Obraz-kanonizacyjny-Siostry-Faustyny.jpg\" data-gallery><img loading=\"lazy\" decoding=\"async\" class=\"size-medium wp-image-10590 alignnone\" src=\"https:\/\/www.faustyna.pl\/zmbm\/wp-content\/uploads\/2014\/12\/Obraz-kanonizacyjny-Siostry-Faustyny-560x329.jpg\" alt=\"\" width=\"560\" height=\"329\" srcset=\"https:\/\/www.faustyna.pl\/zmbm\/wp-content\/uploads\/2014\/12\/Obraz-kanonizacyjny-Siostry-Faustyny-560x329.jpg 560w, https:\/\/www.faustyna.pl\/zmbm\/wp-content\/uploads\/2014\/12\/Obraz-kanonizacyjny-Siostry-Faustyny-140x82.jpg 140w, https:\/\/www.faustyna.pl\/zmbm\/wp-content\/uploads\/2014\/12\/Obraz-kanonizacyjny-Siostry-Faustyny.jpg 1024w\" sizes=\"auto, (max-width: 560px) 100vw, 560px\" \/><\/a><\/b><\/i><\/span><\/h3>\n<h3 align=\"center\"><span style=\"color: #800000\"><i><b>DAR BO\u017bY DLA NASZYCH CZAS\u00d3W<\/b><\/i><\/span><br \/>\n<strong><span style=\"color: #800000\"> Homilia Ojca \u015awi\u0119tego Jana Paw\u0142a II<\/span><\/strong><br \/>\n<strong><span style=\"color: #800000\"> wyg\u0142oszona w czasie Mszy \u015bwi\u0119tej kanonizacyjnej<\/span><\/strong><br \/>\n<strong><span style=\"color: #800000\"> w Rzymie, 30 kwietnia 2000<\/span><\/strong><\/h3>\n<p align=\"justify\">1. <i style=\"font-weight: normal\">\u201eConfitemini Domino quoniam bonus, quoniam in saeculum misericordia Pius\u201d \u2013 \u201eDzi\u0119kujcie Panu, bo jest dobry, bo \u0142aska Jego trwa na wieki\u201d<\/i> <span style=\"font-size: 90%\">(Ps 118 [117], 1)<\/span>. Tak \u015bpiewa Ko\u015bci\u00f3\u0142 w oktaw\u0119 Wielkanocy, powtarzaj\u0105c niejako te s\u0142owa Psalmu\u00a0 za\u00a0 samym\u00a0 Chrystusem: za Chrystusem zmartwychwsta\u0142ym, kt\u00f3ry przynosi do wieczernika wspania\u0142e or\u0119dzie Bo\u017cego Mi\u0142osierdzia i powierza aposto\u0142om pos\u0142ug\u0119 jego szafarzy: <i style=\"font-weight: normal\">Pok\u00f3j wam! Jak Ojciec Mnie pos\u0142a\u0142, tak i Ja was posy\u0142am.<\/i> (&#8230;) <i style=\"font-weight: normal\">We\u017amijcie Ducha \u015awi\u0119tego! Kt\u00f3rym odpu\u015bcicie grzechy, s\u0105 im odpuszczone, a kt\u00f3rym zatrzymacie, s\u0105 im zatrzymane<\/i> <span style=\"font-size: 90%\">(J 20, 21\u201323)<\/span>.<\/p>\n<p style=\"text-align: justify\">Przed wypowiedzeniem tych s\u0142\u00f3w Jezus pokazuje r\u0119ce i bok. Pokazuje rany zadane Mu podczas m\u0119ki, zw\u0142aszcza zranione serce \u2013 \u017ar\u00f3d\u0142o, z kt\u00f3rego wyp\u0142ywa obfity strumie\u0144 mi\u0142osierdzia, rozlewaj\u0105cy si\u0119 na ludzko\u015b\u0107. Siostra Faustyna Kowalska \u2013 b\u0142ogos\u0142awiona, kt\u00f3r\u0105 od dzi\u015b b\u0119dziemy nazywa\u0107 \u015bwi\u0119t\u0105 \u2013 ujrzy dwie smugi \u015bwiat\u0142a promieniuj\u0105ce z tego serca na \u015bwiat. <i style=\"font-weight: normal\">Te dwa promienie<\/i> \u2013 wyja\u015bni\u0142 jej pewnego dnia sam Jezus \u2013 <i style=\"font-weight: normal\">oznaczaj\u0105 krew i wod\u0119<\/i> <span style=\"font-size: 90%\">(\u201eDzienniczek\u201d, 299)<\/span>.<\/p>\n<p style=\"text-align: justify\">2. Krew i woda! Na\u00a0 my\u015bl przychodzi\u00a0 tu natychmiast \u015bwiadectwo ewangelisty Jana: kiedy na Kalwarii jeden z \u017co\u0142nierzy przebi\u0142 w\u0142\u00f3czni\u0105 bok Chrystusa, Jan widzia\u0142, \u017ce wyp\u0142yn\u0119\u0142a z niego \u201ekrew i woda\u201d <span style=\"font-size: 90%\">(por. J 19, 34)<\/span>. Krew przywodzi na my\u015bl ofiar\u0119 krzy\u017ca i dar eucharystyczny, natomiast woda jest w symbolice Janowej znakiem nie tylko chrztu, ale tak\u017ce daru Ducha \u015awi\u0119tego <span style=\"font-size: 90%\">(por. J 3, 5; 4, 14; 7, 37\u201339)<\/span>.<\/p>\n<p style=\"text-align: justify\">Poprzez serce Chrystusa ukrzy\u017cowanego Bo\u017ce mi\u0142osierdzie dociera do ludzi: <i style=\"font-weight: normal\">Powiedz, c\u00f3rko Moja, \u017ce jestem mi\u0142o\u015bci\u0105 i mi\u0142osierdziem samym<\/i> \u2013 za\u017c\u0105da Jezus od Siostry Faustyny <span style=\"font-size: 90%\">(\u201eDzienniczek\u201d, 1074)<\/span>. To mi\u0142osierdzie Chrystus rozlewa na ca\u0142\u0105 ludzko\u015b\u0107 poprzez zes\u0142anie Ducha, kt\u00f3ry w Tr\u00f3jcy \u015awi\u0119tej jest Osob\u0105\u2013Mi\u0142o\u015bci\u0105. A czy\u017c mi\u0142osierdzie nie jest \u201edrugim imieniem\u201d mi\u0142o\u015bci <span style=\"font-size: 90%\">(por. \u201eDives in misericordia\u201d, 7)<\/span>, ujmuj\u0105cym jej aspekt najg\u0142\u0119bszy i najbardziej\u00a0 wzruszaj\u0105cy:\u00a0 jej\u00a0 gotowo\u015b\u0107\u00a0 do\u00a0 zaspokojenia\u00a0 wszelkich\u00a0 potrzeb, a zw\u0142aszcza jej bezgraniczn\u0105 zdolno\u015b\u0107 przebaczania?<\/p>\n<p style=\"text-align: justify\">Doznaj\u0119 dzi\u015b naprawd\u0119 wielkiej rado\u015bci, ukazuj\u0105c ca\u0142emu Ko\u015bcio\u0142owi &#8211; jako dar Bo\u017cy dla naszych czas\u00f3w &#8211; \u017cycie i \u015bwiadectwo Siostry Faustyny Kowalskiej. Zrz\u0105dzeniem Bo\u017cej Opatrzno\u015bci \u017cycie tej pokornej c\u00f3ry polskiej ziemi by\u0142o ca\u0142kowicie zwi\u0105zane z histori\u0105 XX wieku, kt\u00f3ry niedawno dobieg\u0142 ko\u0144ca. Chrystus powierzy\u0142 jej bowiem swoje or\u0119dzie Mi\u0142osierdzia w latach mi\u0119dzy pierwsz\u0105 a\u00a0 drug\u0105\u00a0 wojn\u0105 \u015bwiatow\u0105. Kto pami\u0119ta, kto\u00a0 by\u0142 \u015bwiadkiem i uczestnikiem wydarze\u0144 tamtych lat i straszliwych cierpie\u0144, jakie przynios\u0142y one milionom ludzi, wie dobrze, jak bardzo potrzebne by\u0142o or\u0119dzie Mi\u0142osierdzia.<\/p>\n<p style=\"text-align: justify\">Jezus\u00a0powiedzia\u0142\u00a0do Siostry\u00a0Faustyny: <i style=\"font-weight: normal\">Nie\u00a0znajdzie\u00a0ludzko\u015b\u0107\u00a0uspokojenia, dopok\u0105d si\u0119 nie zwr\u00f3ci z ufno\u015bci\u0105 do mi\u0142osierdzia Mojego<\/i> <span style=\"font-size: 90%\">(\u201eDzienniczek\u201d, 300)<\/span>. Za spraw\u0105 polskiej zakonnicy to or\u0119dzie zwi\u0105za\u0142o si\u0119 na zawsze z XX wiekiem, kt\u00f3ry zamyka drugie tysi\u0105clecie i jest pomostem do trzeciego. Nie jest to or\u0119dzie nowe, ale mo\u017cna je uzna\u0107 za dar szczeg\u00f3lnego o\u015bwiecenia, kt\u00f3re pozwala nam g\u0142\u0119biej prze\u017cywa\u0107 Ewangeli\u0119 Paschy, aby nie\u015b\u0107 j\u0105 niczym promie\u0144 \u015bwiat\u0142a ludziom naszych czas\u00f3w.<\/p>\n<p style=\"text-align: justify\">3. Co przynios\u0105 nam\u00a0 nadchodz\u0105ce lata?\u00a0 Jaka b\u0119dzie\u00a0 przysz\u0142o\u015b\u0107 cz\u0142owieka na ziemi? Nie jest nam dane to wiedzie\u0107. Jest jednak pewne, \u017ce obok kolejnych sukces\u00f3w nie zabraknie niestety tak\u017ce do\u015bwiadcze\u0144 bolesnych. Ale \u015bwiat\u0142o Bo\u017cego mi\u0142osierdzia, kt\u00f3re B\u00f3g zechcia\u0142 niejako powierzy\u0107 \u015bwiatu na nowo poprzez charyzmat Siostry Faustyny, b\u0119dzie rozja\u015bnia\u0142o ludzkie drogi w trzecim tysi\u0105cleciu.<\/p>\n<p style=\"text-align: justify\">Konieczne jest jednak,\u00a0aby ludzko\u015b\u0107,\u00a0 podobnie jak\u00a0 niegdy\u015b Aposto\u0142owie, przyj\u0119\u0142a dzi\u015b w wieczerniku dziej\u00f3w Chrystusa zmartwychwsta\u0142ego, kt\u00f3ry pokazuje rany po ukrzy\u017cowaniu i powtarza: Pok\u00f3j wam! Trzeba, aby ludzko\u015b\u0107 pozwoli\u0142a si\u0119 ogarn\u0105\u0107 i przenikn\u0105\u0107 Duchowi \u015awi\u0119temu, kt\u00f3rego daje jej zmartwychwsta\u0142y Chrystus. To Duch leczy rany serca, obala mury odgradzaj\u0105ce nas od Boga i od siebie nawzajem, pozwala zn\u00f3w cieszy\u0107 si\u0119 mi\u0142o\u015bci\u0105 Ojca i zarazem bratersk\u0105 jedno\u015bci\u0105.<\/p>\n<p style=\"text-align: justify\">4. Wa\u017cne jest zatem, aby\u015bmy przyj\u0119li w ca\u0142o\u015bci or\u0119dzie, zawarte w s\u0142owie Bo\u017cym na dzisiejsz\u0105 II Niedziel\u0119 Wielkanocn\u0105, kt\u00f3ra od tej pory nazywa\u0107 si\u0119 b\u0119dzie w ca\u0142ym Ko\u015bciele \u201eNiedziel\u0105 Mi\u0142osierdzia Bo\u017cego\u201d. W kolejnych czytaniach liturgia zdaje si\u0119 wytycza\u0107 szlak mi\u0142osierdzia, kt\u00f3re odbudowuje wi\u0119\u017a ka\u017cdego cz\u0142owieka z Bogiem, a zarazem buduje tak\u017ce mi\u0119dzy lud\u017ami nowe relacje braterskiej solidarno\u015bci. Chrystus nauczy\u0142 nas, \u017ce <i style=\"font-weight: normal\">cz\u0142owiek nie tylko do\u015bwiadcza i dost\u0119puje mi\u0142osierdzia Boga samego, ale tak\u017ce jest powo\u0142any do tego, a\u017ceby sam \u2018czyni\u0142\u2019 mi\u0142osierdzie drugim: \u2018B\u0142ogos\u0142awieni mi\u0142osierni, albowiem oni mi\u0142osierdzia dost\u0105pi\u0105\u2019 (Mt 5, 7)<\/i> <span style=\"font-size: 90%\">(\u201eDives in misericordia\u201d, 14)<\/span>. Jezus wskaza\u0142 nam te\u017c wielorakie drogi mi\u0142osierdzia, kt\u00f3re nie tylko przebacza grzechy, ale wychodzi te\u017c naprzeciw wszystkim ludzkim potrzebom.\u00a0Jezus\u00a0pochyla\u0142 si\u0119\u00a0nad wszelk\u0105\u00a0 ludzk\u0105\u00a0n\u0119dz\u0105, materialn\u0105 i duchow\u0105.<\/p>\n<p style=\"text-align: justify\">Chrystusowe or\u0119dzie Mi\u0142osierdzia nieustannie dociera do nas w ge\u015bcie Jego r\u0105k wyci\u0105gni\u0119tych ku cierpi\u0105cemu cz\u0142owiekowi. Takiego w\u0142a\u015bnie widzia\u0142a Go i takiego og\u0142osi\u0142a ludziom wszystkich kontynent\u00f3w Siostra Faustyna, kt\u00f3ra\u00a0 pozostaj\u0105c w\u00a0 ukryciu swojego\u00a0 klasztoru w\u00a0 \u0141agiewnikach, w Krakowie, uczyni\u0142a ze swego \u017cycia hymn na cze\u015b\u0107 Mi\u0142osierdzia: <i style=\"font-weight: normal\">Misericordias Domini in aeternum cantabo<\/i> <span style=\"font-size: 90%\">(Ps 89 [88], 2)<\/span>.<\/p>\n<p style=\"text-align: justify\">5. Kanonizacja Siostry Faustyny ma szczeg\u00f3ln\u0105 wymow\u0119. Poprzez t\u0119 kanonizacj\u0119 pragn\u0119 dzi\u015b przekaza\u0107 or\u0119dzie Mi\u0142osierdzia nowemu tysi\u0105cleciu. Przekazuj\u0119 je wszystkim ludziom, aby uczyli si\u0119 coraz pe\u0142niej poznawa\u0107 prawdziwe oblicze Boga i prawdziwe oblicze cz\u0142owieka.<\/p>\n<p style=\"text-align: justify\">Mi\u0142o\u015b\u0107 Boga i mi\u0142o\u015b\u0107 cz\u0142owieka\u00a0 s\u0105 bowiem nieroz\u0142\u0105czne, jak przypomina Pierwszy List \u015bw. Jana: <i style=\"font-weight: normal\">Po tym poznajemy, \u017ce mi\u0142ujemy dzieci Bo\u017ce, gdy mi\u0142ujemy Boga i wype\u0142niamy Jego przykazania<\/i> <span style=\"font-size: 90%\">(5, 2)<\/span>. W takich s\u0142owach Aposto\u0142 wyra\u017ca prawd\u0119 o mi\u0142o\u015bci, wskazuj\u0105c, \u017ce jej miar\u0105 i kryterium jest wype\u0142nianie przykaza\u0144.<\/p>\n<p style=\"text-align: justify\">Nie jest \u0142atwo mi\u0142owa\u0107 mi\u0142o\u015bci\u0105 g\u0142\u0119bok\u0105, kt\u00f3ra polega na autentycznym sk\u0142adaniu daru\u00a0 z siebie. Tej\u00a0 mi\u0142o\u015bci mo\u017cna nauczy\u0107\u00a0 si\u0119\u00a0 jedynie\u00a0 wnikaj\u0105c w tajemnic\u0119 mi\u0142o\u015bci Boga. Wpatruj\u0105c si\u0119 w Niego, jednocz\u0105c si\u0119 z Jego ojcowskim\u00a0 Sercem, stajemy si\u0119 zdolni\u00a0 patrze\u0107 na\u00a0 braci nowymi\u00a0 oczyma, w postawie bezinteresowno\u015bci i solidarno\u015bci, hojno\u015bci i przebaczenia. Tym wszystkim jest w\u0142a\u015bnie mi\u0142osierdzie!<\/p>\n<p style=\"text-align: justify\">W miar\u0119 tego, jak\u00a0 ludzko\u015b\u0107\u00a0 b\u0119dzie wnika\u0107\u00a0 w tajemnic\u0119 tego\u00a0 mi\u0142osiernego spojrzenia, idea\u0142, o jakim s\u0142yszeli\u015bmy w dzisiejszym pierwszym czytaniu, b\u0119dzie jawi\u0142 si\u0119 jako mo\u017cliwy do spe\u0142nienia: <i style=\"font-weight: normal\">Jeden duch i jedno serce o\u017cywia\u0142o wszystkich wierz\u0105cych. \u017baden nie nazywa\u0142 swoim tego, co posiada\u0142, ale wszystko mieli wsp\u00f3lne<\/i> <span style=\"font-size: 90%\">(Dz 4, 32)<\/span>. Tak oto mi\u0142osierdzie nadawa\u0142o form\u0119 ludzkim odniesieniom, \u017cyciu wsp\u00f3lnoty, wyznacza\u0142o zasady podzia\u0142u d\u00f3br. Z niego wyp\u0142ywa\u0142y \u201euczynki mi\u0142osierdzia\u201d co do cia\u0142a i co do ducha. Tak oto mi\u0142osierdzie przybra\u0142o konkretny kszta\u0142t stawania si\u0119 \u201ebli\u017anim\u201d dla najbardziej potrzebuj\u0105cych braci.<\/p>\n<p style=\"text-align: justify\">6. Siostra Faustyna Kowalska\u00a0 napisa\u0142a w swoim \u201eDzienniczku\u201d: <i style=\"font-weight: normal\">Odczuwam\u00a0 tak\u00a0 straszny b\u00f3l, kiedy\u00a0 patrz\u0119\u00a0 na\u00a0 cierpienia \u00a0 bli\u017anich;\u00a0 odbijaj\u0105\u00a0 si\u0119 w sercu moim wszystkie cierpienia bli\u017anich, ich udr\u0119czenia nosz\u0119 w sercu swoim, tak, \u017ce mnie to nawet fizycznie wyniszcza. Pragn\u0119\u0142abym, aby wszystkie b\u00f3le na mnie spada\u0142y, by ul\u017cy\u0107 bli\u017anim<\/i> <span style=\"font-size: 90%\">(\u201eDzienniczek\u201d, 1039)<\/span>. Oto do jakiego stopnia wsp\u00f3\u0142odczuwania prowadzi mi\u0142o\u015b\u0107, kiedy mierzona jest miar\u0105 mi\u0142o\u015bci Boga!<\/p>\n<p style=\"text-align: justify\">Ta mi\u0142o\u015b\u0107 powinna inspirowa\u0107\u00a0wsp\u00f3\u0142czesnego\u00a0 cz\u0142owieka, wsp\u00f3\u0142czesn\u0105 ludzko\u015b\u0107, aby mog\u0142a stawi\u0107 czo\u0142o kryzysowi sensu \u017cycia, podj\u0105\u0107 wyzwania zwi\u0105zane z r\u00f3\u017cnorakimi potrzebami, a przede wszystkim, by mog\u0142a wype\u0142ni\u0107 obowi\u0105zek\u00a0 obrony\u00a0 godno\u015bci ka\u017cdej ludzkiej\u00a0 osoby. W ten spos\u00f3b or\u0119dzie o mi\u0142osierdziu Bo\u017cym stanie si\u0119 po\u015brednio r\u00f3wnie\u017c or\u0119dziem o niepowtarzalnej godno\u015bci, warto\u015bci ka\u017cdego cz\u0142owieka. W oczach Bo\u017cych ka\u017cda osoba jest cenna, za ka\u017cdego Chrystus odda\u0142 swoje \u017cycie, ka\u017cdemu Ojciec daje swego Ducha i czyni go bliskim sobie.<\/p>\n<p style=\"text-align: justify\">7. To krzepi\u0105ce or\u0119dzie\u00a0jest skierowane przede\u00a0wszystkim do cz\u0142owieka, kt\u00f3ry udr\u0119czony jakim\u015b szczeg\u00f3lnie bolesnym do\u015bwiadczeniem albo przygnieciony ci\u0119\u017carem pope\u0142nionych grzech\u00f3w utraci\u0142\u00a0wszelk\u0105\u00a0nadziej\u0119 w \u017cyciu i sk\u0142onny jest ulec pokusie rozpaczy. Takiemu cz\u0142owiekowi ukazuje si\u0119 \u0142agodne oblicze Chrystusa, a promienie wychodz\u0105ce z Jego Serca padaj\u0105 na niego, o\u015bwiecaj\u0105 go i rozpalaj\u0105, wskazuj\u0105 drog\u0119 i nape\u0142niaj\u0105 nadziej\u0105. Jak\u017ce wielu sercom przynios\u0142o otuch\u0119 wezwanie \u201eJezu, ufam Tobie\u201d, kt\u00f3re podpowiedzia\u0142a nam Opatrzno\u015b\u0107 za po\u015brednictwem Siostry Faustyny! Ten prosty akt zawierzenia Jezusowi przebija najg\u0119stsze chmury i sprawia, \u017ce promie\u0144 \u015bwiat\u0142a przenika do \u017cycia ka\u017cdego cz\u0142owieka. \u201eJezu, ufam Tobie\u201d.<\/p>\n<p style=\"text-align: justify\">8. <i style=\"font-weight: normal\">Misericordias\u00a0 Domini in\u00a0 aeternum\u00a0 cantabo<\/i>\u00a0 <span style=\"font-size: 90%\">(Ps 89 [88], 2)<\/span>.\u00a0 Do g\u0142osu Naj\u015bwi\u0119tszej Maryi Panny, \u201eMatki Mi\u0142osierdzia\u201d, do g\u0142osu nowej \u015awi\u0119tej, kt\u00f3ra w niebia\u0144skim Jeruzalem \u015bpiewa hymn na cze\u015b\u0107 mi\u0142osierdzia wraz z wszystkimi przyjaci\u00f3\u0142mi Boga, do\u0142\u0105czmy nasz g\u0142os tak\u017ce my, Ko\u015bci\u00f3\u0142 pielgrzymuj\u0105cy.<\/p>\n<p style=\"text-align: justify\">Ty za\u015b, Faustyno, darze Boga dla naszej epoki, darze polskiej ziemi dla ca\u0142ego Ko\u015bcio\u0142a, wyjednaj nam, aby\u015bmy mogli poj\u0105\u0107 g\u0142\u0119bi\u0119 Bo\u017cego Mi\u0142osierdzia,\u00a0pom\u00f3\u017c nam, aby\u015bmy osobi\u015bcie go do\u015bwiadczyli i \u015bwiadczyli o nim braciom. Twoje or\u0119dzie \u015bwiat\u0142o\u015bci i nadziei niech si\u0119 rozprzestrzenia na ca\u0142ym \u015bwiecie, niech przynagla grzesznik\u00f3w do nawr\u00f3cenia, niech u\u015bmierza spory i nienawi\u015bci, niech uzdalnia ludzi i narody do czynnego okazywania braterstwa. My dzisiaj, wpatruj\u0105c si\u0119 razem z tob\u0105 w oblicze zmartwychwsta\u0142ego Chrystusa, powtarzamy twoj\u0105 modlitw\u0119 ufnego zawierzenia i m\u00f3wimy z niez\u0142omn\u0105 nadziej\u0105: \u201eJezu, ufam Tobie\u201d.<\/p>\n<p align=\"justify\">\u201eL\u2019Osservatore Romano\u201d, 6(2000), s. 25\u201326.<\/p>\n<p>\u00a9 Copyright \u2013 Editrice Vaticana<\/p>\n<p><a href=\"https:\/\/www.faustyna.pl\/zmbm\/swieta-siostra-faustyna\/\">\u015awi\u0119ta Siostra Faustyna\/Kanonizacja<\/a><\/p>\n","protected":false},"excerpt":{"rendered":"<p>DAR BO\u017bY DLA NASZYCH CZAS\u00d3W Homilia Ojca \u015awi\u0119tego Jana Paw\u0142a II wyg\u0142oszona w czasie Mszy \u015bwi\u0119tej kanonizacyjnej w Rzymie, 30 kwietnia 2000 1. \u201eConfitemini Domino quoniam bonus, quoniam in saeculum misericordia Pius\u201d \u2013 \u201eDzi\u0119kujcie Panu, bo jest dobry, bo \u0142aska Jego trwa na wieki\u201d (Ps 118 [117], 1). Tak \u015bpiewa Ko\u015bci\u00f3\u0142 w oktaw\u0119 Wielkanocy, powtarzaj\u0105c [&hellip;]<\/p>\n","protected":false},"author":1,"featured_media":0,"parent":0,"menu_order":0,"comment_status":"closed","ping_status":"closed","template":"","meta":{"footnotes":""},"categories":[32],"tags":[],"class_list":["post-1191","page","type-page","status-publish","hentry","category-kanonizacja"],"_links":{"self":[{"href":"https:\/\/www.faustyna.pl\/zmbm\/wp-json\/wp\/v2\/pages\/1191","targetHints":{"allow":["GET"]}}],"collection":[{"href":"https:\/\/www.faustyna.pl\/zmbm\/wp-json\/wp\/v2\/pages"}],"about":[{"href":"https:\/\/www.faustyna.pl\/zmbm\/wp-json\/wp\/v2\/types\/page"}],"author":[{"embeddable":true,"href":"https:\/\/www.faustyna.pl\/zmbm\/wp-json\/wp\/v2\/users\/1"}],"replies":[{"embeddable":true,"href":"https:\/\/www.faustyna.pl\/zmbm\/wp-json\/wp\/v2\/comments?post=1191"}],"version-history":[{"count":9,"href":"https:\/\/www.faustyna.pl\/zmbm\/wp-json\/wp\/v2\/pages\/1191\/revisions"}],"predecessor-version":[{"id":25879,"href":"https:\/\/www.faustyna.pl\/zmbm\/wp-json\/wp\/v2\/pages\/1191\/revisions\/25879"}],"wp:attachment":[{"href":"https:\/\/www.faustyna.pl\/zmbm\/wp-json\/wp\/v2\/media?parent=1191"}],"wp:term":[{"taxonomy":"category","embeddable":true,"href":"https:\/\/www.faustyna.pl\/zmbm\/wp-json\/wp\/v2\/categories?post=1191"},{"taxonomy":"post_tag","embeddable":true,"href":"https:\/\/www.faustyna.pl\/zmbm\/wp-json\/wp\/v2\/tags?post=1191"}],"curies":[{"name":"wp","href":"https:\/\/api.w.org\/{rel}","templated":true}]}}