



{"id":1192,"date":"2014-12-17T00:54:54","date_gmt":"2014-12-17T00:54:54","guid":{"rendered":"http:\/\/www.faustyna.pl\/zmbm\/?page_id=1192"},"modified":"2026-05-08T11:16:00","modified_gmt":"2026-05-08T09:16:00","slug":"cud-kanonizacja","status":"publish","type":"page","link":"https:\/\/www.faustyna.pl\/zmbm\/cud-kanonizacja\/","title":{"rendered":"Cud"},"content":{"rendered":"<h3 align=\"center\"><span style=\"color: #800000\"><i><b><a href=\"https:\/\/www.faustyna.pl\/zmbm\/wp-content\/uploads\/2014\/12\/ks-Ronald-Pytel-cud-do-kanonizacji-Siostry-Faustyny.jpg\" data-gallery><img loading=\"lazy\" decoding=\"async\" class=\"alignnone wp-image-10586 size-large\" src=\"https:\/\/www.faustyna.pl\/zmbm\/wp-content\/uploads\/2014\/12\/ks-Ronald-Pytel-cud-do-kanonizacji-Siostry-Faustyny-1024x609.jpg\" alt=\"\" width=\"1024\" height=\"609\" srcset=\"https:\/\/www.faustyna.pl\/zmbm\/wp-content\/uploads\/2014\/12\/ks-Ronald-Pytel-cud-do-kanonizacji-Siostry-Faustyny.jpg 1024w, https:\/\/www.faustyna.pl\/zmbm\/wp-content\/uploads\/2014\/12\/ks-Ronald-Pytel-cud-do-kanonizacji-Siostry-Faustyny-140x83.jpg 140w, https:\/\/www.faustyna.pl\/zmbm\/wp-content\/uploads\/2014\/12\/ks-Ronald-Pytel-cud-do-kanonizacji-Siostry-Faustyny-560x333.jpg 560w\" sizes=\"auto, (max-width: 1024px) 100vw, 1024px\" \/><\/a><\/b><\/i><\/span><\/h3>\n<h3 align=\"center\"><span style=\"color: #800000\"><i><b>Ron, kto\u015b si\u0119 wstawi\u0142 za tob\u0105<\/b><\/i><\/span><br \/>\n<span style=\"color: #800000\"> \u015awiadectwo ks. Ronalda Pytla<\/span><\/h3>\n<p align=\"justify\">16 listopada 1999 roku lekarze zaproszeni przez Kongregacj\u0119 ds. \u015awi\u0119tych przeg\u0142osowali, \u017ce natychmiastowe uzdrowienie mojej bardzo uszkodzonej lewej komory serca nie jest medycznie wyt\u0142umaczalne. 9 grudnia watyka\u0144ska komisja teolog\u00f3w potwierdzi\u0142a, \u017ce jest to cud przypisywany wstawiennictwu b\u0142. Siostry Faustyny Kowalskiej. Potem odby\u0142a si\u0119 komisja kardyna\u0142\u00f3w, a 20 grudnia promulgacja dekretu o cudzie w obecno\u015bci Ojca \u015awi\u0119tego Jana Paw\u0142a II.<\/p>\n<p style=\"text-align: justify\">Nazywam si\u0119 Ronald Pytel, z pochodzenia jestem Polakiem, moi dziadkowie urodzili si\u0119 w Polsce. Jestem proboszczem w ko\u015bciele Matki Bo\u017cej R\u00f3\u017ca\u0144cowej w Baltimore w stanie Maryland (USA). Nasza parafia jest diecezjalnym sanktuarium Mi\u0142osierdzia Bo\u017cego. Z nabo\u017ce\u0144stwem do Mi\u0142osierdzia Bo\u017cego zetkn\u0105\u0142em si\u0119\u00a0w dzieci\u0144stwie,\u00a0ju\u017c jako m\u0142ody ch\u0142opak w szkole podstawowej widywa\u0142em wizerunek Chrystusa z podpisem: <i style=\"font-weight: normal\">Jezu, ufam Tobie<\/i>. 26 lat temu przyj\u0105\u0142em \u015bwi\u0119cenia kap\u0142a\u0144skie i z czasem w\u0142\u0105czy\u0142em si\u0119 w dzie\u0142o kultu Mi\u0142osierdzia Bo\u017cego. Od roku beatyfikacji Siostry Faustyny w naszym ko\u015bciele w ka\u017cd\u0105 drug\u0105 niedziel\u0119 miesi\u0105ca odprawiane s\u0105 uroczyste nabo\u017ce\u0144stwa ku czci Mi\u0142osierdzia Bo\u017cego w j\u0119zyku angielskim, a w ka\u017cd\u0105 trzeci\u0105 niedziel\u0119 miesi\u0105ca \u2013 w j\u0119zyku polskim. Opr\u00f3cz tego w ka\u017cdy czwartek odmawiana jest nieustanna nowenna do Mi\u0142osierdzia Bo\u017cego. Nasza parafia propaguje kult Mi\u0142osierdzia Bo\u017cego przez rekolekcje, wyk\u0142ady i pielgrzymki. St\u0105d te\u017c, gdy zachorowa\u0142em, pro\u015bby moje i parafian by\u0142y kierowane do Mi\u0142osierdzia Bo\u017cego przez przyczyn\u0119 b\u0142. Siostry Faustyny.<\/p>\n<p style=\"text-align: justify\">Zachorowa\u0142em w 1995 roku. Ca\u0142\u0105\u00a0 zim\u0119 i wiosn\u0119\u00a0 \u017ale si\u0119 czu\u0142em. Symptomy choroby wskazywa\u0142y na przezi\u0119bienie i alergi\u0119, potem zapalenie oskrzeli. Nie mog\u0142em z\u0142apa\u0107 oddechu po wej\u015bciu na pierwsze pi\u0119tro i ci\u0105gle kaszla\u0142em. Zam\u00f3wi\u0142em wizyt\u0119 u lekarza, kt\u00f3ry potwierdzi\u0142 diagnoz\u0119: alergiczne zapalenie oskrzeli. W czasie tej samej wizyty lekarz stwierdzi\u0142, \u017ce szmery w sercu, kt\u00f3re mia\u0142em od dzieci\u0144stwa, by\u0142y silniejsze i wys\u0142a\u0142 mnie, aby przeprowadzi\u0107 test Dopplera, echokardiogram. Test wykaza\u0142, \u017ce moja zastawka aorty by\u0142a zw\u0119\u017cona z powodu depozytu wapniowego i tylko 20 % krwi przep\u0142ywa\u0142o przez ni\u0105. \u017by\u0142em wi\u0119c z niewydolno\u015bci\u0105 serca.<\/p>\n<p style=\"text-align: justify\">8 czerwca 1995\u00a0 roku mia\u0142em wyznaczon\u0105 piln\u0105 wizyt\u0119 u doktora Nicholas Fortuin, znanego kardiologa praktykuj\u0105cego w s\u0142awnym szpitalu Johns Hopkins w Baltimore. Po przestudiowaniu mojego echokardiogramu, potwierdzi\u0142\u00a0 on\u00a0 diagnoz\u0119\u00a0 zw\u0119\u017cenia zastawki\u00a0 aorty. Przepisa\u0142\u00a0 mi\u00a0 lekarstwa i wys\u0142a\u0142 do domu z nakazem le\u017cenia w \u0142\u00f3\u017cku a\u017c do terminu operacji w Johns Hopkins Hospital, 14 czerwca 1995. W drodze do szpitala m\u00f3j najlepszy przyjaciel ks. Larry Gesy powiedzia\u0142: <i style=\"font-weight: normal\">Nie przejmuj si\u0119 Ron, to wszystko ma jaki\u015b zwi\u0105zek z mi\u0142osierdziem Bo\u017cym<\/i>. Chocia\u017c nie by\u0142em zadowolony z my\u015bli o nadchodz\u0105cej operacji, to jednak w moim sercu panowa\u0142 spok\u00f3j. Czyta\u0142em \u201eDzienniczek\u201d Siostry Faustyny, codziennie modli\u0142em si\u0119 s\u0142owami Koronki do Mi\u0142osierdzia Bo\u017cego.<\/p>\n<p style=\"text-align: justify\">Po\u00a0 zabiegu\u00a0 operacyjnym\u00a0 dr Peter Green \u2013 chirurg \u2013 spotka\u0142\u00a0 si\u0119\u00a0 z ks. Larry Gesy i powiedzia\u0142 mu, \u017ce moje serce zosta\u0142o uszkodzone z powodu zw\u0119\u017conej zastawki, kt\u00f3ra nie pozwala\u0142a swobodnie przep\u0142ywa\u0107 krwi. Gdyby operacja nie zosta\u0142a wykonana, mojemu \u017cyciu grozi\u0142a \u015bmier\u0107. Po kolejnym badaniu dr N. Fortuin powiedzia\u0142 mu, \u017ce nie mo\u017ce przewidzie\u0107, jak b\u0119dzie wygl\u0105da\u0142o moje\u00a0 \u017cycie, pewne\u00a0 jest to,\u00a0 \u017ce nie\u00a0 b\u0119d\u0119 funkcjonowa\u0142\u00a0normalnie. Z powa\u017cn\u0105 trosk\u0105 stwierdzi\u0142, \u017ce nikt mi nie da gwarancji na \u017cycie, a szanse na d\u0142u\u017csze \u017cycie s\u0105 powa\u017cnie zagro\u017cone. Ca\u0142a jego diagnoza nie by\u0142a optymistyczna. Lewa komora serca by\u0142a bardzo zniszczona. Z t\u0105 diagnoz\u0105 stopniowo zapoznawa\u0142 mnie m\u00f3j Przyjaciel.<\/p>\n<p style=\"text-align: justify\">5\u00a0pa\u017adziernika\u00a01995\u00a0 roku\u00a0celebrowali\u015bmy ca\u0142odniowe\u00a0nabo\u017ce\u0144stwo przed wystawionym Naj\u015bwi\u0119tszym Sakramentem, w czasie kt\u00f3rego odmawiali\u015bmy Koronk\u0119 do Mi\u0142osierdzia Bo\u017cego, r\u00f3\u017caniec i inne modlitwy. Dzie\u0144 zako\u0144czy\u0142 si\u0119 Msz\u0105 \u015awi\u0119t\u0105. Wszystko to przygotowywa\u0142o nas na przyjazd Ojca \u015awi\u0119tego do Baltimore 8 pa\u017adziernika 1995. W czasie Mszy \u015bwi\u0119tej by\u0142em g\u0142\u00f3wnym celebransem. Podczas homilii m\u00f3wi\u0142em o ufno\u015bci Bogu oraz jak B\u00f3g dotyka\u0142 mnie swoim mi\u0142osierdziem. Tego wieczoru grupa os\u00f3b modli\u0142a si\u0119 o moje uzdrowienie. Wzywano wstawiennictwa b\u0142. Siostry Faustyny, a ja odda\u0142em cze\u015b\u0107 jej relikwiom. Podczas modlitwy spoczywa\u0142em w Duchu \u015awi\u0119tym. Le\u017ca\u0142em na pod\u0142odze oko\u0142o 15 minut. By\u0142em zupe\u0142nie przytomny, ale nie mog\u0142em si\u0119 ruszy\u0107. Czu\u0142em si\u0119 jak osoba sparali\u017cowana, kiedy moi parafianie modlili si\u0119 nade mn\u0105 i wok\u00f3\u0142 mnie.<\/p>\n<p style=\"text-align: justify\">P\u00f3\u017anym\u00a0wieczorem\u00a0zda\u0142em\u00a0sobie\u00a0spraw\u0119\u00a0 z\u00a0 tego,\u00a0\u017ce zapomnia\u0142em wzi\u0105\u0107 moje lekarstwo. Wzi\u0105\u0142em je oko\u0142o p\u00f3\u0142nocy i przygotowywa\u0142em si\u0119 do p\u00f3j\u015bcia na spoczynek. Wtedy przy g\u0142\u0119bszym oddechu zacz\u0105\u0142em odczuwa\u0107 b\u00f3l w okolicy serca. Do tego czasu nie mia\u0142em takich b\u00f3l\u00f3w serca, tylko b\u00f3l rany ci\u0119tej po operacji. By\u0142o to dla mnie co\u015b nowego, czego nie zna\u0142em. Pomy\u015bla\u0142em, \u017ce pewnie by\u0142em zbyt aktywny w ci\u0105gu dnia. Po pewnym czasie zda\u0142em sobie spraw\u0119 z tego, \u017ce b\u00f3l wzmaga\u0142 si\u0119 po przyj\u0119ciu leku na serce. Nast\u0119pnego dnia nie wzi\u0105\u0142em leku i b\u00f3lu nie by\u0142o.<\/p>\n<p style=\"text-align: justify\">Zadzwoni\u0142em\u00a0do\u00a0dra\u00a0Fortuin, aby mu powiedzie\u0107 o problemie. Czu\u0142em, \u017ce lek na serce powodowa\u0142 b\u00f3l. Doktor Fortuin powiedzia\u0142 mi, \u017ce to jest najlepszy lek na moj\u0105 chorob\u0119 serca i \u017ce przecie\u017c m\u00f3j organizm tolerowa\u0142 ten lek przez dwa miesi\u0105ce bez skutk\u00f3w ubocznych. Powiedzia\u0142 mi, \u017ce je\u017celi m\u00f3j organizm reaguje w taki spos\u00f3b, to \u017cebym przyjmowa\u0142 po\u0142ow\u0119 dawki leku jednego dnia i ca\u0142\u0105 dawk\u0119 drugiego dnia na przemian i zadzwoni\u0142 do niego za tydzie\u0144. Czu\u0142em si\u0119 lepiej, gdy przyjmowa\u0142em po\u0142ow\u0119 dawki leku. B\u00f3l by\u0142 mniej intensywny i szybciej mija\u0142. Zadzwoni\u0142em do dra Fortuin i poinformowa\u0142em o\u00a0 wyniku mojej\u00a0 obserwacji. Powiedzia\u0142 mi, abym kontynuowa\u0142 lek z po\u0142ow\u0105 dawki do wizyty u niego za 9 dni.<\/p>\n<p style=\"text-align: justify\">9 listopada by\u0142em u dra Fortuin. Po wst\u0119pnym badaniu zosta\u0142 wykonany Dopplera echokardiogram. Lekarz przegl\u0105dn\u0105\u0142 wyniki testu i zawo\u0142a\u0142 mnie do swego gabinetu. Przygl\u0105da\u0142 si\u0119 mi w ciszy, kt\u00f3ra wydawa\u0142a si\u0119 niesko\u0144czono\u015bci\u0105 i wreszcie przem\u00f3wi\u0142: \u2013 <i style=\"font-weight: normal\">Ron, kto\u015b si\u0119 wstawia\u0142 za tob\u0105<\/i>. Zapyta\u0142em: \u2013 <i style=\"font-weight: normal\">Co to znaczy?<\/i> On odpowiedzia\u0142: \u2013 <i style=\"font-weight: normal\">Twoje serce jest zdrowe<\/i>. Zapyta\u0142em zdziwiony: \u2013 <i style=\"font-weight: normal\">Co?<\/i> A on powt\u00f3rzy\u0142: \u2013 <i style=\"font-weight: normal\">Twoje serce jest zdrowe. \u2013 Doktor Green sugerowa\u0142, by powt\u00f3rzy\u0107 echokardiogram i zobaczy\u0107, czy lewa komora serca wzmocni\u0142a si\u0119<\/i>. Doktor Fortuin powiedzia\u0142: \u2013 <i style=\"font-weight: normal\">Nie, nie&#8230; my m\u00f3wimy o zupe\u0142nie normalnym sercu. Moje przypuszczenia nie by\u0142y zbyt optymistyczne odno\u015bnie twego stanu zdrowia. Nie mog\u0119 wyt\u0142umaczy\u0107, co si\u0119 sta\u0142o<\/i>. Dalej kontynuowa\u0142: <i style=\"font-weight: normal\">Ty nie masz \u017cadnych ogranicze\u0144 i nie musisz bra\u0107 \u017cadnych lek\u00f3w. Zobaczymy si\u0119 powt\u00f3rnie za rok na powt\u00f3rnej kontroli<\/i>. Zapyta\u0142em zdziwiony: \u2013 <i style=\"font-weight: normal\">Za rok?<\/i> On odpowiedzia\u0142: \u2013 <i style=\"font-weight: normal\">Tak, za rok. Twoje serce jest zupe\u0142nie zdrowe<\/i>. Po opuszczeniu lekarskiego gabinetu zadzwoni\u0142em do ks. Larry Gesy i powiedzia\u0142em mu o tym, co us\u0142ysza\u0142em od dra Fortuin. On odpowiedzia\u0142: \u2013 <i style=\"font-weight: normal\">Mamy cud, o kt\u00f3ry si\u0119 modlili\u015bmy<\/i>.<\/p>\n<p style=\"text-align: justify\">W listopadzie 1996 roku\u00a0zosta\u0142a zwo\u0142ana\u00a0oficjalna\u00a0komisja w archidiecezji Baltimore, aby rozpatrzy\u0107 zaprzysi\u0119\u017cone opinie lekarzy i zeznania \u015bwiadk\u00f3w m\u00f3wi\u0105cych o zmianach w moim stanie zdrowia. Po uko\u0144czeniu procesu w diecezji przyjecha\u0142 o. Serafin Michalenko, wicepostulator sprawy Siostry Faustyny w USA, odebra\u0142 od Baltimore Tribunal zapiecz\u0119towane dokumenty, kt\u00f3re w grudniu 1996 roku zawie\u017ali\u015bmy do Rzymu. Dokumenty zawiera\u0142y ponad 800 stron medycznych rejestr\u00f3w i oko\u0142o 500 stron zaprzysi\u0119\u017conych materia\u0142\u00f3w.<\/p>\n<p>Wiem, \u017ce b\u0142.\u00a0 Siostra Faustyna wstawi\u0142a si\u0119 za mn\u0105 u Jezusa i \u017ce Jego mi\u0142o\u015b\u0107 dotkn\u0119\u0142a mnie i uzdrowi\u0142a. To jest takie proste.<\/p>\n<p>&#8212;&#8212;&#8212;&#8212;&#8212;&#8212;&#8212;&#8212;&#8212;&#8212;&#8212;&#8212;&#8212;&#8212;-<br \/>\nW: \u201eOr\u0119dzie Mi\u0142osierdzia\u201d, 34 (2000), s. 6-7.<\/p>\n<p><a href=\"https:\/\/www.faustyna.pl\/zmbm\/swieta-siostra-faustyna\/\">\u015awi\u0119ta Siostra Faustyna\/Kanonizacja<\/a><\/p>\n","protected":false},"excerpt":{"rendered":"<p>Ron, kto\u015b si\u0119 wstawi\u0142 za tob\u0105 \u015awiadectwo ks. Ronalda Pytla 16 listopada 1999 roku lekarze zaproszeni przez Kongregacj\u0119 ds. \u015awi\u0119tych przeg\u0142osowali, \u017ce natychmiastowe uzdrowienie mojej bardzo uszkodzonej lewej komory serca nie jest medycznie wyt\u0142umaczalne. 9 grudnia watyka\u0144ska komisja teolog\u00f3w potwierdzi\u0142a, \u017ce jest to cud przypisywany wstawiennictwu b\u0142. Siostry Faustyny Kowalskiej. Potem odby\u0142a si\u0119 komisja kardyna\u0142\u00f3w, [&hellip;]<\/p>\n","protected":false},"author":1,"featured_media":0,"parent":0,"menu_order":0,"comment_status":"closed","ping_status":"closed","template":"","meta":{"footnotes":""},"categories":[32],"tags":[],"class_list":["post-1192","page","type-page","status-publish","hentry","category-kanonizacja"],"_links":{"self":[{"href":"https:\/\/www.faustyna.pl\/zmbm\/wp-json\/wp\/v2\/pages\/1192","targetHints":{"allow":["GET"]}}],"collection":[{"href":"https:\/\/www.faustyna.pl\/zmbm\/wp-json\/wp\/v2\/pages"}],"about":[{"href":"https:\/\/www.faustyna.pl\/zmbm\/wp-json\/wp\/v2\/types\/page"}],"author":[{"embeddable":true,"href":"https:\/\/www.faustyna.pl\/zmbm\/wp-json\/wp\/v2\/users\/1"}],"replies":[{"embeddable":true,"href":"https:\/\/www.faustyna.pl\/zmbm\/wp-json\/wp\/v2\/comments?post=1192"}],"version-history":[{"count":7,"href":"https:\/\/www.faustyna.pl\/zmbm\/wp-json\/wp\/v2\/pages\/1192\/revisions"}],"predecessor-version":[{"id":32443,"href":"https:\/\/www.faustyna.pl\/zmbm\/wp-json\/wp\/v2\/pages\/1192\/revisions\/32443"}],"wp:attachment":[{"href":"https:\/\/www.faustyna.pl\/zmbm\/wp-json\/wp\/v2\/media?parent=1192"}],"wp:term":[{"taxonomy":"category","embeddable":true,"href":"https:\/\/www.faustyna.pl\/zmbm\/wp-json\/wp\/v2\/categories?post=1192"},{"taxonomy":"post_tag","embeddable":true,"href":"https:\/\/www.faustyna.pl\/zmbm\/wp-json\/wp\/v2\/tags?post=1192"}],"curies":[{"name":"wp","href":"https:\/\/api.w.org\/{rel}","templated":true}]}}