



{"id":1199,"date":"2014-12-17T00:56:00","date_gmt":"2014-12-17T00:56:00","guid":{"rendered":"http:\/\/www.faustyna.pl\/zmbm\/?page_id=1199"},"modified":"2026-05-08T11:17:58","modified_gmt":"2026-05-08T09:17:58","slug":"msza-o-sw-faustynie-dziewicy","status":"publish","type":"page","link":"https:\/\/www.faustyna.pl\/zmbm\/msza-o-sw-faustynie-dziewicy\/","title":{"rendered":"Msza o \u015bw. Faustynie, dziewicy"},"content":{"rendered":"<p><a href=\"https:\/\/www.faustyna.pl\/zmbm\/wp-content\/uploads\/2021\/12\/Msza-o-sw-Faustynie-dziewicy.jpg\" data-gallery><img loading=\"lazy\" decoding=\"async\" class=\"alignnone wp-image-22778 size-full\" src=\"https:\/\/www.faustyna.pl\/zmbm\/wp-content\/uploads\/2021\/12\/Msza-o-sw-Faustynie-dziewicy.jpg\" alt=\"\" width=\"1024\" height=\"602\" srcset=\"https:\/\/www.faustyna.pl\/zmbm\/wp-content\/uploads\/2021\/12\/Msza-o-sw-Faustynie-dziewicy.jpg 1024w, https:\/\/www.faustyna.pl\/zmbm\/wp-content\/uploads\/2021\/12\/Msza-o-sw-Faustynie-dziewicy-560x329.jpg 560w, https:\/\/www.faustyna.pl\/zmbm\/wp-content\/uploads\/2021\/12\/Msza-o-sw-Faustynie-dziewicy-140x82.jpg 140w\" sizes=\"auto, (max-width: 1024px) 100vw, 1024px\" \/><\/a><\/p>\n<h3 align=\"center\"><strong><span style=\"color: #800000\">MSZA \u015aWI\u0118TA<\/span><br \/>\n<\/strong><span style=\"color: #800000\">5 pa\u017adziernika<\/span><br \/>\n<span style=\"color: #800000\"> \u015aW. FAUSTYNY KOWALSKIEJ, DZIEWICY<\/span><\/h3>\n<p style=\"text-align: justify\">Teksty do Mszy \u015bwi\u0119tej o \u015bw. Faustynie Kowalskiej, dziewicy, zosta\u0142y zatwierdzone przez Kongregacj\u0119 do Spraw Kultu Bo\u017cego i Dyscypliny Sakrament\u00f3w tu\u017c przed jej beatyfikacj\u0105, czyli 1 marca 1993 roku w j\u0119zyku \u0142aci\u0144skim, w\u0142oskim i polskim (Prot. CD 2175\/92). Formularz w j\u0119zyku polskim wyda\u0142o Zgromadzenie Si\u00f3str Matki Bo\u017cej Mi\u0142osierdzia i Pallottinum w roku 2003.<\/p>\n<table style=\"margin: 0px;padding: 0px;border: 0px currentColor\" border=\"0\" width=\"100%\">\n<tbody>\n<tr>\n<td><strong><span style=\"color: #800000\">ANTYFONA NA WEJ\u015aCIE<\/span><\/strong><\/td>\n<td align=\"right\">Ps 89 (88), 2<\/td>\n<\/tr>\n<\/tbody>\n<\/table>\n<p style=\"margin-top: 0px\" align=\"justify\">Na wieki b\u0119d\u0119 s\u0142awi\u0142 mi\u0142osierdzie Pana, * Tw\u0105 wierno\u015b\u0107 b\u0119d\u0119 g\u0142osi\u0142 moimi ustami przez wszystkie pokolenia.<\/p>\n<p style=\"text-align: justify\"><span style=\"color: #800000\"><strong>KOLEKTA<\/strong><\/span><br \/>\nWszechmog\u0105cy, wieczny Bo\u017ce, Ty wybra\u0142e\u015b \u015bwi\u0119t\u0105 Faustyn\u0119 do g\u0142oszenia niezmierzonych bogactw Twojego mi\u0142osierdzia, + spraw, aby\u015bmy za jej przyk\u0142adem w pe\u0142ni zaufali Twemu mi\u0142osierdziu * i wytrwale pe\u0142nili dzie\u0142a chrze\u015bcija\u0144skiej mi\u0142o\u015bci. Przez naszego Pana Jezusa Chrystusa, Twojego Syna, + kt\u00f3ry z Tob\u0105 \u017cyje i kr\u00f3luje w jedno\u015bci Ducha \u015awi\u0119tego, * B\u00f3g, przez wszystkie wieki wiek\u00f3w.<\/p>\n<table style=\"margin: 0px;padding: 0px;border: 0px currentColor\" border=\"0\" width=\"100%\">\n<tbody>\n<tr>\n<td><span style=\"color: #800000\"><strong>PIERWSZE CZYTANIE<\/strong><\/span><\/td>\n<td align=\"right\">Oz 2,16b. 17. 21-22<\/td>\n<\/tr>\n<\/tbody>\n<\/table>\n<p style=\"margin-top: 0px\" align=\"justify\">(<i style=\"font-weight: normal\">Po\u015blubienie przez mi\u0142osierdzie i wierno\u015b\u0107<\/i>)<\/p>\n<p>Czytanie z Ksi\u0119gi Proroka Ozeasza.<\/p>\n<p style=\"text-align: justify\">To m\u00f3wi Pan: \u201eChc\u0119 przyn\u0119ci\u0107 niewiern\u0105 oblubienic\u0119, na pustyni\u0119 j\u0105 wyprowadzi\u0107 i m\u00f3wi\u0107 do jej serca. I b\u0119dzie Mi tam uleg\u0142a jak za dni swej m\u0142odo\u015bci, gdy wychodzi\u0142a z egipskiego kraju. Oddam jej znowu winnice, dolin\u0119 Akor uczyni\u0119 bram\u0105 nadziei.<\/p>\n<p style=\"text-align: justify\">I\u00a0 po\u015blubi\u0119\u00a0 ci\u0119 sobie\u00a0 [znowu]\u00a0 na wieki, po\u015blubi\u0119 przez\u00a0 sprawiedliwo\u015b\u0107 i prawo, przez mi\u0142o\u015b\u0107 i mi\u0142osierdzie. Po\u015blubi\u0119 ci\u0119 sobie przez wierno\u015b\u0107, a poznasz Pana\u201d.<\/p>\n<p>Oto S\u0142owo Bo\u017ce.<\/p>\n<p><i style=\"font-weight: normal\">albo<\/i>:<\/p>\n<table style=\"margin: 0px;padding: 0px;border: 0px currentColor\" border=\"0\" width=\"100%\">\n<tbody>\n<tr>\n<td><strong><span style=\"color: #800000\">PIERWSZE CZYTANIE<\/span><\/strong><\/td>\n<td align=\"right\">Oz 11, 1. 3-4. 8c-9<\/td>\n<\/tr>\n<\/tbody>\n<\/table>\n<p style=\"margin-top: 0px\" align=\"justify\">(<i style=\"font-weight: normal\">Mi\u0142osierdzie Bo\u017ce wobec ludzi<\/i>)<\/p>\n<p>Czytanie z Ksi\u0119gi Proroka Ozeasza.<\/p>\n<p style=\"text-align: justify\">To\u00a0m\u00f3wi\u00a0Pan: \u201eMi\u0142owa\u0142em Izraela, gdy jeszcze\u00a0by\u0142 dzieckiem, i\u00a0syna swego wezwa\u0142em z Egiptu. Ja uczy\u0142em chodzi\u0107 Efraima, na swe ramiona ich bra\u0142em; oni za\u015b nie rozumieli, \u017ce troszczy\u0142em si\u0119 o nich. Poci\u0105gn\u0105\u0142em ich ludzkimi wi\u0119zami, a by\u0142y to wi\u0119zy mi\u0142o\u015bci.<\/p>\n<p>By\u0142em dla nich jak\u00a0 ten, co podnosi\u00a0 do swego policzka niemowl\u0119, schyli\u0142em si\u0119 ku niemu i nakarmi\u0142em go.<\/p>\n<p style=\"text-align: justify\">Moje serce si\u0119 wzdryga i rozpalaj\u0105 si\u0119 moje wn\u0119trzno\u015bci. Nie chc\u0119, aby wybuchn\u0105\u0142 p\u0142omie\u0144 mego gniewu, i Efraima ju\u017c wi\u0119cej nie zniszcz\u0119, albowiem Bogiem jestem, nie cz\u0142owiekiem; po\u015brodku ciebie jestem Ja, \u015awi\u0119ty, i nie przychodz\u0119, \u017ceby zatraca\u0107\u201d.<\/p>\n<p>Oto S\u0142owo Bo\u017ce.<\/p>\n<table style=\"margin: 0px;padding: 0px;border: 0px currentColor\" border=\"0\" width=\"100%\">\n<tbody>\n<tr>\n<td><span style=\"color: #800000\"><strong>PSALM RESPONSORYJNY<\/strong><\/span><\/td>\n<td align=\"right\">Ps 103 (102), 1-2. 3-4. 8-9. 11-12 (R.: por. 8a)<\/td>\n<\/tr>\n<\/tbody>\n<\/table>\n<table style=\"margin: 20px 0pt 0pt;padding: 0px;border: 0px currentColor\" border=\"0\">\n<tbody>\n<tr>\n<td valign=\"top\">Refren:<\/td>\n<td>Pan jest \u0142askawy, pe\u0142en mi\u0142osierdzia.B\u0142ogos\u0142aw, duszo moja Pana,<br \/>\ni wszystko, co jest we mnie, \u015bwi\u0119te imi\u0119 Jego.<br \/>\nB\u0142ogos\u0142aw, duszo moja, Pana,<br \/>\ni nie zapominaj o wszystkich Jego dobrodziejstwach.<\/td>\n<\/tr>\n<tr>\n<td valign=\"top\">Refren:<\/td>\n<td>Pan jest \u0142askawy, pe\u0142en mi\u0142osierdzia.On odpuszcza wszystkie twoje winy<br \/>\ni leczy wszystkie choroby,<br \/>\nOn twoje \u017cycie ratuje od zguby,<br \/>\nobdarza ci\u0119 \u0142ask\u0105 i zmi\u0142owaniem.<\/td>\n<\/tr>\n<tr>\n<td valign=\"top\">Refren:<\/td>\n<td>Pan jest \u0142askawy, pe\u0142en mi\u0142osierdzia.Mi\u0142osierny jest Pan i \u0142askawy,<br \/>\nnieskory do gniewu i bardzo cierpliwy.<br \/>\nNie zapami\u0119tuje si\u0119 w sporze,<br \/>\nnie p\u0142onie gniewem na wieki.<\/td>\n<\/tr>\n<tr>\n<td valign=\"top\">Refren:<\/td>\n<td>Pan jest \u0142askawy, pe\u0142en mi\u0142osierdzia.Bo jak wysoko niebo wznosi si\u0119 nad ziemi\u0105,<br \/>\ntak wielka jest \u0142aska Pana dla Jego czcicieli.<br \/>\nJak odleg\u0142y jest wsch\u00f3d od zachodu,<br \/>\ntak daleko odsun\u0105\u0142 nasze winy.<\/td>\n<\/tr>\n<tr>\n<td valign=\"top\">Refren:<\/td>\n<td>Pan jest \u0142askawy, pe\u0142en mi\u0142osierdzia.<\/td>\n<\/tr>\n<\/tbody>\n<\/table>\n<table style=\"margin: 10px 0pt 0pt;padding: 0px;border: 0px currentColor\" border=\"0\" width=\"100%\">\n<tbody>\n<tr>\n<td><span style=\"color: #800000\"><strong>DRUGIE CZYTANIE<\/strong><\/span><\/td>\n<td align=\"right\">Ef 3, 8-12, 14-19<\/td>\n<\/tr>\n<\/tbody>\n<\/table>\n<p style=\"margin-top: 0px\" align=\"justify\">(<i style=\"font-weight: normal\">Niesko\u0144czone wymiary mi\u0142osiernej mi\u0142o\u015bci Chrystusa<\/i>)<\/p>\n<p>Czytanie z Listu \u015awi\u0119tego Paw\u0142a Aposto\u0142a do Efezjan.<\/p>\n<p style=\"text-align: justify\">Bracia, mnie zgo\u0142a najmniejszemu ze wszystkich \u015bwi\u0119tych,\u00a0 zosta\u0142a dana ta \u0142aska: g\u0142osi\u0107 poganom jako Dobr\u0105 Nowin\u0119 niezg\u0142\u0119bione bogactwo Chrystusa i wydoby\u0107 na \u015bwiat\u0142o, czym jest wykonanie tajemniczego planu, ukrytego przed wiekami w Bogu, Stw\u00f3rcy wszechrzeczy. Przez to teraz wieloraka w przejawach m\u0105dro\u015b\u0107 Boga poprzez Ko\u015bci\u00f3\u0142 stanie si\u0119 jawna Zwierzchno\u015bciom i W\u0142adzom na wy\u017cynach niebieskich, zgodnie z planem wiek\u00f3w, jaki powzi\u0105\u0142 B\u00f3g w Chrystusie Jezusie, Panu naszym. W Nim mamy \u015bmia\u0142y przyst\u0119p do Ojca z ufno\u015bci\u0105 dzi\u0119ki wierze w Niego.<\/p>\n<p style=\"text-align: justify\">Dlatego\u00a0zginam\u00a0kolana\u00a0moje\u00a0przed\u00a0Ojcem,\u00a0od kt\u00f3rego bierze nazw\u0119 wszelki r\u00f3d na niebie i na\u00a0 ziemi,\u00a0aby wed\u0142ug\u00a0 bogactwa\u00a0swej chwa\u0142y sprawi\u0142 w was przez Ducha swego wzmocnienie si\u0142y wewn\u0119trznego cz\u0142owieka. Niech Chrystus zamieszka przez wiar\u0119 w waszych sercach; aby\u015bcie w mi\u0142o\u015bci wkorzenieni i ugruntowani, wraz ze wszystkimi \u015bwi\u0119tymi zdo\u0142ali ogarn\u0105\u0107 duchem, czym jest Szeroko\u015b\u0107, D\u0142ugo\u015b\u0107, Wysoko\u015b\u0107 i G\u0142\u0119boko\u015b\u0107, i pozna\u0107 mi\u0142o\u015b\u0107 Chrystusa, przewy\u017cszaj\u0105c\u0105 wszelk\u0105 wiedz\u0119, aby\u015bcie nape\u0142nieni zostali ca\u0142\u0105 Pe\u0142ni\u0105 Bo\u017c\u0105.<\/p>\n<p>Oto S\u0142owo Bo\u017ce.<\/p>\n<p><i style=\"font-weight: normal\">albo<\/i>:<\/p>\n<table style=\"margin: 10px 0pt 0pt;padding: 0px;border: 0px currentColor\" border=\"0\" width=\"100%\">\n<tbody>\n<tr>\n<td><span style=\"color: #800000\"><strong>DRUGIE CZYTANIE<\/strong><\/span><\/td>\n<td align=\"right\">2 Kor 5, 14-21<\/td>\n<\/tr>\n<\/tbody>\n<\/table>\n<p style=\"margin-top: 0px\" align=\"justify\">(<i style=\"font-weight: normal\">Pojednanie z Bogiem w Chrystusie<\/i>)<\/p>\n<p>Czytanie z drugiego Listu \u015awi\u0119tego Paw\u0142a Aposto\u0142a do Koryntian.<\/p>\n<p style=\"text-align: justify\">Bracia, mi\u0142o\u015b\u0107 Chrystusa przynagla\u00a0 nas, pomnych na to,\u00a0 \u017ce skoro\u00a0Jeden umar\u0142 za wszystkich, to wszyscy pomarli. A w\u0142a\u015bnie za wszystkich umar\u0142 Chrystus po to, aby ci, co \u017cyj\u0105, ju\u017c nie \u017cyli dla siebie, lecz dla Tego, kt\u00f3ry za nich umar\u0142 i zmartwychwsta\u0142.<\/p>\n<p style=\"text-align: justify\">Tak i wi\u0119c i my odt\u0105d ju\u017c nikogo nie znamy wed\u0142ug cia\u0142a; a je\u015bli nawet wed\u0142ug cia\u0142a poznali\u015bmy Chrystusa, to ju\u017c wi\u0119cej nie znamy Go w ten spos\u00f3b. Je\u017celi wi\u0119c kto\u015b pozostaje w Chrystusie, jest nowym stworzeniem. To, co dawne, min\u0119\u0142o, a oto wszystko sta\u0142o si\u0119 nowe.<\/p>\n<p style=\"text-align: justify\">Wszystko\u00a0 za\u015b to pochodzi\u00a0 od Boga,\u00a0kt\u00f3ry\u00a0pojedna\u0142 nas z sob\u0105 przez Chrystusa i zleci\u0142 nam pos\u0142ug\u0119 jednania. Albowiem w Chrystusie B\u00f3g jedna\u0142 ze sob\u0105 \u015bwiat, nie poczytuj\u0105c ludziom ich grzech\u00f3w, nam za\u015b przekazuj\u0105c s\u0142owo jednania. Tak wi\u0119c w imieniu Chrystusa spe\u0142niamy pos\u0142annictwo jakby Boga samego, kt\u00f3ry przez nas udziela napomnie\u0144.<\/p>\n<p style=\"text-align: justify\">W imi\u0119\u00a0 Chrystusa\u00a0 prosimy:\u00a0 pojednajcie si\u0119 z\u00a0 Bogiem. On\u00a0 to\u00a0 dla nas grzechem uczyni\u0142 Tego, kt\u00f3ry nie zna\u0142 grzechu, aby\u015bmy si\u0119 stali w Nim sprawiedliwo\u015bci\u0105 Bo\u017c\u0105.<\/p>\n<p>Oto S\u0142owo Bo\u017ce.<\/p>\n<table style=\"margin: 0pt;padding: 0px;border: 0px currentColor\" border=\"0\" width=\"100%\">\n<tbody>\n<tr>\n<td><span style=\"color: #800000\"><strong>\u015aPIEW PRZED EWANGELI\u0104<\/strong><\/span><\/td>\n<td align=\"right\">1 J 4, 10b<\/td>\n<\/tr>\n<\/tbody>\n<\/table>\n<p style=\"margin-top: 0px\" align=\"justify\"><i style=\"font-weight: normal\">Aklamacja<\/i>: Alleluja, alleluja, alleluja.<\/p>\n<p>B\u00f3g pierwszy nas umi\u0142owa\u0142 i pos\u0142a\u0142 swojego Syna<br \/>\njako ofiar\u0119 przeb\u0142agaln\u0105 za nasze grzechy.<\/p>\n<p><i style=\"font-weight: normal\">Aklamacja<\/i>: Alleluja, alleluja, alleluja.<\/p>\n<table style=\"margin: 0pt;padding: 0px;border: 0px currentColor\" border=\"0\" width=\"100%\">\n<tbody>\n<tr>\n<td><span style=\"color: #800000\"><strong>EWANGELIA<\/strong><\/span><\/td>\n<td align=\"right\">J 19, 31-37<\/td>\n<\/tr>\n<\/tbody>\n<\/table>\n<p style=\"margin-top: 0px\" align=\"justify\">(<i style=\"font-weight: normal\">Odczytanie przebicia boku Chrystusa jako znaku mi\u0142osierdzia Bo\u017cego<\/i>)<\/p>\n<p>+ S\u0142owa Ewangelii wed\u0142ug \u015awi\u0119tego Jana.<\/p>\n<p style=\"text-align: justify\">Poniewa\u017c by\u0142 to dzie\u0144 Przygotowania, aby zatem cia\u0142a\u00a0 nie pozostawa\u0142y na krzy\u017cu w szabat, \u00f3w bowiem dzie\u0144 szabatu by\u0142 wielkim \u015bwi\u0119tem, \u017bydzi prosili Pi\u0142ata, aby ukrzy\u017cowanym po\u0142amano golenie i usuni\u0119to ich cia\u0142a.<\/p>\n<p style=\"text-align: justify\">Przyszli wi\u0119c\u00a0 \u017co\u0142nierze i po\u0142amali\u00a0 golenie tak pierwszemu, jak i drugiemu, kt\u00f3rzy z Nim byli ukrzy\u017cowani. Lecz gdy podeszli do Jezusa i zobaczyli, \u017ce ju\u017c umar\u0142, nie \u0142amali Mu goleni, tylko jeden z \u017co\u0142nierzy w\u0142\u00f3czni\u0105 przebi\u0142 Mu bok i natychmiast wyp\u0142yn\u0119\u0142a krew i woda.<\/p>\n<p style=\"text-align: justify\">Za\u015bwiadczy\u0142 to ten, kt\u00f3ry widzia\u0142, a \u015bwiadectwo jego jest prawdziwe. On wie, \u017ce m\u00f3wi prawd\u0119, aby\u015bcie i wy wierzyli. Sta\u0142o si\u0119 to bowiem, aby si\u0119 wype\u0142ni\u0142o Pismo: \u201eKo\u015bci Jego nie b\u0119d\u0105 \u0142amane\u201d. I znowu na innym miejscu m\u00f3wi Pismo: \u201eB\u0119d\u0105 patrze\u0107 na Tego, kt\u00f3rego przebodli\u201d.<\/p>\n<p>Oto S\u0142owo Pa\u0144skie.<\/p>\n<p><i style=\"font-weight: normal\">albo<\/i>:<\/p>\n<table style=\"margin: 0pt;padding: 0px;border: 0px currentColor\" border=\"0\" width=\"100%\">\n<tbody>\n<tr>\n<td><span style=\"color: #800000\"><strong>\u015aPIEW PRZED EWANGELI\u0104<\/strong><\/span><\/td>\n<td align=\"right\">Mt 11, 29<\/td>\n<\/tr>\n<\/tbody>\n<\/table>\n<p style=\"margin-top: 0px\" align=\"justify\"><i style=\"font-weight: normal\">Aklamacja<\/i>: Alleluja, alleluja, alleluja.<\/p>\n<p>We\u017acie moje jarzmo na siebie, i uczcie si\u0119 ode mnie;<br \/>\nbo jestem cichy i pokornego serca<\/p>\n<p><i style=\"font-weight: normal\">Aklamacja<\/i>: Alleluja, alleluja, alleluja.<\/p>\n<table style=\"margin: 0pt;padding: 0px;border: 0px currentColor\" border=\"0\" width=\"100%\">\n<tbody>\n<tr>\n<td><span style=\"color: #800000\"><strong>EWANGELIA<\/strong><\/span><\/td>\n<td align=\"right\">Mt 11, 25-30<\/td>\n<\/tr>\n<\/tbody>\n<\/table>\n<p style=\"margin-top: 0px\" align=\"justify\">(<i style=\"font-weight: normal\">Objawienia si\u0119 Chrystusa ludziom \u0142agodnym i pokornym<\/i>)<\/p>\n<p>+ S\u0142owa Ewangelii wed\u0142ug \u015awi\u0119tego Mateusza.<\/p>\n<p style=\"text-align: justify\">W owym czasie Jezus\u00a0 przem\u00f3wi\u0142\u00a0tymi s\u0142owami: \u201eWys\u0142awiam Ci\u0119,\u00a0Ojcze, Panie nieba i ziemi, \u017ce zakry\u0142e\u015b te rzeczy przed m\u0105drymi i roztropnymi, a objawi\u0142e\u015b je prostaczkom. Tak, Ojcze, gdy\u017c takie by\u0142o Twoje upodobanie. Wszystko przekaza\u0142 mi Ojciec m\u00f3j. Nikt te\u017c nie zna Syna, tylko Ojciec, ani Ojca nikt nie zna, tylko Syn, i ten komu Syn zechce objawi\u0107.<\/p>\n<p style=\"text-align: justify\">Przyjd\u017acie\u00a0 do\u00a0 mnie\u00a0 wszyscy,\u00a0 kt\u00f3rzy\u00a0 utrudzeni i obci\u0105\u017ceni\u00a0 jeste\u015bcie, a ja was pokrzepi\u0119. We\u017amijcie moje jarzmo na siebie i uczcie si\u0119 ode mnie, bo jestem \u0142agodny i pokorny sercem, a znajdziecie ukojenie dla dusz waszych. Albowiem jarzmo moje jest s\u0142odkie, a moje brzemi\u0119 lekkie\u201d.<\/p>\n<p>Oto S\u0142owo Pa\u0144skie.<\/p>\n<p style=\"text-align: justify;margin-top: 0px\" align=\"justify\"><strong><span style=\"color: #800000\">MODLITWA NAD DARAMI<\/span><\/strong><br \/>\nBo\u017ce, nasz Ojcze, przyjmij dary, kt\u00f3re z rado\u015bci\u0105 sk\u0142adamy, + i spraw, aby\u015bmy\u00a0wraz\u00a0 z Chrystusem stali si\u0119 ofiar\u0105 przeb\u0142agaln\u0105 * za grzechy nasze i ca\u0142ego \u015bwiata. Przez Chrystusa, Pana naszego.<\/p>\n<table style=\"margin: 0pt;padding: 0px;border: 0px currentColor\" border=\"0\" width=\"100%\">\n<tbody>\n<tr>\n<td><span style=\"color: #800000\"><strong>ANTYFONA NA KOMUNI\u0118<\/strong><\/span><\/td>\n<td align=\"right\">Ps 118 (117), 1<\/td>\n<\/tr>\n<\/tbody>\n<\/table>\n<p style=\"margin-top: 0px\" align=\"justify\">Wys\u0142awiajcie Pana, bo jest dobry, * bo Jego mi\u0142osierdzie trwa na wieki.<\/p>\n<p style=\"text-align: justify;margin-top: 0px\" align=\"justify\"><span style=\"color: #800000\"><strong>MODLITWA PO KOMUNII<\/strong><\/span><br \/>\nBo\u017ce, bogaty w mi\u0142osierdzie, niech Naj\u015bwi\u0119tszy Sakrament odnowi nasze dusze i cia\u0142a, + aby\u015bmy za przyk\u0142adem \u015bwi\u0119tej Faustyny,* nie\u015bli ca\u0142emu \u015bwiatu nadziej\u0119 Twojego mi\u0142osierdzia. Przez Chrystusa, Pana naszego.<\/p>\n<p align=\"justify\"><a href=\"https:\/\/www.faustyna.pl\/zmbm\/swieta-siostra-faustyna\/\">\u015awi\u0119ta Siostra Faustyna\/Liturgia i modlitwy<\/a><\/p>\n","protected":false},"excerpt":{"rendered":"<p>MSZA \u015aWI\u0118TA 5 pa\u017adziernika \u015aW. FAUSTYNY KOWALSKIEJ, DZIEWICY Teksty do Mszy \u015bwi\u0119tej o \u015bw. Faustynie Kowalskiej, dziewicy, zosta\u0142y zatwierdzone przez Kongregacj\u0119 do Spraw Kultu Bo\u017cego i Dyscypliny Sakrament\u00f3w tu\u017c przed jej beatyfikacj\u0105, czyli 1 marca 1993 roku w j\u0119zyku \u0142aci\u0144skim, w\u0142oskim i polskim (Prot. CD 2175\/92). Formularz w j\u0119zyku polskim wyda\u0142o Zgromadzenie Si\u00f3str Matki Bo\u017cej [&hellip;]<\/p>\n","protected":false},"author":1,"featured_media":0,"parent":0,"menu_order":0,"comment_status":"closed","ping_status":"closed","template":"","meta":{"footnotes":""},"categories":[33],"tags":[],"class_list":["post-1199","page","type-page","status-publish","hentry","category-liturgia-i-modlitwy-swieta-siostra-faustyna"],"_links":{"self":[{"href":"https:\/\/www.faustyna.pl\/zmbm\/wp-json\/wp\/v2\/pages\/1199","targetHints":{"allow":["GET"]}}],"collection":[{"href":"https:\/\/www.faustyna.pl\/zmbm\/wp-json\/wp\/v2\/pages"}],"about":[{"href":"https:\/\/www.faustyna.pl\/zmbm\/wp-json\/wp\/v2\/types\/page"}],"author":[{"embeddable":true,"href":"https:\/\/www.faustyna.pl\/zmbm\/wp-json\/wp\/v2\/users\/1"}],"replies":[{"embeddable":true,"href":"https:\/\/www.faustyna.pl\/zmbm\/wp-json\/wp\/v2\/comments?post=1199"}],"version-history":[{"count":19,"href":"https:\/\/www.faustyna.pl\/zmbm\/wp-json\/wp\/v2\/pages\/1199\/revisions"}],"predecessor-version":[{"id":32446,"href":"https:\/\/www.faustyna.pl\/zmbm\/wp-json\/wp\/v2\/pages\/1199\/revisions\/32446"}],"wp:attachment":[{"href":"https:\/\/www.faustyna.pl\/zmbm\/wp-json\/wp\/v2\/media?parent=1199"}],"wp:term":[{"taxonomy":"category","embeddable":true,"href":"https:\/\/www.faustyna.pl\/zmbm\/wp-json\/wp\/v2\/categories?post=1199"},{"taxonomy":"post_tag","embeddable":true,"href":"https:\/\/www.faustyna.pl\/zmbm\/wp-json\/wp\/v2\/tags?post=1199"}],"curies":[{"name":"wp","href":"https:\/\/api.w.org\/{rel}","templated":true}]}}