



{"id":1205,"date":"2014-12-17T00:57:12","date_gmt":"2014-12-17T00:57:12","guid":{"rendered":"http:\/\/www.faustyna.pl\/zmbm\/?page_id=1205"},"modified":"2023-03-08T14:46:57","modified_gmt":"2023-03-08T13:46:57","slug":"inni","status":"publish","type":"page","link":"https:\/\/www.faustyna.pl\/zmbm\/inni\/","title":{"rendered":"Inni"},"content":{"rendered":"<p align=\"justify\"><a href=\"https:\/\/www.faustyna.pl\/zmbm\/wp-content\/uploads\/2014\/12\/Siostra-Faustyna-.jpg\" data-gallery><img loading=\"lazy\" decoding=\"async\" class=\"size-medium wp-image-10633 alignnone\" src=\"https:\/\/www.faustyna.pl\/zmbm\/wp-content\/uploads\/2014\/12\/Siostra-Faustyna--560x333.jpg\" alt=\"\" width=\"560\" height=\"333\" srcset=\"https:\/\/www.faustyna.pl\/zmbm\/wp-content\/uploads\/2014\/12\/Siostra-Faustyna--560x333.jpg 560w, https:\/\/www.faustyna.pl\/zmbm\/wp-content\/uploads\/2014\/12\/Siostra-Faustyna--140x83.jpg 140w, https:\/\/www.faustyna.pl\/zmbm\/wp-content\/uploads\/2014\/12\/Siostra-Faustyna-.jpg 1024w\" sizes=\"auto, (max-width: 560px) 100vw, 560px\" \/><\/a><\/p>\n<p align=\"justify\">W przededniu najci\u0119\u017cej pr\u00f3by, jak\u0105 Pan B\u00f3g postanowi\u0142 zes\u0142a\u0107 na nasz nar\u00f3d, odk\u0105d niemal dziesi\u0119\u0107 wiek\u00f3w temu wezwa\u0142 nas na sw\u0105 s\u0142u\u017cb\u0119, podoba\u0142o si\u0119 Mu da\u0107 nam szczeg\u00f3lny dow\u00f3d swego mi\u0142osierdzia w postaci wezwania, aby\u015bmy z wci\u0105\u017c wzrastaj\u0105c\u0105 ufno\u015bci\u0105 si\u0119 do Niego zwracali. U\u017cy\u0142 On do tego skromnej dzieweczki polskiej Heleny Kowalskiej \u2013 w zakonie s. Marii Faustyny ze Zgromadzenia Si\u00f3str Matki Bo\u017cej Mi\u0142osierdzia \u2013 kt\u00f3ra sp\u0119dziwszy zaledwie 33 lata na tej ziemi przesz\u0142a do lepszego \u017cycia w dniu 5 pa\u017adziernika 1938 roku, pozostawiaj\u0105c po sobie wspomnienie jednej z tych dusz uprzywilejowanych przez Boga szczeg\u00f3lnymi \u0142askami. My\u015bl\u0105 przewodni\u0105 wszystkich komunikacji wewn\u0119trznych, jakich doznawa\u0142a od Chrystusa Pana, by\u0142a tajemnica mi\u0142osierdzia Bo\u017cego i obowi\u0105zek z naszej strony, aby Mu ca\u0142\u0105 pe\u0142ni\u0105 nadziei na nie odpowiedzie\u0107. Pi\u0119kny obraz Pana Jezusa wychodz\u0105cego niejako naprzeciw nas i otwieraj\u0105cego przed nami sw\u0105 pier\u015b, z kt\u00f3rej wytryskuj\u0105 promienie Jego \u0142ask, ma nam uzmys\u0142owi\u0107 tajemnic\u0119 mi\u0142osierdzia Bo\u017cego, kt\u00f3rej Jezus jest wiecznym i nieustaj\u0105cym uosobieniem, a r\u00f3\u017cne modlitwy i wezwania, u\u0142o\u017cone z Bo\u017cego natchnienia przez s. M. Faustyn\u0119, maj\u0105 pobudza\u0107 dusze do tej ufno\u015bci bez granic, kt\u00f3rej szerzeniu w\u015br\u00f3d nas \u015bwi\u0105tobliwa zakonnica po\u015bwi\u0119ci\u0142a swe \u017cycie.<\/p>\n<p style=\"text-align: justify\">Dzie\u0142o, do kt\u00f3rego\u00a0 B\u00f3g j\u0105 powo\u0142a\u0142,\u00a0 ciche i ukryte za jej \u017cycia, zaczyna si\u0119 coraz bardziej rozrasta\u0107 i porusza\u0107 dusze, krzepi\u0105c je w chwilach najci\u0119\u017cszych do\u015bwiadcze\u0144 Bo\u017cych, kt\u00f3rych nikomu nie brak w ostatnich latach. I nic w tym dziwnego, nie znajdujemy w nim bowiem nic, co by nie wytryska\u0142o z najczystszych \u017ar\u00f3de\u0142 Objawienia chrze\u015bcija\u0144skiego, co by nie odpowiada\u0142o najprawowierniejszym tradycjom wiary i moralno\u015bci chrze\u015bcija\u0144skiej. Mo\u017cemy przeto wezwania Siostry Faustyny przyj\u0105\u0107 do naszych dusz i da\u0107 im pe\u0142ny odd\u017awi\u0119k, bo wszystko w nich brzmi czyst\u0105 nut\u0105 nauki ewangelicznej.<\/p>\n<p align=\"right\">o. Jacek Woroniecki OP, \u201eTajemnica mi\u0142osierdzia Bo\u017cego\u201d, Krak\u00f3w 1943<\/p>\n<p align=\"center\">* * *<\/p>\n<p align=\"justify\">S\u0105dz\u0119, \u017ce mi\u0119dzy tym grobem (S\u0142ugi Bo\u017cej Siostry Faustyny w \u0141agiewnikach), a Rzymem jest jaki\u015b przedziwny pomost, jest jaka\u015b przedziwna wi\u0119\u017a. Czy mi wolno powiedzie\u0107? Us\u0142yszeli\u015bmy s\u0142owa Ojca \u015awi\u0119tego, kt\u00f3re zaskoczy\u0142y: \u201eOd pierwszej chwili, gdy zosta\u0142em wybrany papie\u017cem, wiedzia\u0142em, \u017ce musz\u0119 napisa\u0107 encyklik\u0119 o mi\u0142osierdziu Bo\u017cym. Pierwsza \u201eRedemptor hominis\u201d \u2013 \u201eOdkupiciel \u015bwiata\u201d, by\u0142a jakby wst\u0119pem, jakby przej\u015bciem\u201d. Czy nie ma pomostu? Czy nie ma wi\u0119zi mi\u0119dzy tym Biskupem Krakowa, a dzi\u015b Biskupem Rzymu, wikariuszem Jezusa Chrystusa, a t\u0105 pokorn\u0105 Zakonnic\u0105, jej \u017cyciem, jej \u015bwi\u0119to\u015bci\u0105 i tym wszystkim, co jej Jezus Mi\u0142osierny objawi\u0142?<\/p>\n<p align=\"right\">bp Kazimierz Majda\u0144ski<br \/>\nKrak\u00f3w-\u0141agiewniki, 5 pa\u017adziernika 1985<\/p>\n<p align=\"center\">* * *<\/p>\n<p align=\"justify\">Fenomen Siostry\u00a0 Faustyny stawia\u00a0 j\u0105 w szeregu\u00a0 \u015bwi\u0119tych o znaczeniu uniwersalnym. Nie nale\u017cy si\u0119 dziwi\u0107, \u017ce w\u0142a\u015bnie Siostra Faustyna zyskuje sobie ogromn\u0105 popularno\u015b\u0107 w krajach poza Polsk\u0105 (\u2026). Or\u0119dzie Mi\u0142osierdzia, jakie idzie przez \u015bwiat od Siostry Faustyny, wydaje si\u0119 by\u0107 najg\u0142\u0119bszym zapotrzebowaniem naszych czas\u00f3w.<\/p>\n<p align=\"right\">prymas Polski, kard. J\u00f3zef Glemp, Warszawa 1993<\/p>\n<p align=\"center\">* * *<\/p>\n<p align=\"justify\"><b> \u015awi\u0119ta Faustyna odkrywa\u0142a pe\u0142ni\u0119 mi\u0142osierdzia Bo\u017cego<\/b><\/p>\n<p style=\"text-align: justify\">Wielkie\u00a0 inicjatywy\u00a0 mi\u0142osierdzia i powsta\u0142e st\u0105d dzie\u0142a charytatywne nie wyczerpa\u0142y wszystkich tre\u015bci, jakie objawia B\u00f3g bogaty w mi\u0142osierdzie. O ile praca charytatywna odnosi si\u0119 zasadniczo do pomocy w s\u0142abo\u015bciach cielesnych, o tyle mi\u0142osierdzie odkrywane przez \u015bw. Faustyn\u0119 odnosi si\u0119 przede wszystkim do cierpie\u0144 i choroby duszy. \u015aw. Faustyna ostrzega dusze dotkni\u0119te parali\u017cem, zaspane, okaleczone, b\u0119d\u0105ce w agonii, nape\u0142niane rozpacz\u0105 albo staczaj\u0105ce si\u0119 na pot\u0119pienie, dlatego \u017ce nie zazna\u0142y ciep\u0142a Serca Bo\u017cego. Dusze potrzebuj\u0105 wsparcia innych, aby dosz\u0142y do zaufania Chrystusowi i mog\u0142y szczerze powiedzie\u0107 \u201eJezu, ufam Tobie\u201d. Mi\u0142osierdzie praktykowane przez ludzi ma zach\u0119ci\u0107 dusze zagro\u017cone do ca\u0142kowitego zaufania Chrystusowi. Ujawnienie tej prawdy Siostra Faustyna okupi\u0142a wielkim cierpieniem. Cierpienia przychodzi\u0142y od najbli\u017cszych. Dzi\u015b nie dziwimy si\u0119 temu, owszem, uznajemy, \u017ce te cierpienia, jak przy rodzeniu nowego bytu, by\u0142y potrzebne, by narodzi\u0142o si\u0119 lekarstwo na chorob\u0119 wsp\u00f3\u0142czesn\u0105, kt\u00f3r\u0105 dotkni\u0119ci s\u0105 ludzie po prze\u017cyciach jednej i drugiej wojny \u015bwiatowej, po szata\u0144skich przejawach nienawi\u015bci ukazanej na przyk\u0142adzie oboz\u00f3w zag\u0142ady i\u00a0 innej pogardy dla\u00a0 cz\u0142owieka.\u00a0 Siostra\u00a0 Faustyna\u00a0 cierpia\u0142a z tego powodu, \u017ce z nakazem Chrystusa nie mog\u0142a si\u0119 przebi\u0107 do \u015bwiata najbli\u017cszego, do wsp\u00f3\u0142si\u00f3str i do hierarchii. Cierpienie pot\u0119gowa\u0142o poczucie w\u0142asnej s\u0142abo\u015bci i niezaradno\u015bci. To spowodowa\u0142o u niej okresowe ozi\u0119bienia, utrat\u0119 zapa\u0142u, narastaj\u0105ce stany zw\u0105tpienia. Poniewa\u017c B\u00f3g chcia\u0142, aby siostra Faustyna opowiedzia\u0142a \u015bwiatu o Mi\u0142osierdziu, st\u0105d te\u017c Opatrzno\u015b\u0107 Bo\u017ca znalaz\u0142a sposoby do publicznego zaprezentowania prawdy o Mi\u0142osierdziu Bo\u017cym.<\/p>\n<p align=\"right\">prymas Polski, kard. J\u00f3zef Glemp, Bia\u0142ystok , 28 wrze\u015bnia 2008<br \/>\nwyst\u0105pienie w czasie beatyfikacji Micha\u0142a Sopo\u0107ki<\/p>\n<p align=\"center\">* * *<\/p>\n<p align=\"justify\">Uczennica w szkole\u00a0mi\u0142osierdzia [Siostra Faustyna] mia\u0142a z daru Bo\u017cego duchowe si\u0142y giganta. Sta\u0142a si\u0119 wi\u0119c szerzycielk\u0105, aposto\u0142k\u0105 Mi\u0142osierdzia Bo\u017cego, a jej wy\u0142\u0105cznym sposobem bycia sta\u0142o si\u0119 \u017cycie dla bli\u017anich: \u201eImi\u0119 moje ma by\u0107 ofiara\u201d. Ten zwi\u0105zek nabo\u017ce\u0144stwa do Mi\u0142osierdzia Bo\u017cego ze stanowczym wymogiem etycznym mi\u0142o\u015bci bli\u017aniego Siostra Faustyna urzeczywistni\u0142a w swoim w\u0142asnym \u017cyciu, i to tak wymownie, \u017ce nasz zwrot ku niej, skierowuje nas i prowadzi do Jezusa Mi\u0142osiernego.<\/p>\n<p align=\"right\">kard. Franciszek Macharski, metropolita krakowski<br \/>\nNabo\u017ce\u0144stwo dzi\u0119kczynne w Bazylice \u015bw. Jana na Luteranie,<br \/>\n19 kwietnia 1993<\/p>\n<p align=\"center\">* * *<\/p>\n<p align=\"justify\">Na\u00a0 naszej\u00a0 drodze do\u00a0 Jubileuszu dwutysi\u0105clecia od czasu, gdy \u201eS\u0142owo sta\u0142o si\u0119 cia\u0142em\u201d, przychodzi ju\u017c teraz my\u015bl, czy nie trzeba co\u015b zrobi\u0107, \u017ceby by\u0142o dla nas i dla nast\u0119pnych pokole\u0144 mocnym znakiem, \u017ce\u015bmy nie przespali czasu nawiedzenia przez \u0142ask\u0119 (\u2026). Od wielu lat mam silne przekonanie, \u017ce tym znakiem powinna by\u0107 nasza odpowied\u017a na mi\u0142osierdzie Bo\u017ce! Opatrzno\u015bciowa mi\u0142o\u015b\u0107 Boga sprawi\u0142a, \u017ce w Krakowie w \u0141agiewnikach \u017cy\u0142a i 60 lat temu umar\u0142a b\u0142. Siostra Faustyna, aposto\u0142ka Bo\u017cego Mi\u0142osierdzia. Dzi\u015b wizerunek Chrystusa z napisem: \u201eJezu, ufam Tobie\u201d znany jest na ca\u0142ym \u015bwiecie \u2013 m\u00f3wi o tym nieraz Ojciec \u015awi\u0119ty. A z wszystkich kontynent\u00f3w ludzie pielgrzymuj\u0105 do \u0141agiewnik jak do najwi\u0119kszych sanktuari\u00f3w i m\u00f3wi\u0105 cz\u0119sto: tu jest stolica Mi\u0142osierdzia Bo\u017cego. A wi\u0119c, czy nie trzeba przyj\u0105\u0107 tego daru? Czy nie trzeba z naszej troski o losy czci dla Mi\u0142osierdzia Bo\u017cego i Jego sanktuarium w \u0141agiewnikach uczyni\u0107 \u015bwiadectwa wobec Boga i ludzi, \u017ce\u015bmy naprawd\u0119 \u201ewzi\u0119li do siebie\u201d Chrystusa \u2013 narodzonego i ukrzy\u017co- wanego Odkupiciela cz\u0142owieka.<\/p>\n<p align=\"right\">kard. Franciszek Macharski<br \/>\nList pasterski na Adwent 1998<\/p>\n<p align=\"center\">* * *<\/p>\n<p align=\"justify\">Pe\u0142ne przes\u0142anie\u00a0Siostry Faustyny,\u00a0 pokornej zakonnicy ze Zgromadzenia Si\u00f3str Matki Bo\u017cej Mi\u0142osierdzia, zar\u00f3wno bowiem zach\u0119ca do uwielbiania Mi\u0142osierdzia Bo\u017cego przez wzywanie z pe\u0142n\u0105 ufno\u015bci\u0105, jak i przez praktykowanie mi\u0142osierdzia wobec ludzi.<\/p>\n<p style=\"text-align: justify\">Na ca\u0142ym \u015bwiecie s\u0105 dzi\u015b znane\u00a0 sposoby wzywania mi\u0142osierdzia Bo\u017cego przedstawione przez Siostr\u0119 Faustyn\u0119. Jest to: cze\u015b\u0107 obrazu Pana Jezusa Mi\u0142osiernego, tej ikony, do kt\u00f3rej nale\u017cy modlitewne wyznanie: Jezu, ufam Tobie, \u015bwi\u0119towanie Mi\u0142osierdzia Bo\u017cego w II Niedziel\u0119 Wielkanocn\u0105, Koronka do Mi\u0142osierdzia Bo\u017cego i modlitwa w Godzinie Mi\u0142osierdzia, kt\u00f3r\u0105 jest czas konania Pana Jezusa.<\/p>\n<p style=\"text-align: justify\">Na ca\u0142ym \u015bwiecie znane\u00a0 s\u0105 tak\u017ce te dwa warunki autentycznego nabo\u017ce\u0144stwa do Mi\u0142osierdzia Bo\u017cego. S\u0105 nimi: nieustanna ufno\u015b\u0107 Mi\u0142osierdziu Bo\u017cemu i praktykowanie mi\u0142osierdzia wobec bli\u017anich czynem, s\u0142owem, modlitw\u0105. Siostra Faustyna przekazuje nam naprawd\u0119 Chrystusowe wezwanie: B\u0142ogos\u0142awieni mi\u0142osierni, albowiem oni mi\u0142osierdzia dost\u0105pi\u0105 <span style=\"font-size: 90%\">(Mt 5, 7)<\/span>.<\/p>\n<p style=\"text-align: justify\">Bo\u017ce dary \u2013 tak\u017ce dar kanonizacji\u00a0 Siostry Faustyny \u2013 maj\u0105 nas nawr\u00f3ci\u0107 na mi\u0142osierdzie. Tylko taki mo\u017ce je g\u0142osi\u0107, przekazywa\u0107, by\u0107 Jego aposto\u0142em, kto sam si\u0119 sta\u0142 mi\u0142osierny w my\u015blach, mowie, czynach, w sw0im sposobie \u017cycia. Wtedy on g\u0142osi to, czym sam \u017cyje! G\u0142osi wi\u0119c, \u017ce ufa Panu Jezusowi i \u017ce sam buduje swoje \u017cycie na praktyce mi\u0142osierdzia wobec ludzi. A dotyczy to wezwanie ka\u017cdego, bez wzgl\u0119du na to, jakie jest jego miejsce w Ko\u015bciele: katolika \u015bwieckiego, kap\u0142ana, zakonnik\u00f3w i zakonnic.<\/p>\n<p align=\"right\">kard. Franciszek Macharski<br \/>\n\u201eOr\u0119dzie Mi\u0142osierdzia\u201d 35(2000), s. 6.<\/p>\n<p align=\"center\">* * *<\/p>\n<p align=\"justify\">Kieruj\u0119\u00a0wzrok\u00a0ku\u00a0krakowskim \u0141agiewnikom.\u00a0Stamt\u0105d\u00a0 rozesz\u0142o si\u0119 na ca\u0142y \u015bwiat or\u0119dzie mi\u0142osierdzia Bo\u017cego przez pos\u0142annictwo \u015bw. Siostry Faustyny, kt\u00f3rej setn\u0105 rocznic\u0119 chrztu w\u0142a\u015bnie dzisiaj wspominamy. G\u0142oszenie tego or\u0119dzia jest wielkim przywilejem Krakowa, jego pasterza, a zarazem zadaniem, kt\u00f3re z pokor\u0105 podejmuj\u0119.<\/p>\n<p align=\"right\">abp Stanis\u0142aw Dziwisz, 27 sierpnia 2005<\/p>\n<p align=\"center\">* * *<\/p>\n<p align=\"justify\">Kluczem\u00a0do\u00a0zrozumienia osobowo\u015bci i\u00a0pos\u0142annictwa b\u0142ogos\u0142awionego Micha\u0142a Sopo\u0107ki jest fakt, \u017ce po prostu ca\u0142ym swoim \u017cyciem \u201eopiewa\u0142 mi\u0142osierdzie Pa\u0144skie\u201d. Sta\u0142 si\u0119 s\u0142ug\u0105 tego mi\u0142osierdzia. Dokona\u0142o si\u0119 to w spos\u00f3b szczeg\u00f3lny w chwili, gdy w kr\u0119gu jego kap\u0142a\u0144skiej pos\u0142ugi znalaz\u0142a si\u0119 Siostra Faustyna Kowalska ze Zgromadzenia Si\u00f3str Matki Bo\u017cej Mi\u0142osierdzia. Jak si\u0119 p\u00f3\u017aniej pokaza\u0142o, by\u0142 to prze\u0142omowy moment w jego \u017cyciu. Potrzeba by\u0142o m\u0105dro\u015bci, duchowej wra\u017cliwo\u015bci i \u015bwi\u0119to\u015bci \u017cycia ksi\u0119dza Micha\u0142a, by w wizjach prostej Siostry rozpozna\u0107 Bo\u017ce przes\u0142anie skierowane do ca\u0142ego \u015bwiata.<\/p>\n<p align=\"right\">kard. Stanis\u0142aw Dziwisz, 28 wrze\u015bnia 2008<br \/>\nhomilia w czasie beatyfikacji Micha\u0142a Sopo\u0107ki<\/p>\n<p align=\"center\">* * *<\/p>\n<p align=\"justify\">\u201eNam si\u0119 wydawa\u0142o, \u017ce ca\u0142e\u00a0 chrze\u015bcija\u0144stwo mamy ju\u017c za sob\u0105, \u017ce nic nas nie zaskoczy, a tak naprawd\u0119 w \u015bwietle \u201eDzienniczka\u201d [Siostry Faustyny] trzeba nam nowych odczyta\u0144 Ewangelii, nowych bada\u0144 i przemy\u015ble\u0144, ca\u0142e rozumienie, czym jest i czym mo\u017ce by\u0107 chrze\u015bcija\u0144stwo, jest dopiero przed nami\u201d.<\/p>\n<p align=\"right\">ks. prof. J\u00f3zef Tischner<\/p>\n<p>Grzegorz Nurek, \u201eWidz\u0119 to jasno\u201d,<br \/>\nw: \u201eDziennik Polski\u201d 18-19 kwietnia 2009, s. D1, D3.<\/p>\n<p><a href=\"https:\/\/www.faustyna.pl\/zmbm\/swieta-siostra-faustyna\/\">\u015awi\u0119ta Siostra Faustyna\/O \u015bw. Siostrze Faustynie<\/a><\/p>\n","protected":false},"excerpt":{"rendered":"<p>W przededniu najci\u0119\u017cej pr\u00f3by, jak\u0105 Pan B\u00f3g postanowi\u0142 zes\u0142a\u0107 na nasz nar\u00f3d, odk\u0105d niemal dziesi\u0119\u0107 wiek\u00f3w temu wezwa\u0142 nas na sw\u0105 s\u0142u\u017cb\u0119, podoba\u0142o si\u0119 Mu da\u0107 nam szczeg\u00f3lny dow\u00f3d swego mi\u0142osierdzia w postaci wezwania, aby\u015bmy z wci\u0105\u017c wzrastaj\u0105c\u0105 ufno\u015bci\u0105 si\u0119 do Niego zwracali. U\u017cy\u0142 On do tego skromnej dzieweczki polskiej Heleny Kowalskiej \u2013 w zakonie [&hellip;]<\/p>\n","protected":false},"author":1,"featured_media":0,"parent":0,"menu_order":0,"comment_status":"closed","ping_status":"closed","template":"","meta":{"footnotes":""},"categories":[34],"tags":[],"class_list":["post-1205","page","type-page","status-publish","hentry","category-o-sw-siostrze-faustynie"],"_links":{"self":[{"href":"https:\/\/www.faustyna.pl\/zmbm\/wp-json\/wp\/v2\/pages\/1205","targetHints":{"allow":["GET"]}}],"collection":[{"href":"https:\/\/www.faustyna.pl\/zmbm\/wp-json\/wp\/v2\/pages"}],"about":[{"href":"https:\/\/www.faustyna.pl\/zmbm\/wp-json\/wp\/v2\/types\/page"}],"author":[{"embeddable":true,"href":"https:\/\/www.faustyna.pl\/zmbm\/wp-json\/wp\/v2\/users\/1"}],"replies":[{"embeddable":true,"href":"https:\/\/www.faustyna.pl\/zmbm\/wp-json\/wp\/v2\/comments?post=1205"}],"version-history":[{"count":3,"href":"https:\/\/www.faustyna.pl\/zmbm\/wp-json\/wp\/v2\/pages\/1205\/revisions"}],"predecessor-version":[{"id":25890,"href":"https:\/\/www.faustyna.pl\/zmbm\/wp-json\/wp\/v2\/pages\/1205\/revisions\/25890"}],"wp:attachment":[{"href":"https:\/\/www.faustyna.pl\/zmbm\/wp-json\/wp\/v2\/media?parent=1205"}],"wp:term":[{"taxonomy":"category","embeddable":true,"href":"https:\/\/www.faustyna.pl\/zmbm\/wp-json\/wp\/v2\/categories?post=1205"},{"taxonomy":"post_tag","embeddable":true,"href":"https:\/\/www.faustyna.pl\/zmbm\/wp-json\/wp\/v2\/tags?post=1205"}],"curies":[{"name":"wp","href":"https:\/\/api.w.org\/{rel}","templated":true}]}}