



{"id":12181,"date":"2018-02-04T23:41:03","date_gmt":"2018-02-04T22:41:03","guid":{"rendered":"https:\/\/www.faustyna.pl\/zmbm\/?page_id=12181"},"modified":"2018-02-04T23:51:21","modified_gmt":"2018-02-04T22:51:21","slug":"koronka-za-konajacych-potwierdzenie","status":"publish","type":"page","link":"https:\/\/www.faustyna.pl\/zmbm\/koronka-za-konajacych-potwierdzenie\/","title":{"rendered":"Koronka za konaj\u0105cych potwierdzenie"},"content":{"rendered":"<p><b>Jezu, ufam Tobie!<\/b><br \/>\nDzi\u0119kujemy za zg\u0142oszenie.<br \/>\nProsz\u0119 poczeka\u0107, przyjdzie odpowied\u017a e-mailem.<\/p>\n","protected":false},"excerpt":{"rendered":"<p>Jezu, ufam Tobie! Dzi\u0119kujemy za zg\u0142oszenie. Prosz\u0119 poczeka\u0107, przyjdzie odpowied\u017a e-mailem.<\/p>\n","protected":false},"author":1,"featured_media":0,"parent":0,"menu_order":0,"comment_status":"closed","ping_status":"closed","template":"page_koronka_za_konajacych_conf.php","meta":{"footnotes":""},"categories":[105],"tags":[],"class_list":["post-12181","page","type-page","status-publish","hentry","category-koronka-za-konajacych"],"_links":{"self":[{"href":"https:\/\/www.faustyna.pl\/zmbm\/wp-json\/wp\/v2\/pages\/12181","targetHints":{"allow":["GET"]}}],"collection":[{"href":"https:\/\/www.faustyna.pl\/zmbm\/wp-json\/wp\/v2\/pages"}],"about":[{"href":"https:\/\/www.faustyna.pl\/zmbm\/wp-json\/wp\/v2\/types\/page"}],"author":[{"embeddable":true,"href":"https:\/\/www.faustyna.pl\/zmbm\/wp-json\/wp\/v2\/users\/1"}],"replies":[{"embeddable":true,"href":"https:\/\/www.faustyna.pl\/zmbm\/wp-json\/wp\/v2\/comments?post=12181"}],"version-history":[{"count":1,"href":"https:\/\/www.faustyna.pl\/zmbm\/wp-json\/wp\/v2\/pages\/12181\/revisions"}],"predecessor-version":[{"id":12182,"href":"https:\/\/www.faustyna.pl\/zmbm\/wp-json\/wp\/v2\/pages\/12181\/revisions\/12182"}],"wp:attachment":[{"href":"https:\/\/www.faustyna.pl\/zmbm\/wp-json\/wp\/v2\/media?parent=12181"}],"wp:term":[{"taxonomy":"category","embeddable":true,"href":"https:\/\/www.faustyna.pl\/zmbm\/wp-json\/wp\/v2\/categories?post=12181"},{"taxonomy":"post_tag","embeddable":true,"href":"https:\/\/www.faustyna.pl\/zmbm\/wp-json\/wp\/v2\/tags?post=12181"}],"curies":[{"name":"wp","href":"https:\/\/api.w.org\/{rel}","templated":true}]}}