



{"id":1221,"date":"2014-12-17T01:06:39","date_gmt":"2014-12-17T01:06:39","guid":{"rendered":"http:\/\/www.faustyna.pl\/zmbm\/?page_id=1221"},"modified":"2023-10-17T16:55:55","modified_gmt":"2023-10-17T14:55:55","slug":"szkoly","status":"publish","type":"page","link":"https:\/\/www.faustyna.pl\/zmbm\/szkoly\/","title":{"rendered":"Szko\u0142y"},"content":{"rendered":"\n<p><strong>BIA\u0141YSTOK<\/strong><br><strong>Niepubliczna Szko\u0142a Podstawowa Specjalna im. \u015bw. Siostry Faustyny Kowalskiej dla Dzieci i M\u0142odzie\u017cy ze Spektrum Autyzmu i Niepe\u0142nosprawno\u015bci\u0105 Intelektualn\u0105<\/strong><\/p>\n\n\n\n<div class=\"wp-block-media-text alignwide is-stacked-on-mobile\"><figure class=\"wp-block-media-text__media\"><img loading=\"lazy\" decoding=\"async\" width=\"1024\" height=\"610\" src=\"https:\/\/www.faustyna.pl\/zmbm\/wp-content\/uploads\/2023\/10\/Brak_foto.png\" alt=\"\" class=\"wp-image-27406 size-full\" srcset=\"https:\/\/www.faustyna.pl\/zmbm\/wp-content\/uploads\/2023\/10\/Brak_foto.png 1024w, https:\/\/www.faustyna.pl\/zmbm\/wp-content\/uploads\/2023\/10\/Brak_foto-560x334.png 560w, https:\/\/www.faustyna.pl\/zmbm\/wp-content\/uploads\/2023\/10\/Brak_foto-140x83.png 140w\" sizes=\"auto, (max-width: 1024px) 100vw, 1024px\" \/><\/figure><div class=\"wp-block-media-text__content\">\n<p>ul. Ciep\u0142a 40C lok. III p.<br>15-472 Bia\u0142ystok<\/p>\n\n\n\n<p>Telefon: 737707081<br>E-mail: sekretariat.szkola@misericordia.com.pl<br>Strona internetowa https:\/\/szkola.misericordia.com.pl<\/p>\n<\/div><\/div>\n\n\n\n<p><strong>BRZESKO<br>Niepubliczne Przedszkole Integracyjne<br>im \u015bw. Siostry Faustyny<\/strong><\/p>\n\n\n\n<div class=\"wp-block-media-text is-stacked-on-mobile\"><figure class=\"wp-block-media-text__media\"><img loading=\"lazy\" decoding=\"async\" width=\"1024\" height=\"607\" src=\"https:\/\/www.faustyna.pl\/zmbm\/wp-content\/uploads\/2023\/10\/Brzesko-przedszkole.jpg\" alt=\"\" class=\"wp-image-27405 size-full\" srcset=\"https:\/\/www.faustyna.pl\/zmbm\/wp-content\/uploads\/2023\/10\/Brzesko-przedszkole.jpg 1024w, https:\/\/www.faustyna.pl\/zmbm\/wp-content\/uploads\/2023\/10\/Brzesko-przedszkole-560x332.jpg 560w, https:\/\/www.faustyna.pl\/zmbm\/wp-content\/uploads\/2023\/10\/Brzesko-przedszkole-140x83.jpg 140w\" sizes=\"auto, (max-width: 1024px) 100vw, 1024px\" \/><\/figure><div class=\"wp-block-media-text__content\">\n<p>ul. \u015aw. Brata Alberta 8<br>32-800 Brzesko<br>tel.: (0-14) 686 39 11<br>e-mail: mb@brzesko.net.pl<\/p>\n<\/div><\/div>\n\n\n\n<p><strong>CIERPISZ<br>Szko\u0142a Podstawowa w Zespole Szk\u00f3\u0142<br>im. \u015bw. Siostry Faustyny Kowalskiej<\/strong><\/p>\n\n\n\n<div class=\"wp-block-media-text alignwide is-stacked-on-mobile\"><figure class=\"wp-block-media-text__media\"><img loading=\"lazy\" decoding=\"async\" width=\"1024\" height=\"610\" src=\"https:\/\/www.faustyna.pl\/zmbm\/wp-content\/uploads\/2021\/06\/Cierpisz-szkola-sw-faustyny.jpg\" alt=\"\" class=\"wp-image-21067 size-full\" srcset=\"https:\/\/www.faustyna.pl\/zmbm\/wp-content\/uploads\/2021\/06\/Cierpisz-szkola-sw-faustyny.jpg 1024w, https:\/\/www.faustyna.pl\/zmbm\/wp-content\/uploads\/2021\/06\/Cierpisz-szkola-sw-faustyny-560x334.jpg 560w, https:\/\/www.faustyna.pl\/zmbm\/wp-content\/uploads\/2021\/06\/Cierpisz-szkola-sw-faustyny-140x83.jpg 140w\" sizes=\"auto, (max-width: 1024px) 100vw, 1024px\" \/><\/figure><div class=\"wp-block-media-text__content\">\n<p>Cierpisz 110,<br>37-124 Kraczkowa,<br>tel.: (0-17) 226 60 23<\/p>\n<\/div><\/div>\n\n\n\n<p><strong>KRAK\u00d3W<br>Gimnazjum im. \u015bw. Siostry Faustyny<\/strong><\/p>\n\n\n\n<div class=\"wp-block-media-text alignwide is-stacked-on-mobile\"><figure class=\"wp-block-media-text__media\"><img loading=\"lazy\" decoding=\"async\" width=\"1024\" height=\"609\" src=\"https:\/\/www.faustyna.pl\/zmbm\/wp-content\/uploads\/2021\/06\/Krakow-gimnazjum.jpg\" alt=\"\" class=\"wp-image-21068 size-full\" srcset=\"https:\/\/www.faustyna.pl\/zmbm\/wp-content\/uploads\/2021\/06\/Krakow-gimnazjum.jpg 1024w, https:\/\/www.faustyna.pl\/zmbm\/wp-content\/uploads\/2021\/06\/Krakow-gimnazjum-560x333.jpg 560w, https:\/\/www.faustyna.pl\/zmbm\/wp-content\/uploads\/2021\/06\/Krakow-gimnazjum-140x83.jpg 140w\" sizes=\"auto, (max-width: 1024px) 100vw, 1024px\" \/><\/figure><div class=\"wp-block-media-text__content\">\n<p>M\u0142odzie\u017cowy O\u015brodek Wychowawczy<br>ul. Siostry Faustyny 3<br>30-420 Krak\u00f3w<br>tel.: (0-12) 266 30 29<br>fax: (0-12) 266 30 29<br>e-mail: mowkrakow@faustyna.pl<\/p>\n<\/div><\/div>\n\n\n\n<p><strong>KRAK\u00d3W<br>Liceum Profilowane im. \u015bw. Siostry Faustyny<\/strong><\/p>\n\n\n\n<div class=\"wp-block-media-text alignwide is-stacked-on-mobile\"><figure class=\"wp-block-media-text__media\"><img loading=\"lazy\" decoding=\"async\" width=\"1024\" height=\"610\" src=\"https:\/\/www.faustyna.pl\/zmbm\/wp-content\/uploads\/2021\/06\/Krakow-liceum-sw-faustyny.jpg\" alt=\"\" class=\"wp-image-21069 size-full\" srcset=\"https:\/\/www.faustyna.pl\/zmbm\/wp-content\/uploads\/2021\/06\/Krakow-liceum-sw-faustyny.jpg 1024w, https:\/\/www.faustyna.pl\/zmbm\/wp-content\/uploads\/2021\/06\/Krakow-liceum-sw-faustyny-560x334.jpg 560w, https:\/\/www.faustyna.pl\/zmbm\/wp-content\/uploads\/2021\/06\/Krakow-liceum-sw-faustyny-140x83.jpg 140w\" sizes=\"auto, (max-width: 1024px) 100vw, 1024px\" \/><\/figure><div class=\"wp-block-media-text__content\">\n<p>M\u0142odzie\u017cowy O\u015brodek Wychowawczy<br>ul. Siostry Faustyny 3<br>30-420 Krak\u00f3w<br>tel.: (0-12) 266 30 29<br>fax: (0-12) 266 30 29<br>e-mail: mowkrakow@faustyna.pl<\/p>\n<\/div><\/div>\n\n\n\n<p><strong>KRAK\u00d3W<br>Zasadnicza Szko\u0142a Zawodowa im. \u015bw. Siostry Faustyny<\/strong><\/p>\n\n\n\n<div class=\"wp-block-media-text alignwide is-stacked-on-mobile\"><figure class=\"wp-block-media-text__media\"><img loading=\"lazy\" decoding=\"async\" width=\"1024\" height=\"610\" src=\"https:\/\/www.faustyna.pl\/zmbm\/wp-content\/uploads\/2021\/06\/Krakow-szkola-zawodowa.jpg\" alt=\"\" class=\"wp-image-21070 size-full\" srcset=\"https:\/\/www.faustyna.pl\/zmbm\/wp-content\/uploads\/2021\/06\/Krakow-szkola-zawodowa.jpg 1024w, https:\/\/www.faustyna.pl\/zmbm\/wp-content\/uploads\/2021\/06\/Krakow-szkola-zawodowa-560x334.jpg 560w, https:\/\/www.faustyna.pl\/zmbm\/wp-content\/uploads\/2021\/06\/Krakow-szkola-zawodowa-140x83.jpg 140w\" sizes=\"auto, (max-width: 1024px) 100vw, 1024px\" \/><\/figure><div class=\"wp-block-media-text__content\">\n<p>M\u0142odzie\u017cowy O\u015brodek Wychowawczy<br>ul. Siostry Faustyny 3<br>30-420 Krak\u00f3w<br>tel.: (0-12) 266 30 29<br>fax: (0-12) 266 30 29<br>e-mail: mowkrakow@faustyna.pl<\/p>\n<\/div><\/div>\n\n\n\n<p><strong>KRAK\u00d3W<br>M\u0142odzie\u017cowy O\u015brodek Wychowawczy im \u015bw. Siostry Faustyny<\/strong><\/p>\n\n\n\n<div class=\"wp-block-media-text alignwide is-stacked-on-mobile\"><figure class=\"wp-block-media-text__media\"><img loading=\"lazy\" decoding=\"async\" width=\"1024\" height=\"610\" src=\"https:\/\/www.faustyna.pl\/zmbm\/wp-content\/uploads\/2021\/06\/Krakow-MOW.jpg\" alt=\"\" class=\"wp-image-21071 size-full\" srcset=\"https:\/\/www.faustyna.pl\/zmbm\/wp-content\/uploads\/2021\/06\/Krakow-MOW.jpg 1024w, https:\/\/www.faustyna.pl\/zmbm\/wp-content\/uploads\/2021\/06\/Krakow-MOW-560x334.jpg 560w, https:\/\/www.faustyna.pl\/zmbm\/wp-content\/uploads\/2021\/06\/Krakow-MOW-140x83.jpg 140w\" sizes=\"auto, (max-width: 1024px) 100vw, 1024px\" \/><\/figure><div class=\"wp-block-media-text__content\">\n<p>ul. Siostry Faustyny 3<br>30-420 Krak\u00f3w<br>tel.: (0-12) 266 30 29<br>fax: (0-12) 266 30 29<br>e-mail: mowkrakow@faustyna.pl<\/p>\n<\/div><\/div>\n\n\n\n<p><strong>\u0141\u00d3D\u0179<br>Katolickie Gimnazjum Stowarzyszenia Przyjaci\u00f3\u0142 Szk\u00f3\u0142 Katolickich<br>im. \u015bw. Faustyny Kowalskiej<\/strong><\/p>\n\n\n\n<div class=\"wp-block-media-text alignwide is-stacked-on-mobile\"><figure class=\"wp-block-media-text__media\"><img loading=\"lazy\" decoding=\"async\" width=\"1024\" height=\"609\" src=\"https:\/\/www.faustyna.pl\/zmbm\/wp-content\/uploads\/2021\/06\/Lodz-gimnazjum.jpg\" alt=\"\" class=\"wp-image-21073 size-full\" srcset=\"https:\/\/www.faustyna.pl\/zmbm\/wp-content\/uploads\/2021\/06\/Lodz-gimnazjum.jpg 1024w, https:\/\/www.faustyna.pl\/zmbm\/wp-content\/uploads\/2021\/06\/Lodz-gimnazjum-560x333.jpg 560w, https:\/\/www.faustyna.pl\/zmbm\/wp-content\/uploads\/2021\/06\/Lodz-gimnazjum-140x83.jpg 140w\" sizes=\"auto, (max-width: 1024px) 100vw, 1024px\" \/><\/figure><div class=\"wp-block-media-text__content\">\n<p>ul. Na\u0142kowskiej 2<br>93-262 \u0141\u00f3d\u017a<br>tel.: (0-42) 643 46 12<br>fax. (0-42) 643 46 12<\/p>\n<\/div><\/div>\n\n\n\n<p><strong>\u0141\u00d3D\u0179<br>Bursa Zgromadzenia Si\u00f3str Matki Bo\u017cej Mi\u0142osierdzia<br>im. \u015bw. Siostry Faustyny<\/strong><\/p>\n\n\n\n<div class=\"wp-block-media-text alignwide is-stacked-on-mobile\"><figure class=\"wp-block-media-text__media\"><img loading=\"lazy\" decoding=\"async\" width=\"1024\" height=\"609\" src=\"https:\/\/www.faustyna.pl\/zmbm\/wp-content\/uploads\/2021\/06\/Lodz-bursa-1.jpg\" alt=\"\" class=\"wp-image-21074 size-full\" srcset=\"https:\/\/www.faustyna.pl\/zmbm\/wp-content\/uploads\/2021\/06\/Lodz-bursa-1.jpg 1024w, https:\/\/www.faustyna.pl\/zmbm\/wp-content\/uploads\/2021\/06\/Lodz-bursa-1-560x333.jpg 560w, https:\/\/www.faustyna.pl\/zmbm\/wp-content\/uploads\/2021\/06\/Lodz-bursa-1-140x83.jpg 140w\" sizes=\"auto, (max-width: 1024px) 100vw, 1024px\" \/><\/figure><div class=\"wp-block-media-text__content\">\n<p>ul. Wici 47<br>91-157 \u0141\u00f3d\u017a<br>tel.: (042) 655 83 24; 655 80 05<br>fax: 426558324<br>e-mail: zmbm-lodz@faustyna.pl<\/p>\n<\/div><\/div>\n\n\n\n<p><strong>MIL\u00d3WKA<br>Szko\u0142a Podstawowa w Mil\u00f3wce im. \u015aw. Faustyny<\/strong><\/p>\n\n\n\n<div class=\"wp-block-media-text alignwide is-stacked-on-mobile\"><figure class=\"wp-block-media-text__media\"><img loading=\"lazy\" decoding=\"async\" width=\"1024\" height=\"609\" src=\"https:\/\/www.faustyna.pl\/zmbm\/wp-content\/uploads\/2021\/06\/Milowka-szkola.jpg\" alt=\"\" class=\"wp-image-21075 size-full\" srcset=\"https:\/\/www.faustyna.pl\/zmbm\/wp-content\/uploads\/2021\/06\/Milowka-szkola.jpg 1024w, https:\/\/www.faustyna.pl\/zmbm\/wp-content\/uploads\/2021\/06\/Milowka-szkola-560x333.jpg 560w, https:\/\/www.faustyna.pl\/zmbm\/wp-content\/uploads\/2021\/06\/Milowka-szkola-140x83.jpg 140w\" sizes=\"auto, (max-width: 1024px) 100vw, 1024px\" \/><\/figure><div class=\"wp-block-media-text__content\">\n<p>32-830 Wojnicz<br>woj. ma\u0142opolskie<br>tel.: (014) 679 16 53<br>fax.: (0-15) 871 48 28<br>e-mail: spmilowka@op.pl<\/p>\n<\/div><\/div>\n\n\n\n<p><strong>NIWKA<br>Szko\u0142a Podstawowa im. \u015bw. Faustyny Kowalskiej<\/strong><\/p>\n\n\n\n<div class=\"wp-block-media-text alignwide is-stacked-on-mobile\"><figure class=\"wp-block-media-text__media\"><img loading=\"lazy\" decoding=\"async\" width=\"1024\" height=\"610\" src=\"https:\/\/www.faustyna.pl\/zmbm\/wp-content\/uploads\/2021\/06\/Niwka.jpg\" alt=\"\" class=\"wp-image-21076 size-full\" srcset=\"https:\/\/www.faustyna.pl\/zmbm\/wp-content\/uploads\/2021\/06\/Niwka.jpg 1024w, https:\/\/www.faustyna.pl\/zmbm\/wp-content\/uploads\/2021\/06\/Niwka-560x334.jpg 560w, https:\/\/www.faustyna.pl\/zmbm\/wp-content\/uploads\/2021\/06\/Niwka-140x83.jpg 140w\" sizes=\"auto, (max-width: 1024px) 100vw, 1024px\" \/><\/figure><div class=\"wp-block-media-text__content\">\n<p>33-130 Rad\u0142\u00f3w<br>tel.: (0-14) 678 21 52<br>e-mail: spniwka@op.pl<\/p>\n<\/div><\/div>\n\n\n\n<p><strong>\u015aWINICE WARCKIE<br>Gimnazjum im. \u015bw. Faustyny<\/strong><\/p>\n\n\n\n<div class=\"wp-block-media-text alignwide is-stacked-on-mobile\"><figure class=\"wp-block-media-text__media\"><img loading=\"lazy\" decoding=\"async\" width=\"1024\" height=\"610\" src=\"https:\/\/www.faustyna.pl\/zmbm\/wp-content\/uploads\/2021\/06\/Swinice-Warckie-szkola.jpg\" alt=\"\" class=\"wp-image-21077 size-full\" srcset=\"https:\/\/www.faustyna.pl\/zmbm\/wp-content\/uploads\/2021\/06\/Swinice-Warckie-szkola.jpg 1024w, https:\/\/www.faustyna.pl\/zmbm\/wp-content\/uploads\/2021\/06\/Swinice-Warckie-szkola-560x334.jpg 560w, https:\/\/www.faustyna.pl\/zmbm\/wp-content\/uploads\/2021\/06\/Swinice-Warckie-szkola-140x83.jpg 140w\" sizes=\"auto, (max-width: 1024px) 100vw, 1024px\" \/><\/figure><div class=\"wp-block-media-text__content\">\n<p>ul. Szkolna 5<br>99-140 \u015awinice Warckie<br>tel.: (063) 288 11 71<br>e-mail: gimswinice@szkoly.lodz.pl<\/p>\n<\/div><\/div>\n\n\n\n<p><strong>TRZCIANKA<br>Szko\u0142a Podstawowa im. \u015bw. Siostry Faustyny<\/strong><\/p>\n\n\n\n<div class=\"wp-block-media-text alignwide is-stacked-on-mobile\"><figure class=\"wp-block-media-text__media\"><img loading=\"lazy\" decoding=\"async\" width=\"1024\" height=\"609\" src=\"https:\/\/www.faustyna.pl\/zmbm\/wp-content\/uploads\/2021\/06\/Trzcianka-szkola.jpg\" alt=\"\" class=\"wp-image-21078 size-full\" srcset=\"https:\/\/www.faustyna.pl\/zmbm\/wp-content\/uploads\/2021\/06\/Trzcianka-szkola.jpg 1024w, https:\/\/www.faustyna.pl\/zmbm\/wp-content\/uploads\/2021\/06\/Trzcianka-szkola-560x333.jpg 560w, https:\/\/www.faustyna.pl\/zmbm\/wp-content\/uploads\/2021\/06\/Trzcianka-szkola-140x83.jpg 140w\" sizes=\"auto, (max-width: 1024px) 100vw, 1024px\" \/><\/figure><div class=\"wp-block-media-text__content\">\n<p>ul. Spokojna 2<br>woj. Wielkopolskie<br>tel.: (0-67) 216 22 56<\/p>\n<\/div><\/div>\n\n\n\n<p><strong>TRZEBO\u015a<br>Szko\u0142a Podstawowa nr 3 im. \u015aw. Faustyny Kowalskiej<\/strong><\/p>\n\n\n\n<div class=\"wp-block-media-text alignwide is-stacked-on-mobile\"><figure class=\"wp-block-media-text__media\"><img loading=\"lazy\" decoding=\"async\" width=\"1024\" height=\"610\" src=\"https:\/\/www.faustyna.pl\/zmbm\/wp-content\/uploads\/2021\/06\/Trzebos-szkola.jpg\" alt=\"\" class=\"wp-image-21079 size-full\" srcset=\"https:\/\/www.faustyna.pl\/zmbm\/wp-content\/uploads\/2021\/06\/Trzebos-szkola.jpg 1024w, https:\/\/www.faustyna.pl\/zmbm\/wp-content\/uploads\/2021\/06\/Trzebos-szkola-560x334.jpg 560w, https:\/\/www.faustyna.pl\/zmbm\/wp-content\/uploads\/2021\/06\/Trzebos-szkola-140x83.jpg 140w\" sizes=\"auto, (max-width: 1024px) 100vw, 1024px\" \/><\/figure><div class=\"wp-block-media-text__content\">\n<p>ul. Dolna 240<br>36-050 Soko\u0142\u00f3w M\u0142p.<br>tel.: (0-17) 772 73 32<br>e-mail: sp3trzebos@op.pl<\/p>\n<\/div><\/div>\n\n\n\n<p><strong>W\u0141OSA\u0143<br>Szko\u0142a Podstawowa im. \u015bw. Faustyny Kowalskiej<\/strong><\/p>\n\n\n\n<div class=\"wp-block-media-text alignwide is-stacked-on-mobile\"><figure class=\"wp-block-media-text__media\"><img loading=\"lazy\" decoding=\"async\" width=\"1024\" height=\"610\" src=\"https:\/\/www.faustyna.pl\/zmbm\/wp-content\/uploads\/2021\/06\/Wlosan-szkola.jpg\" alt=\"\" class=\"wp-image-21080 size-full\" srcset=\"https:\/\/www.faustyna.pl\/zmbm\/wp-content\/uploads\/2021\/06\/Wlosan-szkola.jpg 1024w, https:\/\/www.faustyna.pl\/zmbm\/wp-content\/uploads\/2021\/06\/Wlosan-szkola-560x334.jpg 560w, https:\/\/www.faustyna.pl\/zmbm\/wp-content\/uploads\/2021\/06\/Wlosan-szkola-140x83.jpg 140w\" sizes=\"auto, (max-width: 1024px) 100vw, 1024px\" \/><\/figure><div class=\"wp-block-media-text__content\">\n<p>ul. Kr\u00f3lowej Polski 142<br>32-031 Mogilany<br>tel.: (012) 270 10 03<br>faks: (012) 270 10 03<br>e-mail: spwlosan@gmail.com<\/p>\n<\/div><\/div>\n\n\n\n<p>WOJCIECH\u00d3W<br>Publiczna Szko\u0142a Podstawowa im. \u015aw. Faustyny Kowalskiej<\/p>\n\n\n\n<div class=\"wp-block-media-text alignwide is-stacked-on-mobile\"><figure class=\"wp-block-media-text__media\"><img loading=\"lazy\" decoding=\"async\" width=\"1024\" height=\"609\" src=\"https:\/\/www.faustyna.pl\/zmbm\/wp-content\/uploads\/2021\/06\/Wojciechowice-szkola.jpg\" alt=\"\" class=\"wp-image-21081 size-full\" srcset=\"https:\/\/www.faustyna.pl\/zmbm\/wp-content\/uploads\/2021\/06\/Wojciechowice-szkola.jpg 1024w, https:\/\/www.faustyna.pl\/zmbm\/wp-content\/uploads\/2021\/06\/Wojciechowice-szkola-560x333.jpg 560w, https:\/\/www.faustyna.pl\/zmbm\/wp-content\/uploads\/2021\/06\/Wojciechowice-szkola-140x83.jpg 140w\" sizes=\"auto, (max-width: 1024px) 100vw, 1024px\" \/><\/figure><div class=\"wp-block-media-text__content\">\n<p>Wojciech\u00f3w 102,<br>23-225 Szastarka<br>woj. Lubelskie<br>tel.: (0-15) 871 48 28<br>fax.: (0-15) 871 48 28<br>e-mail: snreww@wp.pl<\/p>\n<\/div><\/div>\n\n\n\n<p><strong>KANADA &#8211; MISSISSAUGA<br>St. Faustina Elementary School<\/strong><\/p>\n\n\n\n<div class=\"wp-block-media-text alignwide is-stacked-on-mobile\"><figure class=\"wp-block-media-text__media\"><img loading=\"lazy\" decoding=\"async\" width=\"1024\" height=\"610\" src=\"https:\/\/www.faustyna.pl\/zmbm\/wp-content\/uploads\/2021\/06\/Kanada_mississauga.jpg\" alt=\"\" class=\"wp-image-21082 size-full\" srcset=\"https:\/\/www.faustyna.pl\/zmbm\/wp-content\/uploads\/2021\/06\/Kanada_mississauga.jpg 1024w, https:\/\/www.faustyna.pl\/zmbm\/wp-content\/uploads\/2021\/06\/Kanada_mississauga-560x334.jpg 560w, https:\/\/www.faustyna.pl\/zmbm\/wp-content\/uploads\/2021\/06\/Kanada_mississauga-140x83.jpg 140w\" sizes=\"auto, (max-width: 1024px) 100vw, 1024px\" \/><\/figure><div class=\"wp-block-media-text__content\">\n<p>3420 McDowell Drive<br>Mississauga ON, L5M 6R7<br>Canada<br>Phone: 905.821.2607<br>Fax: 905.821.3256<\/p>\n<\/div><\/div>\n\n\n\n<p><strong>LITWA \u2013 RZESZA<br>Szko\u0142a Podstawowa im. \u015bw. Faustyny Kowalskiej<\/strong><\/p>\n\n\n\n<div class=\"wp-block-media-text alignwide is-stacked-on-mobile\"><figure class=\"wp-block-media-text__media\"><img loading=\"lazy\" decoding=\"async\" width=\"1024\" height=\"610\" src=\"https:\/\/www.faustyna.pl\/zmbm\/wp-content\/uploads\/2021\/06\/Litwa.jpg\" alt=\"\" class=\"wp-image-21086 size-full\" srcset=\"https:\/\/www.faustyna.pl\/zmbm\/wp-content\/uploads\/2021\/06\/Litwa.jpg 1024w, https:\/\/www.faustyna.pl\/zmbm\/wp-content\/uploads\/2021\/06\/Litwa-560x334.jpg 560w, https:\/\/www.faustyna.pl\/zmbm\/wp-content\/uploads\/2021\/06\/Litwa-140x83.jpg 140w\" sizes=\"auto, (max-width: 1024px) 100vw, 1024px\" \/><\/figure><div class=\"wp-block-media-text__content\">\n<p>ul. Mokyklos 19<br>Wielka Rzesza<br>rejon wile\u0144ski<br>Litwa<br>tel.\/fax (8~5) 2469445<br>e-mail: riesemok@takas.lt<\/p>\n<\/div><\/div>\n\n\n\n<p><strong>USA &#8211; IRVING<br>Faustyny Akademia<\/strong><\/p>\n\n\n\n<div class=\"wp-block-media-text alignwide is-stacked-on-mobile\"><figure class=\"wp-block-media-text__media\"><img loading=\"lazy\" decoding=\"async\" width=\"1024\" height=\"609\" src=\"https:\/\/www.faustyna.pl\/zmbm\/wp-content\/uploads\/2021\/06\/USA-Teksas-Faustyny-Akademia-West-Grauwyler-TexasUSA.jpg\" alt=\"\" class=\"wp-image-21083 size-full\" srcset=\"https:\/\/www.faustyna.pl\/zmbm\/wp-content\/uploads\/2021\/06\/USA-Teksas-Faustyny-Akademia-West-Grauwyler-TexasUSA.jpg 1024w, https:\/\/www.faustyna.pl\/zmbm\/wp-content\/uploads\/2021\/06\/USA-Teksas-Faustyny-Akademia-West-Grauwyler-TexasUSA-560x333.jpg 560w, https:\/\/www.faustyna.pl\/zmbm\/wp-content\/uploads\/2021\/06\/USA-Teksas-Faustyny-Akademia-West-Grauwyler-TexasUSA-140x83.jpg 140w\" sizes=\"auto, (max-width: 1024px) 100vw, 1024px\" \/><\/figure><div class=\"wp-block-media-text__content\">\n<p>West Grauwyler Rd1621<br>Irving, Texas 75061<br>USA<br>Phone: (972) 254-6726<\/p>\n<\/div><\/div>\n\n\n\n<p><strong>USA &#8211; LOMBARD CHICAGO<br>Polska Szko\u0142a im. \u015aw. Faustyny Kowalskiej w Lombard IL<\/strong><\/p>\n\n\n\n<div class=\"wp-block-media-text alignwide is-stacked-on-mobile\"><figure class=\"wp-block-media-text__media\"><img loading=\"lazy\" decoding=\"async\" width=\"1024\" height=\"609\" src=\"https:\/\/www.faustyna.pl\/zmbm\/wp-content\/uploads\/2021\/06\/USA-Lombard-Polska-Szkola-im.-sw-Faustyny.jpg\" alt=\"\" class=\"wp-image-21084 size-full\" srcset=\"https:\/\/www.faustyna.pl\/zmbm\/wp-content\/uploads\/2021\/06\/USA-Lombard-Polska-Szkola-im.-sw-Faustyny.jpg 1024w, https:\/\/www.faustyna.pl\/zmbm\/wp-content\/uploads\/2021\/06\/USA-Lombard-Polska-Szkola-im.-sw-Faustyny-560x333.jpg 560w, https:\/\/www.faustyna.pl\/zmbm\/wp-content\/uploads\/2021\/06\/USA-Lombard-Polska-Szkola-im.-sw-Faustyny-140x83.jpg 140w\" sizes=\"auto, (max-width: 1024px) 100vw, 1024px\" \/><\/figure><div class=\"wp-block-media-text__content\">\n<p>P.O BOX 428 Addison IL 60101<br>Chicago, USA<br>tel.: (630)863-8363<br>e-mail: informacja@szkolawlombard.org<\/p>\n<\/div><\/div>\n\n\n\n<p><strong>USA &#8211; OZONE PARK NY<br>Polish Supplementary School im. \u015bw. Faustyny<\/strong><\/p>\n\n\n\n<div class=\"wp-block-media-text alignwide is-stacked-on-mobile\"><figure class=\"wp-block-media-text__media\"><img loading=\"lazy\" decoding=\"async\" width=\"1024\" height=\"609\" src=\"https:\/\/www.faustyna.pl\/zmbm\/wp-content\/uploads\/2021\/06\/USA-Ozone-Park-Polska-szkola-sw-Faustyny.jpg\" alt=\"\" class=\"wp-image-21085 size-full\" srcset=\"https:\/\/www.faustyna.pl\/zmbm\/wp-content\/uploads\/2021\/06\/USA-Ozone-Park-Polska-szkola-sw-Faustyny.jpg 1024w, https:\/\/www.faustyna.pl\/zmbm\/wp-content\/uploads\/2021\/06\/USA-Ozone-Park-Polska-szkola-sw-Faustyny-560x333.jpg 560w, https:\/\/www.faustyna.pl\/zmbm\/wp-content\/uploads\/2021\/06\/USA-Ozone-Park-Polska-szkola-sw-Faustyny-140x83.jpg 140w\" sizes=\"auto, (max-width: 1024px) 100vw, 1024px\" \/><\/figure><div class=\"wp-block-media-text__content\">\n<p>90-02 101 Ave<br>Ozone Park, NY 11416 USA<br>Parafia \u015bw. Faustyny<br>Phone: (718) 318-0675<br>e-mail: r_ochocka@yahoo.com<\/p>\n<\/div><\/div>\n\n\n\n<p><\/p>\n","protected":false},"excerpt":{"rendered":"<p>BIA\u0141YSTOKNiepubliczna Szko\u0142a Podstawowa Specjalna im. \u015bw. Siostry Faustyny Kowalskiej dla Dzieci i M\u0142odzie\u017cy ze Spektrum Autyzmu i Niepe\u0142nosprawno\u015bci\u0105 Intelektualn\u0105 ul. Ciep\u0142a 40C lok. III p.15-472 Bia\u0142ystok Telefon: 737707081E-mail: sekretariat.szkola@misericordia.com.plStrona internetowa https:\/\/szkola.misericordia.com.pl BRZESKONiepubliczne Przedszkole Integracyjneim \u015bw. Siostry Faustyny ul. \u015aw. Brata Alberta 832-800 Brzeskotel.: (0-14) 686 39 11e-mail: mb@brzesko.net.pl CIERPISZSzko\u0142a Podstawowa w Zespole Szk\u00f3\u0142im. \u015bw. Siostry [&hellip;]<\/p>\n","protected":false},"author":1,"featured_media":0,"parent":0,"menu_order":0,"comment_status":"closed","ping_status":"closed","template":"","meta":{"footnotes":""},"categories":[36],"tags":[],"class_list":["post-1221","page","type-page","status-publish","hentry","category-patronat-sw-siostry-faustyny"],"_links":{"self":[{"href":"https:\/\/www.faustyna.pl\/zmbm\/wp-json\/wp\/v2\/pages\/1221","targetHints":{"allow":["GET"]}}],"collection":[{"href":"https:\/\/www.faustyna.pl\/zmbm\/wp-json\/wp\/v2\/pages"}],"about":[{"href":"https:\/\/www.faustyna.pl\/zmbm\/wp-json\/wp\/v2\/types\/page"}],"author":[{"embeddable":true,"href":"https:\/\/www.faustyna.pl\/zmbm\/wp-json\/wp\/v2\/users\/1"}],"replies":[{"embeddable":true,"href":"https:\/\/www.faustyna.pl\/zmbm\/wp-json\/wp\/v2\/comments?post=1221"}],"version-history":[{"count":18,"href":"https:\/\/www.faustyna.pl\/zmbm\/wp-json\/wp\/v2\/pages\/1221\/revisions"}],"predecessor-version":[{"id":27407,"href":"https:\/\/www.faustyna.pl\/zmbm\/wp-json\/wp\/v2\/pages\/1221\/revisions\/27407"}],"wp:attachment":[{"href":"https:\/\/www.faustyna.pl\/zmbm\/wp-json\/wp\/v2\/media?parent=1221"}],"wp:term":[{"taxonomy":"category","embeddable":true,"href":"https:\/\/www.faustyna.pl\/zmbm\/wp-json\/wp\/v2\/categories?post=1221"},{"taxonomy":"post_tag","embeddable":true,"href":"https:\/\/www.faustyna.pl\/zmbm\/wp-json\/wp\/v2\/tags?post=1221"}],"curies":[{"name":"wp","href":"https:\/\/api.w.org\/{rel}","templated":true}]}}