



{"id":1223,"date":"2014-12-17T01:06:55","date_gmt":"2014-12-17T01:06:55","guid":{"rendered":"http:\/\/www.faustyna.pl\/zmbm\/?page_id=1223"},"modified":"2023-03-08T14:52:22","modified_gmt":"2023-03-08T13:52:22","slug":"nad-jeziorem-kierskim-2","status":"publish","type":"page","link":"https:\/\/www.faustyna.pl\/zmbm\/nad-jeziorem-kierskim-2\/","title":{"rendered":"Nad Jeziorem Kierskim"},"content":{"rendered":"<p style=\"text-align: justify\" align=\"center\"><a href=\"https:\/\/www.faustyna.pl\/zmbm\/wp-content\/uploads\/2014\/12\/Jezioro-Kierskie.jpg\" data-gallery><img loading=\"lazy\" decoding=\"async\" class=\"size-medium wp-image-10690 alignnone\" src=\"https:\/\/www.faustyna.pl\/zmbm\/wp-content\/uploads\/2014\/12\/Jezioro-Kierskie-560x333.jpg\" alt=\"\" width=\"560\" height=\"333\" srcset=\"https:\/\/www.faustyna.pl\/zmbm\/wp-content\/uploads\/2014\/12\/Jezioro-Kierskie-560x333.jpg 560w, https:\/\/www.faustyna.pl\/zmbm\/wp-content\/uploads\/2014\/12\/Jezioro-Kierskie-140x83.jpg 140w, https:\/\/www.faustyna.pl\/zmbm\/wp-content\/uploads\/2014\/12\/Jezioro-Kierskie.jpg 1024w\" sizes=\"auto, (max-width: 560px) 100vw, 560px\" \/><\/a><\/p>\n<p style=\"text-align: justify\" align=\"center\">Na trasie kolejowej z Poznania do Szczecina, kilka kilometr\u00f3w za miastem le\u017cy Kiekrz \u2013 ma\u0142a, urokliwa miejscowo\u015b\u0107 o si\u0119gaj\u0105cej daleko wstecz ciekawej historii. Pierwsze historyczne wzmianki o Kiekrzu pochodz\u0105 z 1386 roku, natomiast informacje o parafii pojawiaj\u0105 si\u0119 ju\u017c w 1397 roku. Ta pi\u0119kna miejscowo\u015b\u0107 po\u0142o\u017cona mi\u0119dzy dwoma jeziorami: Kierskim Wielkim i Kierskim Ma\u0142ym jest r\u00f3wnie\u017c naznaczona obecno\u015bci\u0105 \u015bw. Siostry Faustyny, kt\u00f3ra w domu Zgromadzenia Si\u00f3str Matki Bo\u017cej Mi\u0142osierdzia przy ul. Kierskiej 10 sp\u0119dzi\u0142a kilka tygodni w miesi\u0105cach letnich 1929 roku. By\u0142a wtedy m\u0142od\u0105 siostr\u0105, wi\u0119c posy\u0142ano j\u0105 do tych dom\u00f3w, gdzie by\u0142a potrzeba zast\u0119pstwa za siostr\u0119 wyje\u017cd\u017caj\u0105c\u0105 na III probacj\u0119, za siostr\u0119 chor\u0105 lub do pomocy w nowo powstaj\u0105cej plac\u00f3wce.\u00a0 W ten spos\u00f3b\u00a0 w 1929 roku Siostra Faustyna by\u0142a w Wilnie, w Warszawie na Grochowie, w Kiekrzu i Warszawie przy ul. \u017bytniej.<\/p>\n<p><b>\u00a0\u00a0\u00a0\u00a0\u00a0\u00a0\u00a0\u00a0\u00a0 <span style=\"color: #800000\">Spotkanie nad jeziorem<\/span><\/b><\/p>\n<p align=\"justify\">\u00a0<a href=\"https:\/\/www.faustyna.pl\/zmbm\/wp-content\/uploads\/2014\/12\/Swieta-Siostra-Faustyna-nad-Jeziorem-Kierskim.jpg\" data-gallery><img loading=\"lazy\" decoding=\"async\" class=\"size-medium wp-image-10691 alignnone\" src=\"https:\/\/www.faustyna.pl\/zmbm\/wp-content\/uploads\/2014\/12\/Swieta-Siostra-Faustyna-nad-Jeziorem-Kierskim-560x329.jpg\" alt=\"\" width=\"560\" height=\"329\" srcset=\"https:\/\/www.faustyna.pl\/zmbm\/wp-content\/uploads\/2014\/12\/Swieta-Siostra-Faustyna-nad-Jeziorem-Kierskim-560x329.jpg 560w, https:\/\/www.faustyna.pl\/zmbm\/wp-content\/uploads\/2014\/12\/Swieta-Siostra-Faustyna-nad-Jeziorem-Kierskim-140x82.jpg 140w, https:\/\/www.faustyna.pl\/zmbm\/wp-content\/uploads\/2014\/12\/Swieta-Siostra-Faustyna-nad-Jeziorem-Kierskim.jpg 1024w\" sizes=\"auto, (max-width: 560px) 100vw, 560px\" \/><\/a><\/p>\n<p align=\"justify\">7 lipca 1929 roku \u015bw. Siostra\u00a0 Faustyna przyjecha\u0142a do Kiekrza, by zast\u0105pi\u0107 w kuchni chor\u0105\u00a0 s. Modest\u0119\u00a0Rzeczkowsk\u0105.\u00a0Prac\u0119 w kuchni \u0142\u0105czy\u0142a z bardzo g\u0142\u0119bokim \u017cyciem duchowym. Wszystko umia\u0142a wykorzystywa\u0107,\u00a0 by poznawa\u0107\u00a0 mi\u0142osiern\u0105\u00a0 mi\u0142o\u015b\u0107 Boga i odpowiada\u0107 na ni\u0105 postaw\u0105 ufno\u015bci i mi\u0142o\u015bci. Pewnego dnia do\u015bwiadczy\u0142a niezwyk\u0142ego w swej\u00a0 prostocie i bardzo\u00a0 pi\u0119knego, mo na\u00a0 powiedzie\u0107\u00a0 \u201eromantycznego\u201d\u00a0 spotkania z Jezusem. O tym, co si\u0119 wtedy wydarzy\u0142o nad jeziorem,\u00a0wiemy z\u00a0 jej\u00a0 relacji zapisanej w \u201eDzienniczku\u201d: <i style=\"font-weight: normal\">Kiedy by\u0142am w Kiekrzu, aby zast\u0105pi\u0107 jedn\u0105 z si\u00f3str na kr\u00f3tki czas, w jednym dniu po po\u0142udniu posz\u0142am przez ogr\u00f3d i stan\u0119\u0142am nad brzegiem jeziora, i d\u0142ug\u0105 chwil\u0119 zamy\u015bli\u0142am si\u0119 nad tym \u017cywio\u0142em. Nagle ujrza\u0142am przy sobie Pana Jezusa, kt\u00f3ry mi rzek\u0142 \u0142askawie: \u201eTo wszystko dla ciebie stworzy\u0142em, oblubienico Moja, a wiedz o tym, \u017ce wszystkie pi\u0119kno\u015bci niczym s\u0105 w por\u00f3wnaniu z tym, co ci przygotowa\u0142em w wieczno\u015bci\u201d. Dusza moja zosta\u0142a zalana tak\u00a0 wielk\u0105 pociech\u0105,\u00a0 \u017ce pozosta\u0142am\u00a0 tam do wieczora, a zda\u0142o mi si\u0119, \u017ce jestem kr\u00f3tk\u0105 chwil\u0119. Dzie\u0144 ten mia\u0142am wolny i przeznaczony na jednodniowe rekolekcje, wi\u0119c mia\u0142am zupe\u0142n\u0105 swobod\u0119 odda\u0107 si\u0119 modlitwie. O, jak B\u00f3g jest niesko\u0144czenie dobry, \u015bciga nas swoj\u0105 dobroci\u0105. Najcz\u0119\u015bciej zdarza si\u0119, \u017ce udziela mi Pan najwi\u0119kszych \u0142ask wtenczas, kiedy ja si\u0119 wcale ich nie spodziewam<\/i> <span style=\"font-size: 90%\">(Dz.158)<\/span>. Cho\u0107 Siostra Faustyna sp\u0119dzi\u0142a w Kiekrzu niewiele tygodni, to jednak i tam pozostawi\u0142a dobre wra\u017cenie. Prze\u0142o\u017cona domu s. Ksawera Olszamowska po jej wyje\u017adzie napisa\u0142a do matki generalnej Michaeli Moraczewskiej: <i style=\"font-weight: normal\">Odnios\u0142am wra\u017cenie, \u017ce \u017cycie jej wewn\u0119trzne jest bardzo g\u0142\u0119bokie, \u017ce jest obdarzona szczeg\u00f3lnymi \u0142askami od Boga<\/i>.<\/p>\n<p style=\"text-align: justify\"><a href=\"https:\/\/www.faustyna.pl\/zmbm\/wp-content\/uploads\/2014\/12\/Droga-Siostry-Faustyny-nad-Jezioro-Kierskie.jpg\" data-gallery><img loading=\"lazy\" decoding=\"async\" class=\"size-medium wp-image-10693 alignnone\" src=\"https:\/\/www.faustyna.pl\/zmbm\/wp-content\/uploads\/2014\/12\/Droga-Siostry-Faustyny-nad-Jezioro-Kierskie-560x329.jpg\" alt=\"\" width=\"560\" height=\"329\" srcset=\"https:\/\/www.faustyna.pl\/zmbm\/wp-content\/uploads\/2014\/12\/Droga-Siostry-Faustyny-nad-Jezioro-Kierskie-560x329.jpg 560w, https:\/\/www.faustyna.pl\/zmbm\/wp-content\/uploads\/2014\/12\/Droga-Siostry-Faustyny-nad-Jezioro-Kierskie-140x82.jpg 140w, https:\/\/www.faustyna.pl\/zmbm\/wp-content\/uploads\/2014\/12\/Droga-Siostry-Faustyny-nad-Jezioro-Kierskie.jpg 1024w\" sizes=\"auto, (max-width: 560px) 100vw, 560px\" \/><\/a><\/p>\n<p style=\"text-align: justify\">Dzi\u0119ki\u00a0 staraniom\u00a0 wsp\u00f3lnoty\u00a0 si\u00f3str\u00a0 z Kiekrza,\u00a0 przy\u00a0 pomocy\u00a0 licznych dobrodziej\u00f3w, uda\u0142o si\u0119 odbudowa\u0107 \u015bcie\u017ck\u0119, kt\u00f3r\u0105 przemierzy\u0142a \u015bw. Siostra Faustyna id\u0105c nad jezioro. Droga \u015awi\u0119tej Siostry Faustyny zosta\u0142a po\u015bwi\u0119cona przez arcybiskupa pozna\u0144skiego Stanis\u0142awa G\u0105deckiego 5 pa\u017adziernika 2005, w roku setnej rocznicy urodzin Aposto\u0142ki Bo\u017cego Mi\u0142osierdzia. Pielgrzym\u00f3w wita gipsowa figura \u015awi\u0119tej, zapraszaj\u0105ca do przemierzenia jej szlaku i kontemplacji mi\u0142osiernej mi\u0142o\u015bci Boga w przyrodzie i przy stacjach drogi krzy\u017cowej, usytuowanych przy drodze obsadzonej 33 starymi wierzbami, niemymi \u015bwiadkami spacer\u00f3w Sekretarki Bo\u017cego Mi\u0142osierdzia. W miejscu spotkania Siostry Faustyny z Jezusem stan\u0105\u0142 o\u0142tarz z kilkumetrowym krzy\u017cem. W jednym z klasztornych budynk\u00f3w siostry przygotowa\u0142y pok\u00f3j pami\u0105tek, w kt\u00f3rym pielgrzymi mog\u0105 obejrze\u0107 zabytkowe eksponaty przybli\u017caj\u0105ce \u017cycie codzienne si\u00f3str w pocz\u0105tkach istnienia kierskiego domu.<\/p>\n<p><b>\u00a0\u00a0\u00a0\u00a0\u00a0\u00a0\u00a0\u00a0\u00a0 <span style=\"color: #800000\">Dom w Kiekrzu<\/span><\/b><\/p>\n<p align=\"justify\"><a href=\"https:\/\/www.faustyna.pl\/zmbm\/wp-content\/uploads\/2014\/12\/Sanktuarium-sw-Siostry-Faustyny-w-Kiekrzu.jpg\" data-gallery><img loading=\"lazy\" decoding=\"async\" class=\"size-medium wp-image-10694 alignnone\" src=\"https:\/\/www.faustyna.pl\/zmbm\/wp-content\/uploads\/2014\/12\/Sanktuarium-sw-Siostry-Faustyny-w-Kiekrzu-560x333.jpg\" alt=\"\" width=\"560\" height=\"333\" srcset=\"https:\/\/www.faustyna.pl\/zmbm\/wp-content\/uploads\/2014\/12\/Sanktuarium-sw-Siostry-Faustyny-w-Kiekrzu-560x333.jpg 560w, https:\/\/www.faustyna.pl\/zmbm\/wp-content\/uploads\/2014\/12\/Sanktuarium-sw-Siostry-Faustyny-w-Kiekrzu-140x83.jpg 140w, https:\/\/www.faustyna.pl\/zmbm\/wp-content\/uploads\/2014\/12\/Sanktuarium-sw-Siostry-Faustyny-w-Kiekrzu.jpg 1024w\" sizes=\"auto, (max-width: 560px) 100vw, 560px\" \/><\/a><\/p>\n<p align=\"justify\">W marcu 1928 roku na zaproszenie ks. kanonika Walentego Dymka, p\u00f3\u017aniejszego arcybiskupa pozna\u0144skiego, s. Dominika Matysiak i s. Filomena Andrejko ze Zgromadzenia Matki Bo\u017cej Mi\u0142osierdzia przyjecha\u0142y do Kiekrza. W kwietniu dojecha\u0142a m. Ksawera Olszamowska mianowana na pierwsz\u0105 prze\u0142o\u017con\u0105 nowej plac\u00f3wki (funkcj\u0119 t\u0119 pe\u0142ni\u0142a do 1941 roku). Zgromadzenie mia\u0142o prowadzi\u0107 <i style=\"font-weight: normal\">Dom Mi\u0142osierdzia<\/i> dla zaniedbanych moralnie dziewcz\u0105t, kt\u00f3rymi przez ostatnie 3 lata zajmowa\u0142y si\u0119 w Poznaniu panie z Towarzystwa \u201ePrzysta\u0144\u201d. Siostrom wydzier\u017cawiono posesj\u0119 (kilkana\u015bcie hektar\u00f3w) z domem po\u0142o\u017conym tu\u017c nad Ma\u0142ym\u00a0 Jeziorem\u00a0 Kierskim, kt\u00f3ry by\u0142\u00a0 otoczony wielkim sadem z 4 tysi\u0105cami owocowych drzew, i uprawnym polem. Do ko\u015bcio\u0142a parafialnego trzeba by\u0142o chodzi\u0107 ponad 2 kilometry, a do stacji kolejowej 3. Ju\u017c w lipcu dom i kaplic\u0119 po\u015bwi\u0119ci\u0142 bp Karol Rado\u0144ski. Pierwszy rok dzia\u0142alno\u015bci <i style=\"font-weight: normal\">Domu Mi\u0142osierdzia<\/i> by\u0142 bardzo trudny, g\u0142\u00f3wnie ze wzgl\u0119du na brak \u015brodk\u00f3w materialnych. W zak\u0142adzie przebywa\u0142o \u015brednio oko\u0142o 20 dziewcz\u0105t, kt\u00f3re kierowa\u0142o Starostwo (dziewcz\u0119ta nieletnie z wyrokiem s\u0105dowym) albo Miejska Opieka Spo\u0142eczna w Poznaniu. Dopiero po otwarciu piekarni w 1934 roku liczba wychowanek wzros\u0142a do 40. Dom do\u015b\u0107 szybko si\u0119 rozwija\u0142, powi\u0119ksza\u0142a\u00a0 si\u0119 te\u017c\u00a0 liczba si\u00f3str.\u00a0Utrzymanie\u00a0 dawa\u0142o\u00a0 gospodarstwo\u00a0 rolne i sad, a tak\u017ce piekarnia, w kt\u00f3rej tygodniowo wypiekano oko\u0142o 1200 kg chleba i bu\u0142ek. Du\u017cym utrudnieniem by\u0142 jednak brak elektryczno\u015bci i zmechanizowania, a skromne dochody nie pozwala\u0142y na podejmowanie wi\u0119kszych inwestycji.<\/p>\n<p style=\"text-align: justify\">Szczeg\u00f3lnie trudnym\u00a0okresem w\u00a0dziejach kierskiego\u00a0domu\u00a0by\u0142\u00a0czas II wojny \u015bwiatowej. Pocz\u0105tkowo praca w zak\u0142adzie przebiega\u0142a normalnie, ale w 1941 roku hitlerowcy zaj\u0119li dom. Siostry wywieziono do obozu w Bojanowie, a dziewcz\u0119ta rozes\u0142ano do rodzin lub na s\u0142u\u017cb\u0119. W budynku urz\u0105dzono zak\u0142ad dla 75 ch\u0142opc\u00f3w niemieckich. Tu\u017c po wojnie siostry wr\u00f3ci\u0142y do Kiekrza, ale budynki po ucieczce Niemc\u00f3w zaj\u0105\u0142 Samorz\u0105d Wojew\u00f3dzki. Trzeba by\u0142o wielu stara\u0144, by odzyska\u0107 dom i gospodarstwo oraz uruchomi\u0107 zak\u0142ad. Wszystko trzeba by\u0142o zaczyna\u0107 od nowa. Kolejne trudno\u015bci pojawi\u0142y si\u0119 w 1960 roku, kiedy w listopadzie w\u0142adze pa\u0144stwowe rozwi\u0105za\u0142y zak\u0142ad. Aby nie utraci\u0107 domu, Zgromadzenie do Kiekrza przenios\u0142o sw\u00f3j nowicjat, kt\u00f3ry funkcjonowa\u0142 tam przez 10 lat. Siostry zorganizowa\u0142y te\u017c ochronk\u0119 dla dzieci, a od 1986 roku pod\u00adj\u0119\u0142y nowe dzie\u0142o, nios\u0105c pomoc i daj\u0105c schronienie kobietom samotnie wychowu\u00adj\u0105cym dzieci. W 1999 roku samotne matki wprowadzi\u0142y si\u0119 do\u00a0 nowe\u00adgo budynku,\u00a0 w kt\u00f3rym mo\u017ce zamieszka\u0107 21 matek i 25 dzieci.<\/p>\n<p style=\"text-align: justify\"><a href=\"https:\/\/www.faustyna.pl\/zmbm\/wp-content\/uploads\/2014\/12\/Sanktuarium-Siostry-Faustyny-w-Kiekrzu-kaplica.jpg\" data-gallery><img loading=\"lazy\" decoding=\"async\" class=\"size-medium wp-image-10695 alignnone\" src=\"https:\/\/www.faustyna.pl\/zmbm\/wp-content\/uploads\/2014\/12\/Sanktuarium-Siostry-Faustyny-w-Kiekrzu-kaplica-560x330.jpg\" alt=\"\" width=\"560\" height=\"330\" srcset=\"https:\/\/www.faustyna.pl\/zmbm\/wp-content\/uploads\/2014\/12\/Sanktuarium-Siostry-Faustyny-w-Kiekrzu-kaplica-560x330.jpg 560w, https:\/\/www.faustyna.pl\/zmbm\/wp-content\/uploads\/2014\/12\/Sanktuarium-Siostry-Faustyny-w-Kiekrzu-kaplica-140x83.jpg 140w, https:\/\/www.faustyna.pl\/zmbm\/wp-content\/uploads\/2014\/12\/Sanktuarium-Siostry-Faustyny-w-Kiekrzu-kaplica.jpg 1024w\" sizes=\"auto, (max-width: 560px) 100vw, 560px\" \/><\/a><\/p>\n<p style=\"text-align: justify\">Ze wzgl\u0119du\u00a0 na obecno\u015b\u0107\u00a0 w tym\u00a0 domu\u00a0 \u015bw.\u00a0 Siostry\u00a0 Faustyny, w Kiekrzu od wielu lat rozwija si\u0119 o\u015brodek kultu Bo\u017cego Mi\u0142osierdzia dla ca\u0142ej Archidiecezji Pozna\u0144skiej. Dekretem z 22 czerwca 2015 roku abp Stanis\u0142aw G\u0105decki, metropolita pozna\u0144ski, ustanowi\u0142 klasztorn\u0105 kaplic\u0119 w Kiekrzu Sanktuarium \u015bw. Siostry Faustyny.<\/p>\n<p align=\"right\"><i style=\"font-weight: normal\">\u00a0<\/i><\/p>\n<p>&#8212;&#8212;&#8212;&#8212;&#8212;&#8212;&#8212;&#8212;&#8212;&#8212;&#8212;&#8212;&#8212;&#8212;-<br \/>\nPublikacja w: \u201eOr\u0119dzie Mi\u0142osierdzia\u201d nr 67(2008), s. 10-11.<\/p>\n<p><a href=\"https:\/\/www.faustyna.pl\/zmbm\/swieta-siostra-faustyna\/\">\u015awi\u0119ta Siostra Faustyna\/Szlaki \u015bw. Siostry Faustyny<\/a><\/p>\n","protected":false},"excerpt":{"rendered":"<p>Na trasie kolejowej z Poznania do Szczecina, kilka kilometr\u00f3w za miastem le\u017cy Kiekrz \u2013 ma\u0142a, urokliwa miejscowo\u015b\u0107 o si\u0119gaj\u0105cej daleko wstecz ciekawej historii. Pierwsze historyczne wzmianki o Kiekrzu pochodz\u0105 z 1386 roku, natomiast informacje o parafii pojawiaj\u0105 si\u0119 ju\u017c w 1397 roku. Ta pi\u0119kna miejscowo\u015b\u0107 po\u0142o\u017cona mi\u0119dzy dwoma jeziorami: Kierskim Wielkim i Kierskim Ma\u0142ym jest [&hellip;]<\/p>\n","protected":false},"author":1,"featured_media":0,"parent":0,"menu_order":0,"comment_status":"closed","ping_status":"closed","template":"","meta":{"footnotes":""},"categories":[37],"tags":[],"class_list":["post-1223","page","type-page","status-publish","hentry","category-szlaki-sw-siostry-faustyny"],"_links":{"self":[{"href":"https:\/\/www.faustyna.pl\/zmbm\/wp-json\/wp\/v2\/pages\/1223","targetHints":{"allow":["GET"]}}],"collection":[{"href":"https:\/\/www.faustyna.pl\/zmbm\/wp-json\/wp\/v2\/pages"}],"about":[{"href":"https:\/\/www.faustyna.pl\/zmbm\/wp-json\/wp\/v2\/types\/page"}],"author":[{"embeddable":true,"href":"https:\/\/www.faustyna.pl\/zmbm\/wp-json\/wp\/v2\/users\/1"}],"replies":[{"embeddable":true,"href":"https:\/\/www.faustyna.pl\/zmbm\/wp-json\/wp\/v2\/comments?post=1223"}],"version-history":[{"count":7,"href":"https:\/\/www.faustyna.pl\/zmbm\/wp-json\/wp\/v2\/pages\/1223\/revisions"}],"predecessor-version":[{"id":25895,"href":"https:\/\/www.faustyna.pl\/zmbm\/wp-json\/wp\/v2\/pages\/1223\/revisions\/25895"}],"wp:attachment":[{"href":"https:\/\/www.faustyna.pl\/zmbm\/wp-json\/wp\/v2\/media?parent=1223"}],"wp:term":[{"taxonomy":"category","embeddable":true,"href":"https:\/\/www.faustyna.pl\/zmbm\/wp-json\/wp\/v2\/categories?post=1223"},{"taxonomy":"post_tag","embeddable":true,"href":"https:\/\/www.faustyna.pl\/zmbm\/wp-json\/wp\/v2\/tags?post=1223"}],"curies":[{"name":"wp","href":"https:\/\/api.w.org\/{rel}","templated":true}]}}