



{"id":12460,"date":"2018-03-11T16:50:37","date_gmt":"2018-03-11T15:50:37","guid":{"rendered":"https:\/\/www.faustyna.pl\/zmbm\/?page_id=12460"},"modified":"2026-02-08T20:11:16","modified_gmt":"2026-02-08T19:11:16","slug":"buduj-z-nami","status":"publish","type":"page","link":"https:\/\/www.faustyna.pl\/zmbm\/buduj-z-nami\/","title":{"rendered":"Buduj z nami"},"content":{"rendered":"<h2 style=\"text-align: center\"><span style=\"color: #800000\">Sanktuarium Bo\u017cego Mi\u0142osierdzia w P\u0142ocku<\/span><\/h2>\n<p><a href=\"https:\/\/www.faustyna.pl\/zmbm\/wp-content\/uploads\/2026\/02\/Buduj_z_nami.jpg\" data-gallery><img loading=\"lazy\" decoding=\"async\" class=\"size-medium wp-image-31826 alignnone\" src=\"https:\/\/www.faustyna.pl\/zmbm\/wp-content\/uploads\/2026\/02\/Buduj_z_nami-560x333.jpg\" alt=\"\" width=\"560\" height=\"333\" srcset=\"https:\/\/www.faustyna.pl\/zmbm\/wp-content\/uploads\/2026\/02\/Buduj_z_nami-560x333.jpg 560w, https:\/\/www.faustyna.pl\/zmbm\/wp-content\/uploads\/2026\/02\/Buduj_z_nami-140x83.jpg 140w, https:\/\/www.faustyna.pl\/zmbm\/wp-content\/uploads\/2026\/02\/Buduj_z_nami.jpg 1024w\" sizes=\"auto, (max-width: 560px) 100vw, 560px\" \/><\/a><\/p>\n<p style=\"text-align: justify\">Sanktuarium Mi\u0142osierdzia Bo\u017cego w P\u0142ocku zosta\u0142o ustanowione 30 kwietnia 2000 roku, w miejscu objawie\u0144 Jezusa Mi\u0142osiernego. To tu rozpocz\u0119\u0142a si\u0119 prorocka misja \u015bw. Siostry Faustyny Kowalskiej. W klasztorze Zgromadzenia Si\u00f3str Matki Bo\u017cej Mi\u0142osierdzia przy Starym Rynku Pan Jezus poprosi\u0142 Siostr\u0119 Faustyn\u0119 o namalowanie Jego obrazu wed\u0142ug wzoru, jaki ukaza\u0142 jej w wizji 22 lutego 1931 roku, a nast\u0119pnie o ustanowienie \u015bwi\u0119ta Bo\u017cego Mi\u0142osierdzia. Dlatego to miejsce jest tak niezwykle wa\u017cne nie tylko dla czcicieli Bo\u017cego Mi\u0142osierdzia, ale i dla ca\u0142ego Ko\u015bcio\u0142a, kt\u00f3ry w naszych czasach \u017cyje or\u0119dziem i kultem Mi\u0142osierdzia Bo\u017cego \u00a0w formach, kt\u00f3re Jezus przekaza\u0142 przez \u015bw. Faustyn\u0119. Do Sanktuarium Bo\u017cego Mi\u0142osierdzia w P\u0142ocku z ka\u017cdym rokiem przybywa coraz wi\u0119cej pielgrzym\u00f3w z Polski i ze \u015bwiata. St\u0105d te\u017c konieczno\u015b\u0107 budowy nowej \u015bwi\u0105tyni z zapleczem dla pielgrzym\u00f3w. Rozbudowa Sanktuarium Bo\u017cego Mi\u0142osierdzia rozpocz\u0119\u0142a si\u0119 w 2015 roku. Obecnie, po wielu latach pracy wielkimi krokami zbli\u017camy si\u0119 do zako\u0144czenia budowy.<\/p>\n<p style=\"text-align: justify\">Od kwietnia do grudnia 2025 trwa\u0142y prace projektowe zwi\u0105zane z urz\u0105dzeniem wn\u0119trza naszej \u015bwi\u0105tyni; naby\u0142y\u015bmy nowe organy wraz z g\u0142o\u015bnikami; zosta\u0142a wykonana pod\u015bwietlona gablota w kruchcie Sanktuarium; zainstalowany zosta\u0142 sprz\u0119t do transmisji online oraz pod\u0142\u0105czony internet w nowym obiekcie; zako\u0144czono prace zwi\u0105zane z systemami zapewniaj\u0105cymi bezpiecze\u0144stwo przebywaj\u0105cym na naszym terenie osobom (system przeciwpo\u017carowy, monitoring, kontrola dost\u0119pu itp.); wykonane zosta\u0142y nasadzenia na dziedzi\u0144cu Sanktuarium oraz wiata \u015bmietnikowa. Wyposa\u017cy\u0142y\u015bmy sal\u0119 konferencyjn\u0105 w sto\u0142y, potrzebne meble oraz nag\u0142o\u015bnienie; do kawiarni zosta\u0142y zakupione stoliki; urz\u0105dzi\u0142y\u015bmy pokoje z aneksami w nowej cz\u0119\u015bci Domu Pielgrzyma; odda\u0142y\u015bmy do u\u017cytku pielgrzym\u00f3w toalety, kt\u00f3re zosta\u0142y zaopatrzone w dozowniki r\u0119cznik\u00f3w, myd\u0142a, papieru, itp.<\/p>\n<p style=\"text-align: justify\">Najwa\u017cniejszymi z prac zaplanowanych na rok 2026 s\u0105 po\u0142o\u017cenie posadzki i wykonanie nowych, wygodnych \u0142awek do Sanktuarium. Je\u015bli znajd\u0105 si\u0119 na to \u015brodki, zamierzamy r\u00f3wnie\u017c zainstalowa\u0107 docelowe nag\u0142o\u015bnienie i wykona\u0107 inne elementy wystroju wn\u0119trza. R\u00f3wnocze\u015bnie chcemy doposa\u017cy\u0107 kawiarenk\u0119 w niezb\u0119dne sprz\u0119ty: piec, naczynia i ekspres do kawy \u2013 tak, aby mog\u0142a ona w pe\u0142ni s\u0142u\u017cy\u0107 pielgrzymom z ca\u0142ej Polski i ze \u015bwiata, przybywaj\u0105cym do naszego Sanktuarium.<\/p>\n<p style=\"text-align: justify\">Sanktuarium wznoszone jest przez Zgromadzenie Si\u00f3str Matki Bo\u017cej Mi\u0142osierdzia dzi\u0119ki ofiarom, jakie na ten cel sk\u0142adaj\u0105 czciciele Bo\u017cego Mi\u0142osierdzia i ludzie dobrej woli. Dzi\u0119kujemy za ka\u017cdy dar serca, kt\u00f3ry sprawia, \u017ce w miejscu pierwszego objawienia Jezusa Mi\u0142osiernego \u015bw. Siostrze Faustynie powstaje \u015bwi\u0105tynia, i prosimy o dalsze wsparcie. Za wszystkich, kt\u00f3rzy duchowo i materialnie wspieraj\u0105 budow\u0119 Sanktuarium, modlimy si\u0119 codziennie w Godzinie Mi\u0142osierdzia s\u0142owami Koronki do Mi\u0142osierdzia Bo\u017cego, a ka\u017cdego 22 dnia miesi\u0105ca w intencji wszystkich dobroczy\u0144c\u00f3w odprawiana jest Msza \u015awi\u0119ta. Wspieraj\u0105c budow\u0119 Sanktuarium przyczyniaj\u0105 si\u0119 Pa\u0144stwo do tworzenia miejsca, w kt\u00f3rym ludzie z ca\u0142ego \u015bwiata b\u0119d\u0105 mogli do\u015bwiadczy\u0107 Bo\u017cego Mi\u0142osierdzia i pog\u0142\u0119bi\u0107 wi\u0119\u017a z Jezusem Mi\u0142osiernym. Pragniemy, aby g\u0142oszone tu or\u0119dzie o mi\u0142osiernej Mi\u0142o\u015bci Boga przemienia\u0142o \u015bwiat i coraz bardziej przybli\u017ca\u0142o ludzko\u015b\u0107 do Boga.<\/p>\n<p style=\"text-align: right\"><em>Jezu, ufam Tobie!<br \/>\n<\/em><em>Siostry Matki Bo\u017cej Mi\u0142osierdzia z P\u0142ocka<\/em><\/p>\n<h3 style=\"text-align: justify\"><span style=\"color: #800000\">Ofiary na rozbudow\u0119 Sanktuarium Bo\u017cego Mi\u0142osierdzia w P\u0142ocku mo\u017cna wp\u0142aca\u0107 na konto:<\/span><\/h3>\n<p><strong>Zgromadzenie Si\u00f3str Matki Bo\u017cej Mi\u0142osierdzia<br \/>\n<\/strong>Stary Rynek 14\/18<br \/>\n09-404 P\u0142ock<\/p>\n<p>Bank PEKAO SA<br \/>\nI O w P\u0142ocku<br \/>\nul. Kolegialna 14a<\/p>\n<p>KOD SWIFT: PKOPPLPW<\/p>\n<p>PLN Numer IBAN: 72 1240 3174 1111 0000 2890 0836<br \/>\nUSD Numer IBAN: 56 1240 3174 1787 0010 1057 7746<br \/>\nEUR Numer IBAN: 28 1240 3174 1978 0010 1057 7818<\/p>\n","protected":false},"excerpt":{"rendered":"<p>Sanktuarium Bo\u017cego Mi\u0142osierdzia w P\u0142ocku Sanktuarium Mi\u0142osierdzia Bo\u017cego w P\u0142ocku zosta\u0142o ustanowione 30 kwietnia 2000 roku, w miejscu objawie\u0144 Jezusa Mi\u0142osiernego. To tu rozpocz\u0119\u0142a si\u0119 prorocka misja \u015bw. Siostry Faustyny Kowalskiej. W klasztorze Zgromadzenia Si\u00f3str Matki Bo\u017cej Mi\u0142osierdzia przy Starym Rynku Pan Jezus poprosi\u0142 Siostr\u0119 Faustyn\u0119 o namalowanie Jego obrazu wed\u0142ug wzoru, jaki ukaza\u0142 jej [&hellip;]<\/p>\n","protected":false},"author":1,"featured_media":0,"parent":0,"menu_order":0,"comment_status":"closed","ping_status":"closed","template":"","meta":{"footnotes":""},"categories":[108,58],"tags":[],"class_list":["post-12460","page","type-page","status-publish","hentry","category-inne","category-wsparcie"],"_links":{"self":[{"href":"https:\/\/www.faustyna.pl\/zmbm\/wp-json\/wp\/v2\/pages\/12460","targetHints":{"allow":["GET"]}}],"collection":[{"href":"https:\/\/www.faustyna.pl\/zmbm\/wp-json\/wp\/v2\/pages"}],"about":[{"href":"https:\/\/www.faustyna.pl\/zmbm\/wp-json\/wp\/v2\/types\/page"}],"author":[{"embeddable":true,"href":"https:\/\/www.faustyna.pl\/zmbm\/wp-json\/wp\/v2\/users\/1"}],"replies":[{"embeddable":true,"href":"https:\/\/www.faustyna.pl\/zmbm\/wp-json\/wp\/v2\/comments?post=12460"}],"version-history":[{"count":29,"href":"https:\/\/www.faustyna.pl\/zmbm\/wp-json\/wp\/v2\/pages\/12460\/revisions"}],"predecessor-version":[{"id":31830,"href":"https:\/\/www.faustyna.pl\/zmbm\/wp-json\/wp\/v2\/pages\/12460\/revisions\/31830"}],"wp:attachment":[{"href":"https:\/\/www.faustyna.pl\/zmbm\/wp-json\/wp\/v2\/media?parent=12460"}],"wp:term":[{"taxonomy":"category","embeddable":true,"href":"https:\/\/www.faustyna.pl\/zmbm\/wp-json\/wp\/v2\/categories?post=12460"},{"taxonomy":"post_tag","embeddable":true,"href":"https:\/\/www.faustyna.pl\/zmbm\/wp-json\/wp\/v2\/tags?post=12460"}],"curies":[{"name":"wp","href":"https:\/\/api.w.org\/{rel}","templated":true}]}}