



{"id":12690,"date":"2018-03-21T22:24:09","date_gmt":"2018-03-21T21:24:09","guid":{"rendered":"https:\/\/www.faustyna.pl\/zmbm\/?page_id=12690"},"modified":"2018-03-21T22:33:57","modified_gmt":"2018-03-21T21:33:57","slug":"litania-do-milosierdzia-bozego-2","status":"publish","type":"page","link":"https:\/\/www.faustyna.pl\/zmbm\/litania-do-milosierdzia-bozego-2\/","title":{"rendered":"Litania do Mi\u0142osierdzia Bo\u017cego"},"content":{"rendered":"<p><img decoding=\"async\" class=\"alignnone size-medium wp-image-6756\" src=\"https:\/\/www.faustyna.pl\/zmbm\/wp-content\/uploads\/2018\/03\/IMG_3847.jpg\" alt=\"Litania do Mi\u0142osierdzia Bo\u017cego\" width=\"550\"><br \/>\n<audio class=\"wp-audio-shortcode\" id=\"audio-12690-1\" preload=\"none\" style=\"width: 100%;\" controls=\"controls\"><source type=\"audio\/mpeg\" src=\"https:\/\/www.faustyna.pl\/zmbm\/wp-content\/uploads\/2018\/03\/Litania-do-Mi\u0142osierdzia-Bo\u017cego-Siostry-ze-Zgromadzenia-Matki-Bo\u017cej-Mi\u0142osierdzia.mp3?_=1\" \/><a href=\"https:\/\/www.faustyna.pl\/zmbm\/wp-content\/uploads\/2018\/03\/Litania-do-Mi\u0142osierdzia-Bo\u017cego-Siostry-ze-Zgromadzenia-Matki-Bo\u017cej-Mi\u0142osierdzia.mp3\">https:\/\/www.faustyna.pl\/zmbm\/wp-content\/uploads\/2018\/03\/Litania-do-Mi\u0142osierdzia-Bo\u017cego-Siostry-ze-Zgromadzenia-Matki-Bo\u017cej-Mi\u0142osierdzia.mp3<\/a><\/audio><\/p>\n","protected":false},"excerpt":{"rendered":"<p>https:\/\/www.faustyna.pl\/zmbm\/wp-content\/uploads\/2018\/03\/Litania-do-Mi\u0142osierdzia-Bo\u017cego-Siostry-ze-Zgromadzenia-Matki-Bo\u017cej-Mi\u0142osierdzia.mp3<\/p>\n","protected":false},"author":4,"featured_media":0,"parent":0,"menu_order":0,"comment_status":"closed","ping_status":"closed","template":"","meta":{"footnotes":""},"categories":[107921],"tags":[],"class_list":["post-12690","page","type-page","status-publish","hentry","category-pliki-audio"],"_links":{"self":[{"href":"https:\/\/www.faustyna.pl\/zmbm\/wp-json\/wp\/v2\/pages\/12690","targetHints":{"allow":["GET"]}}],"collection":[{"href":"https:\/\/www.faustyna.pl\/zmbm\/wp-json\/wp\/v2\/pages"}],"about":[{"href":"https:\/\/www.faustyna.pl\/zmbm\/wp-json\/wp\/v2\/types\/page"}],"author":[{"embeddable":true,"href":"https:\/\/www.faustyna.pl\/zmbm\/wp-json\/wp\/v2\/users\/4"}],"replies":[{"embeddable":true,"href":"https:\/\/www.faustyna.pl\/zmbm\/wp-json\/wp\/v2\/comments?post=12690"}],"version-history":[{"count":4,"href":"https:\/\/www.faustyna.pl\/zmbm\/wp-json\/wp\/v2\/pages\/12690\/revisions"}],"predecessor-version":[{"id":12707,"href":"https:\/\/www.faustyna.pl\/zmbm\/wp-json\/wp\/v2\/pages\/12690\/revisions\/12707"}],"wp:attachment":[{"href":"https:\/\/www.faustyna.pl\/zmbm\/wp-json\/wp\/v2\/media?parent=12690"}],"wp:term":[{"taxonomy":"category","embeddable":true,"href":"https:\/\/www.faustyna.pl\/zmbm\/wp-json\/wp\/v2\/categories?post=12690"},{"taxonomy":"post_tag","embeddable":true,"href":"https:\/\/www.faustyna.pl\/zmbm\/wp-json\/wp\/v2\/tags?post=12690"}],"curies":[{"name":"wp","href":"https:\/\/api.w.org\/{rel}","templated":true}]}}