



{"id":12723,"date":"2018-03-21T23:01:17","date_gmt":"2018-03-21T22:01:17","guid":{"rendered":"https:\/\/www.faustyna.pl\/zmbm\/?page_id=12723"},"modified":"2018-03-21T23:07:12","modified_gmt":"2018-03-21T22:07:12","slug":"przemowienie-sw-jana-pawla-ii-z-pierwszej-pielgrzymki-do-sanktuarium-w-lagiewnikach","status":"publish","type":"page","link":"https:\/\/www.faustyna.pl\/zmbm\/przemowienie-sw-jana-pawla-ii-z-pierwszej-pielgrzymki-do-sanktuarium-w-lagiewnikach\/","title":{"rendered":"Przem\u00f3wienie \u015bw. Jana Paw\u0142a II z pierwszej pielgrzymki do Sanktuarium w \u0141agiewnikach"},"content":{"rendered":"<p><img decoding=\"async\" class=\"alignnone size-medium wp-image-8973\" src=\"https:\/\/www.faustyna.pl\/zmbm\/wp-content\/uploads\/2018\/03\/Jan-Pawe\u0142-II-7-VI-1997-02.jpg\" alt=\"Przem\u00f3wienie \u015bw. Jana Paw\u0142a II w \u0142agiewnickim sanktuarium, 7 czerwca 1997\" width=\"550\"><\/p>\n<p><strong>Przem\u00f3wienie \u015bw. Jana Paw\u0142a II w \u0142agiewnickim sanktuarium, 7 czerwca 1997<\/strong><\/p>\n<audio class=\"wp-audio-shortcode\" id=\"audio-12723-1\" preload=\"none\" style=\"width: 100%;\" controls=\"controls\"><source type=\"audio\/mpeg\" src=\"https:\/\/www.faustyna.pl\/zmbm\/wp-content\/uploads\/2018\/03\/Przem\u00f3wienie-JP-II-7-czerwca-1997.mp3?_=1\" \/><a href=\"https:\/\/www.faustyna.pl\/zmbm\/wp-content\/uploads\/2018\/03\/Przem\u00f3wienie-JP-II-7-czerwca-1997.mp3\">https:\/\/www.faustyna.pl\/zmbm\/wp-content\/uploads\/2018\/03\/Przem\u00f3wienie-JP-II-7-czerwca-1997.mp3<\/a><\/audio>\n","protected":false},"excerpt":{"rendered":"<p>Przem\u00f3wienie \u015bw. Jana Paw\u0142a II w \u0142agiewnickim sanktuarium, 7 czerwca 1997 https:\/\/www.faustyna.pl\/zmbm\/wp-content\/uploads\/2018\/03\/Przem\u00f3wienie-JP-II-7-czerwca-1997.mp3<\/p>\n","protected":false},"author":4,"featured_media":0,"parent":0,"menu_order":0,"comment_status":"closed","ping_status":"closed","template":"","meta":{"footnotes":""},"categories":[107921],"tags":[],"class_list":["post-12723","page","type-page","status-publish","hentry","category-pliki-audio"],"_links":{"self":[{"href":"https:\/\/www.faustyna.pl\/zmbm\/wp-json\/wp\/v2\/pages\/12723","targetHints":{"allow":["GET"]}}],"collection":[{"href":"https:\/\/www.faustyna.pl\/zmbm\/wp-json\/wp\/v2\/pages"}],"about":[{"href":"https:\/\/www.faustyna.pl\/zmbm\/wp-json\/wp\/v2\/types\/page"}],"author":[{"embeddable":true,"href":"https:\/\/www.faustyna.pl\/zmbm\/wp-json\/wp\/v2\/users\/4"}],"replies":[{"embeddable":true,"href":"https:\/\/www.faustyna.pl\/zmbm\/wp-json\/wp\/v2\/comments?post=12723"}],"version-history":[{"count":7,"href":"https:\/\/www.faustyna.pl\/zmbm\/wp-json\/wp\/v2\/pages\/12723\/revisions"}],"predecessor-version":[{"id":12733,"href":"https:\/\/www.faustyna.pl\/zmbm\/wp-json\/wp\/v2\/pages\/12723\/revisions\/12733"}],"wp:attachment":[{"href":"https:\/\/www.faustyna.pl\/zmbm\/wp-json\/wp\/v2\/media?parent=12723"}],"wp:term":[{"taxonomy":"category","embeddable":true,"href":"https:\/\/www.faustyna.pl\/zmbm\/wp-json\/wp\/v2\/categories?post=12723"},{"taxonomy":"post_tag","embeddable":true,"href":"https:\/\/www.faustyna.pl\/zmbm\/wp-json\/wp\/v2\/tags?post=12723"}],"curies":[{"name":"wp","href":"https:\/\/api.w.org\/{rel}","templated":true}]}}