



{"id":1381,"date":"2014-12-18T23:04:58","date_gmt":"2014-12-18T23:04:58","guid":{"rendered":"http:\/\/www.faustyna.pl\/zmbm\/?page_id=1381"},"modified":"2026-05-08T12:13:02","modified_gmt":"2026-05-08T10:13:02","slug":"mapa-i-dojazd","status":"publish","type":"page","link":"https:\/\/www.faustyna.pl\/zmbm\/mapa-i-dojazd\/","title":{"rendered":"Mapa i dojazd"},"content":{"rendered":"<p><a href=\"https:\/\/maps.app.goo.gl\/R2goXv9hDxihGCPK6\">Link do mapy<\/a><\/p>\n<p>&nbsp;<\/p>\n<p><a href=\"https:\/\/www.faustyna.pl\/zmbm\/wp-content\/uploads\/2024\/04\/Sanktuarium_Mapa-3D.jpg\" data-gallery><img loading=\"lazy\" decoding=\"async\" class=\"aligncenter wp-image-28823 size-full\" src=\"https:\/\/www.faustyna.pl\/zmbm\/wp-content\/uploads\/2024\/04\/Sanktuarium_Mapa-3D.jpg\" alt=\"\" width=\"1024\" height=\"824\" srcset=\"https:\/\/www.faustyna.pl\/zmbm\/wp-content\/uploads\/2024\/04\/Sanktuarium_Mapa-3D.jpg 1024w, https:\/\/www.faustyna.pl\/zmbm\/wp-content\/uploads\/2024\/04\/Sanktuarium_Mapa-3D-497x400.jpg 497w, https:\/\/www.faustyna.pl\/zmbm\/wp-content\/uploads\/2024\/04\/Sanktuarium_Mapa-3D-140x113.jpg 140w\" sizes=\"auto, (max-width: 1024px) 100vw, 1024px\" \/><\/a><\/p>\n<ol>\n<li>Brama \u2013 g\u0142\u00f3wne wej\u015bcie do Sanktuarium<\/li>\n<li>\u201eDom \u015bw. Siostry Faustyny\u201d \u2013 noclegi, muzeum<\/li>\n<li>Klasztor<\/li>\n<li>\u201eAntoninek\u201d \u2013 stowarzyszenie \u201eFaustinum\u201d<\/li>\n<li>\n<h4><span style=\"color: #800000\">Kaplica Jezusa Mi\u0142osiernego i grobu \u015bw. Faustyny<\/span><\/h4>\n<\/li>\n<li>Oratorium \u2013 miejsce \u015bmierci \u015bw. Faustyny<\/li>\n<li>Kaplica M\u0119ki Pa\u0144skiej<\/li>\n<li>Bazylika Bo\u017cego Mi\u0142osierdzia<\/li>\n<li>Kaplica \u015bw. Siostry Faustyny \u2013 w\u0142oska<\/li>\n<li>Kaplica Communio Sanctorum \u2013 w\u0119gierska<\/li>\n<li>Kaplica \u015bw. Andrzeja \u2013 grekokatolicka<\/li>\n<li>Kaplica \u015awi\u0119tego Krzy\u017ca \u2013 niemiecka<\/li>\n<li>Kaplica Matki Boskiej Siedmiobolesnej \u2013 s\u0142owacka<\/li>\n<li>Kaplica Wieczystej Adoracji<\/li>\n<li>Wie\u017ca widokowa<\/li>\n<li>Cmentarz zakonny<\/li>\n<li>\u201eDom \u015bw. Siostry Faustyny\u201d \u2013 restauracja, pami\u0105tki, prelekcje,<\/li>\n<li>Dom duszpasterski \u2013 noclegi, restauracja<\/li>\n<li>M\u0142odzie\u017cowy O\u015brodek Wychowawczy im. \u015bw. Siostry Faustyny<\/li>\n<li>Punkt informacyjny<\/li>\n<li>Pasa\u017c handlowy \u2013 sklep wydawnictwa Misericordia<\/li>\n<li>Aula \u015bw. Jana Paw\u0142a II<\/li>\n<li>Parking \u2013 samochody osobowe<\/li>\n<li>Parking \u2013 autokary i samochody osobowe<\/li>\n<li>Toalety<\/li>\n<li>Most Mi\u0142osierdzia \u2013 przej\u015bcie do Sanktuarium \u015bw. Jana Paw\u0142a II i na przystanek\u00a0\u00a0 tramwajowy.<\/li>\n<\/ol>\n<p><a href=\"https:\/\/www.faustyna.pl\/zmbm\/sanktuaria\/\">Sanktuaria\/Sanktuarium Bo\u017cego Mi\u0142osierdzia w Krakowie-\u0141agiewnikach<\/a><\/p>\n","protected":false},"excerpt":{"rendered":"<p>Link do mapy &nbsp; Brama \u2013 g\u0142\u00f3wne wej\u015bcie do Sanktuarium \u201eDom \u015bw. Siostry Faustyny\u201d \u2013 noclegi, muzeum Klasztor \u201eAntoninek\u201d \u2013 stowarzyszenie \u201eFaustinum\u201d Kaplica Jezusa Mi\u0142osiernego i grobu \u015bw. Faustyny Oratorium \u2013 miejsce \u015bmierci \u015bw. Faustyny Kaplica M\u0119ki Pa\u0144skiej Bazylika Bo\u017cego Mi\u0142osierdzia Kaplica \u015bw. Siostry Faustyny \u2013 w\u0142oska Kaplica Communio Sanctorum \u2013 w\u0119gierska Kaplica \u015bw. Andrzeja [&hellip;]<\/p>\n","protected":false},"author":1,"featured_media":0,"parent":0,"menu_order":0,"comment_status":"closed","ping_status":"closed","template":"","meta":{"footnotes":""},"categories":[40],"tags":[],"class_list":["post-1381","page","type-page","status-publish","hentry","category-lagiewniki-stolica-kultu-milosierdzia-bozego"],"_links":{"self":[{"href":"https:\/\/www.faustyna.pl\/zmbm\/wp-json\/wp\/v2\/pages\/1381","targetHints":{"allow":["GET"]}}],"collection":[{"href":"https:\/\/www.faustyna.pl\/zmbm\/wp-json\/wp\/v2\/pages"}],"about":[{"href":"https:\/\/www.faustyna.pl\/zmbm\/wp-json\/wp\/v2\/types\/page"}],"author":[{"embeddable":true,"href":"https:\/\/www.faustyna.pl\/zmbm\/wp-json\/wp\/v2\/users\/1"}],"replies":[{"embeddable":true,"href":"https:\/\/www.faustyna.pl\/zmbm\/wp-json\/wp\/v2\/comments?post=1381"}],"version-history":[{"count":12,"href":"https:\/\/www.faustyna.pl\/zmbm\/wp-json\/wp\/v2\/pages\/1381\/revisions"}],"predecessor-version":[{"id":32484,"href":"https:\/\/www.faustyna.pl\/zmbm\/wp-json\/wp\/v2\/pages\/1381\/revisions\/32484"}],"wp:attachment":[{"href":"https:\/\/www.faustyna.pl\/zmbm\/wp-json\/wp\/v2\/media?parent=1381"}],"wp:term":[{"taxonomy":"category","embeddable":true,"href":"https:\/\/www.faustyna.pl\/zmbm\/wp-json\/wp\/v2\/categories?post=1381"},{"taxonomy":"post_tag","embeddable":true,"href":"https:\/\/www.faustyna.pl\/zmbm\/wp-json\/wp\/v2\/tags?post=1381"}],"curies":[{"name":"wp","href":"https:\/\/api.w.org\/{rel}","templated":true}]}}