



{"id":1383,"date":"2014-12-18T23:05:11","date_gmt":"2014-12-18T23:05:11","guid":{"rendered":"http:\/\/www.faustyna.pl\/zmbm\/?page_id=1383"},"modified":"2026-05-08T12:12:38","modified_gmt":"2026-05-08T10:12:38","slug":"rozbudowa","status":"publish","type":"page","link":"https:\/\/www.faustyna.pl\/zmbm\/rozbudowa\/","title":{"rendered":"Rozbudowa"},"content":{"rendered":"<h3 style=\"text-align: center\"><span style=\"color: #800000\">Sanktuarium Bo\u017cego Mi\u0142osierdzia<\/span><br \/>\n<span style=\"color: #800000\"> w Krakowie-\u0141agiewnikach<\/span><\/h3>\n<p style=\"text-align: justify\">Dalsz\u0105 rozbudow\u0119 Sanktuarium Bo\u017cego Mi\u0142osierdzia w Krakowie-\u0141agiewnikach prowadzi Zgromadzenie Si\u00f3str Matki Bo\u017cej Mi\u0142osierdzia. W planach jest budowa obiektu przeznaczonego dla pielgrzym\u00f3w i aposto\u0142\u00f3w Bo\u017cego Mi\u0142osierdzia, na multimedialne muzeum \u015bw. Siostry Faustyny, zaplecze dla prac naukowych: bibliotek\u0119, archiwum, dokumentacj\u0119 kultu Mi\u0142osierdzia Bo\u017cego oraz dla Wydawnictwa \u201eMisericordia\u201d.<\/p>\n<p style=\"clear: both\"><b><a href=\"https:\/\/www.faustyna.pl\/zmbm\/wp-content\/uploads\/2020\/05\/Sanktuarium-BM-w-Krakowie-Lagiewnikach-foto-M-Karnecki.jpg\" data-gallery><img loading=\"lazy\" decoding=\"async\" class=\"aligncenter wp-image-17677 size-full\" src=\"https:\/\/www.faustyna.pl\/zmbm\/wp-content\/uploads\/2020\/05\/Sanktuarium-BM-w-Krakowie-Lagiewnikach-foto-M-Karnecki.jpg\" alt=\"\" width=\"1024\" height=\"604\" srcset=\"https:\/\/www.faustyna.pl\/zmbm\/wp-content\/uploads\/2020\/05\/Sanktuarium-BM-w-Krakowie-Lagiewnikach-foto-M-Karnecki.jpg 1024w, https:\/\/www.faustyna.pl\/zmbm\/wp-content\/uploads\/2020\/05\/Sanktuarium-BM-w-Krakowie-Lagiewnikach-foto-M-Karnecki-560x330.jpg 560w, https:\/\/www.faustyna.pl\/zmbm\/wp-content\/uploads\/2020\/05\/Sanktuarium-BM-w-Krakowie-Lagiewnikach-foto-M-Karnecki-140x83.jpg 140w\" sizes=\"auto, (max-width: 1024px) 100vw, 1024px\" \/><\/a><\/b><\/p>\n<p style=\"clear: both\"><b><span style=\"color: #800000\">Ofiary na rozbudow\u0119 mo\u017cna wp\u0142aca\u0107 na konto:<\/span><\/b><\/p>\n<p>Zgromadzenie Si\u00f3str Matki Bo\u017cej Mi\u0142osierdzia<br \/>\nul. Siostry Faustyny 3, 30-608 Krak\u00f3w, tel. (12)\u00a0351 88 00<\/p>\n<p>BNP Paribas\u00a0Bank Polska S.A.<br \/>\nOdzia\u0142 w Krakowie, ul Armii Krajowej 28<br \/>\n30-150 Krak\u00f3w<\/p>\n<p style=\"clear: both\">PLN:\u00a034 1600 1013 0002 0012 3671 2150<br \/>\nEUR:\u00a046\u00a01600 1013 0002 0012 3671 2031<br \/>\nUSD:\u00a041 1600 1013 0002 0012 3671 2024<\/p>\n<p style=\"clear: both\">Kod swiftowy banku: PPABPLPK<\/p>\n<p style=\"clear: both\">IBAN: PL<\/p>\n<p><!--more--><\/p>\n<h3 align=\"center\"><b><span style=\"color: #800000\">CZEGO BRAKUJE W \u0141AGIEWNIKACH?<\/span> <\/b><\/h3>\n<p align=\"justify\">Sanktuarium w \u0141agiewnikach \u2013 to miejsce znane\u00a0 dos\u0142ownie na wszystkich kontynentach, co roku przybywaj\u0105 tutaj pielgrzymi z ponad 80 kraj\u00f3w \u015bwiata.\u00a0Pod ka\u017cd\u0105 liter\u0105\u00a0 alfabetu mo\u017cna by umie\u015bci\u0107\u00a0 nazwy\u00a0 kilku\u00a0 pa\u0144stw, a r\u00f3\u017cnokolorowe twarze i cz\u0119sto oryginalne ubiory (jak cho\u0107by hinduskie sari, japo\u0144skie kimona czy india\u0144skie pi\u00f3ropusze) \u015bwiadcz\u0105, \u017ce miejsce to jest szczeg\u00f3lne dla ka\u017cdego bez wzgl\u0119du na pochodzenie czy j\u0119zyk. Prawie ka\u017cdego dnia w \u0141agiewnikach us\u0142ysze\u0107 mo\u017cna s\u0142owa: mercy, Barmherzigkeit, milosrdenstvo, misericordia, \u043c\u0438\u043b\u043e\u0441\u0435\u0440\u0434\u0438\u0435, rahamim\u2026 I chyba nikt si\u0119 temu nie dziwi,\u00a0 gdy\u017c \u0141agiewniki\u00a0 to\u00a0 stolic\u0105 \u2013 <i style=\"font-weight: normal\">stolica\u00a0 kultu\u00a0 Mi\u0142osierdzia\u00a0 Bo\u017cego<\/i>, z kt\u00f3rej wysz\u0142o or\u0119dzie przekazane przez Chrystusa Siostrze Faustynie; to duchowe centrum czcicieli Boga bogatego w mi\u0142osierdzie; to miejsce spoczynku relikwii jednej z najwi\u0119kszych \u015awi\u0119tych w historii Ko\u015bcio\u0142a; to miejsce, do kt\u00f3rego pielgrzymuj\u0105 papie\u017ce, kardyna\u0142owie, biskupi i kap\u0142ani-duszpasterze wraz z wiernymi, by zaczerpn\u0105\u0107 \u0142ask u \u017ar\u00f3d\u0142a i umocni\u0107 sw\u0105 nadziej\u0119.<\/p>\n<p align=\"justify\"><b>\u00a0\u00a0\u00a0\u00a0\u00a0\u00a0\u00a0 <span style=\"color: #800000\">Co ju\u017c jest w \u0141agiewnikach?<\/span> <\/b><\/p>\n<p style=\"text-align: justify\">Odwiedzaj\u0105c\u00a0krakowskie\u00a0\u0141agiewniki, pielgrzymi znajd\u0105 tutaj to,\u00a0co potrzebne\u00a0 jest\u00a0cz\u0142owiekowi\u00a0 szukaj\u0105cemu\u00a0 wyciszenia i\u00a0osobistego\u00a0kontaktu z Bogiem. Jest to bowiem \u2013 jak powiedzia\u0142 Jan Pawe\u0142 II \u2013 miejsce uprzywilejowane, wybrane przez Boga, gdzie ludzie do\u015bwiadczaj\u0105 Jego \u017cywej obecno\u015bci i \u0142aski. Dlatego te\u017c wszyscy pielgrzymi chc\u0105 by\u0107 w kaplicy klasztornej z \u0142askami s\u0142yn\u0105cym obrazem Jezusa Mi\u0142osiernego, uca\u0142owa\u0107 relikwie \u015bw. Siostry Faustyny.\u00a0Chc\u0105\u00a0 uczestniczy\u0107 w Liturgii\u00a0 Mszy\u00a0 \u015bwi\u0119tej, skorzysta\u0107 z sakramentu pojednania, a gdy czas pozwala \u2013 pozosta\u0107 na modlitwie przed Naj\u015bwi\u0119tszym Sakramentem. Tu przy relikwiach Aposto\u0142ki Bo\u017cego Mi\u0142osierdzia dokonuje si\u0119 duchowa wymiana mi\u0119dzy niebem a ziemi\u0105. Jej wstawiennictwu pielgrzymi z ufno\u015bci\u0105 polecaj\u0105 swe pro\u015bby, zwi\u0105zane z wielkimi i ma\u0142ymi\u00a0 sprawami\u00a0 codzienno\u015bci, a w\u00a0 zamian\u00a0 otrzymuj\u0105 \u0142aski\u00a0 nadprzyrodzone i doczesne dobrodziejstwa. Nieraz s\u0105 to prawdziwe cuda.<\/p>\n<p style=\"text-align: justify\">O tym,\u00a0kim\u00a0by\u0142a\u00a0Siostra\u00a0Faustyna i na\u00a0 czym\u00a0 polega\u00a0 jej\u00a0 misja, pielgrzymi dowiaduj\u0105 si\u0119 z publikacji Wydawnictwa \u201eMisericordia\u201d, kwartalnika \u201eOr\u0119dzie Mi\u0142osierdzia\u201d, strony: www.faustyna.pl oraz podczas prelekcji g\u0142oszonych pielgrzymom. Siostry Matki Bo\u017cej Mi\u0142osierdzia staraj\u0105 si\u0119 dzieli\u0107 tym <i style=\"font-weight: normal\">darem Boga dla naszych czas\u00f3w<\/i>, jakim jest \u017cycie i misja \u015bw. Siostry Faustyny, na r\u00f3\u017cne sposoby, tak\u017ce poprzez formacj\u0119 aposto\u0142\u00f3w Bo\u017cego Mi\u0142osierdzia w stowarzyszeniu \u201eFaustinum\u201d. Jest to jedyna wsp\u00f3lnota w Ko\u015bciele prowadz\u0105ca w kilku j\u0119zykach programow\u0105 formacj\u0119 w duchu \u015bw. Siostry Faustyny.<\/p>\n<p style=\"text-align: justify\">Niezwykle\u00a0 wa\u017cnym\u00a0 rysem\u00a0 tego\u00a0 Sanktuarium\u00a0 jest\u00a0 r\u00f3wnie\u017c\u00a0 modlitwa o mi\u0142osierdzie dla ca\u0142ego \u015bwiata, szczeg\u00f3lnie o duchow\u0105 przemian\u0119 i \u0142aski nawr\u00f3cenia dla grzesznik\u00f3w, gdy\u017c za nich ca\u0142e swoje \u017cycie z\u0142o\u017cy\u0142a w ofierze \u015bw. Faustyna. W spos\u00f3b szczeg\u00f3lny piel\u0119gnowane s\u0105 tu nowe formy kultu Mi\u0142osierdzia Bo\u017cego. Dlatego tak wielu pielgrzym\u00f3w chce uczestniczy\u0107 w codziennej modlitwie Godziny Mi\u0142osierdzia (15 00) i odmawianej po niej Koronce do Mi\u0142osierdzia Bo\u017cego, a na \u015bwi\u0119to Mi\u0142osierdzia zje\u017cd\u017caj\u0105 si\u0119 t\u0142umy z Polski i ze \u015bwiata. Sprawowaniu liturgii w obcych j\u0119zykach s\u0142u\u017c\u0105 kaplice w dolnej cz\u0119\u015bci bazyliki ufundowane przez lokalne Ko\u015bcio\u0142y na W\u0119grzech, we W\u0142oszech, na S\u0142owacji, w Polsce i na Ukrainie. Przez 24 godziny na dob\u0119 w Kaplicy Wieczystej Adoracji czeka Jezus w Naj\u015bwi\u0119tszym Sakramencie, by utrudzonych pielgrzym\u00f3w s\u0142ucha\u0107 i obdarza\u0107 ich swymi \u0142askami.<\/p>\n<p style=\"text-align: justify\">Do dyspozycji pielgrzym\u00f3w jest r\u00f3wnie\u017c Aula Jana Paw\u0142a II, wie\u017ca widokowa i zaplecze socjalne w Domu Duszpasterskim: miejsca hotelowe, restauracja i kawiarnia oraz pasa\u017c handlowy.<\/p>\n<p align=\"justify\">\u00a0<b>\u00a0\u00a0\u00a0\u00a0\u00a0\u00a0\u00a0 <span style=\"color: #800000\">Czego jeszcze brakuje? <\/span><\/b><\/p>\n<p style=\"text-align: justify\">Wydawa\u0107 by si\u0119 mog\u0142o, \u017ce to wystarczy, a jednak jest to ci\u0105gle za ma\u0142o w stosunku do potrzeb pielgrzym\u00f3w i aposto\u0142\u00f3w Bo\u017cego Mi\u0142osierdzia, kt\u00f3rzy w tym miejscu chc\u0105 przebywa\u0107, modli\u0107 si\u0119, odprawia\u0107 dni skupienia i rekolekcje, odpocz\u0105\u0107 w klimacie sacrum. Nierzadko chc\u0105 zosta\u0107 w Sanktuarium kilka dni, by zaprzyja\u017ani\u0107 si\u0119 z t\u0105 \u015awi\u0119t\u0105 od <i style=\"font-weight: normal\">szarych i monotonnych dni<\/i>, by t\u0105 atmosfer\u0105 na\u0142adowa\u0107 sw\u00f3j wewn\u0119trzny <i style=\"font-weight: normal\">akumulator<\/i>. U samego \u0179r\u00f3d\u0142a jest miejsce dla ka\u017cdego, ale nie wszystkie potrzeby pielgrzym\u00f3w i aposto\u0142\u00f3w Bo\u017cego Mi\u0142osierdzia mog\u0105 by\u0107 zaspokojone. Brakuje przede wszystkim zaplecza lokalowego, by udost\u0119pnia\u0107 ca\u0142e bogactwo duchowo\u015bci i misji \u015bw. Siostry Faustyny. Dlatego Zgromadzenie Si\u00f3str Matki Bo\u017cej Mi\u0142osierdzia planuje dalsz\u0105 rozbudow\u0119 Sanktuarium.<\/p>\n<p style=\"text-align: justify\">Zaprojektowany\u00a0nowy\u00a0kompleks\u00a0budynk\u00f3w\u00a0mie\u015bci w sobie\u00a0sale\u00a0konferencyjne dla pielgrzym\u00f3w, w kt\u00f3rych odbywa\u0107 si\u0119 b\u0119d\u0105 tak\u017ce okoliczno\u015bciowe zjazdy, naukowe sympozja, narodowe i mi\u0119dzynarodowe kongresy po\u015bwi\u0119cone Bo\u017cemu Mi\u0142osierdziu oraz inne spotkania dla grup zorganizowanych. Planowany jest tak\u017ce dom rekolekcyjny dla wszystkich, kt\u00f3rzy pragn\u0105 zg\u0142\u0119bia\u0107 duchowo\u015b\u0107 i misj\u0119 \u015bw. Siostry Faustyny pozostaj\u0105c w tym szczeg\u00f3lnym miejscu w jej duchowej obecno\u015bci oraz zaplecze lokalowe dla formacji aposto\u0142\u00f3w Mi\u0142osierdzia Bo\u017cego prowadzonej przez stowarzyszenie \u201eFaustinum\u201d. Projekt uwzgl\u0119dnia tak\u017ce przestrze\u0144 dla multimedialnego muzeum, w kt\u00f3rym pami\u0105tki, ca\u0142e dzieje <i style=\"font-weight: normal\">Sekretarki Bo\u017cego Mi\u0142osierdzia<\/i> i oddzia\u0142ywanie przekazanego przez ni\u0105 or\u0119dzia Mi\u0142osierdzia na \u017cycie Ko\u015bcio\u0142a, stan\u0105 si\u0119 \u017cywe i dost\u0119pne dla ka\u017cdego. Cz\u0119\u015b\u0107 eksponat\u00f3w dla muzeum zdeponowana jest obecnie w domu zakonnym Zgromadzenia, ale ze wzgl\u0119du na brak odpowiednich\u00a0 pomieszcze\u0144,\u00a0 nie\u00a0 jest\u00a0 udost\u0119pniana\u00a0 pielgrzymom. W nowym obiekcie b\u0119dzie tak\u017ce miejsce dla biblioteki, archiwum, pracowni bibliograficznej i dokumentacji kultu Mi\u0142osierdzia \u2013 konieczna baza do bada\u0144 naukowych nad dziedzictwem i spu\u015bcizn\u0105 \u015bw. Siostry Faustyny oraz tajemnic\u0105 mi\u0142osierdzia Bo\u017cego. Na pomieszczenia czeka te\u017c Wydawnictwo Misericordia, wspieraj\u0105ce swoimi publikacjami w wielu j\u0119zykach rozw\u00f3j or\u0119dzia Mi\u0142osierdzia na ca\u0142ym \u015bwiecie poprzez wydawnictwa ksi\u0105\u017ckowe, kasety, p\u0142yty CD i DVD, obrazy i inne materia\u0142y s\u0142u\u017c\u0105ce dzie\u0142u Siostry Faustyny, oraz redakcja kwartalnika \u201eOr\u0119dzie Mi\u0142osierdzia\u201d.<\/p>\n<p align=\"justify\"><b>\u00a0\u00a0\u00a0\u00a0 <span style=\"color: #800000\">Czy to mo\u017cliwe?<\/span><\/b><\/p>\n<p style=\"text-align: justify\">To oczywiste, \u017ce planowana rozbudowa Sanktuarium przerasta si\u0142y i mo\u017cliwo\u015bci samego Zgromadzenia. Ale \u2013 podobnie jak w przypadku budowy bazyliki w \u0142agiewnickim Sanktuarium \u2013 siostry licz\u0105 na wsp\u00f3\u0142udzia\u0142 ludzi dobrej woli, kt\u00f3rzy chc\u0105 w tym miejscu mie\u0107 swoj\u0105 cegie\u0142k\u0119 i udzia\u0142 w misji szerzenia \u015bwiatu or\u0119dzia Mi\u0142osierdzia. Odwdzi\u0119czaj\u0105 si\u0119 modlitw\u0105, polecaj\u0105c wszystkich ofiarodawc\u00f3w Bo\u017cemu Mi\u0142osierdziu.<\/p>\n<p align=\"right\"><i style=\"font-weight: normal\">s. M. Koleta Fronckowiak ISMM<\/i><\/p>\n<p>&#8212;&#8212;&#8212;&#8212;&#8212;&#8212;&#8212;&#8212;&#8212;&#8212;-<br \/>\nArtyku\u0142 w: \u201eOr\u0119dzie Mi\u0142osierdzia\u201d 72(2009), s. 8-9.<\/p>\n<p><a href=\"https:\/\/www.faustyna.pl\/zmbm\/sanktuaria\/\">Sanktuaria\/Sanktuarium Bo\u017cego Mi\u0142osierdzia w Krakowie-\u0141agiewnikach<\/a><\/p>\n","protected":false},"excerpt":{"rendered":"<p>Sanktuarium Bo\u017cego Mi\u0142osierdzia w Krakowie-\u0141agiewnikach Dalsz\u0105 rozbudow\u0119 Sanktuarium Bo\u017cego Mi\u0142osierdzia w Krakowie-\u0141agiewnikach prowadzi Zgromadzenie Si\u00f3str Matki Bo\u017cej Mi\u0142osierdzia. W planach jest budowa obiektu przeznaczonego dla pielgrzym\u00f3w i aposto\u0142\u00f3w Bo\u017cego Mi\u0142osierdzia, na multimedialne muzeum \u015bw. Siostry Faustyny, zaplecze dla prac naukowych: bibliotek\u0119, archiwum, dokumentacj\u0119 kultu Mi\u0142osierdzia Bo\u017cego oraz dla Wydawnictwa \u201eMisericordia\u201d. Ofiary na rozbudow\u0119 mo\u017cna wp\u0142aca\u0107 [&hellip;]<\/p>\n","protected":false},"author":1,"featured_media":0,"parent":0,"menu_order":0,"comment_status":"closed","ping_status":"closed","template":"","meta":{"footnotes":""},"categories":[40],"tags":[],"class_list":["post-1383","page","type-page","status-publish","hentry","category-lagiewniki-stolica-kultu-milosierdzia-bozego"],"_links":{"self":[{"href":"https:\/\/www.faustyna.pl\/zmbm\/wp-json\/wp\/v2\/pages\/1383","targetHints":{"allow":["GET"]}}],"collection":[{"href":"https:\/\/www.faustyna.pl\/zmbm\/wp-json\/wp\/v2\/pages"}],"about":[{"href":"https:\/\/www.faustyna.pl\/zmbm\/wp-json\/wp\/v2\/types\/page"}],"author":[{"embeddable":true,"href":"https:\/\/www.faustyna.pl\/zmbm\/wp-json\/wp\/v2\/users\/1"}],"replies":[{"embeddable":true,"href":"https:\/\/www.faustyna.pl\/zmbm\/wp-json\/wp\/v2\/comments?post=1383"}],"version-history":[{"count":21,"href":"https:\/\/www.faustyna.pl\/zmbm\/wp-json\/wp\/v2\/pages\/1383\/revisions"}],"predecessor-version":[{"id":32483,"href":"https:\/\/www.faustyna.pl\/zmbm\/wp-json\/wp\/v2\/pages\/1383\/revisions\/32483"}],"wp:attachment":[{"href":"https:\/\/www.faustyna.pl\/zmbm\/wp-json\/wp\/v2\/media?parent=1383"}],"wp:term":[{"taxonomy":"category","embeddable":true,"href":"https:\/\/www.faustyna.pl\/zmbm\/wp-json\/wp\/v2\/categories?post=1383"},{"taxonomy":"post_tag","embeddable":true,"href":"https:\/\/www.faustyna.pl\/zmbm\/wp-json\/wp\/v2\/tags?post=1383"}],"curies":[{"name":"wp","href":"https:\/\/api.w.org\/{rel}","templated":true}]}}