



{"id":1384,"date":"2014-12-18T23:05:18","date_gmt":"2014-12-18T23:05:18","guid":{"rendered":"http:\/\/www.faustyna.pl\/zmbm\/?page_id=1384"},"modified":"2024-04-09T09:17:10","modified_gmt":"2024-04-09T07:17:10","slug":"dom-sw-siostry-faustyny","status":"publish","type":"page","link":"https:\/\/www.faustyna.pl\/zmbm\/dom-sw-siostry-faustyny\/","title":{"rendered":"\u201eDom \u015bw. Siostry Faustyny\u201d"},"content":{"rendered":"<h3 style=\"text-align: center;\" align=\"justify\"><span style=\"color: #800000;\"><a href=\"https:\/\/www.faustyna.pl\/zmbm\/wp-content\/uploads\/2014\/12\/Noclegi-Dom-Siostry-Faustyny.jpg\" data-gallery><img loading=\"lazy\" decoding=\"async\" class=\"alignleft size-medium wp-image-7697\" src=\"https:\/\/www.faustyna.pl\/zmbm\/wp-content\/uploads\/2014\/12\/Noclegi-Dom-Siostry-Faustyny-560x334.jpg\" alt=\"Noclegi - Dom Siostry Faustyny\" width=\"560\" height=\"334\" srcset=\"https:\/\/www.faustyna.pl\/zmbm\/wp-content\/uploads\/2014\/12\/Noclegi-Dom-Siostry-Faustyny-560x334.jpg 560w, https:\/\/www.faustyna.pl\/zmbm\/wp-content\/uploads\/2014\/12\/Noclegi-Dom-Siostry-Faustyny-140x84.jpg 140w, https:\/\/www.faustyna.pl\/zmbm\/wp-content\/uploads\/2014\/12\/Noclegi-Dom-Siostry-Faustyny.jpg 1024w\" sizes=\"auto, (max-width: 560px) 100vw, 560px\" \/><\/a><\/span><\/h3>\n<h3 style=\"text-align: center;\" align=\"justify\"><\/h3>\n<h3 style=\"text-align: center;\" align=\"justify\"><\/h3>\n<h3 style=\"text-align: center;\" align=\"justify\"><\/h3>\n<h3 style=\"text-align: center;\" align=\"justify\"><\/h3>\n<h3 style=\"text-align: center;\" align=\"justify\"><\/h3>\n<h3 style=\"text-align: center;\" align=\"justify\"><\/h3>\n<h3 style=\"text-align: center;\" align=\"justify\"><\/h3>\n<h3 style=\"text-align: center;\" align=\"justify\"><\/h3>\n<h3 style=\"text-align: center;\" align=\"justify\"><\/h3>\n<h3 style=\"text-align: center;\" align=\"justify\"><\/h3>\n<h3 style=\"text-align: center;\" align=\"justify\"><a href=\"https:\/\/domsiostryfaustyny.pl\/pokoje-goscinne\/\"><span style=\"color: #800000;\">Noclegi w Sanktuarium Bo\u017cego Mi\u0142osierdzia<\/span><\/a><br \/>\n<span style=\"color: #800000;\"> w Krakowie-\u0141agiewnikach<\/span><\/h3>\n<p align=\"justify\">\u201eDom \u015bw. Siostry Faustyny\u201d \u2013 pod tak\u0105 nazw\u0105 funkcjonuje baza noclegowa w obiekcie klasztornym w Sanktuarium Bo\u017cego Mi\u0142osierdzia w Krakowie-\u0141agiewnikach. W tym miejscu niegdy\u015b mieszka\u0142a i pracowa\u0142a na furcie klasztornej \u015bw.\u00a0 Siostra\u00a0 Faustyna, dlatego w budynku znajduje si\u0119 odtworzona cela zakonna, a tak\u017ce tablica upami\u0119tniaj\u0105ca przyj\u015bcie do furty Pana Jezusa w postaci ubogiego m\u0142odzie\u0144ca, o czym \u015bw. Siostra Faustyna pisze w swym \u201eDzienniczku\u201d.<\/p>\n<p align=\"justify\"><a href=\"https:\/\/www.faustyna.pl\/zmbm\/wp-content\/uploads\/2019\/11\/W-domu-Faustyny.jpg\" data-gallery><img loading=\"lazy\" decoding=\"async\" class=\"size-medium wp-image-16356 alignnone\" src=\"https:\/\/www.faustyna.pl\/zmbm\/wp-content\/uploads\/2019\/11\/W-domu-Faustyny-560x333.jpg\" alt=\"\" width=\"560\" height=\"333\" srcset=\"https:\/\/www.faustyna.pl\/zmbm\/wp-content\/uploads\/2019\/11\/W-domu-Faustyny-560x333.jpg 560w, https:\/\/www.faustyna.pl\/zmbm\/wp-content\/uploads\/2019\/11\/W-domu-Faustyny-140x83.jpg 140w, https:\/\/www.faustyna.pl\/zmbm\/wp-content\/uploads\/2019\/11\/W-domu-Faustyny.jpg 1024w\" sizes=\"auto, (max-width: 560px) 100vw, 560px\" \/><\/a><\/p>\n<p align=\"justify\">W \u201eDomu \u015bw. Siostry Faustyny\u201d mog\u0105 skorzysta\u0107 z noclegu zar\u00f3wno zorganizowane grupy pielgrzym\u00f3w, jak i osoby indywidualne. Siostry dysponuj\u0105 pokojami jedno-, dwu-, trzy- i czteroosobowymi. Mo\u017cliwe jest tak\u017ce korzystanie z oratorium i sali konferencyjnej w czasie rekolekcji czy dni skupienia po wcze\u015bniejszej rezerwacji. Wi\u0119cej informacji mo\u017cna uzyska\u0107 telefonicznie lub przez kontakt e-mailowy:<\/p>\n<p>tel.: (+48) 12-351 88 40;\u00a0<strong>730 955 521<br \/>\n<\/strong>e-mail: noclegi@faustyna.pl<\/p>\n<p>&nbsp;<\/p>\n<h3 style=\"text-align: center;\"><a href=\"https:\/\/domsiostryfaustyny.pl\/restauracja\/\"><span style=\"font-family: 'Times New Roman','serif';\"><span style=\"color: #000000;\"><span style=\"color: #800000;\">DOM \u015aWI\u0118TEJ SIOSTRY FAUSTYNY \u2013 RESTAURACJA<\/span> <\/span><\/span><\/a><\/h3>\n<p><span style=\"font-family: 'Times New Roman','serif';\"><span style=\"color: #000000;\">\u00a0<a href=\"https:\/\/www.faustyna.pl\/zmbm\/wp-content\/uploads\/2014\/12\/Restauracja-w-domu-Siostry-Faustyny.jpg\" data-gallery><img loading=\"lazy\" decoding=\"async\" class=\"size-medium wp-image-10101 alignnone\" src=\"https:\/\/www.faustyna.pl\/zmbm\/wp-content\/uploads\/2014\/12\/Restauracja-w-domu-Siostry-Faustyny-560x329.jpg\" alt=\"\" width=\"560\" height=\"329\" srcset=\"https:\/\/www.faustyna.pl\/zmbm\/wp-content\/uploads\/2014\/12\/Restauracja-w-domu-Siostry-Faustyny-560x329.jpg 560w, https:\/\/www.faustyna.pl\/zmbm\/wp-content\/uploads\/2014\/12\/Restauracja-w-domu-Siostry-Faustyny-140x82.jpg 140w, https:\/\/www.faustyna.pl\/zmbm\/wp-content\/uploads\/2014\/12\/Restauracja-w-domu-Siostry-Faustyny.jpg 1024w\" sizes=\"auto, (max-width: 560px) 100vw, 560px\" \/><\/a><\/span><\/span><\/p>\n<p style=\"text-align: justify;\">W nowym obiekcie \u201eDom \u015bw. Siostry Faustyny\u201d, kt\u00f3ry jest usytuowany przy parkingu autobusowym, znajduje si\u0119: restauracja i sklep z upominkami, bank i kantor, taras widokowy oraz toalety.<\/p>\n<p style=\"text-align: justify;\">W restauracji serwowane s\u0105 pyszne domowe obiady w formie bufetu, w\u0142asnor\u0119czne wypieki, lody i gofry. Siostry zajmuj\u0105 si\u0119 r\u00f3wnie\u017c obs\u0142ug\u0105 grup zorganizowanych (do 300 os\u00f3b). Istnieje mo\u017cliwo\u015b\u0107 wcze\u015bniejszej rezerwacji posi\u0142k\u00f3w. W ofercie: \u015bniadania, obiady, kolacje i desery w atrakcyjnych cenach.<\/p>\n<h3><span style=\"font-family: 'Times New Roman','serif';\"><span style=\"color: #000000;\"><span style=\"color: #800000;\"><a href=\"https:\/\/domsiostryfaustyny.pl\/restauracja\/\">Restauracja<\/a> czynna:<\/span> <\/span><\/span><\/h3>\n<p><span style=\"font-family: georgia, palatino, serif;\"><span style=\"color: #003300;\">10.00-18.00 <span style=\"color: #000000;\">(od poniedzia\u0142ku do pi\u0105tku)<br \/>\n<\/span><\/span>8.00-18.00 <span style=\"font-size: 12pt; color: #000000;\">(sobota i niedziela)<\/span><\/span><\/p>\n<h3><span style=\"color: #800000; font-family: 'Times New Roman','serif';\">Rezerwacja posi\u0142k\u00f3w dla grup:<\/span><\/h3>\n<p>Restauracja \u201eDom \u015bw. Siostry Faustyny\u201d<br \/>\nAl. Adolfa Hy\u0142y 1<br \/>\n30-605 Krak\u00f3w<\/p>\n<p><span style=\"font-family: 'Times New Roman','serif';\"><span style=\"color: #000000;\"><strong><span style=\"color: #003300;\">tel.: 730\u00a0955\u00a0431<\/span><\/strong><br \/>\n<\/span><\/span>e-mail: <a>restauracja@siostryfaustyny.pl<\/a><\/p>\n<p><a href=\"https:\/\/www.faustyna.pl\/zmbm\/sanktuaria\/\">Sanktuaria\/Sanktuarium Bo\u017cego Mi\u0142osierdzia w Krakowie-\u0141agiewnikach<\/a><\/p>\n","protected":false},"excerpt":{"rendered":"<p>Noclegi w Sanktuarium Bo\u017cego Mi\u0142osierdzia w Krakowie-\u0141agiewnikach \u201eDom \u015bw. Siostry Faustyny\u201d \u2013 pod tak\u0105 nazw\u0105 funkcjonuje baza noclegowa w obiekcie klasztornym w Sanktuarium Bo\u017cego Mi\u0142osierdzia w Krakowie-\u0141agiewnikach. W tym miejscu niegdy\u015b mieszka\u0142a i pracowa\u0142a na furcie klasztornej \u015bw.\u00a0 Siostra\u00a0 Faustyna, dlatego w budynku znajduje si\u0119 odtworzona cela zakonna, a tak\u017ce tablica upami\u0119tniaj\u0105ca przyj\u015bcie do furty [&hellip;]<\/p>\n","protected":false},"author":1,"featured_media":0,"parent":0,"menu_order":0,"comment_status":"closed","ping_status":"closed","template":"","meta":{"footnotes":""},"categories":[40],"tags":[],"class_list":["post-1384","page","type-page","status-publish","hentry","category-lagiewniki-stolica-kultu-milosierdzia-bozego"],"_links":{"self":[{"href":"https:\/\/www.faustyna.pl\/zmbm\/wp-json\/wp\/v2\/pages\/1384","targetHints":{"allow":["GET"]}}],"collection":[{"href":"https:\/\/www.faustyna.pl\/zmbm\/wp-json\/wp\/v2\/pages"}],"about":[{"href":"https:\/\/www.faustyna.pl\/zmbm\/wp-json\/wp\/v2\/types\/page"}],"author":[{"embeddable":true,"href":"https:\/\/www.faustyna.pl\/zmbm\/wp-json\/wp\/v2\/users\/1"}],"replies":[{"embeddable":true,"href":"https:\/\/www.faustyna.pl\/zmbm\/wp-json\/wp\/v2\/comments?post=1384"}],"version-history":[{"count":25,"href":"https:\/\/www.faustyna.pl\/zmbm\/wp-json\/wp\/v2\/pages\/1384\/revisions"}],"predecessor-version":[{"id":28937,"href":"https:\/\/www.faustyna.pl\/zmbm\/wp-json\/wp\/v2\/pages\/1384\/revisions\/28937"}],"wp:attachment":[{"href":"https:\/\/www.faustyna.pl\/zmbm\/wp-json\/wp\/v2\/media?parent=1384"}],"wp:term":[{"taxonomy":"category","embeddable":true,"href":"https:\/\/www.faustyna.pl\/zmbm\/wp-json\/wp\/v2\/categories?post=1384"},{"taxonomy":"post_tag","embeddable":true,"href":"https:\/\/www.faustyna.pl\/zmbm\/wp-json\/wp\/v2\/tags?post=1384"}],"curies":[{"name":"wp","href":"https:\/\/api.w.org\/{rel}","templated":true}]}}