



{"id":1385,"date":"2014-12-18T23:05:23","date_gmt":"2014-12-18T23:05:23","guid":{"rendered":"http:\/\/www.faustyna.pl\/zmbm\/?page_id=1385"},"modified":"2025-10-01T17:05:15","modified_gmt":"2025-10-01T15:05:15","slug":"apostolat","status":"publish","type":"page","link":"https:\/\/www.faustyna.pl\/zmbm\/apostolat\/","title":{"rendered":"Apostolat"},"content":{"rendered":"<h3 style=\"text-align: left\"><span style=\"color: #800000\">w Sanktuarium Bo\u017cego Mi\u0142osierdzia<\/span><br \/>\n<span style=\"color: #800000\">w Krakowie-\u0141agiewnikach<\/span><\/h3>\n<h4><span style=\"color: #000000\"><b>Zgromadzenia Si\u00f3str Matki Bo\u017cej Mi\u0142osierdzia<\/b><\/span><\/h4>\n<p><a href=\"https:\/\/www.faustyna.pl\/zmbm\/domy-milosierdzia\/\">M\u0142odzie\u017cowy O\u015brodek Wychowawczy<\/a><\/p>\n<p><a href=\"https:\/\/www.faustinum.pl\/pl\/pl-2\/\">Stowarzyszenie \u201eFaustinum\u201d<\/a><\/p>\n<p><a href=\"https:\/\/www.faustyna.pl\/zmbm\/wydawnictwo-misericordia-2\/\">Wydawnictwo \u201eMisericordia\u201d<\/a><\/p>\n<p><a href=\"https:\/\/www.faustyna.pl\/zmbm\/oredzie-milosierdzia-kwartalnik\/\">Kwartalnik \u201eOr\u0119dzie Mi\u0142osierdzia\u201d<\/a><\/p>\n<p><a href=\"https:\/\/www.faustyna.pl\/zmbm\/dzielo-powolan-2\/\">Dzie\u0142o powo\u0142a\u0144<\/a><\/p>\n<h4><span style=\"color: #000000\"><b><br \/>\nRektorat Sanktuarium<\/b><\/span><\/h4>\n<p><a href=\"https:\/\/www.misericordia.eu\/\">www.misericordia.eu\u00a0<\/a><\/p>\n<p>&nbsp;<\/p>\n<p><a href=\"https:\/\/www.faustyna.pl\/zmbm\/sanktuaria\/\">Sanktuaria\/Sanktuarium Bo\u017cego Mi\u0142osierdzia w Krakowie-\u0141agiewnikach<\/a><\/p>\n","protected":false},"excerpt":{"rendered":"<p>w Sanktuarium Bo\u017cego Mi\u0142osierdzia w Krakowie-\u0141agiewnikach Zgromadzenia Si\u00f3str Matki Bo\u017cej Mi\u0142osierdzia M\u0142odzie\u017cowy O\u015brodek Wychowawczy Stowarzyszenie \u201eFaustinum\u201d Wydawnictwo \u201eMisericordia\u201d Kwartalnik \u201eOr\u0119dzie Mi\u0142osierdzia\u201d Dzie\u0142o powo\u0142a\u0144 Rektorat Sanktuarium www.misericordia.eu\u00a0 &nbsp; Sanktuaria\/Sanktuarium Bo\u017cego Mi\u0142osierdzia w Krakowie-\u0141agiewnikach<\/p>\n","protected":false},"author":1,"featured_media":0,"parent":0,"menu_order":0,"comment_status":"closed","ping_status":"closed","template":"","meta":{"footnotes":""},"categories":[40],"tags":[],"class_list":["post-1385","page","type-page","status-publish","hentry","category-lagiewniki-stolica-kultu-milosierdzia-bozego"],"_links":{"self":[{"href":"https:\/\/www.faustyna.pl\/zmbm\/wp-json\/wp\/v2\/pages\/1385","targetHints":{"allow":["GET"]}}],"collection":[{"href":"https:\/\/www.faustyna.pl\/zmbm\/wp-json\/wp\/v2\/pages"}],"about":[{"href":"https:\/\/www.faustyna.pl\/zmbm\/wp-json\/wp\/v2\/types\/page"}],"author":[{"embeddable":true,"href":"https:\/\/www.faustyna.pl\/zmbm\/wp-json\/wp\/v2\/users\/1"}],"replies":[{"embeddable":true,"href":"https:\/\/www.faustyna.pl\/zmbm\/wp-json\/wp\/v2\/comments?post=1385"}],"version-history":[{"count":14,"href":"https:\/\/www.faustyna.pl\/zmbm\/wp-json\/wp\/v2\/pages\/1385\/revisions"}],"predecessor-version":[{"id":31209,"href":"https:\/\/www.faustyna.pl\/zmbm\/wp-json\/wp\/v2\/pages\/1385\/revisions\/31209"}],"wp:attachment":[{"href":"https:\/\/www.faustyna.pl\/zmbm\/wp-json\/wp\/v2\/media?parent=1385"}],"wp:term":[{"taxonomy":"category","embeddable":true,"href":"https:\/\/www.faustyna.pl\/zmbm\/wp-json\/wp\/v2\/categories?post=1385"},{"taxonomy":"post_tag","embeddable":true,"href":"https:\/\/www.faustyna.pl\/zmbm\/wp-json\/wp\/v2\/tags?post=1385"}],"curies":[{"name":"wp","href":"https:\/\/api.w.org\/{rel}","templated":true}]}}