



{"id":1386,"date":"2014-12-18T23:05:29","date_gmt":"2014-12-18T23:05:29","guid":{"rendered":"http:\/\/www.faustyna.pl\/zmbm\/?page_id=1386"},"modified":"2023-03-08T15:57:05","modified_gmt":"2023-03-08T14:57:05","slug":"pielgrzymi","status":"publish","type":"page","link":"https:\/\/www.faustyna.pl\/zmbm\/pielgrzymi\/","title":{"rendered":"Pielgrzymi"},"content":{"rendered":"<h3 style=\"text-align: center\"><span style=\"color: #800000\"><a href=\"https:\/\/www.faustyna.pl\/zmbm\/wp-content\/uploads\/2014\/12\/Oprowadzanie-pielgrzymow.jpg\" data-gallery><img loading=\"lazy\" decoding=\"async\" class=\"alignleft size-medium wp-image-7703\" src=\"https:\/\/www.faustyna.pl\/zmbm\/wp-content\/uploads\/2014\/12\/Oprowadzanie-pielgrzymow-560x331.jpg\" alt=\"Oprowadzanie pielgrzymow\" width=\"560\" height=\"331\" srcset=\"https:\/\/www.faustyna.pl\/zmbm\/wp-content\/uploads\/2014\/12\/Oprowadzanie-pielgrzymow-560x331.jpg 560w, https:\/\/www.faustyna.pl\/zmbm\/wp-content\/uploads\/2014\/12\/Oprowadzanie-pielgrzymow-140x83.jpg 140w, https:\/\/www.faustyna.pl\/zmbm\/wp-content\/uploads\/2014\/12\/Oprowadzanie-pielgrzymow.jpg 1024w\" sizes=\"auto, (max-width: 560px) 100vw, 560px\" \/><\/a><\/span><\/h3>\n<h3 style=\"text-align: center\"><\/h3>\n<h3 style=\"text-align: center\"><\/h3>\n<h3 style=\"text-align: center\"><\/h3>\n<h3 style=\"text-align: center\"><\/h3>\n<h3 style=\"text-align: center\"><\/h3>\n<h3 style=\"text-align: center\"><\/h3>\n<h3 style=\"text-align: center\"><\/h3>\n<h3 style=\"text-align: center\"><\/h3>\n<h3 style=\"text-align: center\"><\/h3>\n<p style=\"text-align: center\"><span style=\"color: #800000\"><strong>Obs\u0142uga pielgrzym\u00f3w<br \/>\nw Sanktuarium Bo\u017cego Mi\u0142osierdzia<br \/>\nw Krakowie-\u0141agiewnikach<\/strong><\/span><\/p>\n<p style=\"text-align: center\"><span style=\"color: #800000\"><strong><span style=\"text-decoration: underline\">Prelekcje w j\u0119zyku polskim<\/span><\/strong><\/span><\/p>\n<p>8:15, 9:00, 10:00, 11:00, 12:00, 13:00, 14:00, 15:30, 16:30, 17:30 (w sezonie)<\/p>\n<p style=\"text-align: center\" align=\"justify\"><span style=\"color: #800000\"><b><span style=\"text-decoration: underline\">Prelekcje w j\u0119zykach obcych<br \/>\ntrzeba\u00a0uzgodni\u0107 przy furcie klasztornej<\/span><\/b><\/span><\/p>\n<p>Prosimy o wcze\u015bniejsze zg\u0142aszanie grup pielgrzymkowych telefonicznie lub e-mailem, a po przybyciu do Sanktuarium o zg\u0142oszenie si\u0119 w punktach informacyjnych lub na furcie klasztornej.<\/p>\n<p align=\"justify\"><span style=\"color: #800000\"><b>Uwaga! Po Sanktuarium Bo\u017cego Mi\u0142osierdzia w\u00a0Krakowie-\u0141agiewnikach oprowadzaj\u0105 wy\u0142\u0105cznie siostry ze Zgromadzenia Matki Bo\u017cej Mi\u0142osierdzia.<\/b><\/span><\/p>\n<p align=\"justify\"><a href=\"https:\/\/www.faustyna.pl\/zmbm\/sanktuaria\/\">Sanktuaria\/Sanktuarium Bo\u017cego Mi\u0142osierdzia w Krakowie-\u0141agiewnikach<\/a><\/p>\n","protected":false},"excerpt":{"rendered":"<p>Obs\u0142uga pielgrzym\u00f3w w Sanktuarium Bo\u017cego Mi\u0142osierdzia w Krakowie-\u0141agiewnikach Prelekcje w j\u0119zyku polskim 8:15, 9:00, 10:00, 11:00, 12:00, 13:00, 14:00, 15:30, 16:30, 17:30 (w sezonie) Prelekcje w j\u0119zykach obcych trzeba\u00a0uzgodni\u0107 przy furcie klasztornej Prosimy o wcze\u015bniejsze zg\u0142aszanie grup pielgrzymkowych telefonicznie lub e-mailem, a po przybyciu do Sanktuarium o zg\u0142oszenie si\u0119 w punktach informacyjnych lub na furcie [&hellip;]<\/p>\n","protected":false},"author":1,"featured_media":0,"parent":0,"menu_order":0,"comment_status":"closed","ping_status":"closed","template":"","meta":{"footnotes":""},"categories":[40],"tags":[],"class_list":["post-1386","page","type-page","status-publish","hentry","category-lagiewniki-stolica-kultu-milosierdzia-bozego"],"_links":{"self":[{"href":"https:\/\/www.faustyna.pl\/zmbm\/wp-json\/wp\/v2\/pages\/1386","targetHints":{"allow":["GET"]}}],"collection":[{"href":"https:\/\/www.faustyna.pl\/zmbm\/wp-json\/wp\/v2\/pages"}],"about":[{"href":"https:\/\/www.faustyna.pl\/zmbm\/wp-json\/wp\/v2\/types\/page"}],"author":[{"embeddable":true,"href":"https:\/\/www.faustyna.pl\/zmbm\/wp-json\/wp\/v2\/users\/1"}],"replies":[{"embeddable":true,"href":"https:\/\/www.faustyna.pl\/zmbm\/wp-json\/wp\/v2\/comments?post=1386"}],"version-history":[{"count":16,"href":"https:\/\/www.faustyna.pl\/zmbm\/wp-json\/wp\/v2\/pages\/1386\/revisions"}],"predecessor-version":[{"id":25906,"href":"https:\/\/www.faustyna.pl\/zmbm\/wp-json\/wp\/v2\/pages\/1386\/revisions\/25906"}],"wp:attachment":[{"href":"https:\/\/www.faustyna.pl\/zmbm\/wp-json\/wp\/v2\/media?parent=1386"}],"wp:term":[{"taxonomy":"category","embeddable":true,"href":"https:\/\/www.faustyna.pl\/zmbm\/wp-json\/wp\/v2\/categories?post=1386"},{"taxonomy":"post_tag","embeddable":true,"href":"https:\/\/www.faustyna.pl\/zmbm\/wp-json\/wp\/v2\/tags?post=1386"}],"curies":[{"name":"wp","href":"https:\/\/api.w.org\/{rel}","templated":true}]}}