



{"id":1389,"date":"2014-12-18T23:05:42","date_gmt":"2014-12-18T23:05:42","guid":{"rendered":"http:\/\/www.faustyna.pl\/zmbm\/?page_id=1389"},"modified":"2026-05-08T12:09:57","modified_gmt":"2026-05-08T10:09:57","slug":"bazylika","status":"publish","type":"page","link":"https:\/\/www.faustyna.pl\/zmbm\/bazylika\/","title":{"rendered":"Bazylika"},"content":{"rendered":"<h3 style=\"text-align: center\" align=\"justify\"><span style=\"color: #800000\"><a href=\"https:\/\/www.faustyna.pl\/zmbm\/wp-content\/uploads\/2014\/12\/bazylika-MB.jpg\" data-gallery><img loading=\"lazy\" decoding=\"async\" class=\"alignleft wp-image-7693 size-large\" src=\"https:\/\/www.faustyna.pl\/zmbm\/wp-content\/uploads\/2014\/12\/bazylika-MB-1024x596.jpg\" alt=\"bazylika MB\" width=\"1024\" height=\"596\" srcset=\"https:\/\/www.faustyna.pl\/zmbm\/wp-content\/uploads\/2014\/12\/bazylika-MB.jpg 1024w, https:\/\/www.faustyna.pl\/zmbm\/wp-content\/uploads\/2014\/12\/bazylika-MB-140x81.jpg 140w, https:\/\/www.faustyna.pl\/zmbm\/wp-content\/uploads\/2014\/12\/bazylika-MB-560x326.jpg 560w\" sizes=\"auto, (max-width: 1024px) 100vw, 1024px\" \/><\/a><\/span><\/h3>\n<h3 style=\"text-align: center\" align=\"justify\"><\/h3>\n<h3 style=\"text-align: center\" align=\"justify\"><\/h3>\n<h3 style=\"text-align: center\" align=\"justify\"><\/h3>\n<h3 style=\"text-align: center\" align=\"justify\"><\/h3>\n<h3 style=\"text-align: center\" align=\"justify\"><\/h3>\n<h3 style=\"text-align: center\" align=\"justify\"><\/h3>\n<h3 style=\"text-align: center\" align=\"justify\"><\/h3>\n<h3 style=\"text-align: center\" align=\"justify\"><\/h3>\n<h3 style=\"text-align: center\" align=\"justify\"><\/h3>\n<p style=\"text-align: justify\" align=\"justify\">Dynamiczny rozw\u00f3j kultu Mi\u0142osierdzia Bo\u017cego i ruchu pielgrzymkowego do Sanktuarium w Krakowie-\u0141agiewnikach po beatyfikacji Siostry Faustyny sprawi\u0142y, \u017ce metropolita krakowski Franciszek kard. Macharski w 1996 roku powo\u0142a\u0142 Fundacj\u0119 maj\u0105c\u0105 na celu budow\u0119\u00a0 nowej\u00a0 \u015bwi\u0105tyni\u00a0 (5\u00a0000 os\u00f3b) i zaplecza socjalnego dla pielgrzym\u00f3w. Rok p\u00f3\u017aniej (7 czerwca 1997) w czasie nawiedzenia \u0142agiewnickiego Sanktuarium Ojciec \u015awi\u0119ty Jan Pawe\u0142 II po\u015bwi\u0119ci\u0142 kamie\u0144 w\u0119gielny z Golgoty pod budow\u0119 ko\u015bcio\u0142a, zobaczy\u0142 makiet\u0119 ukazuj\u0105c\u0105 perspektywiczny rozw\u00f3j tego miejsca i z\u0142o\u017cy\u0142 na niej sw\u00f3j podpis. 17 sierpnia 2002 roku \u2013 w czasie ostatniej pielgrzymki do naszej Ojczyzny \u2013 \u00a0po\u015bwi\u0119ci\u0142 now\u0105 \u015bwi\u0105tyni\u0119 i w niej ca\u0142y \u015bwiat zawierzy\u0142 Bo\u017cemu Mi\u0142osierdziu. Od 6 marca 2003 roku przys\u0142uguje jej tytu\u0142 bazyliki mniejszej.<\/p>\n<p style=\"clear: both\" align=\"justify\"><a href=\"https:\/\/www.faustyna.pl\/zmbm\/wp-content\/uploads\/2014\/12\/bazylika-wnetrze-foto-br-Hieronim-Majka-SSSP.jpg\" data-gallery><img loading=\"lazy\" decoding=\"async\" class=\"alignnone wp-image-10719 size-large\" src=\"https:\/\/www.faustyna.pl\/zmbm\/wp-content\/uploads\/2014\/12\/bazylika-wnetrze-foto-br-Hieronim-Majka-SSSP-1024x606.jpg\" alt=\"\" width=\"1024\" height=\"606\" srcset=\"https:\/\/www.faustyna.pl\/zmbm\/wp-content\/uploads\/2014\/12\/bazylika-wnetrze-foto-br-Hieronim-Majka-SSSP.jpg 1024w, https:\/\/www.faustyna.pl\/zmbm\/wp-content\/uploads\/2014\/12\/bazylika-wnetrze-foto-br-Hieronim-Majka-SSSP-140x83.jpg 140w, https:\/\/www.faustyna.pl\/zmbm\/wp-content\/uploads\/2014\/12\/bazylika-wnetrze-foto-br-Hieronim-Majka-SSSP-560x331.jpg 560w\" sizes=\"auto, (max-width: 1024px) 100vw, 1024px\" \/><\/a><\/p>\n<p style=\"clear: both\" align=\"justify\">Bazylika, zbudowana wed\u0142ug projektu Witolda C\u0119ckiewicza, kszta\u0142tem przypomina okr\u0119t i kojarzy si\u0119 ze wsp\u00f3\u0142czesn\u0105 \u201eark\u0105 przymierza\u201d, w kt\u00f3rej znajduj\u0105 ocalenie wszyscy pok\u0142adaj\u0105cy nadziej\u0119 w mi\u0142osierdziu Bo\u017cym. W prezbiterium za du\u017cym kamiennym o\u0142tarzem jest tabernakulum w kszta\u0142cie kuli ziemskiej z zarysowanymi kontynentami, kt\u00f3r\u0105 otacza targany silnymi wiatrami krzew, symbolizuj\u0105cy wsp\u00f3\u0142czesny \u015bwiat czy cz\u0142owieka motanego r\u00f3\u017cnymi pr\u0105dami. W ten krzew nad tabernakulum wpisany jest obraz Jezusa Mi\u0142osiernego (p\u0119dzla Jana Chrz\u0105szcza), kt\u00f3ry przypomina, \u017ce <i style=\"font-weight: normal\">w mi\u0142osierdziu \u015bwiat znajdzie pok\u00f3j, a cz\u0142owiek szcz\u0119\u015bcie<\/i> \u2013 jak powiedzia\u0142 Ojciec \u015awi\u0119ty Jan Pawe\u0142 II. Niekt\u00f3rzy w wystroju prezbiterium widz\u0105 raczej symbolik\u0119 gorej\u0105cego krzewu, z kt\u00f3rego B\u00f3g przem\u00f3wi\u0142 do Moj\u017cesza; tak jak kiedy\u015b B\u00f3g przem\u00f3wi\u0142 do Moj\u017cesza, tak w naszych czasach przem\u00f3wi\u0142 przez \u015bw. Siostr\u0119 Faustyn\u0119, przekazuj\u0105c prorockie or\u0119dzie Mi\u0142osierdzia dla Ko\u015bcio\u0142a i \u015bwiata.<\/p>\n<p style=\"text-align: justify\">Na \u015bcianach oddzielaj\u0105cych prezbiterium od nawy g\u0142\u00f3wnej umieszczono obraz Ostrobramskiej Matki Bo\u017cej\u00a0 Mi\u0142osierdzia (p\u0119dzla Jana Chrz\u0105szcza) i po drugiej stronie fragment aktu zawierzenia \u015bwiata Mi\u0142osierdziu Bo\u017cemu, kt\u00f3rego w tej bazylice dokona\u0142 Ojciec \u015awi\u0119ty Jan Pawe\u0142 II (17 sierpnia 2002). Przy wej\u015bciu do bazyliki znajduje si\u0119 kamie\u0144 w\u0119gielny z Golgoty, po\u015bwi\u0119cony przez Ojca \u015awi\u0119tego Jana Paw\u0142a II, oraz tablica upami\u0119tniaj\u0105ca drug\u0105 pielgrzymk\u0119 Ojca \u015awi\u0119tego Jana Paw\u0142a II do \u0141agiewnik i konsekracj\u0119 bazyliki (17 sierpnia 2002).<\/p>\n<p style=\"text-align: justify\">W pionowych przestrzeniach okiennych i nad ch\u00f3rem montowane s\u0105 witra\u017ce. Ten ostatni o powierzchni 148 m<sup>2<\/sup> jest najwi\u0119kszym witra\u017cem w Krakowie. Przestawia ogromne s\u0142o\u0144ce, na tle kt\u00f3rego wida\u0107 \u015bwietlisty krzy\u017c \u2013 symbol wiary i najbardziej wymowny znak mi\u0142osierdzia Bo\u017cego. Poni\u017cej linii horyzontu jest morze, kt\u00f3re kolorystycznie harmonizuje z witra\u017cami bocznymi w bazylice, maj\u0105cymi stwarza\u0107 wra\u017cenie wynurzania si\u0119 z g\u0142\u0119bin morza. Autorem witra\u017cy jest architekt \u0142agiewnickiej bazyliki prof. Witold C\u0119ckiewicz oraz artystka Ma\u0142gorzata Toborowicz.<\/p>\n<p style=\"clear: both\" align=\"justify\"><a href=\"https:\/\/www.faustyna.pl\/zmbm\/wp-content\/uploads\/2014\/12\/Kaplica-sw-Faustyny-Sanktuarium-w-Krakowie-Lagiewnikach.jpg\" data-gallery><img loading=\"lazy\" decoding=\"async\" class=\"alignnone wp-image-10720 size-large\" src=\"https:\/\/www.faustyna.pl\/zmbm\/wp-content\/uploads\/2014\/12\/Kaplica-sw-Faustyny-Sanktuarium-w-Krakowie-Lagiewnikach-1024x607.jpg\" alt=\"\" width=\"1024\" height=\"607\" srcset=\"https:\/\/www.faustyna.pl\/zmbm\/wp-content\/uploads\/2014\/12\/Kaplica-sw-Faustyny-Sanktuarium-w-Krakowie-Lagiewnikach.jpg 1024w, https:\/\/www.faustyna.pl\/zmbm\/wp-content\/uploads\/2014\/12\/Kaplica-sw-Faustyny-Sanktuarium-w-Krakowie-Lagiewnikach-140x83.jpg 140w, https:\/\/www.faustyna.pl\/zmbm\/wp-content\/uploads\/2014\/12\/Kaplica-sw-Faustyny-Sanktuarium-w-Krakowie-Lagiewnikach-560x332.jpg 560w\" sizes=\"auto, (max-width: 1024px) 100vw, 1024px\" \/><\/a><\/p>\n<p style=\"clear: both\" align=\"justify\">W dolnej cz\u0119\u015bci bazyliki znajduje si\u0119 pi\u0119\u0107 pi\u0119knych kaplic, u\u0142o\u017conych promieni\u015bcie, kt\u00f3rych wystr\u00f3j jest darem ko\u015bcio\u0142\u00f3w z kraj\u00f3w europejskich. Centralnie umiejscowiona jest kaplica pw. <i style=\"font-weight: normal\">\u015awi\u0119tej Siostry Faustyny<\/i>, kt\u00f3rej wystr\u00f3j jest darem Episkopatu W\u0142och (st\u0105d u\u017cywa si\u0119 te\u017c nazwy: \u201ekaplica w\u0142oska\u201d). W kaplicy za o\u0142tarzem znajduje si\u0119 tabernakulum w kszta\u0142cie rozwijaj\u0105cego si\u0119 kwiatu, co nawi\u0105zuje do s\u0142\u00f3w Aposto\u0142ki Bo\u017cego Mi\u0142osierdzia m\u00f3wi\u0105cych o tym, \u017ce mi\u0142o\u015b\u0107 Bo\u017ca jest kwiatem, a mi\u0142osierdzie jej owocem (Dz. 949). Nad tabernakulum znajduje si\u0119 obraz \u015bw. Siostry Faustyny z \u201eDzienniczkiem\u201d p\u0119dzla Jana Chrz\u0105szcza wpisany w nastaw\u0119 o\u0142tarzow\u0105 w kszta\u0142cie otwartej ksi\u0119gi. Przed o\u0142tarzem jest cz\u0105stka relikwii \u015bw. Siostry Faustyny umieszczona w relikwiarzu w kszta\u0142cie r\u00f3\u017cy. O\u0142tarz, ambona i podstawa relikwiarza wykonane s\u0105 z jasnego trawertynu, \u015bciany wy\u0142o\u017cone p\u0142ytami z polskiego piaskowca, posadzka u\u0142o\u017cona promieni\u015bcie nawi\u0105zuje do g\u00f3rnej cz\u0119\u015bci bazyliki, a w swej wymowie ideowej \u2013 do promieni na obrazie Jezusa Mi\u0142osiernego, kt\u00f3re s\u0105 symbolem wszelkich \u0142ask. Ca\u0142o\u015b\u0107 kaplicy zwie\u0144czona jest kopu\u0142\u0105. Uroczystego po\u015bwi\u0119cenia tej kaplicy, w setn\u0105 rocznic\u0119 chrztu \u015bw. Siostry Faustyny i w dniu ingresu metropolity krakowskiego kard. Stanis\u0142awa Dziwisza do katedry wawelskiej, 27 sierpnia 2005 roku dokona\u0142 kard. Camillo Ruini, przewodnicz\u0105cy Konferencji Episkopatu W\u0142och.<\/p>\n<p style=\"clear: both\" align=\"justify\"><a href=\"https:\/\/www.faustyna.pl\/zmbm\/wp-content\/uploads\/2014\/12\/Kaplica-Communio-Sanctorum-Sanktuarium-w-Krakowie-Lagiewnikach.jpg\" data-gallery><img loading=\"lazy\" decoding=\"async\" class=\"alignnone wp-image-10721 size-large\" src=\"https:\/\/www.faustyna.pl\/zmbm\/wp-content\/uploads\/2014\/12\/Kaplica-Communio-Sanctorum-Sanktuarium-w-Krakowie-Lagiewnikach-1024x608.jpg\" alt=\"\" width=\"1024\" height=\"608\" srcset=\"https:\/\/www.faustyna.pl\/zmbm\/wp-content\/uploads\/2014\/12\/Kaplica-Communio-Sanctorum-Sanktuarium-w-Krakowie-Lagiewnikach.jpg 1024w, https:\/\/www.faustyna.pl\/zmbm\/wp-content\/uploads\/2014\/12\/Kaplica-Communio-Sanctorum-Sanktuarium-w-Krakowie-Lagiewnikach-140x83.jpg 140w, https:\/\/www.faustyna.pl\/zmbm\/wp-content\/uploads\/2014\/12\/Kaplica-Communio-Sanctorum-Sanktuarium-w-Krakowie-Lagiewnikach-560x333.jpg 560w\" sizes=\"auto, (max-width: 1024px) 100vw, 1024px\" \/><\/a><\/p>\n<p style=\"clear: both\" align=\"justify\">Po prawej stronie od wej\u015bcia w dolnej cz\u0119\u015bci bazyliki znajduje si\u0119 kaplica <i style=\"font-weight: normal\">Communio Sanctorum<\/i>, kt\u00f3r\u0105 9 pa\u017adziernika 2004 roku, w czasie narodowej pielgrzymki W\u0119gr\u00f3w, po\u015bwi\u0119ci\u0142 prymas W\u0119gier kard. P\u00e9ter Erd\u00f3 oraz metropolita krakowski kard. Franciszek Macharski. Wystr\u00f3j tej kaplicy jest darem Ko\u015bcio\u0142a w\u0119gierskiego, st\u0105d w popularnym u\u017cyciu funkcjonuje nazwa: \u201ekaplica w\u0119gierska\u201d. Zdobi\u0105 j\u0105 przepi\u0119kne mozaiki na \u015bcianach bocznych, ukazuj\u0105ce ponad 60 \u015bwi\u0119tych i b\u0142ogos\u0142awionych z W\u0119gier, Polski i innych kraj\u00f3w europejskich, kt\u00f3rzy zapisali najpi\u0119kniejsze karty w historii Ko\u015bcio\u0142a. Kolejnym grupom tych postaci towarzyszy tekst o\u015bmiu b\u0142ogos\u0142awie\u0144stw z Kazania na G\u00f3rze, kt\u00f3re stanowi\u0105 jakby komentarz do ich \u017cycia. Pochodowi \u015bwi\u0119tych przewodzi Maryja, Matka Bo\u017ca. Nad marmurowym o\u0142tarzem znajduje si\u0119 mozaika Jezusa Mi\u0142osiernego ze \u015bw. Siostr\u0105 Faustyn\u0105 zas\u0142uchan\u0105 w Jego s\u0142owa, a w otoku w wielu j\u0119zykach\u00a0 wypisane s\u0105\u00a0 s\u0142owa: <i style=\"font-weight: normal\">Jezu, ufam Tobie<\/i>.\u00a0 Przed o\u0142tarzem w relikwiarzu w kszta\u0142cie prawej r\u0119ki z\u0142o\u017cono cz\u0105stk\u0119 relikwii \u015bw. Stefana, kr\u00f3la W\u0119gier. Autorem projektu wystroju kaplicy i jego wykonawc\u0105 jest w\u0119gierski artysta, greckokatolicki kap\u0142an L\u00e1szl\u00f3 Pusk\u00e1s wraz ze swoj\u0105 \u017con\u0105.<\/p>\n<p style=\"clear: both\" align=\"justify\"><a href=\"https:\/\/www.faustyna.pl\/zmbm\/wp-content\/uploads\/2014\/12\/Kaplica-grekokatolicka-Sanktuarium-w-Krakowie-Lagiewnikach.jpg\" data-gallery><img loading=\"lazy\" decoding=\"async\" class=\"alignnone wp-image-10722 size-large\" src=\"https:\/\/www.faustyna.pl\/zmbm\/wp-content\/uploads\/2014\/12\/Kaplica-grekokatolicka-Sanktuarium-w-Krakowie-Lagiewnikach-1024x604.jpg\" alt=\"\" width=\"1024\" height=\"604\" srcset=\"https:\/\/www.faustyna.pl\/zmbm\/wp-content\/uploads\/2014\/12\/Kaplica-grekokatolicka-Sanktuarium-w-Krakowie-Lagiewnikach.jpg 1024w, https:\/\/www.faustyna.pl\/zmbm\/wp-content\/uploads\/2014\/12\/Kaplica-grekokatolicka-Sanktuarium-w-Krakowie-Lagiewnikach-140x83.jpg 140w, https:\/\/www.faustyna.pl\/zmbm\/wp-content\/uploads\/2014\/12\/Kaplica-grekokatolicka-Sanktuarium-w-Krakowie-Lagiewnikach-560x330.jpg 560w\" sizes=\"auto, (max-width: 1024px) 100vw, 1024px\" \/><\/a><\/p>\n<p style=\"clear: both\" align=\"justify\">Na prawo, obok kaplicy <i style=\"font-weight: normal\">Communio sanctorum<\/i>, jest kaplica <i style=\"font-weight: normal\">\u015aw. Andrzeja Aposto\u0142a<\/i>, kt\u00f3ra jest darem Ko\u015bcio\u0142a obrz\u0105dku greckokatolickiego z Polski\u00a0i\u00a0Ukrainy. Ikonostas z wizerunkiem \u015bw. Andrzeja, patrona Ko\u015bcio\u0142a Wschodniego, jest dzie\u0142em ukrai\u0144skiego artysty Lubomira Medwida. Ponad to kaplic\u0119 zdobi bogata polichromia wykonana w duchu wschodniej tradycji, a zawieraj\u0105ca przes\u0142anie zwi\u0105zane z dziejami Ko\u015bcio\u0142a. Kompozycje malarskie Timura Karima i Ma\u0142gorzaty Dawidiuk ukazuj\u0105: Sob\u00f3r Bogurodzicy, Chrzest Rusi (Ukrainy), \u015awi\u0119ta Tr\u00f3jca Starotestamentowa (Go\u015bcinno\u015b\u0107 Abrahama), Chrystus Acheiropoietos (Mandylion, Chusta Abgara) oraz Podwy\u017cszenie Krzy\u017ca \u015awi\u0119tego. Uroczystego po\u015bwi\u0119cenia kaplicy 24 czerwca w 2007 roku dokona\u0142 metropolita przemysko-warszawski abp Jan Martyniak i metropolita krakowski kard. Stanis\u0142aw Dziwisz.<\/p>\n<p style=\"clear: both\" align=\"justify\"><a href=\"https:\/\/www.faustyna.pl\/zmbm\/wp-content\/uploads\/2014\/12\/Kaplica-Krzyza-Swietego-w-Sanktuarium-w-Krakowie-Lagiewnikach.jpg\" data-gallery><img loading=\"lazy\" decoding=\"async\" class=\"alignnone wp-image-10723 size-large\" src=\"https:\/\/www.faustyna.pl\/zmbm\/wp-content\/uploads\/2014\/12\/Kaplica-Krzyza-Swietego-w-Sanktuarium-w-Krakowie-Lagiewnikach-1024x606.jpg\" alt=\"\" width=\"1024\" height=\"606\" srcset=\"https:\/\/www.faustyna.pl\/zmbm\/wp-content\/uploads\/2014\/12\/Kaplica-Krzyza-Swietego-w-Sanktuarium-w-Krakowie-Lagiewnikach.jpg 1024w, https:\/\/www.faustyna.pl\/zmbm\/wp-content\/uploads\/2014\/12\/Kaplica-Krzyza-Swietego-w-Sanktuarium-w-Krakowie-Lagiewnikach-140x83.jpg 140w, https:\/\/www.faustyna.pl\/zmbm\/wp-content\/uploads\/2014\/12\/Kaplica-Krzyza-Swietego-w-Sanktuarium-w-Krakowie-Lagiewnikach-560x331.jpg 560w\" sizes=\"auto, (max-width: 1024px) 100vw, 1024px\" \/><\/a><\/p>\n<p style=\"clear: both\" align=\"justify\">Po lewej stronie od wej\u015bcia do dolnej cz\u0119\u015bci bazyliki jest kaplica <i style=\"font-weight: normal\">\u015awi\u0119tego Krzy\u017ca<\/i>, w wystroju kt\u00f3rej uczestniczyli wierni z Niemiec, st\u0105d u\u017cywa si\u0119 tak\u017ce nazwy \u201ekaplica niemiecka\u201d. W jej prezbiterium uwag\u0119 wiernych przyci\u0105ga du\u017cy krzy\u017c, na kt\u00f3rym umieszczono cierniow\u0105 koron\u0119. Na \u015bcianach widniej\u0105 stacje m\u0119ki Pa\u0144skiej. Krzy\u017c i obrazy m\u0119ki Jezusa najpe\u0142niej m\u00f3wi\u0105 o mi\u0142o\u015bci mi\u0142osiernej Boga do cz\u0142owieka.<\/p>\n<p style=\"clear: both\" align=\"justify\"><a href=\"https:\/\/www.faustyna.pl\/zmbm\/wp-content\/uploads\/2014\/12\/Kaplica-Matki-Bozej-Siedmiobolesnej-Sanktuarium-w-Krakowie-Lagiewnikach.jpg\" data-gallery><img loading=\"lazy\" decoding=\"async\" class=\"alignnone wp-image-10724 size-large\" src=\"https:\/\/www.faustyna.pl\/zmbm\/wp-content\/uploads\/2014\/12\/Kaplica-Matki-Bozej-Siedmiobolesnej-Sanktuarium-w-Krakowie-Lagiewnikach-1024x610.jpg\" alt=\"\" width=\"1024\" height=\"610\" srcset=\"https:\/\/www.faustyna.pl\/zmbm\/wp-content\/uploads\/2014\/12\/Kaplica-Matki-Bozej-Siedmiobolesnej-Sanktuarium-w-Krakowie-Lagiewnikach.jpg 1024w, https:\/\/www.faustyna.pl\/zmbm\/wp-content\/uploads\/2014\/12\/Kaplica-Matki-Bozej-Siedmiobolesnej-Sanktuarium-w-Krakowie-Lagiewnikach-140x83.jpg 140w, https:\/\/www.faustyna.pl\/zmbm\/wp-content\/uploads\/2014\/12\/Kaplica-Matki-Bozej-Siedmiobolesnej-Sanktuarium-w-Krakowie-Lagiewnikach-560x334.jpg 560w\" sizes=\"auto, (max-width: 1024px) 100vw, 1024px\" \/><\/a><\/p>\n<p style=\"clear: both\" align=\"justify\">Po lewej stronie, obok kaplicy Krzy\u017ca \u015awi\u0119tego, jest kaplica <i style=\"font-weight: normal\">Matki Bo\u017cej Siedmiobolesnej<\/i>, kt\u00f3rej wystr\u00f3j jest darem Ko\u015bcio\u0142a s\u0142owackiego, dlatego nazywana jest tak\u017ce \u201ekaplic\u0105 s\u0142owack\u0105\u201d. W jej wystroju wed\u0142ug projektu architekta Mariana Sitar\u010dika dominuje pi\u0119kna Pieta d\u0142uta Jana Les\u0148\u00e1ka. \u015aciany zdobi\u0105 freski ukazuj\u0105ce siedem bole\u015bci Matki Bo\u017cej p\u0119dzla Petera \u010camb\u00e1la oraz s\u0142owa z \u201eMagnificat\u201d w liturgicznych j\u0119zykach Ko\u015bcio\u0142a\u00a0w\u00a0czasach Aposto\u0142\u00f3w S\u0142owian \u015bw. Cyryla i Metodego: starocerkiewno-s\u0142owia\u0144skim, \u0142aci\u0144skim, greckim i hebrajskim oraz w j\u0119zyku s\u0142owackim. Za o\u0142tarzem przeszkolona \u015bciana pokryta jest grafik\u0105 przedstawiaj\u0105c\u0105 z\u0142o\u017cenie do grobu Pana Jezusa i Jego zmartwychwstanie. Uroczystego po\u015bwi\u0119cenia kaplicy w czasie narodowej pielgrzymki S\u0142owak\u00f3w 19 kwietnia 2008 roku dokona\u0142 przewodnicz\u0105cy Episkopatu S\u0142owacji bp Franti\u0161ek Tondra, w\u0142adyka Jan Babjak, arcybiskup grecko- katolicki Preszowa, oraz metropolita krakowski kard. Stanis\u0142aw Dziwisz.<\/p>\n<p style=\"clear: both\" align=\"justify\"><a href=\"https:\/\/www.faustyna.pl\/zmbm\/wp-content\/uploads\/2014\/12\/Wieza-widokowa-w-Sanktuarium-w-Krakowie-Lagiewnikach.jpg\" data-gallery><img loading=\"lazy\" decoding=\"async\" class=\"alignnone wp-image-10725 size-large\" src=\"https:\/\/www.faustyna.pl\/zmbm\/wp-content\/uploads\/2014\/12\/Wieza-widokowa-w-Sanktuarium-w-Krakowie-Lagiewnikach-1024x603.jpg\" alt=\"\" width=\"1024\" height=\"603\" srcset=\"https:\/\/www.faustyna.pl\/zmbm\/wp-content\/uploads\/2014\/12\/Wieza-widokowa-w-Sanktuarium-w-Krakowie-Lagiewnikach.jpg 1024w, https:\/\/www.faustyna.pl\/zmbm\/wp-content\/uploads\/2014\/12\/Wieza-widokowa-w-Sanktuarium-w-Krakowie-Lagiewnikach-140x82.jpg 140w, https:\/\/www.faustyna.pl\/zmbm\/wp-content\/uploads\/2014\/12\/Wieza-widokowa-w-Sanktuarium-w-Krakowie-Lagiewnikach-560x330.jpg 560w\" sizes=\"auto, (max-width: 1024px) 100vw, 1024px\" \/><\/a><\/p>\n<p style=\"clear: both\" align=\"justify\">Obok bazyliki znajduje si\u0119 wie\u017ca (76 metr\u00f3w) zwie\u0144czona krzy\u017cem. Na wysoko\u015bci ponad 40 metr\u00f3w jest platforma widokowa, z kt\u00f3rej mo\u017cna ogl\u0105da\u0107 panoram\u0119 Krakowa i okolic, a przy dobrej widoczno\u015bci \u2013 nawet Tatry. Mo\u017cna na ni\u0105 wej\u015b\u0107 pieszo (315 schod\u00f3w) lub wyjecha\u0107 windami. Nad wej\u015bciem do wie\u017cy znajduje si\u0119 pomnik Ojca \u015awi\u0119tego Jana Paw\u0142a II (wed\u0142ug projektu Witolda C\u0119ckiewicza), kt\u00f3ry ukazuje Papie\u017ca jako pielgrzyma pokoju (trzymaj\u0105cego w r\u0119ku go\u0142\u0119bia) i nios\u0105cego \u015bwiatu dar or\u0119dzia Mi\u0142osierdzia. Pomnik ods\u0142oni\u0119to 27 maja 2006 roku w czasie pielgrzymki Ojca \u015awi\u0119tego Benedykta XVI do \u0142agiewnickiego Sanktuarium.<\/p>\n<p style=\"clear: both\" align=\"justify\"><a href=\"https:\/\/www.faustyna.pl\/zmbm\/wp-content\/uploads\/2014\/12\/Dzwony-Sanktuarium-w-Krakowie-Lagiewnikach.jpg\" data-gallery><img loading=\"lazy\" decoding=\"async\" class=\"alignnone wp-image-10726 size-large\" src=\"https:\/\/www.faustyna.pl\/zmbm\/wp-content\/uploads\/2014\/12\/Dzwony-Sanktuarium-w-Krakowie-Lagiewnikach-1024x607.jpg\" alt=\"\" width=\"1024\" height=\"607\" srcset=\"https:\/\/www.faustyna.pl\/zmbm\/wp-content\/uploads\/2014\/12\/Dzwony-Sanktuarium-w-Krakowie-Lagiewnikach.jpg 1024w, https:\/\/www.faustyna.pl\/zmbm\/wp-content\/uploads\/2014\/12\/Dzwony-Sanktuarium-w-Krakowie-Lagiewnikach-140x83.jpg 140w, https:\/\/www.faustyna.pl\/zmbm\/wp-content\/uploads\/2014\/12\/Dzwony-Sanktuarium-w-Krakowie-Lagiewnikach-560x332.jpg 560w\" sizes=\"auto, (max-width: 1024px) 100vw, 1024px\" \/><\/a><\/p>\n<p style=\"clear: both\" align=\"justify\">Przed bazylik\u0105 nad murem umieszczono 9 dzwon\u00f3w carillon\u00f3w, kt\u00f3re wygrywanymi melodiami przypominaj\u0105 o mi\u0142osierdziu Boga. Na dzwonach wypisane s\u0105 imiona: Jezusa, \u015bw. Siostry Faustyny,\u00a0 Jana Paw\u0142a II i \u015bwi\u0119tych Krakowa: \u015bw. Stanis\u0142awa, \u015bw. Jacka, \u015bw. Jadwigi, \u015bw. Jana Kantego, \u015bw. Rafa\u0142a i \u015bw. Brata Alberta. Dzwony\u00a0 po\u015bwi\u0119ci\u0142\u00a0 metropolita\u00a0 krakowski\u00a0 kard.\u00a0 Stanis\u0142aw\u00a0 Dziwisz w \u015awi\u0119to Mi\u0142osierdzia 2009 roku.<\/p>\n<p align=\"right\"><i style=\"font-weight: normal\">s. M. El\u017cbieta Siepak ISMM<\/i><\/p>\n<p style=\"text-align: left\" align=\"right\"><a href=\"https:\/\/www.misericordia.eu\/pl\/Bazylika-Bozego-Milosierdzia\/\"><strong>Wi\u0119cej<\/strong><\/a><\/p>\n<p style=\"text-align: left\" align=\"right\"><a href=\"https:\/\/www.faustyna.pl\/zmbm\/sanktuaria\/\">Sanktuaria\/Sanktuarium Bo\u017cego Mi\u0142osierdzia w Krakowie-\u0141agiewnikach<\/a><\/p>\n","protected":false},"excerpt":{"rendered":"<p>Dynamiczny rozw\u00f3j kultu Mi\u0142osierdzia Bo\u017cego i ruchu pielgrzymkowego do Sanktuarium w Krakowie-\u0141agiewnikach po beatyfikacji Siostry Faustyny sprawi\u0142y, \u017ce metropolita krakowski Franciszek kard. Macharski w 1996 roku powo\u0142a\u0142 Fundacj\u0119 maj\u0105c\u0105 na celu budow\u0119\u00a0 nowej\u00a0 \u015bwi\u0105tyni\u00a0 (5\u00a0000 os\u00f3b) i zaplecza socjalnego dla pielgrzym\u00f3w. Rok p\u00f3\u017aniej (7 czerwca 1997) w czasie nawiedzenia \u0142agiewnickiego Sanktuarium Ojciec \u015awi\u0119ty Jan Pawe\u0142 [&hellip;]<\/p>\n","protected":false},"author":1,"featured_media":0,"parent":0,"menu_order":0,"comment_status":"closed","ping_status":"closed","template":"","meta":{"footnotes":""},"categories":[40],"tags":[],"class_list":["post-1389","page","type-page","status-publish","hentry","category-lagiewniki-stolica-kultu-milosierdzia-bozego"],"_links":{"self":[{"href":"https:\/\/www.faustyna.pl\/zmbm\/wp-json\/wp\/v2\/pages\/1389","targetHints":{"allow":["GET"]}}],"collection":[{"href":"https:\/\/www.faustyna.pl\/zmbm\/wp-json\/wp\/v2\/pages"}],"about":[{"href":"https:\/\/www.faustyna.pl\/zmbm\/wp-json\/wp\/v2\/types\/page"}],"author":[{"embeddable":true,"href":"https:\/\/www.faustyna.pl\/zmbm\/wp-json\/wp\/v2\/users\/1"}],"replies":[{"embeddable":true,"href":"https:\/\/www.faustyna.pl\/zmbm\/wp-json\/wp\/v2\/comments?post=1389"}],"version-history":[{"count":19,"href":"https:\/\/www.faustyna.pl\/zmbm\/wp-json\/wp\/v2\/pages\/1389\/revisions"}],"predecessor-version":[{"id":32478,"href":"https:\/\/www.faustyna.pl\/zmbm\/wp-json\/wp\/v2\/pages\/1389\/revisions\/32478"}],"wp:attachment":[{"href":"https:\/\/www.faustyna.pl\/zmbm\/wp-json\/wp\/v2\/media?parent=1389"}],"wp:term":[{"taxonomy":"category","embeddable":true,"href":"https:\/\/www.faustyna.pl\/zmbm\/wp-json\/wp\/v2\/categories?post=1389"},{"taxonomy":"post_tag","embeddable":true,"href":"https:\/\/www.faustyna.pl\/zmbm\/wp-json\/wp\/v2\/tags?post=1389"}],"curies":[{"name":"wp","href":"https:\/\/api.w.org\/{rel}","templated":true}]}}