



{"id":1390,"date":"2014-12-18T23:05:51","date_gmt":"2014-12-18T23:05:51","guid":{"rendered":"http:\/\/www.faustyna.pl\/zmbm\/?page_id=1390"},"modified":"2023-03-08T15:55:42","modified_gmt":"2023-03-08T14:55:42","slug":"kaplica-z-laskami-slynacym-obrazem-jezusa-milosiernego-i-grobem-sw-faustyny","status":"publish","type":"page","link":"https:\/\/www.faustyna.pl\/zmbm\/kaplica-z-laskami-slynacym-obrazem-jezusa-milosiernego-i-grobem-sw-faustyny\/","title":{"rendered":"Kaplica z cudownym obrazem Jezusa Mi\u0142osiernego i grobem \u015bw. Faustyny"},"content":{"rendered":"<p align=\"justify\"><a href=\"https:\/\/www.google.com\/maps\/place\/Sanktuarium+Bo%C5%BCego+Mi%C5%82osierdzia,+Krak%C3%B3w-%C5%81agiewniki\/@50.021095,19.9366268,3a,75y,230.74h,104.47t\/data=!3m8!1e1!3m6!1sAF1QipM5zAwAdNbatWdF0cUGS7mHc2Dd-5av5_0-yMpN!2e10!3e11!6shttps:%2F%2Flh5.googleusercontent.com%2Fp%2FAF1QipM5zAwAdNbatWdF0cUGS7mHc2Dd-5av5_0-yMpN%3Dw203-h100-k-no-pi-10-ya306.00003-ro-0-fo100!7i10000!8i5000!4m5!3m4!1s0x47165dee7ca7dea7:0x19c5d6da6cc30449!8m2!3d50.021702!4d19.936839?hl=pl-PL\"><img loading=\"lazy\" decoding=\"async\" class=\"size-medium wp-image-18754 alignnone\" src=\"https:\/\/www.faustyna.pl\/zmbm\/wp-content\/uploads\/2020\/10\/360sanktuarium-560x338.jpg\" alt=\"\" width=\"560\" height=\"338\" srcset=\"https:\/\/www.faustyna.pl\/zmbm\/wp-content\/uploads\/2020\/10\/360sanktuarium-560x338.jpg 560w, https:\/\/www.faustyna.pl\/zmbm\/wp-content\/uploads\/2020\/10\/360sanktuarium-1024x618.jpg 1024w, https:\/\/www.faustyna.pl\/zmbm\/wp-content\/uploads\/2020\/10\/360sanktuarium-140x85.jpg 140w, https:\/\/www.faustyna.pl\/zmbm\/wp-content\/uploads\/2020\/10\/360sanktuarium-1536x928.jpg 1536w, https:\/\/www.faustyna.pl\/zmbm\/wp-content\/uploads\/2020\/10\/360sanktuarium-2048x1237.jpg 2048w\" sizes=\"auto, (max-width: 560px) 100vw, 560px\" \/><\/a><\/p>\n<p align=\"justify\"><strong>Sercem<\/strong><span style=\"color: #000000\"><strong> Sanktuarium Bo\u017cego Mi\u0142osierdzia w Krakowie-\u0141agiewnikach<\/strong> <\/span>jest kaplica klasztorna z \u0142askami s\u0142yn\u0105cym obrazem Jezusa Mi\u0142osiernego i grobem \u015bw. Faustyny. Ta niewielka \u015bwi\u0105tynia wybudowana w kompleksie klasztornym Zgromadzenia Si\u00f3str Matki Bo\u017cej Mi\u0142osierdzia i po\u015bwi\u0119cona w 1891 roku (pw. \u015bw. J\u00f3zefa), s\u0142u\u017cy\u0142a\u00a0 niegdy\u015b\u00a0 tylko\u00a0 siostrom i ich wychowankom, by\u0142a \u015bwiadkiem modlitwy i nadzwyczajnych \u0142ask (m.in. objawie\u0144 Pana Jezusa i Matki Naj\u015bwi\u0119tszej), jakie tutaj otrzyma\u0142a\u00a0 Aposto\u0142ka Bo\u017cego\u00a0 Mi\u0142osierdzia. Wraz z jej \u015bmierci\u0105 w tym miejscu zosta\u0142o zdeponowane or\u0119dzie o Bo\u017cym mi\u0142osierdziu, kt\u00f3re z woli Chrystusa przekaza\u0142a Ko\u015bcio\u0142owi i \u015bwiatu. Dlatego \u0142agiewnickie Sanktuarium sta\u0142o si\u0119 stolic\u0105 kultu Mi\u0142osierdzia Bo\u017cego, z kt\u00f3rej to or\u0119dzie rozchodzi si\u0119 na ca\u0142y \u015bwiat i do kt\u00f3rej pielgrzymuj\u0105 ludzie ze wszystkich kontynent\u00f3w, upraszaj\u0105c wiele \u0142ask, o czym \u015bwiadcz\u0105 liczne wota umieszczone w gablotach wok\u00f3\u0142 kaplicy.<\/p>\n<p style=\"text-align: justify\">W o\u0142tarzu bocznym po lewej stronie kaplicy znajduje si\u0119 cudowny obraz Jezusa Mi\u0142osiernego p\u0119dzla Adolfa Hy\u0142y po\u015bwi\u0119cony przez o. J\u00f3zefa Andrasza SJ (krakowskiego kierownika duchowego Siostry Faustyny) 16 kwietnia 1944 roku, w pierwsz\u0105 niedziel\u0119 po Wielkanocy. Kopie i reprodukcje tego obrazu rozesz\u0142y si\u0119 po ca\u0142ym \u015bwiecie i na nim spe\u0142ni\u0142y si\u0119 s\u0142owa Jezusa wypowiedziane do Siostry Faustyny przy pierwszym jego objawieniu: <i style=\"font-weight: normal\">Pragn\u0119, aby ten obraz czczono najpierw w kaplicy waszej i na ca\u0142ym \u015bwiecie<\/i> (Dz. 47).<\/p>\n<p style=\"text-align: justify\">Pod\u00a0mens\u0105 o\u0142tarza spoczywa bia\u0142a marmurowa trumienka z relikwiami \u015bw. Siostry Faustyny, a ich cz\u0105stka zosta\u0142a umieszczona w marmurowym kl\u0119czniku przed o\u0142tarzem, aby pielgrzymi mogli w spos\u00f3b bardzo\u00a0 przyst\u0119pny\u00a0 oddawa\u0107 jej cze\u015b\u0107 i prosi\u0107 o jej\u00a0 mo\u017cne\u00a0 wstawiennictwo w modlitwach zanoszonych do Mi\u0142osierdzia Bo\u017cego.<\/p>\n<p style=\"text-align: justify\">W o\u0142tarzu g\u0142\u00f3wnym jest figura Matki Bo\u017cej\u00a0 Mi\u0142osierdzia \u2013 patronki Zgromadzenia, a w bocznych wn\u0119kach tego o\u0142tarza znajduj\u0105 si\u0119 figury: \u015bw. Stanis\u0142awa Kostki \u2013 patrona m\u0142odzie\u017cy oraz \u015bw. Marii Magdaleny \u2013 patronki pokutnic. W bocznym o\u0142tarzu po prawej stronie jest obraz \u015bw. J\u00f3zefa z Dzieci\u0105tkiem. On od pocz\u0105tku by\u0142 patronem tej kaplicy i ca\u0142ej posesji, kt\u00f3r\u0105 ku jego czci nazwano kiedy\u015b \u201eJ\u00f3zefowem\u201d. Na bocznych \u015bcianach znajduj\u0105 si\u0119 obrazy: \u015bw. Jana Paw\u0142a II, \u015bw. Ignacego \u2013 patrona Zgromadzenia oraz b\u0142. ks. Micha\u0142a Sopo\u0107ki \u2013 kierownika duchowego \u015bw. Siostry Faustyny.<\/p>\n<p style=\"text-align: justify\">W 1968 roku kard. Karol Wojty\u0142a\u00a0 wpisa\u0142\u00a0 kaplic\u0119 pw. \u015bw. J\u00f3zefa na list\u0119 Sanktuari\u00f3w archidiecezji krakowskiej ze wzgl\u0119du na gr\u00f3b S\u0142u\u017cebnicy Bo\u017cej Siostry Faustyny nawiedzany licznie przez pielgrzym\u00f3w, a 1 listopada 1992 roku metropolita krakowski kard. Franciszek Macharski wyda\u0142 oficjalny dekret podnosz\u0105cy t\u0119 kaplic\u0119 do rangi Sanktuarium Bo\u017cego Mi\u0142osierdzia.<\/p>\n<p><!--more--><\/p>\n<p><b>\u00a0\u00a0\u00a0\u00a0\u00a0\u00a0\u00a0\u00a0\u00a0\u00a0 <span style=\"color: #800000\">1. \u0141agiewniki \u2013 historia<\/span> <\/b><\/p>\n<p style=\"text-align: justify\"><a href=\"https:\/\/www.faustyna.pl\/zmbm\/wp-content\/uploads\/2014\/12\/Nad-Wilg\u0105.jpg\" data-gallery><img loading=\"lazy\" decoding=\"async\" class=\"size-medium wp-image-10714 alignnone\" src=\"https:\/\/www.faustyna.pl\/zmbm\/wp-content\/uploads\/2014\/12\/Nad-Wilg\u0105-560x329.jpg\" alt=\"\" width=\"560\" height=\"329\" srcset=\"https:\/\/www.faustyna.pl\/zmbm\/wp-content\/uploads\/2014\/12\/Nad-Wilg\u0105-560x329.jpg 560w, https:\/\/www.faustyna.pl\/zmbm\/wp-content\/uploads\/2014\/12\/Nad-Wilg\u0105-140x82.jpg 140w, https:\/\/www.faustyna.pl\/zmbm\/wp-content\/uploads\/2014\/12\/Nad-Wilg\u0105.jpg 1024w\" sizes=\"auto, (max-width: 560px) 100vw, 560px\" \/><\/a><\/p>\n<p style=\"text-align: justify\">Sanktuarium\u00a0 Bo\u017cego\u00a0 Mi\u0142osierdzia w \u0141agiewnikach\u00a0 po\u0142o\u017cone jest w po\u0142udniowej cz\u0119\u015bci Krakowa. Nazwa: <i style=\"font-weight: normal\">\u0141agiewniki<\/i> pochodzi od <i style=\"font-weight: normal\">\u0142agiewinik\u00f3w<\/i> \u2013 tak nazywano mieszka\u0144c\u00f3w osad, kt\u00f3rzy zajmowali si\u0119 wyrobem \u0142agwi, czyli naczy\u0144 z drewna lub ze sk\u00f3r, a by\u0107 mo\u017ce tak\u017ce wypalanych z gliny, kt\u00f3rych u\u017cywano do przechowywania i przenoszenia napoj\u00f3w. Pierwsze pisemne wzmianki o wsi pochodz\u0105 z XIV wieku, cho\u0107 \u015blady osadnictwa si\u0119gaj\u0105 tutaj czas\u00f3w rzymskich, a nawet neolitu, co potwierdzaj\u0105 archeologiczne wykopaliska. Ludno\u015b\u0107 na tych terenach zajmowa\u0142a si\u0119 rolnictwem, drobn\u0105 wytw\u00f3rczo\u015bci\u0105 i handlem, bo przez wie\u015b przebiega\u0142 stary kr\u00f3lewski szlak handlowy (<i style=\"font-weight: normal\">via regalis<\/i>) z p\u00f3\u0142nocy na po\u0142udnie. Pocz\u0105tkowo \u0141agiewniki by\u0142y osad\u0105 s\u0142u\u017cebn\u0105 wobec grodu krakowskiego i dworu ksi\u0105\u017c\u0119cego, potem (w XIII i XIV wieku) sta\u0142y si\u0119 wsi\u0105 rolniczo-hodowlan\u0105, kt\u00f3ra od XV wieku by\u0142a w\u0142asno\u015bci\u0105 kasztelana krakowskiego, a po rozbiorach Polski przechodzi\u0142a w r\u00f3\u017cne r\u0119ce. W centrum \u0141agiewnik znajdowa\u0142y si\u0119 budynki folwarczne wraz z dworem.<\/p>\n<p style=\"text-align: justify\">W XVII wieku w \u0141agiewnikach zacz\u0119\u0142a funkcjonowa\u0107 pierwsza fabryka \u2013 by\u0142a to fabryka papieru, ale rozw\u00f3j przemys\u0142u fabrycznego, kt\u00f3ry ca\u0142kowicie zmieni\u0142 charakter osady, przypada na wiek XIX i I po\u0142ow\u0119 wieku XX. Rozw\u00f3j przemys\u0142u zwi\u0105zany by\u0142 z odkryciem na tym terenie i\u0142\u00f3w \u0142upkowych i gipsu \u2013 surowc\u00f3w dla przemys\u0142u budowlanego. Wtedy na terenie wsi \u0141agiewniki powsta\u0142y: kopalnia gipsu i gliny, m\u0142yn do mielenia tych surowc\u00f3w, cegielnie, fabryki dach\u00f3wek, kafli, a z czasem tak\u017ce huta \u017celaza, Fabryka Armatur i Fabryka Maszyn. Opr\u00f3cz rozwijaj\u0105cego si\u0119 bardzo intensywnie przemys\u0142u budowlanego powstawa\u0142y te\u017c inne fabryki, jak np. Fabryka \u015awiec i Myd\u0142a czy Fabryka Mebli oraz drobne przedsi\u0119biorstwa rzemie\u015blnicze. W s\u0105siedniej wsi Borek Fa\u0142\u0119cki w 1901 roku powsta\u0142a fabryka sody amoniakalnej, s\u0142ynny Solvay, kt\u00f3ry szybko zwi\u0119ksza\u0142 zakres produkcji i zatrudnienie staj\u0105c si\u0119 jednym z najwi\u0119kszych przedsi\u0119biorstw przemys\u0142owych w Krakowie. W latach II wojny \u015bwiatowej w tej fabryce, s\u0105siaduj\u0105cej z klasztorem w \u0141agiewnikach, pracowa\u0142 Karol Wojty\u0142a.<\/p>\n<p style=\"text-align: justify\">Wraz z rozwojem\u00a0 przemys\u0142u w \u0141agiewnikach\u00a0 wzrasta\u0142a\u00a0 tak\u017ce\u00a0 liczba mieszka\u0144c\u00f3w i zmienia\u0142 si\u0119 charakter budownictwa. Znika\u0142y wiejskie drewniane chaty, a powstawa\u0142o budownictwo murowane o charakterze podmiejskim, czyli domy wolno stoj\u0105ce otoczone zieleni\u0105, wille i budynki czynszowe. Dawna wie\u015b\u00a0 przekszta\u0142ci\u0142a\u00a0 si\u0119 w podmiejski\u00a0 o\u015brodek\u00a0 przemys\u0142owy, z najwi\u0119kszymi w tym regionie fabrykami, zatrudniaj\u0105cymi setki pracownik\u00f3w.<\/p>\n<p style=\"text-align: justify\">W latach II wojny \u015bwiatowej (1941) z rozkazu Generalnego\u00a0Gubernatora \u0141agiewniki zosta\u0142y w\u0142\u0105czone do Krakowa jako dzielnica katastralna. Jeszcze przed wojn\u0105, w okresie wielkiego kryzysu gospodarczego zacz\u0119to zamyka\u0107 ma\u0142e cegielnie. Po wojnie du\u017ce zak\u0142ady pracy upa\u0144stwowiono, potem cz\u0119\u015b\u0107 przekszta\u0142cono, a cz\u0119\u015b\u0107 zamkni\u0119to, w tym krakowski Solvay. Na terenie \u0141agiewnik powsta\u0142y nowe osiedla mieszkaniowe, szlaki komunikacyjne i dwie parafie. Obecnie \u0141agiewniki nale\u017c\u0105 do IX dzielnicy Krakowa wraz z dawn\u0105 wsi\u0105 Borek Fa\u0142\u0119cki.<\/p>\n<p><b>\u00a0\u00a0\u00a0\u00a0\u00a0\u00a0\u00a0\u00a0\u00a0\u00a0 <span style=\"color: #800000\">2. Zesp\u00f3\u0142 klasztorny w \u0141agiewnikach<\/span> <\/b><\/p>\n<p style=\"text-align: justify\"><a href=\"https:\/\/www.faustyna.pl\/zmbm\/wp-content\/uploads\/2014\/12\/Obiekty-klasztorne-w-Krakowie-Lagiewnikach.jpg\" data-gallery><img loading=\"lazy\" decoding=\"async\" class=\"size-medium wp-image-10715 alignnone\" src=\"https:\/\/www.faustyna.pl\/zmbm\/wp-content\/uploads\/2014\/12\/Obiekty-klasztorne-w-Krakowie-Lagiewnikach-560x333.jpg\" alt=\"\" width=\"560\" height=\"333\" srcset=\"https:\/\/www.faustyna.pl\/zmbm\/wp-content\/uploads\/2014\/12\/Obiekty-klasztorne-w-Krakowie-Lagiewnikach-560x333.jpg 560w, https:\/\/www.faustyna.pl\/zmbm\/wp-content\/uploads\/2014\/12\/Obiekty-klasztorne-w-Krakowie-Lagiewnikach-140x83.jpg 140w, https:\/\/www.faustyna.pl\/zmbm\/wp-content\/uploads\/2014\/12\/Obiekty-klasztorne-w-Krakowie-Lagiewnikach.jpg 1024w\" sizes=\"auto, (max-width: 560px) 100vw, 560px\" \/><\/a><\/p>\n<p style=\"text-align: justify\">Pod koniec XIX wieku na wzg\u00f3rzu we wsi \u0141agiewniki, z funduszy ksi\u0119cia Aleksandra Lubomirskiego, finansisty i filantropa, kt\u00f3ry na r\u0119ce kard. Albina Dunajewskiego z\u0142o\u017cy\u0142 poka\u017an\u0105 sum\u0119 pieni\u0119dzy, zakupiono kilkana\u015bcie hektar\u00f3w pola od Bernarda i Samuela Wohlfeld\u00f3w oraz miejscowych gospodarzy pod budow\u0119 klasztoru oraz obiekt\u00f3w dla prowadzenia dzie\u0142a wychowania dziewcz\u0105t i kobiet potrzebuj\u0105cych g\u0142\u0119bokiej odnowy moralnej. Ca\u0142o\u015b\u0107 posesji otoczono murem i ku czci \u015bw. J\u00f3zefa, kt\u00f3remu siostry Zgromadzenia Matki Bo\u017cej Mi\u0142osierdzia przypisywa\u0142y uproszenie fundacji, nazwano \u201eJ\u00f3zefowem\u201d. Budow\u0105 kierowa\u0142 architekt Karol Zaremba i budowniczy Ignacy Miarczy\u0144ski. 20 sierpnia 1891 roku kard. A. Dunajewski po\u015bwi\u0119ci\u0142 kaplic\u0119 pod wezwaniem \u015bw. J\u00f3zefa i jedno skrzyd\u0142o zabudowa\u0144 klasztornych przeznaczone dla prowadzenia dzie\u0142a apostolskiego.<\/p>\n<p style=\"text-align: justify\">Obiekt klasztorny ze wzgl\u0119du\u00a0 na\u00a0 charakter\u00a0 prowadzonego dzie\u0142a mi\u0142osierdzia by\u0142 zamkni\u0119ty dla os\u00f3b z zewn\u0105trz. W zespole klasztornym siostry zajmowa\u0142y si\u0119 wychowaniem upad\u0142ych dziewcz\u0105t \u2013 jak si\u0119 wtedy m\u00f3wi\u0142o. Prac\u0119 z dziewcz\u0119tami i kobietami opiera\u0142y na poszanowaniu godno\u015bci cz\u0142owieka, piel\u0119gnowaniu warto\u015bci chrze\u015bcija\u0144skich oraz przygotowaniu do pracy zawodowej i samodzielnego,\u00a0 godnego \u017cycia w spo\u0142ecze\u0144stwie. Wa\u017cn\u0105 rol\u0119 w procesie wychowania odgrywa\u0142a praca, kt\u00f3ra zarazem by\u0142a \u017ar\u00f3d\u0142em utrzymania dla si\u00f3str i wychowanek. W \u201eDomu Mi\u0142osierdzia\u201d (tak w Zgromadzeniu nazywano plac\u00f3wki apostolskie) pod kierunkiem si\u00f3str prowadzono na bardzo wysokim poziomie pracownie us\u0142ugowe haftu i tkactwa, introligatorni\u0119, pralni\u0119 oraz uczono pracy w ogrodnictwie i gospodarstwie. Ka\u017cdy dzie\u0144 wype\u0142niony by\u0142 prac\u0105 i modlitw\u0105.<\/p>\n<p style=\"text-align: justify\">W latach pierwszej\u00a0wojny \u015bwiatowej\u00a0 cz\u0119\u015b\u0107 posesji\u00a0klasztornej zosta\u0142a zaj\u0119ta na potrzeby szpitala wojskowego, w kt\u00f3rym piel\u0119gnowano \u017co\u0142nierzy r\u00f3\u017cnych narodowo\u015bci chorych\u00a0zaka\u017anie na tyfus,\u00a0choler\u0119,\u00a0czerwonk\u0119, osp\u0119 i szkarlatyn\u0119. Tylko\u00a0latach\u00a01914-1915\u00a0przez\u00a0szpital\u00a0 przewin\u0119\u0142o\u00a0 si\u0119\u00a0 oko\u0142o 2 400 \u017co\u0142nierzy. Zmar\u0142ych chowano na cmentarzu za murem klasztoru.<\/p>\n<p style=\"text-align: justify\">W czasach okupacji\u00a0 hitlerowskiej \u201eJ\u00f3zef\u00f3w\u201d\u00a0traktowany\u00a0by\u0142\u00a0 jako w\u0142asno\u015b\u0107 Niemc\u00f3w, dlatego Zgromadzenie musia\u0142o dostarcza\u0107 im okre\u015blon\u0105 ilo\u015b\u0107 warzyw. Siostry nadal prowadzi\u0142y \u201eDom Mi\u0142osierdzia\u201d, do kt\u00f3rego Niemcy karnie kierowali kobiety przy\u0142apane na szmuglu, pomaga\u0142y wysiedlonym, udziela\u0142y si\u0119 w tajnym nauczaniu i w akcjach charytatywnych prowadz\u0105c kuchni\u0119 dla ubogich.<\/p>\n<p style=\"text-align: justify\">W 1962 roku w\u0142adze komunistyczne odebra\u0142y Zgromadzeniu zak\u0142ad wychowawczy i wi\u0119ksz\u0105 cz\u0119\u015b\u0107 posesji. Kilka lat p\u00f3\u017aniej (1969) w klasztorze siostry zorganizowa\u0142y o\u015brodek opieki otwartej dla m\u0142odzie\u017cy nieprzystosowanej spo\u0142ecznie pod nazw\u0105\u00a0 \u201e\u0179r\u00f3d\u0142o\u201d,\u00a0 kt\u00f3ry funkcjonowa\u0142\u00a0 do 1991 roku. W 1989 roku w\u0142adze pa\u0144stwowe zwr\u00f3ci\u0142y Zgromadzeniu zak\u0142ad dla dziewcz\u0105t. Dzi\u015b nosi on nazw\u0119 M\u0142odzie\u017cowego O\u015brodka Wychowawczego, ma charakter zamkni\u0119ty i jest plac\u00f3wk\u0105 resocjalizacyjn\u0105 dla dziewcz\u0105t niedostosowanych spo\u0142ecznie. Siostry prowadz\u0105 w nim internat oraz nauczanie szkolne w ostatnich klasach szko\u0142y ponadpodstawowej, w Liceum Og\u00f3lnokszta\u0142c\u0105cym, i szko\u0142ach zawodowych o profilu gastronomicznym i fryzjerskim.<\/p>\n<p style=\"text-align: justify\">W tym klasztorze \u017cy\u0142a i zmar\u0142a\u00a0 \u015bw. Siostra\u00a0 Faustyna Kowalska, przez kt\u00f3r\u0105 Chrystus przekaza\u0142 wielkie or\u0119dzie Mi\u0142osierdzia przypominaj\u0105ce biblijn\u0105 prawd\u0119 o mi\u0142o\u015bci mi\u0142osiernej Boga do ka\u017cdego cz\u0142owieka i wzywaj\u0105ce do g\u0142oszenia jej z now\u0105 moc\u0105 przez \u015bwiadectwo \u017cycia, czyny, s\u0142owa i modlitw\u0119. Dzi\u015b siostry Zgromadzenia Matki Bo\u017cej Mi\u0142osierdzia, kt\u00f3re uzna\u0142y \u015bw. Siostr\u0119 Faustyn\u0119 za sw\u0105 duchow\u0105 wsp\u00f3\u0142za\u0142o\u017cycielk\u0119, g\u0142osz\u0105 or\u0119dzie Mi\u0142osierdzia nie tylko poprzez \u015bwiadectwo \u017cycia i dzie\u0142o mi\u0142osierdzia wobec dziewcz\u0105t potrzebuj\u0105cych odnowy moralnej, ale tak\u017ce poprzez s\u0142owo (obs\u0142uga pielgrzym\u00f3w, formacja aposto\u0142\u00f3w Bo\u017cego Mi\u0142osierdzia w stowarzyszeniu \u201eFaustinum\u201d, publikacje Wydawnictwa \u201eMisericordia\u201d, kwartalnik \u201eOr\u0119dzie Mi\u0142osierdzia\u201d, media) i modlitw\u0119.<\/p>\n<p><b>\u00a0\u00a0\u00a0\u00a0\u00a0\u00a0\u00a0\u00a0\u00a0\u00a0 <span style=\"color: #800000\">3. Kaplica z \u0142askami s\u0142yn\u0105cym obrazem Jezusa Mi\u0142osiernego\u00a0<\/span><\/b><b><span style=\"color: #800000\">i grobem \u015bw. Faustyny<\/span> <\/b><\/p>\n<p style=\"text-align: justify\"><a href=\"https:\/\/www.faustyna.pl\/zmbm\/wp-content\/uploads\/2014\/12\/Sanktuarium-w-Lagiewnikach-serce.jpg\" data-gallery><img loading=\"lazy\" decoding=\"async\" class=\"size-medium wp-image-10716 alignnone\" src=\"https:\/\/www.faustyna.pl\/zmbm\/wp-content\/uploads\/2014\/12\/Sanktuarium-w-Lagiewnikach-serce-560x331.jpg\" alt=\"\" width=\"560\" height=\"331\" srcset=\"https:\/\/www.faustyna.pl\/zmbm\/wp-content\/uploads\/2014\/12\/Sanktuarium-w-Lagiewnikach-serce-560x331.jpg 560w, https:\/\/www.faustyna.pl\/zmbm\/wp-content\/uploads\/2014\/12\/Sanktuarium-w-Lagiewnikach-serce-140x83.jpg 140w, https:\/\/www.faustyna.pl\/zmbm\/wp-content\/uploads\/2014\/12\/Sanktuarium-w-Lagiewnikach-serce.jpg 1024w\" sizes=\"auto, (max-width: 560px) 100vw, 560px\" \/><\/a><\/p>\n<p style=\"text-align: justify\">Kaplic\u0119 zakonn\u0105 pod wezwaniem \u015bw. J\u00f3zefa, \u0142\u0105cz\u0105c\u0105 dwa skrzyd\u0142a zabudowa\u0144 klasztornych, po\u015bwi\u0119ci\u0142 kard. Albin Dunajewski 20 sierpnia 1891 roku. W o\u0142tarzu g\u0142\u00f3wnym, wykonanym przez Ferdynanda Majerskiego z Przemy\u015bla, umieszczono figur\u0119 Matki Bo\u017cej Mi\u0142osierdzia \u2013 patronki Zgromadzenia, po lewej stronie \u2013 \u015bw. Stanis\u0142awa Kostki (patrona m\u0142odzie\u017cy zakonnej), po prawej \u2013 \u015bw. Marii Magdaleny (patronki pokutnic). W bocznych o\u0142tarzach prezbiterium: po lewej stronie znajduje si\u0119 \u0142askami s\u0142yn\u0105cy Obraz Jezusa Mi\u0142osiernego, kt\u00f3ry przykry\u0142 pierwotnie umieszczony w tym o\u0142tarzu obraz Serca Jezusowego (p\u0119dzla Jana B\u0105kowskiego, 1896), po prawej stronie jest obraz \u015bw. J\u00f3zefa z Dzieci\u0105tkiem (p\u0119dzla Fr. Krudowskiego).<\/p>\n<p style=\"text-align: justify\">W latach II wojny \u015bwiatowej\u00a0 obiekt\u00a0 klasztorny\u00a0w \u0141agiewnikach (dot\u0105d zamkni\u0119ty dla os\u00f3b z zewn\u0105trz) zosta\u0142 otwarty dla uchod\u017ac\u00f3w i ludzi pragn\u0105cych nawiedzi\u0107 gr\u00f3b Siostry Faustyny, gdy\u017c s\u0142awa \u015bwi\u0119to\u015bci jej \u017cycia ros\u0142a wraz z niezwykle dynamicznie rozwijaj\u0105cym si\u0119 nabo\u017ce\u0144stwem do Mi\u0142osierdzia Bo\u017cego. W roku 1943 (7 marca) krakowski spowiednik Siostry Faustyny o. J\u00f3zef Andrasz SI po\u015bwi\u0119ci\u0142 pierwszy obraz Jezusa Mi\u0142osiernego p\u0119dzla Adolfa Hy\u0142y i zainicjowa\u0142 uroczyste nabo\u017ce\u0144stwa ku czci Mi\u0142osierdzia Bo\u017cego, na kt\u00f3re t\u0142umnie \u015bci\u0105gali mieszka\u0144cy Krakowa i okolic. Drugi obraz Jezusa Mi\u0142osiernego (p\u0119dzla A. Hy\u0142y), kt\u00f3ry wielko\u015bci\u0105 i kszta\u0142tem odpowiada\u0142 wn\u0119ce bocznego o\u0142tarza, zosta\u0142 po\u015bwi\u0119cony przez o. J\u00f3zefa Andrasza w pierwsz\u0105 niedziel\u0119 po Wielkanocy (\u015bwi\u0119to Mi\u0142osierdzia) 16 kwietnia 1944 roku i szybko zas\u0142yn\u0105\u0142 \u0142askami. Jego kopie i reprodukcje rozesz\u0142y si\u0119 po \u015bwiecie i tak spe\u0142ni\u0142y si\u0119 s\u0142owa Jezusa, kt\u00f3re powiedzia\u0142 do Siostry Faustyny, \u017ce pragnie, aby obraz Jego mi\u0142osierdzia czczony by\u0142 najpierw w kaplicy Zgromadzenia i na ca\u0142ym \u015bwiecie.<\/p>\n<p style=\"text-align: justify\">Zabytkowe malowid\u0142a na\u00a0 \u015bcianach\u00a0 projektowa\u0142 w okresie mi\u0119dzywojennym (1934) Zdzis\u0142aw Gedliczka. Odnowiono je w czasie generalnego remontu i konserwacji\u00a0 kaplicy w latach 1981-1990.\u00a0Wtedy w bocznych\u00a0 oknach\u00a0 kaplicy i w kruchcie za\u0142o\u017cono witra\u017ce, kt\u00f3re s\u0105 dzie\u0142em Wiktora Ostrzo\u0142ka. Wcze\u015bniejszy jest tylko witra\u017c \u015bw. Cecylii, kt\u00f3ry znajduje si\u0119 w okr\u0105g\u0142ym oknie na ch\u00f3rze. Wok\u00f3\u0142 kaplicy na \u015bcianach umieszczono gabloty, w kt\u00f3rych znajduj\u0105 si\u0119 artystycznie u\u0142o\u017cone wota, \u015bwiadcz\u0105ce o \u0142askach, jakie tutaj uprosili pielgrzymi.<\/p>\n<p style=\"text-align: justify\">W 1968 roku kaplica zosta\u0142a wpisana na list\u0119 sanktuari\u00f3w diecezji krakowskiej, a 1 listopada 1992 roku oficjalny dekret ustanawiaj\u0105cy j\u0105 Sanktuarium Bo\u017cego Mi\u0142osierdzia wyda\u0142 metropolita krakowski kard. Franciszek Macharski. Przed kaplic\u0105 znajduje si\u0119 p\u0142askorze\u017aba z popiersiem Ojca \u015awi\u0119tego Jana Paw\u0142a II (projekt prof. Czes\u0142awa D\u017awigaja), upami\u0119tniaj\u0105ca jego pierwsz\u0105 papiesk\u0105 pielgrzymk\u0119 do Sanktuarium w \u0141agiewnikach (7 czerwca 1997), a po drugiej stronie tablica upami\u0119tniaj\u0105ca pielgrzymk\u0119 Ojca \u015awi\u0119tego Benedykta XVI, kt\u00f3ra odby\u0142a si\u0119 27 maja 2006 roku (projekt Andrzeja Zaradkiewicza). Na budynku klasztornym (od strony wej\u015bcia do kaplicy) tablica pami\u0105tkowa, wykonana wed\u0142ug projektu Czes\u0142awa D\u017awigaja, wskazuje na cel\u0119 (dawn\u0105 zakonn\u0105 infirmeri\u0119), w kt\u00f3rej odesz\u0142a do Pana \u015bw. Siostra Faustyna.<\/p>\n<p align=\"right\"><i style=\"font-weight: normal\">s. M. El\u017cbieta Siepak ISMM<\/i><\/p>\n<p style=\"padding-left: 14px;text-align: justify\">W tek\u015bcie wykorzystano fragmenty artyku\u0142u: s. M. El\u017cbieta Siepak ZMBM, <i style=\"font-weight: normal\">Jan Pawe\u0142 II pielgrzym \u0142agiewnicki i s\u0142uga or\u0119dzia Mi\u0142osierdzia<\/i>,\u00a0 w: <i style=\"font-weight: normal\">Przyroda, geografia, turystyka w nauczaniu Jana Paw\u0142a II<\/i>,\u00a0 red. ks. Macieja Ostrowskiego i Izabeli So\u0142jan, Krak\u00f3w 2007, s. 113-126.<\/p>\n<p><a href=\"https:\/\/www.faustyna.pl\/zmbm\/sanktuaria\/\">Sanktuaria\/Sanktuarium Bo\u017cego Mi\u0142osierdzia w Krakowie-\u0141agiewnikach<\/a><\/p>\n","protected":false},"excerpt":{"rendered":"<p>Sercem Sanktuarium Bo\u017cego Mi\u0142osierdzia w Krakowie-\u0141agiewnikach jest kaplica klasztorna z \u0142askami s\u0142yn\u0105cym obrazem Jezusa Mi\u0142osiernego i grobem \u015bw. Faustyny. Ta niewielka \u015bwi\u0105tynia wybudowana w kompleksie klasztornym Zgromadzenia Si\u00f3str Matki Bo\u017cej Mi\u0142osierdzia i po\u015bwi\u0119cona w 1891 roku (pw. \u015bw. J\u00f3zefa), s\u0142u\u017cy\u0142a\u00a0 niegdy\u015b\u00a0 tylko\u00a0 siostrom i ich wychowankom, by\u0142a \u015bwiadkiem modlitwy i nadzwyczajnych \u0142ask (m.in. objawie\u0144 Pana [&hellip;]<\/p>\n","protected":false},"author":1,"featured_media":0,"parent":0,"menu_order":0,"comment_status":"closed","ping_status":"closed","template":"","meta":{"footnotes":""},"categories":[40],"tags":[],"class_list":["post-1390","page","type-page","status-publish","hentry","category-lagiewniki-stolica-kultu-milosierdzia-bozego"],"_links":{"self":[{"href":"https:\/\/www.faustyna.pl\/zmbm\/wp-json\/wp\/v2\/pages\/1390","targetHints":{"allow":["GET"]}}],"collection":[{"href":"https:\/\/www.faustyna.pl\/zmbm\/wp-json\/wp\/v2\/pages"}],"about":[{"href":"https:\/\/www.faustyna.pl\/zmbm\/wp-json\/wp\/v2\/types\/page"}],"author":[{"embeddable":true,"href":"https:\/\/www.faustyna.pl\/zmbm\/wp-json\/wp\/v2\/users\/1"}],"replies":[{"embeddable":true,"href":"https:\/\/www.faustyna.pl\/zmbm\/wp-json\/wp\/v2\/comments?post=1390"}],"version-history":[{"count":19,"href":"https:\/\/www.faustyna.pl\/zmbm\/wp-json\/wp\/v2\/pages\/1390\/revisions"}],"predecessor-version":[{"id":25902,"href":"https:\/\/www.faustyna.pl\/zmbm\/wp-json\/wp\/v2\/pages\/1390\/revisions\/25902"}],"wp:attachment":[{"href":"https:\/\/www.faustyna.pl\/zmbm\/wp-json\/wp\/v2\/media?parent=1390"}],"wp:term":[{"taxonomy":"category","embeddable":true,"href":"https:\/\/www.faustyna.pl\/zmbm\/wp-json\/wp\/v2\/categories?post=1390"},{"taxonomy":"post_tag","embeddable":true,"href":"https:\/\/www.faustyna.pl\/zmbm\/wp-json\/wp\/v2\/tags?post=1390"}],"curies":[{"name":"wp","href":"https:\/\/api.w.org\/{rel}","templated":true}]}}