



{"id":1391,"date":"2014-12-18T23:07:27","date_gmt":"2014-12-18T23:07:27","guid":{"rendered":"http:\/\/www.faustyna.pl\/zmbm\/?page_id=1391"},"modified":"2026-05-08T12:17:02","modified_gmt":"2026-05-08T10:17:02","slug":"kontakt-plock","status":"publish","type":"page","link":"https:\/\/www.faustyna.pl\/zmbm\/kontakt-plock\/","title":{"rendered":"Kontakt"},"content":{"rendered":"<p align=\"justify\"><a href=\"https:\/\/www.faustyna.pl\/zmbm\/wp-content\/uploads\/2014\/12\/Klasztor-ZMBM-i-Sanktuarium-w-Plocku.jpg\" data-gallery><img loading=\"lazy\" decoding=\"async\" class=\"alignnone wp-image-10764 size-large\" src=\"https:\/\/www.faustyna.pl\/zmbm\/wp-content\/uploads\/2014\/12\/Klasztor-ZMBM-i-Sanktuarium-w-Plocku-1024x575.jpg\" alt=\"\" width=\"1024\" height=\"575\" srcset=\"https:\/\/www.faustyna.pl\/zmbm\/wp-content\/uploads\/2014\/12\/Klasztor-ZMBM-i-Sanktuarium-w-Plocku.jpg 1024w, https:\/\/www.faustyna.pl\/zmbm\/wp-content\/uploads\/2014\/12\/Klasztor-ZMBM-i-Sanktuarium-w-Plocku-140x79.jpg 140w, https:\/\/www.faustyna.pl\/zmbm\/wp-content\/uploads\/2014\/12\/Klasztor-ZMBM-i-Sanktuarium-w-Plocku-560x314.jpg 560w\" sizes=\"auto, (max-width: 1024px) 100vw, 1024px\" \/><\/a><\/p>\n<p align=\"justify\"><strong><span style=\"color: #800000\">Zgromadzenie Si\u00f3str<\/span><\/strong><br \/>\n<strong><span style=\"color: #800000\"> Matki Bo\u017cej Mi\u0142osierdzia<\/span><\/strong><br \/>\n<strong><span style=\"color: #800000\"> Sanktuarium Bo\u017cego Mi\u0142osierdzia<\/span><\/strong><br \/>\n09-404 P\u0142ock<br \/>\nPlac Stary Rynek 14\/18<\/p>\n<p>tel. 0-24 262-58-83<br \/>\ne-mail: <a href=\"mailto:zmbm@faustyna.pl\">zmbm@faustyna.pl<\/a><\/p>\n<p><a href=\"https:\/\/faustynaplock.pl\/\">www.faustynaplock.pl<\/a><\/p>\n<p><a href=\"https:\/\/www.faustyna.pl\/zmbm\/sanktuaria\/\">Sanktuaria\/Sanktuarium Bo\u017cego Mi\u0142osierdzia w P\u0142ocku<\/a><\/p>\n","protected":false},"excerpt":{"rendered":"<p>Zgromadzenie Si\u00f3str Matki Bo\u017cej Mi\u0142osierdzia Sanktuarium Bo\u017cego Mi\u0142osierdzia 09-404 P\u0142ock Plac Stary Rynek 14\/18 tel. 0-24 262-58-83 e-mail: zmbm@faustyna.pl www.faustynaplock.pl Sanktuaria\/Sanktuarium Bo\u017cego Mi\u0142osierdzia w P\u0142ocku<\/p>\n","protected":false},"author":1,"featured_media":0,"parent":0,"menu_order":0,"comment_status":"closed","ping_status":"closed","template":"","meta":{"footnotes":""},"categories":[41],"tags":[],"class_list":["post-1391","page","type-page","status-publish","hentry","category-plock"],"_links":{"self":[{"href":"https:\/\/www.faustyna.pl\/zmbm\/wp-json\/wp\/v2\/pages\/1391","targetHints":{"allow":["GET"]}}],"collection":[{"href":"https:\/\/www.faustyna.pl\/zmbm\/wp-json\/wp\/v2\/pages"}],"about":[{"href":"https:\/\/www.faustyna.pl\/zmbm\/wp-json\/wp\/v2\/types\/page"}],"author":[{"embeddable":true,"href":"https:\/\/www.faustyna.pl\/zmbm\/wp-json\/wp\/v2\/users\/1"}],"replies":[{"embeddable":true,"href":"https:\/\/www.faustyna.pl\/zmbm\/wp-json\/wp\/v2\/comments?post=1391"}],"version-history":[{"count":14,"href":"https:\/\/www.faustyna.pl\/zmbm\/wp-json\/wp\/v2\/pages\/1391\/revisions"}],"predecessor-version":[{"id":32489,"href":"https:\/\/www.faustyna.pl\/zmbm\/wp-json\/wp\/v2\/pages\/1391\/revisions\/32489"}],"wp:attachment":[{"href":"https:\/\/www.faustyna.pl\/zmbm\/wp-json\/wp\/v2\/media?parent=1391"}],"wp:term":[{"taxonomy":"category","embeddable":true,"href":"https:\/\/www.faustyna.pl\/zmbm\/wp-json\/wp\/v2\/categories?post=1391"},{"taxonomy":"post_tag","embeddable":true,"href":"https:\/\/www.faustyna.pl\/zmbm\/wp-json\/wp\/v2\/tags?post=1391"}],"curies":[{"name":"wp","href":"https:\/\/api.w.org\/{rel}","templated":true}]}}