



{"id":1410,"date":"2014-12-18T23:13:21","date_gmt":"2014-12-18T23:13:21","guid":{"rendered":"http:\/\/www.faustyna.pl\/zmbm\/?page_id=1410"},"modified":"2023-10-28T17:47:04","modified_gmt":"2023-10-28T15:47:04","slug":"dojazd","status":"publish","type":"page","link":"https:\/\/www.faustyna.pl\/zmbm\/dojazd\/","title":{"rendered":"Dojazd"},"content":{"rendered":"<p><iframe src=\"https:\/\/www.google.com\/maps\/embed?pb=!1m18!1m12!1m3!1d2426.4034031569586!2d19.682922113307608!3d52.54422757195105!2m3!1f0!2f0!3f0!3m2!1i1024!2i768!4f13.1!3m3!1m2!1s0x471c7a750dd005eb%3A0xd850833e476b32b3!2sSanktuarium%20Bo%C5%BCego%20Mi%C5%82osierdzia%20w%20P%C5%82ocku!5e0!3m2!1spl!2spl!4v1698507997052!5m2!1spl!2spl\" width=\"600\" height=\"450\" style=\"border:0;\" allowfullscreen=\"\" loading=\"lazy\" referrerpolicy=\"no-referrer-when-downgrade\"><\/iframe><\/p>\n<ul style=\"margin: 0px;padding: 0pt 0pt 0pt 15px\">\n<li style=\"margin: 0pt 0pt 10px;text-align: justify\"><span style=\"color: #800000\"><b><span style=\"text-decoration: underline\">Jad\u0105c z Warszawy przez Wyszogr\u00f3d:<\/span><\/b><\/span><br \/>\nul. Wyszogrodzka, al. Pi\u0142sudskiego, na rondzie w lew\u0105 stron\u0119 \u2013 al. Kili\u0144skiego, nast\u0119pne rondo na prawo \u2013 ul. Warszawska, pl. Obro\u0144c\u00f3w Warszawy (<span style=\"text-decoration: underline\">tutaj jest ma\u0142y parking na kt\u00f3rym mog\u0105 sta\u0107 autokary, samochody osobowe mog\u0105 jecha\u0107 dalej<\/span>), ul. Ko\u015bciuszki, pl. Narutowicza, ul. Teatralna, ul. Ma\u0142achowskiego, <span style=\"text-decoration: underline\">STARY RYNEK<\/span>.<br \/>\n<span style=\"text-decoration: underline\">Du\u017cy parking autobusowy i samochody osobowe<\/span> znajduje si\u0119 przy teatrze na Nowym Rynku: dojazd &#8211; ul. Wyszogrodzka, al. Pi\u0142sudskiego, al. Jachowicza, Nowy Rynek \u2013 TEATR.<br \/>\nDalej mo\u017cna przej\u015b\u0107 deptakiem: ul Tumska, pl. Narutowicza, ul. Teatralna, ul. Ma\u0142achowskiego, <span style=\"text-decoration: underline\">STARY RYNEK<\/span>.<\/li>\n<li style=\"margin: 0pt 0pt 10px;text-align: justify\"><span style=\"color: #800000\"><b><span style=\"text-decoration: underline\">Jad\u0105c z \u0141odzi przez Kutno, Gostynin, \u0141\u0105ck, Radziwie<\/span><\/b><\/span><br \/>\ntrasa nr 60, most na Wi\u015ble im Legion\u00f3w marsz. J. Pi\u0142sudskiego, ul. Mostowa, na rondzie \u2013 w lewo ul. Warszawska pl. Obro\u0144c\u00f3w Warszawy (<span style=\"text-decoration: underline\">tutaj jest parking na kt\u00f3rym mog\u0105 sta\u0107 autokary, samochody osobowe mog\u0105 jecha\u0107 dalej<\/span>), ul. Ko\u015bciuszki, pl. Narutowicza, ul. Teatralna, ul. Ma\u0142achowskiego, <span style=\"text-decoration: underline\">STARY RYNEK<\/span>.<\/li>\n<li style=\"margin: 0pt 0pt 10px;text-align: justify\"><span style=\"color: #800000\"><b><span style=\"text-decoration: underline\">Jad\u0105c z W\u0142oc\u0142awka<\/span><\/b><\/span><br \/>\ntrasa nr 62, na rondzie w P\u0142ocku \u2013 Radziwiu &#8211; most na Wi\u015ble im Legion\u00f3w marsz. J. Pi\u0142sudskiego, ul. Mostowa, na rondzie \u2013 w lewo ul. Warszawska pl. Obro\u0144c\u00f3w Warszawy (<span style=\"text-decoration: underline\">tutaj jest parking na kt\u00f3rym mog\u0105 sta\u0107 autokary, samochody osobowe mog\u0105 jecha\u0107 dalej<\/span>), ul. Ko\u015bciuszki, pl. Narutowicza, ul. Teatralna, ul. Ma\u0142achowskiego, <span style=\"text-decoration: underline\">STARY RYNEK<\/span>.<\/li>\n<\/ul>\n<p><a href=\"https:\/\/www.faustyna.pl\/zmbm\/sanktuaria\/\">Sanktuaria\/Sanktuarium Bo\u017cego Mi\u0142osierdzia w P\u0142ocku<\/a><\/p>\n","protected":false},"excerpt":{"rendered":"<p>Jad\u0105c z Warszawy przez Wyszogr\u00f3d: ul. Wyszogrodzka, al. Pi\u0142sudskiego, na rondzie w lew\u0105 stron\u0119 \u2013 al. Kili\u0144skiego, nast\u0119pne rondo na prawo \u2013 ul. Warszawska, pl. Obro\u0144c\u00f3w Warszawy (tutaj jest ma\u0142y parking na kt\u00f3rym mog\u0105 sta\u0107 autokary, samochody osobowe mog\u0105 jecha\u0107 dalej), ul. Ko\u015bciuszki, pl. Narutowicza, ul. Teatralna, ul. Ma\u0142achowskiego, STARY RYNEK. Du\u017cy parking autobusowy i [&hellip;]<\/p>\n","protected":false},"author":1,"featured_media":0,"parent":0,"menu_order":0,"comment_status":"closed","ping_status":"closed","template":"","meta":{"footnotes":""},"categories":[41],"tags":[],"class_list":["post-1410","page","type-page","status-publish","hentry","category-plock"],"_links":{"self":[{"href":"https:\/\/www.faustyna.pl\/zmbm\/wp-json\/wp\/v2\/pages\/1410","targetHints":{"allow":["GET"]}}],"collection":[{"href":"https:\/\/www.faustyna.pl\/zmbm\/wp-json\/wp\/v2\/pages"}],"about":[{"href":"https:\/\/www.faustyna.pl\/zmbm\/wp-json\/wp\/v2\/types\/page"}],"author":[{"embeddable":true,"href":"https:\/\/www.faustyna.pl\/zmbm\/wp-json\/wp\/v2\/users\/1"}],"replies":[{"embeddable":true,"href":"https:\/\/www.faustyna.pl\/zmbm\/wp-json\/wp\/v2\/comments?post=1410"}],"version-history":[{"count":5,"href":"https:\/\/www.faustyna.pl\/zmbm\/wp-json\/wp\/v2\/pages\/1410\/revisions"}],"predecessor-version":[{"id":27516,"href":"https:\/\/www.faustyna.pl\/zmbm\/wp-json\/wp\/v2\/pages\/1410\/revisions\/27516"}],"wp:attachment":[{"href":"https:\/\/www.faustyna.pl\/zmbm\/wp-json\/wp\/v2\/media?parent=1410"}],"wp:term":[{"taxonomy":"category","embeddable":true,"href":"https:\/\/www.faustyna.pl\/zmbm\/wp-json\/wp\/v2\/categories?post=1410"},{"taxonomy":"post_tag","embeddable":true,"href":"https:\/\/www.faustyna.pl\/zmbm\/wp-json\/wp\/v2\/tags?post=1410"}],"curies":[{"name":"wp","href":"https:\/\/api.w.org\/{rel}","templated":true}]}}