



{"id":1411,"date":"2014-12-18T23:13:32","date_gmt":"2014-12-18T23:13:32","guid":{"rendered":"http:\/\/www.faustyna.pl\/zmbm\/?page_id=1411"},"modified":"2026-05-08T12:16:32","modified_gmt":"2026-05-08T10:16:32","slug":"muzeum","status":"publish","type":"page","link":"https:\/\/www.faustyna.pl\/zmbm\/muzeum\/","title":{"rendered":"Muzeum"},"content":{"rendered":"<p align=\"justify\"><a href=\"https:\/\/www.faustyna.pl\/zmbm\/wp-content\/uploads\/2014\/12\/Muzeum-piec-do-pieczenia-chleba-w-Plocku.jpg\" data-gallery><img loading=\"lazy\" decoding=\"async\" class=\"alignnone wp-image-10761 size-large\" src=\"https:\/\/www.faustyna.pl\/zmbm\/wp-content\/uploads\/2014\/12\/Muzeum-piec-do-pieczenia-chleba-w-Plocku-1024x602.jpg\" alt=\"\" width=\"1024\" height=\"602\" srcset=\"https:\/\/www.faustyna.pl\/zmbm\/wp-content\/uploads\/2014\/12\/Muzeum-piec-do-pieczenia-chleba-w-Plocku.jpg 1024w, https:\/\/www.faustyna.pl\/zmbm\/wp-content\/uploads\/2014\/12\/Muzeum-piec-do-pieczenia-chleba-w-Plocku-140x82.jpg 140w, https:\/\/www.faustyna.pl\/zmbm\/wp-content\/uploads\/2014\/12\/Muzeum-piec-do-pieczenia-chleba-w-Plocku-560x329.jpg 560w\" sizes=\"auto, (max-width: 1024px) 100vw, 1024px\" \/><\/a><\/p>\n<p align=\"justify\">Muzeum zosta\u0142o urz\u0105dzone w zachowanych podziemiach dawnych obiekt\u00f3w klasztornych. Najcenniejszym reliktem jest autentyczna piekarnia z zachowanym piecem i narz\u0119dziami u\u017cywanymi do wypieku chleba oraz posadzka, po kt\u00f3rej chodzi\u0142a \u015bw. Siostra Faustyna. Aposto\u0142ka Bo\u017cego Mi\u0142osierdzia przebywa\u0142a w p\u0142ockim klasztorze w latach\u00a01930-1932,\u00a0pracowa\u0142a w sklepie\u00a0 piekarniczym\u00a0 oraz\u00a0 pomaga\u0142a w kuchni i przy wypieku chleba. Zamieszczone w Muzeum zdj\u0119cia i eksponaty ukazuj\u0105 histori\u0119 domu, jego \u017cycie i prac\u0119, s\u0142u\u017c\u0105 upami\u0119tnieniu pobytu \u015bw. Siostry Faustyny w tym klasztorze, ukazaniu jej drogi do \u015bwi\u0119to\u015bci oraz historii i rozwoju kultu Mi\u0142osierdzia Bo\u017cego. Muzeum stwarza mo\u017cliwo\u015b\u0107 pog\u0142\u0119bienia znajomo\u015bci \u017cycia i pos\u0142annictwa \u015bw. Siostry Faustyny.<\/p>\n<p>&nbsp;<\/p>\n<p><a href=\"https:\/\/www.faustyna.pl\/zmbm\/sanktuaria\/\">Sanktuaria\/Sanktuarium Bo\u017cego Mi\u0142osierdzia w P\u0142ocku<\/a><\/p>\n","protected":false},"excerpt":{"rendered":"<p>Muzeum zosta\u0142o urz\u0105dzone w zachowanych podziemiach dawnych obiekt\u00f3w klasztornych. Najcenniejszym reliktem jest autentyczna piekarnia z zachowanym piecem i narz\u0119dziami u\u017cywanymi do wypieku chleba oraz posadzka, po kt\u00f3rej chodzi\u0142a \u015bw. Siostra Faustyna. Aposto\u0142ka Bo\u017cego Mi\u0142osierdzia przebywa\u0142a w p\u0142ockim klasztorze w latach\u00a01930-1932,\u00a0pracowa\u0142a w sklepie\u00a0 piekarniczym\u00a0 oraz\u00a0 pomaga\u0142a w kuchni i przy wypieku chleba. Zamieszczone w Muzeum zdj\u0119cia [&hellip;]<\/p>\n","protected":false},"author":1,"featured_media":0,"parent":0,"menu_order":0,"comment_status":"closed","ping_status":"closed","template":"","meta":{"footnotes":""},"categories":[41],"tags":[],"class_list":["post-1411","page","type-page","status-publish","hentry","category-plock"],"_links":{"self":[{"href":"https:\/\/www.faustyna.pl\/zmbm\/wp-json\/wp\/v2\/pages\/1411","targetHints":{"allow":["GET"]}}],"collection":[{"href":"https:\/\/www.faustyna.pl\/zmbm\/wp-json\/wp\/v2\/pages"}],"about":[{"href":"https:\/\/www.faustyna.pl\/zmbm\/wp-json\/wp\/v2\/types\/page"}],"author":[{"embeddable":true,"href":"https:\/\/www.faustyna.pl\/zmbm\/wp-json\/wp\/v2\/users\/1"}],"replies":[{"embeddable":true,"href":"https:\/\/www.faustyna.pl\/zmbm\/wp-json\/wp\/v2\/comments?post=1411"}],"version-history":[{"count":5,"href":"https:\/\/www.faustyna.pl\/zmbm\/wp-json\/wp\/v2\/pages\/1411\/revisions"}],"predecessor-version":[{"id":32488,"href":"https:\/\/www.faustyna.pl\/zmbm\/wp-json\/wp\/v2\/pages\/1411\/revisions\/32488"}],"wp:attachment":[{"href":"https:\/\/www.faustyna.pl\/zmbm\/wp-json\/wp\/v2\/media?parent=1411"}],"wp:term":[{"taxonomy":"category","embeddable":true,"href":"https:\/\/www.faustyna.pl\/zmbm\/wp-json\/wp\/v2\/categories?post=1411"},{"taxonomy":"post_tag","embeddable":true,"href":"https:\/\/www.faustyna.pl\/zmbm\/wp-json\/wp\/v2\/tags?post=1411"}],"curies":[{"name":"wp","href":"https:\/\/api.w.org\/{rel}","templated":true}]}}