



{"id":1412,"date":"2014-12-18T23:13:39","date_gmt":"2014-12-18T23:13:39","guid":{"rendered":"http:\/\/www.faustyna.pl\/zmbm\/?page_id=1412"},"modified":"2026-05-08T17:29:28","modified_gmt":"2026-05-08T15:29:28","slug":"historia-sanktuarium","status":"publish","type":"page","link":"https:\/\/www.faustyna.pl\/zmbm\/historia-sanktuarium\/","title":{"rendered":"Historia Sanktuarium"},"content":{"rendered":"<p align=\"justify\"><a href=\"https:\/\/www.faustyna.pl\/zmbm\/wp-content\/uploads\/2014\/12\/Sanktuarium-przy-Starym-Rynku-w-Plocku.jpg\" data-gallery><img loading=\"lazy\" decoding=\"async\" class=\"alignnone wp-image-10753 size-large\" src=\"https:\/\/www.faustyna.pl\/zmbm\/wp-content\/uploads\/2014\/12\/Sanktuarium-przy-Starym-Rynku-w-Plocku-1024x609.jpg\" alt=\"\" width=\"1024\" height=\"609\" srcset=\"https:\/\/www.faustyna.pl\/zmbm\/wp-content\/uploads\/2014\/12\/Sanktuarium-przy-Starym-Rynku-w-Plocku.jpg 1024w, https:\/\/www.faustyna.pl\/zmbm\/wp-content\/uploads\/2014\/12\/Sanktuarium-przy-Starym-Rynku-w-Plocku-140x83.jpg 140w, https:\/\/www.faustyna.pl\/zmbm\/wp-content\/uploads\/2014\/12\/Sanktuarium-przy-Starym-Rynku-w-Plocku-560x333.jpg 560w\" sizes=\"auto, (max-width: 1024px) 100vw, 1024px\" \/><\/a><\/p>\n<p align=\"justify\">Sanktuarium\u00a0 Bo\u017cego\u00a0 Mi\u0142osierdzia w P\u0142ocku mie\u015bci si\u0119 przy Starym Rynku 14\/18, w obiekcie klasztornym Zgromadzenia Si\u00f3str Matki Bo\u017cej Mi\u0142osierdzia, w miejscu, w kt\u00f3rym rozpocz\u0119\u0142a si\u0119 wielka, prorocka misja \u015bw. Siostry Faustyny Kowalskiej. Ze wzgl\u0119du na historyczno\u015b\u0107 tego miejsca: objawienia Pana Jezusa, kt\u00f3ry poleci\u0142 namalowanie swego obrazu z podpisem: <i style=\"font-weight: normal\">Jezu, ufam Tobie<\/i> i za\u017c\u0105da\u0142 ustanowienia w Ko\u015bciele \u015bwi\u0119ta Mi\u0142osierdzia Bo\u017cego, a tak\u017ce ze wzgl\u0119du na licznie przybywaj\u0105cych do tego miejsca pielgrzym\u00f3w, w dniu kanonizacji Siostry Faustyny, 30 kwietnia 2000 roku, ordynariusz diecezji p\u0142ockiej bp Stanis\u0142aw Wielgus podni\u00f3s\u0142 kaplic\u0119 Zgromadzenia do rangi Sanktuarium i ustanowi\u0142 rektorat. Ka\u017cdego 22 dnia miesi\u0105ca (w dniu objawienia si\u0119 Pana Jezusa \u015bw. Siostrze Faustynie) odbywaj\u0105 si\u0119 uroczyste nabo\u017ce\u0144stwa ku czci Mi\u0142osierdzia Bo\u017cego.\u00a0Codziennie\u00a0 celebrowane s\u0105 Msze \u015bwi\u0119te (rano i po po\u0142udniu), o 15:00 praktykowana jest wsp\u00f3lnotowa modlitwa w Godzinie Mi\u0142osierdzia i po niej Koronka do Mi\u0142osierdzia Bo\u017cego, przez ca\u0142y dzie\u0144 trwa adoracja Naj\u015bwi\u0119tszego Sakramentu i pos\u0142uga kap\u0142an\u00f3w w konfesjonale. Wszystko to ma miejsce obecnie w zast\u0119pczej kaplicy, gdy\u017c w miejscu objawie\u0144 prowadzone s\u0105 prace zwi\u0105zane z budow\u0105 nowej \u015bwi\u0105tyni.<\/p>\n<p><!--more--><\/p>\n<p align=\"justify\"><a href=\"https:\/\/www.faustyna.pl\/zmbm\/wp-content\/uploads\/2014\/12\/Nad-Wisla-w-Plocku.jpg\" data-gallery><img loading=\"lazy\" decoding=\"async\" class=\"alignnone wp-image-10754 size-large\" src=\"https:\/\/www.faustyna.pl\/zmbm\/wp-content\/uploads\/2014\/12\/Nad-Wisla-w-Plocku-1024x607.jpg\" alt=\"\" width=\"1024\" height=\"607\" srcset=\"https:\/\/www.faustyna.pl\/zmbm\/wp-content\/uploads\/2014\/12\/Nad-Wisla-w-Plocku.jpg 1024w, https:\/\/www.faustyna.pl\/zmbm\/wp-content\/uploads\/2014\/12\/Nad-Wisla-w-Plocku-140x83.jpg 140w, https:\/\/www.faustyna.pl\/zmbm\/wp-content\/uploads\/2014\/12\/Nad-Wisla-w-Plocku-560x332.jpg 560w\" sizes=\"auto, (max-width: 1024px) 100vw, 1024px\" \/><\/a><\/p>\n<p align=\"justify\">Klasztor Zgromadzenia\u00a0po\u0142o\u017cony jest nad Wis\u0142\u0105 na Wzg\u00f3rzu Tumskim, w starej cz\u0119\u015bci miasta, kt\u00f3re ma bardzo bogat\u0105 histori\u0119 si\u0119gaj\u0105c\u0105 X-XI wieku. Pocz\u0105tki pos\u0142ugi mi\u0142osierdzia w tym klasztorze wi\u0105\u017c\u0105 si\u0119 z osob\u0105 b\u0142. abpa Antoniego Juliana Nowowiejskiego, kt\u00f3ry jeszcze jako kap\u0142an za\u0142o\u017cy\u0142 zak\u0142ad \u201eAnio\u0142a Str\u00f3\u017ca\u201d dla biednych dziewcz\u0105t i zgromadzenie bezhabitowe \u201eBo\u017cej Mi\u0142o\u015bci\u201d dla prowadzenia nad nimi pracy wychowawczej. Instytut ten 13 kwietnia 1899 roku (za rad\u0105 i staraniem swego Za\u0142o\u017cyciela) po\u0142\u0105czy\u0142 si\u0119 z do\u015bwiadczonym w takiej pracy apostolskiej Zgromadzeniem Si\u00f3str Matki Bo\u017cej Mi\u0142osierdzia sprowadzonym z Warszawy. Siostry rozpocz\u0119\u0142y prac\u0119 zgodnie ze swoim charyzmatem, dzi\u0119ki czemu zak\u0142ad \u201eAnio\u0142a Str\u00f3\u017ca\u201d pomy\u015blnie si\u0119 rozwija\u0142. Przebywa\u0142o w nim pocz\u0105tkowo oko\u0142o 50 pokutnic, a gdy otworzono fili\u0119 domu w Bia\u0142ej ko\u0142o P\u0142ocka \u2013 nawet ponad 100 wychowanek, kt\u00f3re w zale\u017cno\u015bci od uzdolnie\u0144 pracowa\u0142y pod kierunkiem si\u00f3str w pralni, szwalni, pracowni haftu lub na gospodarstwie w Bia\u0142ej. Rytm \u017cycia si\u00f3str i wychowanek wyznacza\u0142a modlitwa i praca, kt\u00f3ra nie tylko by\u0142a g\u0142\u00f3wnym \u017ar\u00f3d\u0142em utrzymania dla klasztoru i zak\u0142adu, ale tak\u017ce wa\u017cnym \u015brodkiem wychowawczym, przygotowuj\u0105cym dziewcz\u0119ta do godnego \u017cycia w spo\u0142ecze\u0144stwie. Zak\u0142ad cieszy\u0142 si\u0119 uznaniem Ko\u015bcio\u0142a, w\u0142adz Miasta i mieszka\u0144c\u00f3w P\u0142ocka. Wielkim opiekunem i przyjacielem domu by\u0142 abp Julian Nowowiejski, autor ksi\u0105\u017cki: \u201eDzieje Instytutu Matki Bo\u017cej Mi\u0142osierdzia\u201d. W 1918 roku klasztor i zak\u0142ad \u201eAnio\u0142a Str\u00f3\u017ca\u201d przy Starym Rynku odwiedzi\u0142 ks. Achilles Ratti, p\u00f3\u017aniejszy papie\u017c Pius XI.<\/p>\n<p align=\"justify\"><a href=\"https:\/\/www.faustyna.pl\/zmbm\/wp-content\/uploads\/2014\/12\/Miejsce-pierwszego-objawienia-obrazu-JuT-w-Plocku.jpg\" data-gallery><img loading=\"lazy\" decoding=\"async\" class=\"alignnone wp-image-10755 size-large\" src=\"https:\/\/www.faustyna.pl\/zmbm\/wp-content\/uploads\/2014\/12\/Miejsce-pierwszego-objawienia-obrazu-JuT-w-Plocku-1024x604.jpg\" alt=\"\" width=\"1024\" height=\"604\" srcset=\"https:\/\/www.faustyna.pl\/zmbm\/wp-content\/uploads\/2014\/12\/Miejsce-pierwszego-objawienia-obrazu-JuT-w-Plocku.jpg 1024w, https:\/\/www.faustyna.pl\/zmbm\/wp-content\/uploads\/2014\/12\/Miejsce-pierwszego-objawienia-obrazu-JuT-w-Plocku-140x83.jpg 140w, https:\/\/www.faustyna.pl\/zmbm\/wp-content\/uploads\/2014\/12\/Miejsce-pierwszego-objawienia-obrazu-JuT-w-Plocku-560x330.jpg 560w\" sizes=\"auto, (max-width: 1024px) 100vw, 1024px\" \/><\/a><\/p>\n<p align=\"justify\">Do tego klasztoru p\u00f3\u017an\u0105 wiosn\u0105 1930 roku matka generalna Michaela Moraczewska wys\u0142a\u0142a Siostr\u0119 Faustyn\u0119 Kowalsk\u0105,\u00a0przeznaczaj\u0105c\u00a0do\u00a0pracy w sklepie piekarniczym, w kt\u00f3rym codziennie zaopatrywa\u0142o si\u0119 w pieczywo wielu mieszka\u0144c\u00f3w P\u0142ocka. W oficynie tego klasztoru przy Starym Rynku mia\u0142o miejsce historyczne dla kultu Mi\u0142osierdzia Bo\u017cego wydarzenie, mianowicie pierwsze objawienie Jezusa Mi\u0142osiernego, kt\u00f3re rozpocz\u0119\u0142o publiczn\u0105 misj\u0119 \u015bw. Siostry Faustyny. 22 lutego 1931 roku Pan Jezus ukaza\u0142 si\u0119 jej w takiej postaci jak na obrazie \u201eJezu ufam Tobie\u201d. O tym wydarzeniu tak napisa\u0142a w swym \u201eDzienniczku\u201d: <i style=\"font-weight: normal\">Wieczorem, kiedy by\u0142am w celi, ujrza\u0142am Pana Jezusa ubranego w szacie bia\u0142ej. Jedna r\u0119ka wzniesiona\u00a0 do\u00a0 b\u0142ogos\u0142awie\u0144stwa,\u00a0 a druga\u00a0 dotyka\u0142a szaty na piersiach. Z uchylenia szaty na piersiach wychodzi\u0142y dwa wielkie promienie, jeden czerwony, a drugi blady. W milczeniu wpatrywa\u0142am si\u0119 w Pana, dusza moja by\u0142a przej\u0119ta boja\u017ani\u0105, ale i rado\u015bci\u0105 wielk\u0105. Po chwili powiedzia\u0142 mi Jezus: \u201eWymaluj obraz wed\u0142ug rysunku, kt\u00f3ry widzisz, z podpisem: Jezu, ufam Tobie. Pragn\u0119, aby ten obraz czczono najpierw w kaplicy waszej i na ca\u0142ym \u015bwiecie. Obiecuj\u0119, \u017ce dusza, kt\u00f3ra czci\u0107 b\u0119dzie ten obraz, nie zginie. Obiecuj\u0119 tak\u017ce, ju\u017c tu na ziemi, zwyci\u0119stwo nad nieprzyjaci\u00f3\u0142mi, a szczeg\u00f3lnie w godzin\u0119 \u015bmierci. Ja sam broni\u0107 j\u0105 b\u0119d\u0119 jako swej chwa\u0142y<\/i> (Dz. 47-48). W klasztorze p\u0142ockim Siostra Faustyna us\u0142ysza\u0142a tak\u017ce polecenie Jezusa dotycz\u0105ce ustanowienia \u015awi\u0119ta Mi\u0142osierdzia w pierwsz\u0105 niedziel\u0119 po Wielkanocy. Tu rozpocz\u0105\u0142 si\u0119 wi\u0119c ten \u201e\u015bwietlisty szlak\u201d, na kt\u00f3rym Jezus stopniowo przekazywa\u0142 jej prorock\u0105 misj\u0119 przypomnienia \u015bwiatu prawdy o Jego mi\u0142osiernej mi\u0142o\u015bci do ka\u017cdego cz\u0142owieka.<\/p>\n<p style=\"text-align: justify\">W roku 1939 w kaplicy umieszczono pierwszy obraz Jezusa Mi\u0142osiernego namalowany wed\u0142ug wizji Siostry Faustyny. Lata II wojny \u015bwiatowej sprzyja\u0142y upowszechnianiu si\u0119 nabo\u017ce\u0144stwa do Mi\u0142osierdzia Bo\u017cego w formach przez ni\u0105 przekazanych. Siostry z klasztoru w P\u0142ocku nie tylko modli\u0142y si\u0119 przed obrazem Jezusa Mi\u0142osiernego, ale tak\u017ce upowszechnia\u0142y to nabo\u017ce\u0144stwo m. in. przez rozdawanie medalik\u00f3w i obrazk\u00f3w z Koronk\u0105 oraz przez wysy\u0142anie ich w paczkach z \u017cywno\u015bci\u0105 do oboz\u00f3w i wi\u0119zie\u0144.<\/p>\n<p align=\"justify\"><a href=\"https:\/\/www.faustyna.pl\/zmbm\/wp-content\/uploads\/2014\/12\/Prezbiterium-kaplicy-ZMBM-w-Plocku.jpg\" data-gallery><img loading=\"lazy\" decoding=\"async\" class=\"alignnone wp-image-10757 size-large\" src=\"https:\/\/www.faustyna.pl\/zmbm\/wp-content\/uploads\/2014\/12\/Prezbiterium-kaplicy-ZMBM-w-Plocku-1024x607.jpg\" alt=\"\" width=\"1024\" height=\"607\" srcset=\"https:\/\/www.faustyna.pl\/zmbm\/wp-content\/uploads\/2014\/12\/Prezbiterium-kaplicy-ZMBM-w-Plocku.jpg 1024w, https:\/\/www.faustyna.pl\/zmbm\/wp-content\/uploads\/2014\/12\/Prezbiterium-kaplicy-ZMBM-w-Plocku-140x83.jpg 140w, https:\/\/www.faustyna.pl\/zmbm\/wp-content\/uploads\/2014\/12\/Prezbiterium-kaplicy-ZMBM-w-Plocku-560x332.jpg 560w\" sizes=\"auto, (max-width: 1024px) 100vw, 1024px\" \/><\/a><\/p>\n<p align=\"justify\">W roku 1950\u00a0 w\u0142adze\u00a0 komunistyczne usun\u0119\u0142y siostry z klasztoru p\u0142ockiego, a klasztor i zak\u0142ad \u201eAnio\u0142a Str\u00f3\u017ca\u201d upa\u0144stwowi\u0142y. Po 40 latach, w stanie zrujnowanym, Zgromadzenie odzyska\u0142o swoj\u0105 w\u0142asno\u015b\u0107 i z pomoc\u0105 \u017cyczliwych ofiarodawc\u00f3w odbudowywa\u0142o ten historyczny obiekt. Wraz z zamieszkaniem w nim si\u00f3str i otwarciem kaplicy zacz\u0105\u0142 si\u0119 w tym miejscu na nowo odradza\u0107 i rozwija\u0107 kult Bo\u017cego Mi\u0142osierdzia. W kaplicy umieszczono najpierw kopi\u0119 \u0142askami s\u0142yn\u0105cego obrazu z Sanktuarium w \u0141agiewnikach, a nast\u0119pnie obraz Jezusa Mi\u0142osiernego (p\u0119dzla El\u017cbiety Plewa-Hoffmann), kt\u00f3ry w latach 1992-2000 peregrynowa\u0142 po wszystkich parafiach diecezji p\u0142ockiej. Klasztor przy Starym Rynku sta\u0142 si\u0119 miejscem czynienia, g\u0142oszenia i wypraszania mi\u0142osierdzia dla \u015bwiata, celem wielu pielgrzymek z kraju i spoza jego granic. Siostry po powrocie do P\u0142ocka nie tylko odbudowywa\u0142y i remontowa\u0142y zniszczone budynki, ale przede wszystkim z wielkim zapa\u0142em i energi\u0105 podj\u0119\u0142y misj\u0119 g\u0142oszenia, wypraszania i czynienia mi\u0142osierdzia, realizuj\u0105c charyzmatyczn\u0105 misj\u0119 Zgromadzenia.<\/p>\n<p><a href=\"https:\/\/www.faustyna.pl\/zmbm\/wp-content\/uploads\/2026\/05\/sanktuarium_dron-6.jpg\" data-gallery><img loading=\"lazy\" decoding=\"async\" class=\"alignnone wp-image-32586 size-full\" src=\"https:\/\/www.faustyna.pl\/zmbm\/wp-content\/uploads\/2026\/05\/sanktuarium_dron-6.jpg\" alt=\"\" width=\"1024\" height=\"610\" srcset=\"https:\/\/www.faustyna.pl\/zmbm\/wp-content\/uploads\/2026\/05\/sanktuarium_dron-6.jpg 1024w, https:\/\/www.faustyna.pl\/zmbm\/wp-content\/uploads\/2026\/05\/sanktuarium_dron-6-560x334.jpg 560w, https:\/\/www.faustyna.pl\/zmbm\/wp-content\/uploads\/2026\/05\/sanktuarium_dron-6-140x83.jpg 140w\" sizes=\"auto, (max-width: 1024px) 100vw, 1024px\" \/><\/a><\/p>\n<p style=\"text-align: justify\">30 kwietnia 2000 roku\u00a0 kaplica klasztorna\u00a0 zosta\u0142a podniesiona\u00a0 do rangi diecezjalnego Sanktuarium Bo\u017cego Mi\u0142osierdzia. Dzi\u015b na miejscu objawie\u0144 prowadzona jest budowa nowej \u015bwi\u0105tyni oraz odpowiedniego zaplecza dla pielgrzym\u00f3w, formacji aposto\u0142\u00f3w Bo\u017cego Mi\u0142osierdzia, o\u015brodka rekolekcyjnego. G\u0142\u00f3wnym zadaniem si\u00f3str jest s\u0142u\u017cba przybywaj\u0105cym tu pielgrzymom i i czuwanie przy \u201eOknie \u017bycia\u201d za\u0142o\u017conym przy klasztorze. Sanktuarium jest miejscem zadumy rekolekcyjnej dla wielu os\u00f3b indywidualnych i grup zorganizowanych. To wszystko czyni p\u0142ockie Sanktuarium\u00a0 miejscem\u00a0 spotkania\u00a0 si\u0119 z Bogiem\u00a0 bogatym w mi\u0142osierdzie.<\/p>\n<p align=\"right\"><i style=\"font-weight: normal\">s. M. El\u017cbieta Siepak ISMM<\/i><\/p>\n<p style=\"text-align: left\" align=\"right\"><a href=\"https:\/\/www.faustyna.pl\/zmbm\/sanktuaria\/\">Sanktuaria\/Sanktuarium Bo\u017cego Mi\u0142osierdzia w P\u0142ocku<\/a><\/p>\n","protected":false},"excerpt":{"rendered":"<p>Sanktuarium\u00a0 Bo\u017cego\u00a0 Mi\u0142osierdzia w P\u0142ocku mie\u015bci si\u0119 przy Starym Rynku 14\/18, w obiekcie klasztornym Zgromadzenia Si\u00f3str Matki Bo\u017cej Mi\u0142osierdzia, w miejscu, w kt\u00f3rym rozpocz\u0119\u0142a si\u0119 wielka, prorocka misja \u015bw. Siostry Faustyny Kowalskiej. Ze wzgl\u0119du na historyczno\u015b\u0107 tego miejsca: objawienia Pana Jezusa, kt\u00f3ry poleci\u0142 namalowanie swego obrazu z podpisem: Jezu, ufam Tobie i za\u017c\u0105da\u0142 ustanowienia w [&hellip;]<\/p>\n","protected":false},"author":1,"featured_media":0,"parent":0,"menu_order":0,"comment_status":"closed","ping_status":"closed","template":"","meta":{"footnotes":""},"categories":[41],"tags":[],"class_list":["post-1412","page","type-page","status-publish","hentry","category-plock"],"_links":{"self":[{"href":"https:\/\/www.faustyna.pl\/zmbm\/wp-json\/wp\/v2\/pages\/1412","targetHints":{"allow":["GET"]}}],"collection":[{"href":"https:\/\/www.faustyna.pl\/zmbm\/wp-json\/wp\/v2\/pages"}],"about":[{"href":"https:\/\/www.faustyna.pl\/zmbm\/wp-json\/wp\/v2\/types\/page"}],"author":[{"embeddable":true,"href":"https:\/\/www.faustyna.pl\/zmbm\/wp-json\/wp\/v2\/users\/1"}],"replies":[{"embeddable":true,"href":"https:\/\/www.faustyna.pl\/zmbm\/wp-json\/wp\/v2\/comments?post=1412"}],"version-history":[{"count":11,"href":"https:\/\/www.faustyna.pl\/zmbm\/wp-json\/wp\/v2\/pages\/1412\/revisions"}],"predecessor-version":[{"id":32588,"href":"https:\/\/www.faustyna.pl\/zmbm\/wp-json\/wp\/v2\/pages\/1412\/revisions\/32588"}],"wp:attachment":[{"href":"https:\/\/www.faustyna.pl\/zmbm\/wp-json\/wp\/v2\/media?parent=1412"}],"wp:term":[{"taxonomy":"category","embeddable":true,"href":"https:\/\/www.faustyna.pl\/zmbm\/wp-json\/wp\/v2\/categories?post=1412"},{"taxonomy":"post_tag","embeddable":true,"href":"https:\/\/www.faustyna.pl\/zmbm\/wp-json\/wp\/v2\/tags?post=1412"}],"curies":[{"name":"wp","href":"https:\/\/api.w.org\/{rel}","templated":true}]}}