



{"id":1422,"date":"2014-12-18T23:18:28","date_gmt":"2014-12-18T23:18:28","guid":{"rendered":"http:\/\/www.faustyna.pl\/zmbm\/?page_id=1422"},"modified":"2023-10-29T18:26:59","modified_gmt":"2023-10-29T17:26:59","slug":"dojazd-swinice-warckie","status":"publish","type":"page","link":"https:\/\/www.faustyna.pl\/zmbm\/dojazd-swinice-warckie\/","title":{"rendered":"Dojazd"},"content":{"rendered":"<p><iframe src=\"https:\/\/www.google.com\/maps\/embed?pb=!1m18!1m12!1m3!1d2454.1364528444356!2d18.91786961328912!3d52.040827671822505!2m3!1f0!2f0!3f0!3m2!1i1024!2i768!4f13.1!3m3!1m2!1s0x471b08aa43c615eb%3A0xaeed2e38f1ded9e1!2sSanktuarium%20Chrztu%20%C5%9Bw.%20Faustyny!5e0!3m2!1spl!2spl!4v1698600409220!5m2!1spl!2spl\" width=\"600\" height=\"450\" style=\"border:0;\" allowfullscreen=\"\" loading=\"lazy\" referrerpolicy=\"no-referrer-when-downgrade\"><\/iframe><\/p>\n<h3 style=\"text-align: center\" align=\"justify\"><b>\u00a0\u00a0\u00a0\u00a0\u00a0\u00a0\u00a0\u00a0\u00a0<span style=\"color: #800000\"> Opis trasy dojazdowej<\/span><\/b><\/h3>\n<p>\u015awinice Warckie to miejscowo\u015b\u0107 po\u0142o\u017cona w po\u0142udniowo-zachodniej cz\u0119\u015bci powiatu \u0142\u0119czyckiego, w woj. \u0142\u00f3dzkim.<\/p>\n<p style=\"text-align: justify\">1. <b><span style=\"color: #800000\">Dojazd z \u0141\u0119czycy<\/span><\/b> \u2013 drog\u0105 nr 703 w kierunku Podd\u0119bic, w miejscowo\u015bci Wilczkowice nale\u017cy skr\u0119ci\u0107 w prawo do \u015awinic (na skrzy\u017cowaniu znajduje si\u0119 drogowskaz do miejscowo\u015bci Ro\u017cniat\u00f3w. Odleg\u0142o\u015b\u0107 z \u0141\u0119czycy do \u015awinic wynosi 21 km.<\/p>\n<p style=\"text-align: justify\"><span style=\"color: #800000\">2. <b>Dojazd z Podd\u0119bic<\/b><\/span> \u2013 drog\u0105 nr 703 w kierunku \u0141\u0119czycy, w miejscowo\u015bci Gostk\u00f3w Stary nale\u017cy skr\u0119ci\u0107 w lewo do Wartkowic, nast\u0119pnie w Wartkowicach skr\u0119ci\u0107 w prawo do \u015awinic. Odleg\u0142o\u015b\u0107 z Podd\u0119bi\u0107 do \u015awinic wynosi 22 km.<\/p>\n<p style=\"text-align: justify\"><span style=\"color: #800000\">3. <b>Dojazd z Uniejowa<\/b> <\/span>\u2013 drog\u0105 nr 473 w kierunku D\u0105bia (oznaczenie na drogowskazie do Ko\u0142a) do miejscowo\u015bci Ro\u017cniat\u00f3w, w Ro\u017cniatowie nale\u017cy skr\u0119ci\u0107 w prawo do \u015awinic. Odleg\u0142o\u015b\u0107 z Uniejowa do \u015awinic wynosi 16 km.<\/p>\n<p style=\"text-align: justify\"><span style=\"color: #800000\">4. <b>Dojazd z Ko\u0142a<\/b><\/span> \u2013 drog\u0105 nr 473 (oznaczenie na drogowskazie prawdopodobnie do \u0141asku) przez\u00a0 D\u0105bie\u00a0 do\u00a0 miejscowo\u015bci\u00a0 R\u00f3\u017cniat\u00f3w,\u00a0 nast\u0119pnie w Ro\u017cniatowie nale\u017cy skr\u0119ci\u0107 w lewo do \u015awinic. Odleg\u0142os\u0107 z Ko\u0142a do D\u0105bia wynosi 30 km.<\/p>\n<p>W pobli\u017cu \u015awinic przebiega <span style=\"color: #800000\"><b><span style=\"text-decoration: underline\">autostrada A2<\/span><\/b>.<\/span> Najbli\u017csze zjazdy z autostrady:<\/p>\n<p style=\"text-align: justify\"><span style=\"color: #800000\">1. <b>Kierunek \u0141\u00f3d\u017a \u2013 Pozna\u0144<\/b>:<\/span> zjazd z autostrady na w\u0119\u017ale Wartkowice, nast\u0119pnie do miejscowo\u015bci Gostk\u00f3w Stary, w Gostkowie nale\u017cy skr\u0119ci\u0107 w prawo do Wartkowic, w Wartkowicach skr\u0119t w prawo do \u015awinic. Odleg\u0142o\u015b\u0107 z w\u0119z\u0142a Wartkowice do \u015awinic wynosi 15 km.<\/p>\n<p style=\"text-align: justify\"><span style=\"color: #800000\">2. <b>Kierunek Pozna\u0144 \u2013 \u0141\u00f3d\u017a<\/b>:<\/span> zjazd z autostrady na w\u0119\u017ale D\u0105bie, nast\u0119pnie do miejscowo\u015bci Ro\u017cniat\u00f3w, w Ro\u017cniatowie skr\u0119t w lewo do \u015awinic. Odleg\u0142o\u015b\u0107 z w\u0119z\u0142a D\u0105bie do \u015awinic wynosi 11 km.<\/p>\n<p style=\"text-align: justify\">W miejscowo\u015bciach: R\u00f3\u017cniat\u00f3w, Wilczkowice, Wartkowice, Podd\u0119bice, przy rondzie na w\u0119\u017ale D\u0105bie znajduj\u0105 si\u0119 tablice drogowe wskazuj\u0105ce kierunek dojazdu do Sanktuarium w \u015awinicach.<\/p>\n<p>W odleg\u0142o\u015bci 1,5 km od \u015awinic znajduje si\u0119 <span style=\"color: #800000\"><b>stacja kolejowa Kraski<\/b>.<\/span><br \/>\nDojazd do stacji z kierunk\u00f3w:<\/p>\n<p>1. Zdu\u0144ska Wola \u2013 Inowroc\u0142aw<\/p>\n<p>2. Inowroc\u0142aw \u2013 Wola<\/p>\n<p><a href=\"https:\/\/www.faustyna.pl\/zmbm\/sanktuaria\/\">Sanktuaria\/Sanktuarium Chrztu i Narodzin \u015bw. Siostry Faustyny w \u015awinicach Warckich<\/a><\/p>\n","protected":false},"excerpt":{"rendered":"<p>\u00a0\u00a0\u00a0\u00a0\u00a0\u00a0\u00a0\u00a0\u00a0 Opis trasy dojazdowej \u015awinice Warckie to miejscowo\u015b\u0107 po\u0142o\u017cona w po\u0142udniowo-zachodniej cz\u0119\u015bci powiatu \u0142\u0119czyckiego, w woj. \u0142\u00f3dzkim. 1. Dojazd z \u0141\u0119czycy \u2013 drog\u0105 nr 703 w kierunku Podd\u0119bic, w miejscowo\u015bci Wilczkowice nale\u017cy skr\u0119ci\u0107 w prawo do \u015awinic (na skrzy\u017cowaniu znajduje si\u0119 drogowskaz do miejscowo\u015bci Ro\u017cniat\u00f3w. Odleg\u0142o\u015b\u0107 z \u0141\u0119czycy do \u015awinic wynosi 21 km. 2. Dojazd [&hellip;]<\/p>\n","protected":false},"author":1,"featured_media":0,"parent":0,"menu_order":0,"comment_status":"closed","ping_status":"closed","template":"","meta":{"footnotes":""},"categories":[42],"tags":[],"class_list":["post-1422","page","type-page","status-publish","hentry","category-swinice-warckie"],"_links":{"self":[{"href":"https:\/\/www.faustyna.pl\/zmbm\/wp-json\/wp\/v2\/pages\/1422","targetHints":{"allow":["GET"]}}],"collection":[{"href":"https:\/\/www.faustyna.pl\/zmbm\/wp-json\/wp\/v2\/pages"}],"about":[{"href":"https:\/\/www.faustyna.pl\/zmbm\/wp-json\/wp\/v2\/types\/page"}],"author":[{"embeddable":true,"href":"https:\/\/www.faustyna.pl\/zmbm\/wp-json\/wp\/v2\/users\/1"}],"replies":[{"embeddable":true,"href":"https:\/\/www.faustyna.pl\/zmbm\/wp-json\/wp\/v2\/comments?post=1422"}],"version-history":[{"count":9,"href":"https:\/\/www.faustyna.pl\/zmbm\/wp-json\/wp\/v2\/pages\/1422\/revisions"}],"predecessor-version":[{"id":27519,"href":"https:\/\/www.faustyna.pl\/zmbm\/wp-json\/wp\/v2\/pages\/1422\/revisions\/27519"}],"wp:attachment":[{"href":"https:\/\/www.faustyna.pl\/zmbm\/wp-json\/wp\/v2\/media?parent=1422"}],"wp:term":[{"taxonomy":"category","embeddable":true,"href":"https:\/\/www.faustyna.pl\/zmbm\/wp-json\/wp\/v2\/categories?post=1422"},{"taxonomy":"post_tag","embeddable":true,"href":"https:\/\/www.faustyna.pl\/zmbm\/wp-json\/wp\/v2\/tags?post=1422"}],"curies":[{"name":"wp","href":"https:\/\/api.w.org\/{rel}","templated":true}]}}