



{"id":1424,"date":"2014-12-18T23:18:49","date_gmt":"2014-12-18T23:18:49","guid":{"rendered":"http:\/\/www.faustyna.pl\/zmbm\/?page_id=1424"},"modified":"2023-03-08T16:07:43","modified_gmt":"2023-03-08T15:07:43","slug":"dom-rodzinny-sw-faustyny-w-glogowcu","status":"publish","type":"page","link":"https:\/\/www.faustyna.pl\/zmbm\/dom-rodzinny-sw-faustyny-w-glogowcu\/","title":{"rendered":"Dom rodzinny \u015bw.&nbsp;Faustyny w&nbsp;G\u0142ogowcu"},"content":{"rendered":"<p style=\"text-align: justify\" align=\"justify\"><a href=\"https:\/\/www.faustyna.pl\/zmbm\/wp-content\/uploads\/2014\/12\/Dom-rodzinny-Siostry-Faustyny-w-Glogowcu-od-frontu.jpg\" data-gallery><img loading=\"lazy\" decoding=\"async\" class=\"size-medium wp-image-10792 alignnone\" src=\"https:\/\/www.faustyna.pl\/zmbm\/wp-content\/uploads\/2014\/12\/Dom-rodzinny-Siostry-Faustyny-w-Glogowcu-od-frontu-560x328.jpg\" alt=\"\" width=\"560\" height=\"328\" srcset=\"https:\/\/www.faustyna.pl\/zmbm\/wp-content\/uploads\/2014\/12\/Dom-rodzinny-Siostry-Faustyny-w-Glogowcu-od-frontu-560x328.jpg 560w, https:\/\/www.faustyna.pl\/zmbm\/wp-content\/uploads\/2014\/12\/Dom-rodzinny-Siostry-Faustyny-w-Glogowcu-od-frontu-140x82.jpg 140w, https:\/\/www.faustyna.pl\/zmbm\/wp-content\/uploads\/2014\/12\/Dom-rodzinny-Siostry-Faustyny-w-Glogowcu-od-frontu.jpg 1024w\" sizes=\"auto, (max-width: 560px) 100vw, 560px\" \/><\/a><\/p>\n<p style=\"text-align: justify\" align=\"justify\">Na pograniczu Wielkopolski i Mazowsza, w okolicach \u0141\u0119czycy, par. \u015awinice Warckie, znajduje si\u0119 wie\u015b G\u0142ogowiec. Tutaj Marianna i Stanis\u0142aw Kowalscy zakupili kilka morg\u00f3w pola od pa\u0144stwa Olejniczak\u00f3w i 1900 roku pobudowali, z charakterystycznego dla tej okolicy kamienia ro\u017cniatowskiego, skromny,\u00a0 parterowy dom i zabudowania gospodarcze. W domu by\u0142a tylko jedna izba, sie\u0144 i kuchnia, kt\u00f3ra w zimie s\u0142u\u017cy\u0142a tak\u017ce jako warsztat ciesielski ojca. W tym ma\u0142ym, ciasnym, ale w\u0142asnym domu przysz\u0142o na \u015bwiat dziesi\u0119cioro dzieci, a w\u015br\u00f3d nich Prorok naszych czas\u00f3w nios\u0105cy \u015bwiatu or\u0119dzie Mi\u0142osierdzia.<\/p>\n<p align=\"justify\"><a href=\"https:\/\/www.faustyna.pl\/zmbm\/wp-content\/uploads\/2014\/12\/Izba-w-domu-rodzinnym-Siostry-Faustyny.jpg\" data-gallery><img loading=\"lazy\" decoding=\"async\" class=\"size-medium wp-image-10793 alignnone\" src=\"https:\/\/www.faustyna.pl\/zmbm\/wp-content\/uploads\/2014\/12\/Izba-w-domu-rodzinnym-Siostry-Faustyny-560x328.jpg\" alt=\"\" width=\"560\" height=\"328\" srcset=\"https:\/\/www.faustyna.pl\/zmbm\/wp-content\/uploads\/2014\/12\/Izba-w-domu-rodzinnym-Siostry-Faustyny-560x328.jpg 560w, https:\/\/www.faustyna.pl\/zmbm\/wp-content\/uploads\/2014\/12\/Izba-w-domu-rodzinnym-Siostry-Faustyny-140x82.jpg 140w, https:\/\/www.faustyna.pl\/zmbm\/wp-content\/uploads\/2014\/12\/Izba-w-domu-rodzinnym-Siostry-Faustyny.jpg 1024w\" sizes=\"auto, (max-width: 560px) 100vw, 560px\" \/><\/a><\/p>\n<p align=\"justify\">Rodzina\u00a0 Kowalskich\u00a0 utrzymywa\u0142a si\u0119 z niewielkiego gospodarstwa rolnego i pracy ciesielskiej ojca. Cho\u0107 w domu \u017cy\u0142o si\u0119 bardzo skromnie i na wiele rzeczy nie by\u0142o pieni\u0119dzy, to nie brak\u0142o ich na rzeczy potrzebne do \u017cycia duchowego: w izbie na naczelnym\u00a0 miejscu\u00a0 by\u0142\u00a0 o\u0142tarzyk z pasyjk\u0105 i fajansowymi figurkami Serca Jezusa i Maryi, \u015bwi\u0119te obrazy na \u015bcianach oraz niewielka biblioteczka z ksi\u0105\u017ckami religijnymi. Pan B\u00f3g w tym domu by\u0142 na pierwszym miejscu, co wyra\u017ca\u0142o si\u0119 nie tylko w wystroju domu, ale przede wszystkim w codziennym \u017cyciu rodziny: w modlitwie, pracy i \u015bwiadectwie \u017cycia rodzic\u00f3w. W takiej atmosferze wzrasta\u0142a Helenka Kowalska, kt\u00f3ra wynios\u0142a z domu nie tylko umiej\u0119tno\u015b\u0107 pracy, ale tak\u017ce, a mo\u017ce przede wszystkim wiar\u0119, mi\u0142o\u015b\u0107 do Boga i drugiego cz\u0142owieka.<\/p>\n<p align=\"justify\"><a href=\"https:\/\/www.faustyna.pl\/zmbm\/wp-content\/uploads\/2014\/12\/Muzeum-w-Glogowcu-dom-rodzinny-Siostry-Faustyny.jpg\" data-gallery><img loading=\"lazy\" decoding=\"async\" class=\"size-medium wp-image-10794 alignnone\" src=\"https:\/\/www.faustyna.pl\/zmbm\/wp-content\/uploads\/2014\/12\/Muzeum-w-Glogowcu-dom-rodzinny-Siostry-Faustyny-560x332.jpg\" alt=\"\" width=\"560\" height=\"332\" srcset=\"https:\/\/www.faustyna.pl\/zmbm\/wp-content\/uploads\/2014\/12\/Muzeum-w-Glogowcu-dom-rodzinny-Siostry-Faustyny-560x332.jpg 560w, https:\/\/www.faustyna.pl\/zmbm\/wp-content\/uploads\/2014\/12\/Muzeum-w-Glogowcu-dom-rodzinny-Siostry-Faustyny-140x83.jpg 140w, https:\/\/www.faustyna.pl\/zmbm\/wp-content\/uploads\/2014\/12\/Muzeum-w-Glogowcu-dom-rodzinny-Siostry-Faustyny.jpg 1024w\" sizes=\"auto, (max-width: 560px) 100vw, 560px\" \/><\/a><\/p>\n<p align=\"justify\">Dzisiaj rodzinny dom \u015bw. Siostry Faustyny nale\u017cy do parafii. Urz\u0105dzono w nim muzeum, w kt\u00f3rym zgromadzono przedmioty, maj\u0105ce odda\u0107 klimat tamtych czas\u00f3w i \u017cycia rodziny Kowalskich. Zabudowania gospodarcze i teren wok\u00f3\u0142 domu przystosowano dla potrzeb pielgrzym\u00f3w.<\/p>\n<p align=\"right\"><i style=\"font-weight: normal\">s. M. El\u017cbieta Siepak ISMM<\/i><\/p>\n<p>&#8212;&#8212;&#8212;&#8212;&#8212;&#8212;&#8212;&#8212;&#8212;&#8212;&#8212;-<br \/>\nZ artyku\u0142u: <i style=\"font-weight: normal\">Szlak \u015bw. Siostry Faustyny<\/i>,<br \/>\nw: \u201eOr\u0119dzie Mi\u0142osierdzia\u201d, nr 61 (2007), s. 10-11.<\/p>\n<p><a href=\"https:\/\/www.faustyna.pl\/zmbm\/sanktuaria\/\">Sanktuaria\/Sanktuarium Chrztu i Narodzin \u015bw. Siostry Faustyny w \u015awinicach Warckich<\/a><\/p>\n","protected":false},"excerpt":{"rendered":"<p>Na pograniczu Wielkopolski i Mazowsza, w okolicach \u0141\u0119czycy, par. \u015awinice Warckie, znajduje si\u0119 wie\u015b G\u0142ogowiec. Tutaj Marianna i Stanis\u0142aw Kowalscy zakupili kilka morg\u00f3w pola od pa\u0144stwa Olejniczak\u00f3w i 1900 roku pobudowali, z charakterystycznego dla tej okolicy kamienia ro\u017cniatowskiego, skromny,\u00a0 parterowy dom i zabudowania gospodarcze. W domu by\u0142a tylko jedna izba, sie\u0144 i kuchnia, kt\u00f3ra w [&hellip;]<\/p>\n","protected":false},"author":1,"featured_media":0,"parent":0,"menu_order":0,"comment_status":"closed","ping_status":"closed","template":"","meta":{"footnotes":""},"categories":[42],"tags":[],"class_list":["post-1424","page","type-page","status-publish","hentry","category-swinice-warckie"],"_links":{"self":[{"href":"https:\/\/www.faustyna.pl\/zmbm\/wp-json\/wp\/v2\/pages\/1424","targetHints":{"allow":["GET"]}}],"collection":[{"href":"https:\/\/www.faustyna.pl\/zmbm\/wp-json\/wp\/v2\/pages"}],"about":[{"href":"https:\/\/www.faustyna.pl\/zmbm\/wp-json\/wp\/v2\/types\/page"}],"author":[{"embeddable":true,"href":"https:\/\/www.faustyna.pl\/zmbm\/wp-json\/wp\/v2\/users\/1"}],"replies":[{"embeddable":true,"href":"https:\/\/www.faustyna.pl\/zmbm\/wp-json\/wp\/v2\/comments?post=1424"}],"version-history":[{"count":9,"href":"https:\/\/www.faustyna.pl\/zmbm\/wp-json\/wp\/v2\/pages\/1424\/revisions"}],"predecessor-version":[{"id":25929,"href":"https:\/\/www.faustyna.pl\/zmbm\/wp-json\/wp\/v2\/pages\/1424\/revisions\/25929"}],"wp:attachment":[{"href":"https:\/\/www.faustyna.pl\/zmbm\/wp-json\/wp\/v2\/media?parent=1424"}],"wp:term":[{"taxonomy":"category","embeddable":true,"href":"https:\/\/www.faustyna.pl\/zmbm\/wp-json\/wp\/v2\/categories?post=1424"},{"taxonomy":"post_tag","embeddable":true,"href":"https:\/\/www.faustyna.pl\/zmbm\/wp-json\/wp\/v2\/tags?post=1424"}],"curies":[{"name":"wp","href":"https:\/\/api.w.org\/{rel}","templated":true}]}}