



{"id":1433,"date":"2014-12-18T23:21:54","date_gmt":"2014-12-18T23:21:54","guid":{"rendered":"http:\/\/www.faustyna.pl\/zmbm\/?page_id=1433"},"modified":"2023-03-08T16:05:22","modified_gmt":"2023-03-08T15:05:22","slug":"kontakt-rzym","status":"publish","type":"page","link":"https:\/\/www.faustyna.pl\/zmbm\/kontakt-rzym\/","title":{"rendered":"Kontakt"},"content":{"rendered":"<p><a href=\"https:\/\/www.faustyna.pl\/zmbm\/wp-content\/uploads\/2014\/12\/La-Chiesa-di-Santo-Spirito-nel-Roma-115.jpg\" data-gallery><img loading=\"lazy\" decoding=\"async\" class=\"size-medium wp-image-10811 alignnone\" src=\"https:\/\/www.faustyna.pl\/zmbm\/wp-content\/uploads\/2014\/12\/La-Chiesa-di-Santo-Spirito-nel-Roma-115-560x331.jpg\" alt=\"\" width=\"560\" height=\"331\" srcset=\"https:\/\/www.faustyna.pl\/zmbm\/wp-content\/uploads\/2014\/12\/La-Chiesa-di-Santo-Spirito-nel-Roma-115-560x331.jpg 560w, https:\/\/www.faustyna.pl\/zmbm\/wp-content\/uploads\/2014\/12\/La-Chiesa-di-Santo-Spirito-nel-Roma-115-140x83.jpg 140w, https:\/\/www.faustyna.pl\/zmbm\/wp-content\/uploads\/2014\/12\/La-Chiesa-di-Santo-Spirito-nel-Roma-115.jpg 1024w\" sizes=\"auto, (max-width: 560px) 100vw, 560px\" \/><\/a><\/p>\n<p align=\"justify\"><span style=\"color: #800000\"><strong><span style=\"text-decoration: underline\">Ko\u015bci\u00f3\u0142 Santo Spirito in Sassia<\/span><\/strong><\/span><br \/>\nVia dei Penitenzieri 12<br \/>\n00193 ROMA &#8211; ITALIA<br \/>\ntf.: (0-039 06) 687 93 10<br \/>\nfax: (0-039 06) 683 34 45<br \/>\ne-mail: rettore@divinamisericordia.it<br \/>\nInternet: <a href=\"http:\/\/www.divinamisericordia.it\/\" target=\"_blank\" rel=\"noopener\">www.divinamisericordia.it<\/a><\/p>\n<p><span style=\"color: #800000\"><strong><span style=\"text-decoration: underline\">Zgromadzenie Si\u00f3str Matki Bo\u017cej Mi\u0142osierdzia<\/span><\/strong><\/span><br \/>\nVia dei Penitenzieri 12<br \/>\n00193 ROMA &#8211; ITALIA<br \/>\ntf.: (0-039 06) 68 80 50 94<br \/>\ne-mail: zmbmcentrumrzym@wp.pl<\/p>\n<p><a href=\"https:\/\/www.faustyna.pl\/zmbm\/sanktuaria\/\">Sanktuaria\/Centrum Duchowo\u015bci Bo\u017cego Mi\u0142osierdzia w Rzymie<\/a><\/p>\n","protected":false},"excerpt":{"rendered":"<p>Ko\u015bci\u00f3\u0142 Santo Spirito in Sassia Via dei Penitenzieri 12 00193 ROMA &#8211; ITALIA tf.: (0-039 06) 687 93 10 fax: (0-039 06) 683 34 45 e-mail: rettore@divinamisericordia.it Internet: www.divinamisericordia.it Zgromadzenie Si\u00f3str Matki Bo\u017cej Mi\u0142osierdzia Via dei Penitenzieri 12 00193 ROMA &#8211; ITALIA tf.: (0-039 06) 68 80 50 94 e-mail: zmbmcentrumrzym@wp.pl Sanktuaria\/Centrum Duchowo\u015bci Bo\u017cego Mi\u0142osierdzia [&hellip;]<\/p>\n","protected":false},"author":1,"featured_media":0,"parent":0,"menu_order":0,"comment_status":"closed","ping_status":"closed","template":"","meta":{"footnotes":""},"categories":[43],"tags":[],"class_list":["post-1433","page","type-page","status-publish","hentry","category-rzym"],"_links":{"self":[{"href":"https:\/\/www.faustyna.pl\/zmbm\/wp-json\/wp\/v2\/pages\/1433","targetHints":{"allow":["GET"]}}],"collection":[{"href":"https:\/\/www.faustyna.pl\/zmbm\/wp-json\/wp\/v2\/pages"}],"about":[{"href":"https:\/\/www.faustyna.pl\/zmbm\/wp-json\/wp\/v2\/types\/page"}],"author":[{"embeddable":true,"href":"https:\/\/www.faustyna.pl\/zmbm\/wp-json\/wp\/v2\/users\/1"}],"replies":[{"embeddable":true,"href":"https:\/\/www.faustyna.pl\/zmbm\/wp-json\/wp\/v2\/comments?post=1433"}],"version-history":[{"count":4,"href":"https:\/\/www.faustyna.pl\/zmbm\/wp-json\/wp\/v2\/pages\/1433\/revisions"}],"predecessor-version":[{"id":25926,"href":"https:\/\/www.faustyna.pl\/zmbm\/wp-json\/wp\/v2\/pages\/1433\/revisions\/25926"}],"wp:attachment":[{"href":"https:\/\/www.faustyna.pl\/zmbm\/wp-json\/wp\/v2\/media?parent=1433"}],"wp:term":[{"taxonomy":"category","embeddable":true,"href":"https:\/\/www.faustyna.pl\/zmbm\/wp-json\/wp\/v2\/categories?post=1433"},{"taxonomy":"post_tag","embeddable":true,"href":"https:\/\/www.faustyna.pl\/zmbm\/wp-json\/wp\/v2\/tags?post=1433"}],"curies":[{"name":"wp","href":"https:\/\/api.w.org\/{rel}","templated":true}]}}