



{"id":1437,"date":"2014-12-18T23:22:30","date_gmt":"2014-12-18T23:22:30","guid":{"rendered":"http:\/\/www.faustyna.pl\/zmbm\/?page_id=1437"},"modified":"2026-05-08T12:17:33","modified_gmt":"2026-05-08T10:17:33","slug":"porzadek-nabozenstw-rzym","status":"publish","type":"page","link":"https:\/\/www.faustyna.pl\/zmbm\/porzadek-nabozenstw-rzym\/","title":{"rendered":"Porz\u0105dek nabo\u017ce\u0144stw"},"content":{"rendered":"<p><a href=\"https:\/\/www.faustyna.pl\/zmbm\/wp-content\/uploads\/2014\/12\/Liturgia-Santo-Spirito-Roma.jpg\" data-gallery><img loading=\"lazy\" decoding=\"async\" class=\"alignnone wp-image-10803 size-large\" src=\"https:\/\/www.faustyna.pl\/zmbm\/wp-content\/uploads\/2014\/12\/Liturgia-Santo-Spirito-Roma-1024x604.jpg\" alt=\"\" width=\"1024\" height=\"604\" srcset=\"https:\/\/www.faustyna.pl\/zmbm\/wp-content\/uploads\/2014\/12\/Liturgia-Santo-Spirito-Roma.jpg 1024w, https:\/\/www.faustyna.pl\/zmbm\/wp-content\/uploads\/2014\/12\/Liturgia-Santo-Spirito-Roma-140x83.jpg 140w, https:\/\/www.faustyna.pl\/zmbm\/wp-content\/uploads\/2014\/12\/Liturgia-Santo-Spirito-Roma-560x330.jpg 560w\" sizes=\"auto, (max-width: 1024px) 100vw, 1024px\" \/><\/a><\/p>\n<p style=\"text-align: left\" align=\"justify\"><span style=\"color: #800000\"><b><span style=\"text-decoration: underline\">Dni powszednie<\/span><\/b><\/span><\/p>\n<table style=\"width: 100%;height: 120px\" cellspacing=\"0\">\n<tbody>\n<tr style=\"height: 20px\">\n<td style=\"width: 5.22088%;vertical-align: top;height: 20px\">7:30<\/td>\n<td style=\"width: 94.5783%;vertical-align: top;height: 20px\">\u2013 Msza \u015awi\u0119ta<\/td>\n<\/tr>\n<tr style=\"height: 20px\">\n<td style=\"width: 5.22088%;vertical-align: top;height: 20px\">11:00<\/td>\n<td style=\"width: 94.5783%;vertical-align: top;height: 20px\">\u2013 Msza \u015awi\u0119ta<\/td>\n<\/tr>\n<tr style=\"height: 40px\">\n<td style=\"width: 5.22088%;vertical-align: top;height: 40px\">15:00<\/td>\n<td style=\"width: 94.5783%;vertical-align: top;height: 40px\">\u2013 Modlitwa w Godzinie Mi\u0142osierdzia<br \/>\ni Koronka do Mi\u0142osierdzia Bo\u017cego<\/td>\n<\/tr>\n<tr style=\"height: 20px\">\n<td style=\"width: 5.22088%;vertical-align: top;height: 20px\"><\/td>\n<td style=\"width: 94.5783%;vertical-align: top;height: 20px\">\u2013 Droga krzy\u017cowa<\/td>\n<\/tr>\n<tr style=\"height: 20px\">\n<td style=\"width: 5.22088%;vertical-align: top;height: 20px\">17:30<\/td>\n<td style=\"width: 94.5783%;vertical-align: top;height: 20px\">\u2013 Adoracja Jezusa w Naj\u015bwi\u0119tszym Sakramencie<\/td>\n<\/tr>\n<tr>\n<td style=\"width: 5.22088%;vertical-align: top\">18;00<\/td>\n<td style=\"width: 94.5783%;vertical-align: top\">\u2013 R\u00f3\u017caniec<\/td>\n<\/tr>\n<\/tbody>\n<\/table>\n<p><span style=\"color: #800000\"><b><span style=\"text-decoration: underline\">Niedziele i \u015bwi\u0119ta<\/span><\/b><\/span><br \/>\n9:30 \u2013 Msza \u015awi\u0119ta w j\u0119zyku angielskim<br \/>\n10:30 \u2013 Msza \u015awi\u0119ta j\u0119zyku w\u0142oskim<br \/>\n12:30 \u2013 Msza \u015awi\u0119ta w j\u0119zyku w\u0142oskim<br \/>\n15:00 \u2013 Modlitwa w Godzinie Mi\u0142osierdzia i Koronka do Mi\u0142osierdzia Bo\u017cego<br \/>\n16:00 \u2013 Msza \u015awi\u0119ta w j\u0119zyku polskim<br \/>\n18:30 \u2013 Msza \u015awi\u0119ta w j\u0119zyku w\u0142oskim.<\/p>\n<p><span style=\"color: #800000\"><b><span style=\"text-decoration: underline\">Codziennie<\/span><\/b><\/span><br \/>\nSpowied\u017a w godzinach otwarcia ko\u015bcio\u0142a.<\/p>\n<p><span style=\"color: #800000\"><b><span style=\"text-decoration: underline\">5. dzie\u0144 miesi\u0105ca (z wyj\u0105tkiem sierpnia)<\/span><\/b><\/span><br \/>\n17:00 \u2013 Msza \u015awi\u0119ta ku czci Mi\u0142osierdzia Bo\u017cego<\/p>\n<p><span style=\"color: #800000\"><b><span style=\"text-decoration: underline\">22. dzie\u0144 miesi\u0105ca<\/span><\/b><\/span><br \/>\n15:00 \u2013 Spotkania formacyjne wsp\u00f3lnoty &#8222;Faustinum&#8221;<\/p>\n<p><span style=\"color: #800000\"><b><span style=\"text-decoration: underline\">5 pa\u017adziernika<\/span> liturgiczne wspomnienie \u015bw. Faustyny<\/b><\/span><br \/>\n17:00 \u2013 Msza \u015bwi\u0119ta ze szczeg\u00f3lnym uczestnictwem ludzi m\u0142odych diecezji rzymskiej<\/p>\n<p><span style=\"color: #800000\"><b><span style=\"text-decoration: underline\">Pierwsza niedziela po Wielkanocy<\/span> \u2013 \u015bwi\u0119to Mi\u0142osierdzia<\/b><\/span><br \/>\nPoprzedzone nowenn\u0105, kt\u00f3ra rozpoczyna si\u0119 w Wielki Pi\u0105tek<\/p>\n<p><span style=\"color: #800000\"><b><span style=\"text-decoration: underline\">Uroczysto\u015b\u0107 Zes\u0142ania Ducha \u015awi\u0119tego<\/span><\/b><\/span> \u2013 doroczny odpust<br \/>\n11:00 \u2013 Msza \u015awi\u0119ta odpustowa pod przewodnictwem Kardyna\u0142a Tytularnego.<\/p>\n<p><a href=\"https:\/\/www.faustyna.pl\/zmbm\/sanktuaria\/\">Sanktuaria\/Centrum Duchowo\u015bci Bo\u017cego Mi\u0142osierdzia w Rzymie<\/a><\/p>\n","protected":false},"excerpt":{"rendered":"<p>Dni powszednie 7:30 \u2013 Msza \u015awi\u0119ta 11:00 \u2013 Msza \u015awi\u0119ta 15:00 \u2013 Modlitwa w Godzinie Mi\u0142osierdzia i Koronka do Mi\u0142osierdzia Bo\u017cego \u2013 Droga krzy\u017cowa 17:30 \u2013 Adoracja Jezusa w Naj\u015bwi\u0119tszym Sakramencie 18;00 \u2013 R\u00f3\u017caniec Niedziele i \u015bwi\u0119ta 9:30 \u2013 Msza \u015awi\u0119ta w j\u0119zyku angielskim 10:30 \u2013 Msza \u015awi\u0119ta j\u0119zyku w\u0142oskim 12:30 \u2013 Msza \u015awi\u0119ta w [&hellip;]<\/p>\n","protected":false},"author":1,"featured_media":0,"parent":0,"menu_order":0,"comment_status":"closed","ping_status":"closed","template":"","meta":{"footnotes":""},"categories":[43],"tags":[],"class_list":["post-1437","page","type-page","status-publish","hentry","category-rzym"],"_links":{"self":[{"href":"https:\/\/www.faustyna.pl\/zmbm\/wp-json\/wp\/v2\/pages\/1437","targetHints":{"allow":["GET"]}}],"collection":[{"href":"https:\/\/www.faustyna.pl\/zmbm\/wp-json\/wp\/v2\/pages"}],"about":[{"href":"https:\/\/www.faustyna.pl\/zmbm\/wp-json\/wp\/v2\/types\/page"}],"author":[{"embeddable":true,"href":"https:\/\/www.faustyna.pl\/zmbm\/wp-json\/wp\/v2\/users\/1"}],"replies":[{"embeddable":true,"href":"https:\/\/www.faustyna.pl\/zmbm\/wp-json\/wp\/v2\/comments?post=1437"}],"version-history":[{"count":15,"href":"https:\/\/www.faustyna.pl\/zmbm\/wp-json\/wp\/v2\/pages\/1437\/revisions"}],"predecessor-version":[{"id":32490,"href":"https:\/\/www.faustyna.pl\/zmbm\/wp-json\/wp\/v2\/pages\/1437\/revisions\/32490"}],"wp:attachment":[{"href":"https:\/\/www.faustyna.pl\/zmbm\/wp-json\/wp\/v2\/media?parent=1437"}],"wp:term":[{"taxonomy":"category","embeddable":true,"href":"https:\/\/www.faustyna.pl\/zmbm\/wp-json\/wp\/v2\/categories?post=1437"},{"taxonomy":"post_tag","embeddable":true,"href":"https:\/\/www.faustyna.pl\/zmbm\/wp-json\/wp\/v2\/tags?post=1437"}],"curies":[{"name":"wp","href":"https:\/\/api.w.org\/{rel}","templated":true}]}}