



{"id":1448,"date":"2014-12-18T23:59:11","date_gmt":"2014-12-18T22:59:11","guid":{"rendered":"http:\/\/www.faustyna.pl\/zmbm\/?page_id=1448"},"modified":"2021-07-10T12:01:17","modified_gmt":"2021-07-10T10:01:17","slug":"sanktuaria","status":"publish","type":"page","link":"https:\/\/www.faustyna.pl\/zmbm\/sanktuaria\/","title":{"rendered":"Sanktuaria"},"content":{"rendered":"<p style=\"text-align: justify\">Wp\u0142yw or\u0119dzia Mi\u0142osierdzia przekazanego przez \u015bw. Siostr\u0119 Faustyn\u0119 na \u017cycie Ko\u015bcio\u0142a w spos\u00f3b namacalny widoczny jest w wezwaniach nadawanych ko\u015bcio\u0142om i w powstaj\u0105cych Sanktuariach Mi\u0142osierdzia Bo\u017cego w Polsce i na \u015bwiecie.<\/p>\n","protected":false},"excerpt":{"rendered":"<p>Wp\u0142yw or\u0119dzia Mi\u0142osierdzia przekazanego przez \u015bw. Siostr\u0119 Faustyn\u0119 na \u017cycie Ko\u015bcio\u0142a w spos\u00f3b namacalny widoczny jest w wezwaniach nadawanych ko\u015bcio\u0142om i w powstaj\u0105cych Sanktuariach Mi\u0142osierdzia Bo\u017cego w Polsce i na \u015bwiecie.<\/p>\n","protected":false},"author":1,"featured_media":21529,"parent":0,"menu_order":0,"comment_status":"closed","ping_status":"closed","template":"page_section_menu.php","meta":{"footnotes":""},"categories":[39],"tags":[],"class_list":["post-1448","page","type-page","status-publish","has-post-thumbnail","hentry","category-sanktuaria"],"_links":{"self":[{"href":"https:\/\/www.faustyna.pl\/zmbm\/wp-json\/wp\/v2\/pages\/1448","targetHints":{"allow":["GET"]}}],"collection":[{"href":"https:\/\/www.faustyna.pl\/zmbm\/wp-json\/wp\/v2\/pages"}],"about":[{"href":"https:\/\/www.faustyna.pl\/zmbm\/wp-json\/wp\/v2\/types\/page"}],"author":[{"embeddable":true,"href":"https:\/\/www.faustyna.pl\/zmbm\/wp-json\/wp\/v2\/users\/1"}],"replies":[{"embeddable":true,"href":"https:\/\/www.faustyna.pl\/zmbm\/wp-json\/wp\/v2\/comments?post=1448"}],"version-history":[{"count":2,"href":"https:\/\/www.faustyna.pl\/zmbm\/wp-json\/wp\/v2\/pages\/1448\/revisions"}],"predecessor-version":[{"id":4234,"href":"https:\/\/www.faustyna.pl\/zmbm\/wp-json\/wp\/v2\/pages\/1448\/revisions\/4234"}],"wp:featuredmedia":[{"embeddable":true,"href":"https:\/\/www.faustyna.pl\/zmbm\/wp-json\/wp\/v2\/media\/21529"}],"wp:attachment":[{"href":"https:\/\/www.faustyna.pl\/zmbm\/wp-json\/wp\/v2\/media?parent=1448"}],"wp:term":[{"taxonomy":"category","embeddable":true,"href":"https:\/\/www.faustyna.pl\/zmbm\/wp-json\/wp\/v2\/categories?post=1448"},{"taxonomy":"post_tag","embeddable":true,"href":"https:\/\/www.faustyna.pl\/zmbm\/wp-json\/wp\/v2\/tags?post=1448"}],"curies":[{"name":"wp","href":"https:\/\/api.w.org\/{rel}","templated":true}]}}