



{"id":14739,"date":"2019-02-17T01:26:59","date_gmt":"2019-02-17T00:26:59","guid":{"rendered":"https:\/\/www.faustyna.pl\/zmbm\/?page_id=14739"},"modified":"2020-04-01T10:18:20","modified_gmt":"2020-04-01T08:18:20","slug":"rezygnuje-z-udzialu-w-dziele-koronka-za-konajacych","status":"publish","type":"page","link":"https:\/\/www.faustyna.pl\/zmbm\/rezygnuje-z-udzialu-w-dziele-koronka-za-konajacych\/","title":{"rendered":"Formularz rezygnacji z dzie\u0142a \u201eKoronki za konaj\u0105cych\u201d"},"content":{"rendered":"<h3><b>Rezygnuj\u0119 z udzia\u0142u w dziele \u201eKoronki za konaj\u0105cych\u201d.<\/b><\/h3>\n<h4><b><i>Wiedz o tym, \u017ce \u0142aska wiecznego zbawienia niekt\u00f3rych dusz<br \/>\n<\/i><\/b><b><i>w ostatniej chwili zawis\u0142a od twojej modlitwy<\/i><\/b> (Dz. 1777).<\/h4>\n<style type=\"text\/css\">#nex-forms{display:none;}<\/style><script type=\"text\/javascript\">\r\nif(typeof jQuery !== \"undefined\") {\r\n    jQuery(document).ready(function(){\r\n        jQuery(\"#nex-forms\").show().css(\"visibility\",\"visible\");\r\n    });\r\n} else {\r\n    document.addEventListener(\"DOMContentLoaded\", function(){\r\n        var forms = document.querySelectorAll(\"#nex-forms\");\r\n        forms.forEach(function(form){ form.style.display = \"block\"; form.style.visibility = \"visible\"; });\r\n    });\r\n}\r\n<\/script><div id=\"nf_form_31753\">\r\n\t\t\t\r\n\t\t\t<style type=\"text\/css\">\r\n\t\t\t\r\n\t\t\t\t#nex-forms.formularz_rezygnacji_z_dzie\u0142a_\u201ekoronki_za_konaj\u0105cych\u201d .nf-loader-lds-spinner div:after {background: #40C4FF; }\r\n\t\t\t\t#nex-forms.formularz_rezygnacji_z_dzie\u0142a_\u201ekoronki_za_konaj\u0105cych\u201d .nf-loader-lds-grid div {background: #40C4FF; }\r\n\t\t\t\t#nex-forms.formularz_rezygnacji_z_dzie\u0142a_\u201ekoronki_za_konaj\u0105cych\u201d .nf-loader-lds-ellipsis div { background: #40C4FF;}\r\n\t\t\t\t#nex-forms.formularz_rezygnacji_z_dzie\u0142a_\u201ekoronki_za_konaj\u0105cych\u201d .nf-loader-lds-default div {background: #40C4FF;}\r\n\t\t\t\t#nex-forms.formularz_rezygnacji_z_dzie\u0142a_\u201ekoronki_za_konaj\u0105cych\u201d .nf-loader-lds-roller div:after {background: #40C4FF;}\r\n\t\t\t\t#nex-forms.formularz_rezygnacji_z_dzie\u0142a_\u201ekoronki_za_konaj\u0105cych\u201d .nf-loader-lds-heart div,\r\n\t\t\t\t#nex-forms.formularz_rezygnacji_z_dzie\u0142a_\u201ekoronki_za_konaj\u0105cych\u201d .nf-loader-lds-heart div:after,\r\n\t\t\t\t#nex-forms.formularz_rezygnacji_z_dzie\u0142a_\u201ekoronki_za_konaj\u0105cych\u201d .nf-loader-lds-heart div:before {background: #40C4FF;}\r\n\t\r\n\t\t\t\t\r\n\t\t\t\t#nex-forms.formularz_rezygnacji_z_dzie\u0142a_\u201ekoronki_za_konaj\u0105cych\u201d .nf-loader-lds-facebook div {background: #40C4FF;}\r\n\t\t\t\t#nex-forms.formularz_rezygnacji_z_dzie\u0142a_\u201ekoronki_za_konaj\u0105cych\u201d .nf-loader-lds-circle > div {background: #40C4FF;}\r\n\t\t\t\t\r\n\t\t\t\t#nex-forms.formularz_rezygnacji_z_dzie\u0142a_\u201ekoronki_za_konaj\u0105cych\u201d .nf-loader-lds-dual-ring:after {border: 6px solid #40C4FF;border-color: #40C4FF transparent #40C4FF transparent;}\r\n\t\t\t\t#nex-forms.formularz_rezygnacji_z_dzie\u0142a_\u201ekoronki_za_konaj\u0105cych\u201d .nf-loader-lds-ring div {border: 8px solid #40C4FF;border-color: #40C4FF transparent transparent transparent;}\r\n\t\t\t\t#nex-forms.formularz_rezygnacji_z_dzie\u0142a_\u201ekoronki_za_konaj\u0105cych\u201d .nf-loader-lds-hourglass:after {border: 32px solid #40C4FF;border-color: #40C4FF transparent #40C4FF transparent;}\r\n\t\t\t\t#nex-forms.formularz_rezygnacji_z_dzie\u0142a_\u201ekoronki_za_konaj\u0105cych\u201d .nf-loader-lds-ripple div {border: 4px solid #40C4FF;}\r\n\t\t\t<\/style>\r\n\t\t\t\r\n\t\t\t\r\n\t\t\t<div id=\"nex-forms\" data-loader=\"ellipsis\" data-msg-hide-form=\"yes\" data-msg-position=\"top\" data-msg-placement=\"outside\"  class=\"nex-forms formularz_rezygnacji_z_dzie\u0142a_\u201ekoronki_za_konaj\u0105cych\u201d  \"><div class=\"pre_fill_fields\"><input type=\"hidden\" name=\"q\"  data-original-value=\"\/zmbm\/wp-json\/wp\/v2\/pages\/14739\" value=\"\/zmbm\/wp-json\/wp\/v2\/pages\/14739\"><\/div><div class=\"set_form_theme theme-default\"><div class=\"nex_success_message oldv animated\" style=\"display:none;\"><div class=\"success_header\" ><div class=\"success_icon animated\" style=\"display:none;\"><span class=\"fa fa-check\"><\/span><\/div><\/div><div class=\"msg_box\"><div class=\"msg_text\" style=\"display:none;\"><p>Thank you for connecting with us. We will respond to you shortly.<\/p>\n<\/div><\/div><\/div><div data-timer-start=\"1\" data-timer-end=\"0\" class=\"inner-canvas-container ui-nex-forms-container ui-nex-forms-container-fe  bootstrap\" id=\"ui-nex-forms-container-68\"  ><div class=\"current_step\" style=\"display:none;\">1<\/div><div class=\"last_visited_step\" style=\"display:none;\">1<\/div><div id=\"the_plugin_url\" style=\"display:none;\">https:\/\/www.faustyna.pl\/zmbm\/wp-content\/plugins\/nex-forms<\/div><div id=\"nf_save_form_progress\" style=\"display:none;\">false<\/div><div id=\"confirmation_page\" class=\"confirmation_page\" style=\"display:none;\"><\/div><div id=\"on_form_submmision\" class=\"on_form_submmision\" style=\"display:none;\">message<\/div><div class=\"hidden\" id=\"nf_ajax_url\" style=\"display:none;\">https:\/\/www.faustyna.pl\/zmbm\/wp-admin\/admin-ajax.php<\/div><div class=\"hidden\" id=\"paypal_return_url\" style=\"display:none;\">https:\/\/www.faustyna.pl\/zmbm\/wp-json\/wp\/v2\/pages\/14739<\/div><div class=\"hidden\" id=\"ms_scroll_to_top\" style=\"display:none;\">yes<\/div><div class=\"v7_container form_type_normal   \" style=\"border-color: rgb(0, 0, 0); padding: 0px;\"><div class=\"current_field_on_focus\" style=\"display:none\">1<\/div><form id=\"68\" class=\"send-nex-form nex-forms-68\" data-form-id=\"68\" name=\"nex_form\" action=\"https:\/\/www.faustyna.pl\/zmbm\/kzk_rezygnacja\/\" method=\"post\" enctype=\"multipart\/form-data\"><div class=\"step_transition_in\" style=\"display:none;\">fadeIn<\/div><div class=\"step_transition_out\" style=\"display:none;\">fadeOut<\/div><input type=\"hidden\" name=\"nex_forms_Id\" value=\"68\"><input type=\"hidden\" name=\"ip\" value=\"216.73.217.14\"><input type=\"hidden\" name=\"nf_page_id\" value=\"14739\"><input type=\"hidden\" name=\"nf_page_title\" value=\"Formularz rezygnacji z dzie\u0142a \u201eKoronki za konaj\u0105cych\u201d\"><input type=\"text\" name=\"company_url\" value=\"\" placeholder=\"enter company url\" class=\"form-control req\">\n\t\t\t\t\t\t\t<div class=\"form_field hidden\" id=\"_55764\" style=\"\">\n\t\t\t\t\t\t\t\t<input class=\"ms_current_step\" value=\"1\" name=\"ms_current_step\" type=\"hidden\">\n\t\t\t\t\t\t\t<\/div>\n\t\t\t\t\t\t\t<div class=\"form_field all_fields email email preset_fields required\" id=\"_54061\"><div class=\"row\"><div class=\"col-sm-12\" id=\"field_container\"><div class=\"row\"><div class=\"col-sm-12  label_container align_let\"><label class=\"nf_title \"><span class=\"the_label style_bold\" style=\"color: rgb(0, 0, 0); font-family: Arial, Helvetica, sans-serif;\">*Adres e-mail<\/span><\/label><\/div><div class=\"col-sm-12  input_container\"><input type=\"text\" name=\"_email\" class=\"error_message email form-control the_input_element  aling_left required\" data-onfocus-color=\"#66AFE9\" data-drop-focus-swadow=\"1\" data-placement=\"bottom\" data-content=\"Email jest wymagany\" title=\"\" data-secondary-message=\"Adres email jest niepoprawny\" style=\"color: rgb(0, 0, 0); border-color: rgb(0, 0, 0); font-family: Arial, Helvetica, sans-serif;\"><\/div><\/div><\/div><div class=\"field_settings\" style=\"display:none\"><div class=\"btn btn-default waves-effect waves-light btn-xs edit\" title=\"Edit Field Attributes\"><i class=\"fa fa-edit\"><\/i><\/div><div class=\"btn btn-default waves-effect waves-light btn-xs duplicate_field\" title=\"Duplicate Field\"><i class=\"fa fa-files-o\"><\/i><\/div><div class=\"btn btn-default waves-effect waves-light btn-xs delete\" title=\"Delete field\"><i class=\"fa fa-close\"><\/i><\/div><\/div><\/div><\/div><div class=\"form_field all_fields  radio-group common_fields selection_fields required\" id=\"_58044\" style=\"position: relative; top: 0px; left: 0px; z-index: 100;\"><div class=\"row\"><div class=\"col-sm-12\" id=\"field_container\"><div class=\"row\"><div class=\"col-sm-12  label_container align_let\"><label class=\"nf_title \"><span class=\"the_label style_bold\" style=\"color: rgb(0, 0, 0);\">*Okre\u015bl w jaki spos\u00f3b otrzymywa\u0142e\u015b imiona konaj\u0105cych<\/span><\/label><\/div><div class=\"input_holder radio-group no-pre-suffix\"><div class=\"col-sm-12 the-radios input_container error_message\" id=\"the-radios\" data-checked-color=\"\" data-checked-class=\"no-icon\" data-unchecked-class=\"\" data-placement=\"bottom\" data-content=\"Prosz\u0119 wybierz email lub sms\" title=\"\" data-secondary-message=\"Prosz\u0119 wybierz email lub sms\"><label class=\"radio-inline\" for=\"spos\u00f3b_dostarczania_wiadomo\u015bci_email\"><span class=\"has-pretty-child\"><div class=\"clearfix prettyradio labelright  blue has-pretty-child\"><input class=\"radio the_input_element required\" type=\"radio\" name=\"delivery_method\" id=\"spos\u00f3b_dostarczania_wiadomo\u015bci_email\" value=\"email\" style=\"display: none;\"><a class=\"ui-state-default\" style=\"background: rgb(255, 255, 255);\"><\/a><\/div><span class=\"input-label radio-label\" style=\"color: rgb(0, 0, 0);\">email<\/span><\/span><\/label><label class=\"radio-inline\" for=\"spos\u00f3b_dostarczania_wiadomo\u015bci_sms\"><span class=\"has-pretty-child\"><div class=\"clearfix prettyradio labelright  blue has-pretty-child\"><input class=\"radio the_input_element required\" type=\"radio\" name=\"delivery_method\" id=\"spos\u00f3b_dostarczania_wiadomo\u015bci_sms\" value=\"sms\" style=\"display: none;\"><a class=\"ui-state-default\" style=\"background: rgb(255, 255, 255);\"><\/a><\/div><span class=\"input-label radio-label\" style=\"color: rgb(0, 0, 0);\">sms<\/span><\/span><\/label><\/div><\/div><\/div><\/div><div class=\"field_settings\" style=\"display:none\"><div class=\"btn btn-default waves-effect waves-light btn-xs edit\" title=\"Edit Field Attributes\"><i class=\"fa fa-edit\"><\/i><\/div><div class=\"btn btn-default waves-effect waves-light btn-xs duplicate_field\" title=\"Duplicate Field\"><i class=\"fa fa-files-o\"><\/i><\/div><div class=\"btn btn-default waves-effect waves-light btn-xs delete\" title=\"Delete field\"><i class=\"fa fa-close\"><\/i><\/div><\/div><\/div><\/div><div class=\"form_field all_fields phone_number phone_number preset_fields hidden\" id=\"_62386\" style=\"position: relative; top: 0px; left: 0px; z-index: 100;\"><div class=\"row\"><div class=\"col-sm-12\" id=\"field_container\"><div class=\"row\"><div class=\"col-sm-12  label_container align_let\"><label class=\"nf_title \"><span class=\"the_label style_bold\" style=\"color: rgb(0, 0, 0); font-family: Arial, Helvetica, sans-serif;\">Numer telefonu zapisanego w Dziele<\/span><br><small class=\"sub-text style_italic\">+48xxxxxxxxx<\/small><\/label><\/div><div class=\"col-sm-12  input_container\"><input type=\"text\" name=\"_phone\" class=\"error_message phone_number form-control the_input_element  aling_left\" data-onfocus-color=\"#66AFE9\" data-drop-focus-swadow=\"1\" data-placement=\"bottom\" data-content=\"Pole jest niepoprawne\" title=\"\" data-secondary-message=\"Niepoprawny numer telefonu\" placeholder=\"num_tel+48xxxxxxxxx\" value=\"+48\" data-value=\"+48\" maxlength=\"\" data-length=\"\" minlength=\"\" style=\"color: rgb(0, 0, 0); border-color: rgb(0, 0, 0); font-family: Arial, Helvetica, sans-serif;\" id=\"num_tel\"><span class=\"character-counter\" style=\"float: right; font-size: 12px; height: 1px;\"><\/span><\/div><\/div><\/div><div class=\"field_settings\" style=\"display:none\"><div class=\"btn btn-default waves-effect waves-light btn-xs edit\" title=\"Edit Field Attributes\"><i class=\"fa fa-edit\"><\/i><\/div><div class=\"btn btn-default waves-effect waves-light btn-xs duplicate_field\" title=\"Duplicate Field\"><i class=\"fa fa-files-o\"><\/i><div class=\"waves-ripple \" data-hold=\"1573327710754\" data-scale=\"scale(2.8000000000000003)\" data-x=\"14.015625\" data-y=\"18\" style=\"top:18px;left:14.015625px;-webkit-transform:scale(2.8000000000000003);-moz-transform:scale(2.8000000000000003);-ms-transform:scale(2.8000000000000003);-o-transform:scale(2.8000000000000003);transform:scale(2.8000000000000003);opacity:1;-webkit-transition-duration:750ms;-moz-transition-duration:750ms;-o-transition-duration:750ms;transition-duration:750ms;-webkit-transition-timing-function:cubic-bezier(0.250, 0.460, 0.450, 0.940);-moz-transition-timing-function:cubic-bezier(0.250, 0.460, 0.450, 0.940);-o-transition-timing-function:cubic-bezier(0.250, 0.460, 0.450, 0.940);transition-timing-function:cubic-bezier(0.250, 0.460, 0.450, 0.940);\"><\/div><\/div><div class=\"btn btn-default waves-effect waves-light btn-xs delete\" title=\"Delete field\"><i class=\"fa fa-close\"><\/i><\/div><\/div><\/div><\/div><div class=\"form_field all_fields  submit-button button_fields common_fields preset_fields special_fields selection_fields\" id=\"_83182\"><div class=\"row\"><div class=\"col-sm-12\" id=\"field_container\"><div class=\"row\"><div class=\"col-sm-12  input_container\"><button class=\"nex-submit svg_ready the_input_element btn btn-default\" style=\"font-family: Arial, Helvetica, sans-serif;\">Wy\u015blij rezygnacj\u0119<\/button><\/div><\/div><\/div><div class=\"field_settings\" style=\"display:none\"><div class=\"btn btn-default waves-effect waves-light btn-xs edit\" title=\"Edit Field Attributes\"><i class=\"fa fa-edit\"><\/i><\/div><div class=\"btn btn-default waves-effect waves-light btn-xs duplicate_field\" title=\"Duplicate Field\"><i class=\"fa fa-files-o\"><\/i><\/div><div class=\"btn btn-default waves-effect waves-light btn-xs delete\" title=\"Delete field\"><i class=\"fa fa-close\"><\/i><\/div><\/div><\/div><\/div><link id=\"arial\" type=\"text\/css\" rel=\"stylesheet\" href=\"https:\/\/fonts.googleapis.com\/css?family=Arial\" style=\"\" class=\"\"><\/form><\/div><\/div><\/div><\/div><\/div><style type=\"text\/css\" class=\"nex-forms-custom-css\"><\/style>\n","protected":false},"excerpt":{"rendered":"<p>Rezygnuj\u0119 z udzia\u0142u w dziele \u201eKoronki za konaj\u0105cych\u201d. Wiedz o tym, \u017ce \u0142aska wiecznego zbawienia niekt\u00f3rych dusz w ostatniej chwili zawis\u0142a od twojej modlitwy (Dz. 1777).<\/p>\n","protected":false},"author":1,"featured_media":0,"parent":0,"menu_order":0,"comment_status":"closed","ping_status":"closed","template":"","meta":{"footnotes":""},"categories":[105],"tags":[],"class_list":["post-14739","page","type-page","status-publish","hentry","category-koronka-za-konajacych"],"_links":{"self":[{"href":"https:\/\/www.faustyna.pl\/zmbm\/wp-json\/wp\/v2\/pages\/14739","targetHints":{"allow":["GET"]}}],"collection":[{"href":"https:\/\/www.faustyna.pl\/zmbm\/wp-json\/wp\/v2\/pages"}],"about":[{"href":"https:\/\/www.faustyna.pl\/zmbm\/wp-json\/wp\/v2\/types\/page"}],"author":[{"embeddable":true,"href":"https:\/\/www.faustyna.pl\/zmbm\/wp-json\/wp\/v2\/users\/1"}],"replies":[{"embeddable":true,"href":"https:\/\/www.faustyna.pl\/zmbm\/wp-json\/wp\/v2\/comments?post=14739"}],"version-history":[{"count":11,"href":"https:\/\/www.faustyna.pl\/zmbm\/wp-json\/wp\/v2\/pages\/14739\/revisions"}],"predecessor-version":[{"id":17251,"href":"https:\/\/www.faustyna.pl\/zmbm\/wp-json\/wp\/v2\/pages\/14739\/revisions\/17251"}],"wp:attachment":[{"href":"https:\/\/www.faustyna.pl\/zmbm\/wp-json\/wp\/v2\/media?parent=14739"}],"wp:term":[{"taxonomy":"category","embeddable":true,"href":"https:\/\/www.faustyna.pl\/zmbm\/wp-json\/wp\/v2\/categories?post=14739"},{"taxonomy":"post_tag","embeddable":true,"href":"https:\/\/www.faustyna.pl\/zmbm\/wp-json\/wp\/v2\/tags?post=14739"}],"curies":[{"name":"wp","href":"https:\/\/api.w.org\/{rel}","templated":true}]}}