



{"id":1545,"date":"2014-12-19T23:15:25","date_gmt":"2014-12-19T23:15:25","guid":{"rendered":"http:\/\/www.faustyna.pl\/zmbm\/?page_id=1545"},"modified":"2025-12-10T16:52:47","modified_gmt":"2025-12-10T15:52:47","slug":"dzielo-powolan","status":"publish","type":"page","link":"https:\/\/www.faustyna.pl\/zmbm\/dzielo-powolan\/","title":{"rendered":"Dzie\u0142o powo\u0142a\u0144"},"content":{"rendered":"<p style=\"margin: 0px;text-indent: 0px\"><span style=\"color: #003300\"><strong>s. Anna Maria Trzci\u0144ska ISMM<br \/>\n<\/strong><\/span><br \/>\nul. Siostry Faustyny 3<br \/>\n30-608 KRAK\u00d3W<br \/>\ntef.: 883\u00a0780\u00a0670<br \/>\ne-mail: kontakt@faustyna.pl<\/p>\n","protected":false},"excerpt":{"rendered":"<p>s. Anna Maria Trzci\u0144ska ISMM ul. Siostry Faustyny 3 30-608 KRAK\u00d3W tef.: 883\u00a0780\u00a0670 e-mail: kontakt@faustyna.pl<\/p>\n","protected":false},"author":1,"featured_media":0,"parent":0,"menu_order":0,"comment_status":"closed","ping_status":"closed","template":"","meta":{"footnotes":""},"categories":[46],"tags":[],"class_list":["post-1545","page","type-page","status-publish","hentry","category-kontakty"],"_links":{"self":[{"href":"https:\/\/www.faustyna.pl\/zmbm\/wp-json\/wp\/v2\/pages\/1545","targetHints":{"allow":["GET"]}}],"collection":[{"href":"https:\/\/www.faustyna.pl\/zmbm\/wp-json\/wp\/v2\/pages"}],"about":[{"href":"https:\/\/www.faustyna.pl\/zmbm\/wp-json\/wp\/v2\/types\/page"}],"author":[{"embeddable":true,"href":"https:\/\/www.faustyna.pl\/zmbm\/wp-json\/wp\/v2\/users\/1"}],"replies":[{"embeddable":true,"href":"https:\/\/www.faustyna.pl\/zmbm\/wp-json\/wp\/v2\/comments?post=1545"}],"version-history":[{"count":13,"href":"https:\/\/www.faustyna.pl\/zmbm\/wp-json\/wp\/v2\/pages\/1545\/revisions"}],"predecessor-version":[{"id":31436,"href":"https:\/\/www.faustyna.pl\/zmbm\/wp-json\/wp\/v2\/pages\/1545\/revisions\/31436"}],"wp:attachment":[{"href":"https:\/\/www.faustyna.pl\/zmbm\/wp-json\/wp\/v2\/media?parent=1545"}],"wp:term":[{"taxonomy":"category","embeddable":true,"href":"https:\/\/www.faustyna.pl\/zmbm\/wp-json\/wp\/v2\/categories?post=1545"},{"taxonomy":"post_tag","embeddable":true,"href":"https:\/\/www.faustyna.pl\/zmbm\/wp-json\/wp\/v2\/tags?post=1545"}],"curies":[{"name":"wp","href":"https:\/\/api.w.org\/{rel}","templated":true}]}}