



{"id":1548,"date":"2014-12-19T23:15:37","date_gmt":"2014-12-19T23:15:37","guid":{"rendered":"http:\/\/www.faustyna.pl\/zmbm\/?page_id=1548"},"modified":"2026-05-07T10:11:53","modified_gmt":"2026-05-07T08:11:53","slug":"klasztory-w-polsce","status":"publish","type":"page","link":"https:\/\/www.faustyna.pl\/zmbm\/klasztory-w-polsce\/","title":{"rendered":"Klasztory w Polsce"},"content":{"rendered":"<p><strong><a title=\"biala\" name=\"biala\"><\/a><span style=\"color: #003300\">BIA\u0141A<\/span><\/strong><\/p>\n<div>\n<p style=\"padding-left: 30px\">ul. Henryka Sienkiewicza 18<br \/>\n09-411 BIA\u0141A<\/p>\n<p style=\"padding-left: 30px\">tel. Klasztor &#8211; 797-907-363; Dom Samotnej Matki &#8211; 797-907-363<br \/>\ne-mail: dombiala@faustyna.pl<\/p>\n<\/div>\n<div><\/div>\n<div>\n<p><strong><a title=\"chyliczki\" name=\"chyliczki\"><\/a><span style=\"color: #003300\">CHYLICZKI<\/span><\/strong><\/p>\n<p style=\"padding-left: 30px\">ul. Wschodnia 6<br \/>\n05-500 PIASECZNO-CHYLICZKI<br \/>\ntel. 22 756 88 76<br \/>\ne-mail: dsmchyliczki@wp.pl<\/p>\n<\/div>\n<div><\/div>\n<div>\n<p><strong><a title=\"czestochowa\" name=\"czestochowa\"><\/a><span style=\"color: #003300\">CZ\u0118STOCHOWA<\/span><\/strong><\/p>\n<p style=\"padding-left: 30px\">ul. \u015aw. Barbary 9\/11<br \/>\n42-200 CZ\u0118STOCHOWA<br \/>\ntel. 34 368 10 29<br \/>\ne-mail: dom_czestoch@faustyna.pl<\/p>\n<\/div>\n<div><\/div>\n<div>\n<p><strong><a title=\"derdy\" name=\"derdy\"><\/a><span style=\"color: #003300\">DERDY<\/span><\/strong><\/p>\n<p style=\"padding-left: 30px\">ul. \u0141\u0105czno\u015bci 158<br \/>\n05-552\u00a0W\u00d3LKA KOSOWSKA<br \/>\ntel. 22 757 77 40<br \/>\ne-mail: milosierdzie-derdy@faustyna.pl<\/p>\n<\/div>\n<div><\/div>\n<div>\n<p><strong><a title=\"elk\" name=\"elk\"><\/a><span style=\"color: #003300\">E\u0141K<\/span><\/strong><\/p>\n<p style=\"padding-left: 30px\">ul. Ks. pra\u0142. Mariana Szcz\u0119snego 1<br \/>\n19-300 E\u0141K<br \/>\ntel. Klasztor &#8211; 87 441 70 36; DSM &#8211; 87 441 70 35<br \/>\ne-mail: elk@faustyna.pl<\/p>\n<\/div>\n<div><\/div>\n<div>\n<p><strong><a title=\"gdansk\" name=\"gdansk\"><\/a><span style=\"color: #003300\">GDA\u0143SK<\/span><\/strong><\/p>\n<p style=\"padding-left: 30px\">Trakt \u00a0\u015aw. Wojciecha 396 a<br \/>\n80-007 GDA\u0143SK<br \/>\ntel. 58 309 03 61; 797 907 345<br \/>\ne-mail: zmbm.gdansk@faustyna.pl<\/p>\n<\/div>\n<div><\/div>\n<div>\n<p><strong><a title=\"kalisz\" name=\"kalisz\"><\/a><span style=\"color: #003300\">KALISZ<\/span><\/strong><\/p>\n<p style=\"padding-left: 30px\">ul. Pozna\u0144ska 26<br \/>\n62-800 KALISZ<br \/>\ntel. 62 757 63 42<br \/>\ne-mail: zmbm.kalisz@faustyna.pl<\/p>\n<\/div>\n<div><\/div>\n<div>\n<p><strong><a title=\"kiekrz\" name=\"kiekrz\"><\/a><span style=\"color: #003300\">KIEKRZ<\/span><\/strong><\/p>\n<p style=\"padding-left: 30px\">ul. Kierska 10<br \/>\n62-090 Rokietnica-KIEKRZ<br \/>\ntel. 61 848 21 21<br \/>\ne-mail: dsmkiekrz@faustyna.pl<\/p>\n<\/div>\n<div><\/div>\n<div>\n<p><strong><a title=\"krakow\" name=\"krakow\"><\/a><span style=\"color: #003300\">KRAK\u00d3W<\/span><\/strong><\/p>\n<p style=\"padding-left: 30px\">ul. Siostry Faustyny 3<br \/>\n30-608 KRAK\u00d3W 12<br \/>\ntel. 012 351 88 00<br \/>\ne-mail:\u00a0 klasztor@faustyna.pl<br \/>\n<a href=\"https:\/\/www.sanktuarium.faustyna.pl\/\">www.sanktuarium.faustyna.pl<\/a><\/p>\n<p><span style=\"color: #003300\"><strong>\u0141\u00d3D\u0179<\/strong><\/span><\/p>\n<\/div>\n<div>\n<p style=\"padding-left: 30px\">Kro\u015bnie\u0144ska 9<br \/>\n93-515 \u0141\u00f3d\u017a<br \/>\ntel. 501 754 387<br \/>\ne-mail: Lodz.krosnienska@faustyna.pl<\/p>\n<\/div>\n<div>\n<p><strong><a title=\"lodz\" name=\"lodz\"><\/a><span style=\"color: #003300\">\u0141\u00d3D\u0179<\/span><\/strong><\/p>\n<p style=\"padding-left: 30px\">ul. Wici 47<br \/>\n91-157 \u0141\u00d3D\u0179<br \/>\ntel. 655 80 05, 511 595 135<br \/>\ne-mail: zmbm-lodz@faustyna.pl<\/p>\n<\/div>\n<div>\n<p><strong><a title=\"plock\" name=\"plock\"><\/a><span style=\"color: #003300\">P\u0141OCK<\/span><\/strong><\/p>\n<p style=\"padding-left: 30px\">Pl. Stary Rynek 14\/18<br \/>\n09-404 P\u0141OCK<br \/>\ntel. 24 262 58 83<br \/>\ne-mail: zmbm.plock@faustyna.pl<br \/>\n<a href=\"https:\/\/faustynaplock.pl\/\">www.faustynaplock.pl<\/a><\/p>\n<\/div>\n<div><\/div>\n<div>\n<p><strong><a title=\"rabka\" name=\"rabka\"><\/a><span style=\"color: #003300\">RABKA<\/span><\/strong><\/p>\n<p style=\"padding-left: 30px\">ul. Juliusza S\u0142owackiego 12<br \/>\n34-700 RABKA<br \/>\ntel. 18 267 66 04<br \/>\ne-mail: rabka@faustyna.pl<\/p>\n<\/div>\n<div><\/div>\n<div>\n<p><strong><a title=\"radom\" name=\"radom\"><\/a><span style=\"color: #003300\">RADOM<\/span><\/strong><\/p>\n<p style=\"padding-left: 30px\">ul. A. Struga 31<br \/>\n26-610 RADOM<br \/>\ntf.: (48) 362 56 17<br \/>\ne-mail: radom@faustyna.pl<\/p>\n<\/div>\n<div><\/div>\n<div>\n<p><strong><span style=\"color: #003300\">\u015aWINICE WARCKIE<\/span><\/strong><\/p>\n<p style=\"padding-left: 30px\">ul. Fryderyka Chopina 5<br \/>\n99-140 \u015aWINICE WARCKIE<br \/>\ntel. 63 288 15 18; 604 478 132<br \/>\ne-mail: dom-swinice@faustyna.pl<\/p>\n<p style=\"padding-left: 30px\">\n<\/div>\n<div>\n<p><strong><span style=\"color: #003300\">\u015aWINICE WARCKIE<\/span><\/strong><\/p>\n<p style=\"padding-left: 30px\"><span style=\"color: #003300\"><strong>Klasztor kontemplacyjny\u00a0<\/strong><\/span><br \/>\nul. Fryderyka Chopina 5<br \/>\n99-140 \u015aWINICE WARCKIE<br \/>\ntel. 63 288 15 18<br \/>\ne-mail:\u00a0 kontemplacja@faustyna.pl<\/p>\n<\/div>\n<div><\/div>\n<div>\n<p><strong><a title=\"walendow\" name=\"walendow\"><\/a><span style=\"color: #003300\">WALEND\u00d3W<\/span><\/strong><\/p>\n<p style=\"padding-left: 30px\">ul. Nad Utrat\u0105 30<br \/>\n05-830 Nadarzyn<br \/>\ntel. 22 729 81 15; 729 88 81<br \/>\ne-mail: walendow@faustyna.pl<br \/>\nwww.walendow.faustyna.pl<\/p>\n<\/div>\n<div><\/div>\n<div>\n<p><strong><a title=\"warszawa1\" name=\"warszawa1\"><\/a><span style=\"color: #003300\">WARSZAWA GROCH\u00d3W<\/span><\/strong><\/p>\n<p style=\"padding-left: 30px\">ul. Hetma\u0144ska 44<br \/>\n04-305 WARSZAWA<br \/>\ntel. 22 610 60 51<br \/>\ne-mail: dom_grochow@faustyna.pl<\/p>\n<\/div>\n<div>\n<p><strong><a title=\"warszawa2\" name=\"warszawa2\"><\/a><span style=\"color: #003300\">WARSZAWA \u017bYTNIA<\/span><\/strong><\/p>\n<p style=\"padding-left: 30px\">ul. \u017bytnia 3\/9<br \/>\n01-014 WARSZAWA<br \/>\ntel. 22 838 38 44<br \/>\ne-mail: zytnia@faustyna.pl<\/p>\n<\/div>\n<div><strong><a title=\"wroclaw\" name=\"wroclaw\"><\/a><span style=\"color: #003300\">WROC\u0141AW<\/span><\/strong><\/div>\n<div>\n<p style=\"padding-left: 30px\">Pl. Grunwaldzki 3a<br \/>\n50-377 WROC\u0141AW<br \/>\ntel. 71 328 65 78; 328 11 24<br \/>\ne-mail: zmbm.wroclaw@faustyna.pl<\/p>\n<\/div>\n<div><\/div>\n<div>\n<p><strong><a title=\"zakopane\" name=\"zakopane\"><\/a><span style=\"color: #003300\">ZAKOPANE<\/span><\/strong><\/p>\n<p style=\"padding-left: 30px\">ul. Krzept\u00f3wki 172<br \/>\n34-505 ZAKOPANE<br \/>\ntel. (18) 206 69 15; 797 907 286<br \/>\ne-mail: zakopane@faustyna.pl<br \/>\n<a href=\"http:\/\/www.zakopane.faustyna.pl\">www.zakopane.faustyna.pl<\/a><\/p>\n<\/div>\n","protected":false},"excerpt":{"rendered":"<p>BIA\u0141A ul. Henryka Sienkiewicza 18 09-411 BIA\u0141A tel. Klasztor &#8211; 797-907-363; Dom Samotnej Matki &#8211; 797-907-363 e-mail: dombiala@faustyna.pl CHYLICZKI ul. Wschodnia 6 05-500 PIASECZNO-CHYLICZKI tel. 22 756 88 76 e-mail: dsmchyliczki@wp.pl CZ\u0118STOCHOWA ul. \u015aw. Barbary 9\/11 42-200 CZ\u0118STOCHOWA tel. 34 368 10 29 e-mail: dom_czestoch@faustyna.pl DERDY ul. \u0141\u0105czno\u015bci 158 05-552\u00a0W\u00d3LKA KOSOWSKA tel. 22 757 77 [&hellip;]<\/p>\n","protected":false},"author":1,"featured_media":0,"parent":0,"menu_order":0,"comment_status":"closed","ping_status":"closed","template":"","meta":{"footnotes":""},"categories":[46],"tags":[],"class_list":["post-1548","page","type-page","status-publish","hentry","category-kontakty"],"_links":{"self":[{"href":"https:\/\/www.faustyna.pl\/zmbm\/wp-json\/wp\/v2\/pages\/1548","targetHints":{"allow":["GET"]}}],"collection":[{"href":"https:\/\/www.faustyna.pl\/zmbm\/wp-json\/wp\/v2\/pages"}],"about":[{"href":"https:\/\/www.faustyna.pl\/zmbm\/wp-json\/wp\/v2\/types\/page"}],"author":[{"embeddable":true,"href":"https:\/\/www.faustyna.pl\/zmbm\/wp-json\/wp\/v2\/users\/1"}],"replies":[{"embeddable":true,"href":"https:\/\/www.faustyna.pl\/zmbm\/wp-json\/wp\/v2\/comments?post=1548"}],"version-history":[{"count":30,"href":"https:\/\/www.faustyna.pl\/zmbm\/wp-json\/wp\/v2\/pages\/1548\/revisions"}],"predecessor-version":[{"id":32339,"href":"https:\/\/www.faustyna.pl\/zmbm\/wp-json\/wp\/v2\/pages\/1548\/revisions\/32339"}],"wp:attachment":[{"href":"https:\/\/www.faustyna.pl\/zmbm\/wp-json\/wp\/v2\/media?parent=1548"}],"wp:term":[{"taxonomy":"category","embeddable":true,"href":"https:\/\/www.faustyna.pl\/zmbm\/wp-json\/wp\/v2\/categories?post=1548"},{"taxonomy":"post_tag","embeddable":true,"href":"https:\/\/www.faustyna.pl\/zmbm\/wp-json\/wp\/v2\/tags?post=1548"}],"curies":[{"name":"wp","href":"https:\/\/api.w.org\/{rel}","templated":true}]}}