



{"id":15541,"date":"2019-06-23T16:21:39","date_gmt":"2019-06-23T14:21:39","guid":{"rendered":"https:\/\/www.faustyna.pl\/zmbm\/?page_id=15541"},"modified":"2020-09-18T13:53:42","modified_gmt":"2020-09-18T11:53:42","slug":"formularz-do-zglaszania-osob-konajacych-potwierdzenie","status":"publish","type":"page","link":"https:\/\/www.faustyna.pl\/zmbm\/formularz-do-zglaszania-osob-konajacych-potwierdzenie\/","title":{"rendered":"Formularz do zg\u0142aszania os\u00f3b konaj\u0105cych &#8211; potwierdzenie"},"content":{"rendered":"<p><i>Pr\u0119dzej niebo i ziemia obr\u00f3ci\u0142yby si\u0119 w nico\u015b\u0107, ani\u017celiby dusz\u0119 ufaj\u0105c\u0105 nie ogarn\u0119\u0142o mi\u0142osierdzie Moje.<br \/>\n<\/i>S\u0142owa Pana Jezusa (Dz.1777)<\/p>\n<p>Dzi\u0119kujemy za wpis konaj\u0105cego do dzie\u0142a \u201eKoronki za konaj\u0105cych\u201d. Prosimy teraz o <strong>odebranie swojej poczty e-mail i potwierdzenie wpisania konaj\u0105cego przez klikni\u0119cie na link przes\u0142any w wiadomo\u015bci.<\/strong><\/p>\n<p><i>Siostry ze Zgromadzenia Matki Bo\u017cej Mi\u0142osierdzia<\/i><\/p>\n<p>&nbsp;<\/p>\n","protected":false},"excerpt":{"rendered":"<p>Pr\u0119dzej niebo i ziemia obr\u00f3ci\u0142yby si\u0119 w nico\u015b\u0107, ani\u017celiby dusz\u0119 ufaj\u0105c\u0105 nie ogarn\u0119\u0142o mi\u0142osierdzie Moje. S\u0142owa Pana Jezusa (Dz.1777) Dzi\u0119kujemy za wpis konaj\u0105cego do dzie\u0142a \u201eKoronki za konaj\u0105cych\u201d. Prosimy teraz o odebranie swojej poczty e-mail i potwierdzenie wpisania konaj\u0105cego przez klikni\u0119cie na link przes\u0142any w wiadomo\u015bci. Siostry ze Zgromadzenia Matki Bo\u017cej Mi\u0142osierdzia &nbsp;<\/p>\n","protected":false},"author":1,"featured_media":0,"parent":0,"menu_order":0,"comment_status":"closed","ping_status":"closed","template":"page_kzk_dying_receiver.php","meta":{"footnotes":""},"categories":[105],"tags":[],"class_list":["post-15541","page","type-page","status-publish","hentry","category-koronka-za-konajacych"],"_links":{"self":[{"href":"https:\/\/www.faustyna.pl\/zmbm\/wp-json\/wp\/v2\/pages\/15541","targetHints":{"allow":["GET"]}}],"collection":[{"href":"https:\/\/www.faustyna.pl\/zmbm\/wp-json\/wp\/v2\/pages"}],"about":[{"href":"https:\/\/www.faustyna.pl\/zmbm\/wp-json\/wp\/v2\/types\/page"}],"author":[{"embeddable":true,"href":"https:\/\/www.faustyna.pl\/zmbm\/wp-json\/wp\/v2\/users\/1"}],"replies":[{"embeddable":true,"href":"https:\/\/www.faustyna.pl\/zmbm\/wp-json\/wp\/v2\/comments?post=15541"}],"version-history":[{"count":5,"href":"https:\/\/www.faustyna.pl\/zmbm\/wp-json\/wp\/v2\/pages\/15541\/revisions"}],"predecessor-version":[{"id":18508,"href":"https:\/\/www.faustyna.pl\/zmbm\/wp-json\/wp\/v2\/pages\/15541\/revisions\/18508"}],"wp:attachment":[{"href":"https:\/\/www.faustyna.pl\/zmbm\/wp-json\/wp\/v2\/media?parent=15541"}],"wp:term":[{"taxonomy":"category","embeddable":true,"href":"https:\/\/www.faustyna.pl\/zmbm\/wp-json\/wp\/v2\/categories?post=15541"},{"taxonomy":"post_tag","embeddable":true,"href":"https:\/\/www.faustyna.pl\/zmbm\/wp-json\/wp\/v2\/tags?post=15541"}],"curies":[{"name":"wp","href":"https:\/\/api.w.org\/{rel}","templated":true}]}}