



{"id":1564,"date":"2014-12-19T23:34:41","date_gmt":"2014-12-19T23:34:41","guid":{"rendered":"http:\/\/www.faustyna.pl\/zmbm\/?page_id=1564"},"modified":"2023-03-08T16:19:19","modified_gmt":"2023-03-08T15:19:19","slug":"m-teresa-rondeau","status":"publish","type":"page","link":"https:\/\/www.faustyna.pl\/zmbm\/m-teresa-rondeau\/","title":{"rendered":"m. Teresa Rondeau"},"content":{"rendered":"<h3 align=\"justify\"><span style=\"color: #800000\"><b><a href=\"https:\/\/www.faustyna.pl\/zmbm\/wp-content\/uploads\/2014\/12\/Matka-Teresa-Rondeau.jpg\" data-gallery><img loading=\"lazy\" decoding=\"async\" class=\"size-medium wp-image-10829 alignnone\" src=\"https:\/\/www.faustyna.pl\/zmbm\/wp-content\/uploads\/2014\/12\/Matka-Teresa-Rondeau-560x330.jpg\" alt=\"\" width=\"560\" height=\"330\" srcset=\"https:\/\/www.faustyna.pl\/zmbm\/wp-content\/uploads\/2014\/12\/Matka-Teresa-Rondeau-560x330.jpg 560w, https:\/\/www.faustyna.pl\/zmbm\/wp-content\/uploads\/2014\/12\/Matka-Teresa-Rondeau-140x82.jpg 140w, https:\/\/www.faustyna.pl\/zmbm\/wp-content\/uploads\/2014\/12\/Matka-Teresa-Rondeau.jpg 1024w\" sizes=\"auto, (max-width: 560px) 100vw, 560px\" \/><\/a><\/b><\/span><\/h3>\n<h3 style=\"text-align: center\" align=\"justify\"><span style=\"color: #800000\"><b>Matka Teresa Rondeau<br \/>\n(1793 &#8211; 1866)<\/b><\/span><\/h3>\n<p style=\"text-align: center\"><strong><span style=\"color: #800000\">Wsp\u00f3\u0142za\u0142o\u017cycielka<\/span><\/strong><\/p>\n<p style=\"text-align: justify\">Urodzi\u0142a si\u0119 6 pa\u017adziernika 1793 roku w Laval we Francji. Na chrzcie \u015bwi\u0119tym otrzyma\u0142a imi\u0119 Teresa Agata. Z domu wynios\u0142a g\u0142\u0119bokie wychowanie religijne, wykszta\u0142cenie zawodowe i do\u015bwiadczenie rzetelnej pracy. Pod wp\u0142ywem swego spowiednika o. J. Chanon SJ podj\u0119\u0142a prac\u0119 z pokutnicami, czyli kobietami, kt\u00f3re potrzebowa\u0142y g\u0142\u0119bokiej odnowy moralnej i chcia\u0142y odmieni\u0107 swoje \u017cycie. Aby lepiej si\u0119 do tego przygotowa\u0107, w 1818 roku wyjecha\u0142a do Bordeaux, gdzie m. Teresa de Lamourous prowadzi\u0142a dom dla pokutnic zwany\u00a0 \u201eMi\u0142osierdzie\u201c. Po\u00a0 dwumiesi\u0119cznym pobycie\u00a0 z\u0142o\u017cy\u0142a\u00a0 prywatne \u015bluby i wr\u00f3ci\u0142a do Laval, by zosta\u0107 fundatork\u0105 nowego dzie\u0142a, niezale\u017cnego od Bordeaux, i z czasem Zgromadzenia Si\u00f3str Matki Bo\u017cej Mi\u0142osierdzia we Francji. Z Domu Mi\u0142osierdzia w Laval duchowo\u015b\u0107 zgromadzenia i spos\u00f3b prowadzenia dzie\u0142a apostolskiego przej\u0119\u0142a m. Teresa Ewa z ksi\u0105\u017c\u0105t Su\u0142kowskich hrabina Potocka, za\u0142o\u017cycielka Zgromadzenia Si\u00f3str Matki Bo\u017cej Mi\u0142osierdzia\u00a0 w\u00a0 Polsce.\u00a0 Matka\u00a0 Teresa Rondeau zmar\u0142a\u00a0 16 lipca\u00a0 1866\u00a0 roku i zosta\u0142a pochowana w grobowcu usytuowanym w ogrodzie posesji Zgromadzenia w Laval.<\/p>\n<p>Zgromadzenie Si\u00f3str\u00a0 Matki Bo\u017cej\u00a0 Mi\u0142osierdzia w Polsce przyzna\u0142o jej tytu\u0142 wsp\u00f3\u0142za\u0142o\u017cycielki.<\/p>\n<p align=\"justify\"><!--more--><\/p>\n<p align=\"justify\"><i style=\"font-weight: normal\">Uwielbiam wszystkie przymioty Bo\u017ce.<br \/>\nUni\u017cam si\u0119 wobec Jego wielko\u015bci, pot\u0119gi, sprawiedliwo\u015bci.<br \/>\nJednak\u017ce uwielbiaj\u0105c sprawiedliwo\u015b\u0107, m\u00f3wi\u0119:<br \/>\nzachowaj j\u0105 Panie dla siebie,<br \/>\nnie u\u017cywaj ani wzgl\u0119dem moich dzieci, ani wzgl\u0119dem mnie.<br \/>\nMi\u0142osierdzie natomiast zachwyca mnie bardziej<br \/>\nni\u017c inne doskona\u0142o\u015bci Boskie,<br \/>\nb\u0142ogos\u0142awi\u0119 je i wychwalam ze wszystkich si\u0142 duszy<br \/>\ni nieustannie wzywam dla mych c\u00f3rek i dla siebie.<br \/>\n<\/i><\/p>\n<p>\u00a0\u00a0\u00a0\u00a0\u00a0\u00a0\u00a0\u00a0\u00a0\u00a0\u00a0\u00a0\u00a0\u00a0\u00a0\u00a0\u00a0\u00a0\u00a0\u00a0\u00a0\u00a0\u00a0\u00a0\u00a0\u00a0\u00a0\u00a0\u00a0\u00a0\u00a0\u00a0\u00a0\u00a0\u00a0\u00a0\u00a0\u00a0\u00a0\u00a0\u00a0\u00a0\u00a0\u00a0\u00a0\u00a0\u00a0\u00a0\u00a0\u00a0\u00a0\u00a0\u00a0\u00a0\u00a0\u00a0\u00a0\u00a0\u00a0\u00a0\u00a0\u00a0\u00a0\u00a0 matka Teresa Rondeau<\/p>\n<p>&nbsp;<\/p>\n<p style=\"text-align: justify\"><a href=\"https:\/\/www.faustyna.pl\/zmbm\/wp-content\/uploads\/2014\/12\/Dom-rodzinny-matki-Teresy-Rondeau-w-Laval.jpg\" data-gallery><img loading=\"lazy\" decoding=\"async\" class=\"size-medium wp-image-10830 alignnone\" src=\"https:\/\/www.faustyna.pl\/zmbm\/wp-content\/uploads\/2014\/12\/Dom-rodzinny-matki-Teresy-Rondeau-w-Laval-560x334.jpg\" alt=\"\" width=\"560\" height=\"334\" srcset=\"https:\/\/www.faustyna.pl\/zmbm\/wp-content\/uploads\/2014\/12\/Dom-rodzinny-matki-Teresy-Rondeau-w-Laval-560x334.jpg 560w, https:\/\/www.faustyna.pl\/zmbm\/wp-content\/uploads\/2014\/12\/Dom-rodzinny-matki-Teresy-Rondeau-w-Laval-140x83.jpg 140w, https:\/\/www.faustyna.pl\/zmbm\/wp-content\/uploads\/2014\/12\/Dom-rodzinny-matki-Teresy-Rondeau-w-Laval.jpg 1024w\" sizes=\"auto, (max-width: 560px) 100vw, 560px\" \/><\/a><\/p>\n<p style=\"text-align: justify\">Urodzi\u0142a\u00a0 si\u0119\u00a0 6\u00a0 pa\u017adziernika\u00a0 1793\u00a0 roku w Laval (Francja), na chrzcie \u015bwi\u0119tym otrzyma\u0142a. imiona: Teresa Agata. Jej rodzice (Teresa Deliere i Gabriel Rondeau) pochodzili ze wsi, ale zamieszkali na przedmie\u015bciach Laval, gdzie ojciec prowadzi\u0142 warsztat kowalski, z kt\u00f3rego doch\u00f3d wystarcza\u0142 na utrzymanie rodziny. Pa\u0144stwo Rondeau mieli czworo dzieci, z kt\u00f3rych dwoje zmar\u0142o (Maria\u00a0 maj\u0105c 2 lata,\u00a0 Franciszek 2 miesi\u0105ce).\u00a0 Pozosta\u0142a\u00a0 Teresa\u00a0 Agata i m\u0142odszy o 18 lat brat Gabriel.<\/p>\n<p style=\"text-align: justify\">Teresa wzrasta\u0142a w pobo\u017cnej rodzinie, powa\u017cnie traktowa\u0142a nauki katechetyczne kap\u0142ana i dos\u0142ownie przyjmowa\u0142a pouczenia rodzic\u00f3w o potrzebie dzielenia si\u0119 z ubo\u017cszymi, wskutek czego rozdawa\u0142a swoj\u0105 garderob\u0119 biednym kole\u017cankom, a po\u017cywienie \u2013 potrzebuj\u0105cym.\u00a0 Sw\u0105 dobroczynno\u015b\u0107\u00a0 rozwija\u0142a niejednokrotnie bez\u00a0wiedzy matki, a gorliwo\u015b\u0107 podsuwa\u0142a jej wiele pomys\u0142\u00f3w. Matka ogranicza\u0142a Teres\u0119 w jej nadmiernym zapale dobroczynnym, natomiast ojciec by\u0142 cichym \u201ewsp\u00f3lnikiem\u201d swej c\u00f3rki. W rodzinie Rondeau matka uosabia\u0142a roztropn\u0105 praktyczno\u015b\u0107, a ojciec serdeczn\u0105 dobro\u0107.<\/p>\n<p style=\"text-align: justify\">Teresa chodzi\u0142a do szko\u0142y prowadzonej przez siostry zakonne, natomiast katechizmu uczy\u0142a si\u0119 przy parafii \u015bw. Veneranda.\u00a0 Tam te\u017c w\u00a0 wieku 11 lat przyst\u0105pi\u0142a do pierwszej Komunii \u015bwi\u0119tej. By\u0142a zdolna, uczynna i pogodna, lubi\u0142a umiej\u0119tnie przewodzi\u0107, szybko zyskiwa\u0142a sobie sympati\u0119 i pos\u0142uch r\u00f3wie\u015bnik\u00f3w. Nie uczestniczy\u0142a w rozrywkach w\u0142a\u015bciwych dziewcz\u0119tom jej wieku. Jej \u015bwiatem by\u0142 dom, ko\u015bci\u00f3\u0142 i ludzie potrzebuj\u0105cy. Po uko\u0144czeniu szko\u0142y otrzyma\u0142a\u00a0 nagrod\u0119 pieni\u0119\u017cn\u0105,\u00a0co da\u0142o jej\u00a0 mo\u017cliwo\u015b\u0107 podj\u0119cia pracy w wyuczonym zawodzie. Maj\u0105c ok. 20 lat stan\u0119\u0142a na czele w\u0142asnej prasowni, urz\u0105dzonej w jednym z pomieszcze\u0144 rodzinnego domu.<\/p>\n<p style=\"text-align: justify\">Dobra opinia prowadzonej przez Teres\u0119 prasowni pozwala\u0142a na pr\u0119\u017cne funkcjonowanie zak\u0142adu, w kt\u00f3rym znalaz\u0142o zatrudnienie kilka kobiet. Rodzice ch\u0119tnie kierowali do niej praktykantki, nie tylko ze wzgl\u0119du na profesjonalno\u015b\u0107 wykonywanego przez ni\u0105 zawodu, ale przede wszystkim ze wzgl\u0119du na duchow\u0105 atmosfer\u0119, jak\u0105 wprowadza\u0142a. Klienci lubili j\u0105, dziewcz\u0119ta garn\u0119\u0142y si\u0119 do niej, bo by\u0142a pe\u0142na taktu, uroku, poszanowania dla swoich pracownic, potrafi\u0142a jednocze\u015bnie zdecydowanie od nich wymaga\u0107. W regulaminie jej zak\u0142adu\u00a0 obowi\u0105zywa\u0142y poza\u00a0 prac\u0105 m. in. modlitwy, \u015bpiew, czas milczenia. W dni \u015bwi\u0105teczne Teresa organizowa\u0142a dla swych wsp\u00f3\u0142pracownic wycieczki za miasto.<\/p>\n<p style=\"text-align: justify\">Pierwsze bolesne do\u015bwiadczenie ugodzi\u0142o w jej dobr\u0105 opini\u0119 po narodzinach m\u0142odszego o 18 lat brata Gabriela. Nie\u017cyczliwi ludzie m\u00f3wili, \u017ce jest on jej nie\u015blubnym synem. Teresa bardzo dotkliwie prze\u017cy\u0142a to pos\u0105dzenie. Aby j\u0105 pocieszy\u0107, rodzice zaproponowali jej rol\u0119 chrzestnej. W nied\u0142ugim czasie zmar\u0142 nagle \u2013 kopni\u0119ty przez konia \u2013 ukochany ojciec. Po jego \u015bmierci Teresa przej\u0119\u0142a obowi\u0105zki g\u0142owy domu i rozwin\u0119\u0142a szeroko zakrojon\u0105 dzia\u0142alno\u015b\u0107 dobroczynn\u0105. Zorganizowa\u0142a m.in. pomoc dla wycie\u0144czonych g\u0142odem je\u0144c\u00f3w wojennych, a do akcji mi\u0142osierdzia w\u0142\u0105cza\u0142a tak\u017ce swoje pracownice.<\/p>\n<p style=\"text-align: justify\">Kiedy w 1816 roku do Laval przybyli jezuici w celu g\u0142oszenia misji, Teresa zaj\u0119\u0142a si\u0119 przygotowaniem dla nich mieszkania, praniem, prasowaniem bielizny ko\u015bcielnej i osobistej. Zorganizowa\u0142a ch\u00f3r przy ko\u015bciele \u015bw. Micha\u0142a Archanio\u0142a. W\u015br\u00f3d przyby\u0142ych jezuit\u00f3w by\u0142 o. Jean-Etienne Chanon, kt\u00f3ry zosta\u0142 jej wymagaj\u0105cym spowiednikiem i kierownikiem duchowym. To w\u0142a\u015bnie on powierzy\u0142 Teresie pierwsze trzy \u015bwie\u017co nawr\u00f3cone \u201emagdaleny&#8221;. W tym samym czasie dwaj inni ksi\u0119\u017ca skierowali do niej nast\u0119pne dziewcz\u0119ta i tak w ci\u0105gu kilku tygodni mia\u0142a ich pod opiek\u0105 ju\u017c kilkana\u015bcie. Pocz\u0105tkowo nie mieszka\u0142y razem. Teresa odwiedza\u0142a je w ich mieszkaniach, szuka\u0142a dla nich pracy i gromadzi\u0142a na nauk\u0119 katechizmu. Ciesz\u0105c si\u0119 szacunkiem i zaufaniem kleru oraz os\u00f3b znacz\u0105cych i zamo\u017cnych, zdobywa\u0142a \u015brodki potrzebne do prowadzenia swego dzie\u0142a. Kiedy liczba dziewcz\u0105t znacznie wzros\u0142a, a ofiary nie by\u0142y wystarczaj\u0105ce, dok\u0142ada\u0142a ze swoich niewielkich zasob\u00f3w materialnych.<\/p>\n<p style=\"text-align: justify\">Id\u0105c za rad\u0105 o. Chanon, zgromadzi\u0142a wok\u00f3\u0142 siebie i swego dzie\u0142a kilka swoich pracownic, zak\u0142adaj\u0105c rodzaj stowarzyszenia charytatywnego pomagaj\u0105cego upad\u0142ym kobietom. Ju\u017c na pocz\u0105tku prowadzenia tego dzie\u0142a spotka\u0142a si\u0119 ze sprzeciwem i niezrozumieniem w\u015br\u00f3d mieszka\u0144c\u00f3w Laval. Prze\u017cy\u0142a w\u00f3wczas bolesn\u0105 pora\u017ck\u0119. Panny i panienki z \u201eporz\u0105dnych dom\u00f3w&#8221; zacz\u0119\u0142y si\u0119 od niej odsuwa\u0107, podopieczne zacz\u0119\u0142y odchodzi\u0107, a niekt\u00f3re wr\u00f3ci\u0142y do dawnego procederu. Przygn\u0119biona Teresa nie widzia\u0142a innego wyj\u015bcia, jak prosi\u0107 o. Chanon o uwolnienie od tego ci\u0119\u017caru, kt\u00f3ry wydawa\u0142 si\u0119 jej by\u0107 ponad si\u0142y. Coraz usilniej prosi\u0142a, aby pozwoli\u0142 jej wst\u0105pi\u0107 do klasztoru \u2013 chcia\u0142a zosta\u0107 siostr\u0105 w Zgromadzeniu Sacre-Coeur.<\/p>\n<p style=\"text-align: justify\">Kiedy otrzyma\u0142a\u00a0 pozytywn\u0105 odpowied\u017a\u00a0 od Si\u00f3str Sacre-Coeur,\u00a0 jezuita o. Chapell, z kt\u00f3rym podzieli\u0142a si\u0119 swoimi prze\u017cyciami, zdecydowanie o\u015bwiadczy\u0142, \u017ce wst\u0119puj\u0105c do innego zgromadzenia minie si\u0119 z wol\u0105 Bo\u017c\u0105. Doda\u0142, \u017ce B\u00f3g powo\u0142uje j\u0105 do za\u0142o\u017cenia w Laval nowego dzie\u0142a, kt\u00f3re dozna wielkich trudno\u015bci: wszyscy b\u0119d\u0105 przeciw niej, zabraknie jej czasem chleba, b\u0119dzie nawet bita, lecz \u2013 doda\u0142: Odwagi, b\u0105d\u017a spokojna. B\u00f3g ci\u0119 wezwie, gdy przyjdzie czas.<\/p>\n<p style=\"text-align: justify\">5 sierpnia 1818 roku 25-letnia Teresa Rondeau przyby\u0142a do m. Teresy de Lamourous (1754-1836), kt\u00f3ra za\u0142o\u017cy\u0142a i prowadzi\u0142a w Bordeaux \u201eDom Mi\u0142osierdzia\u201d dla prostytutek pragn\u0105cych z w\u0142asnej woli zmieni\u0107 swoje \u017cycie. Tu naby\u0142a do\u015bwiadczenia i pozna\u0142a metody pracy apostolskiej, \u017cyj\u0105c wed\u0142ug regulaminu, jaki obowi\u0105zywa\u0142 w Domu Mi\u0142osierdzia. Zdobyt\u0105 wiedz\u0119 uzupe\u0142nia\u0142y rozmowy i konferencje m. de Lamourous i o. Guillaume Chaminade. Ju\u017c 10 pa\u017adziernika (po dw\u00f3ch miesi\u0105cach) Teresa zosta\u0142a dopuszczona do ob\u0142\u00f3czyn, w czasie kt\u00f3rych otrzyma\u0142a imi\u0119: Franciszka Borgia, a 15 pa\u017adziernika z\u0142o\u017cy\u0142a przed spowiednikiem w konfesjonale swoje prywatne \u015bluby. Po drodze do Laval zatrzyma\u0142a si\u0119 w Le Mans, by spotka\u0107 si\u0119 z bp. Michael de Pidoll i prosi\u0107 o pozwolenie na otwarcie domu dla pokutnic oraz kaplicy w Laval. Otrzyma\u0142a te\u017c pozwolenie na organizowanie zgromadzenia zakonnego jako niezale\u017cna od Bordeaux fundatorka nowego dzie\u0142a.<\/p>\n<p style=\"text-align: justify\">Powr\u00f3ciwszy do Laval ju\u017c 1 listopada 1818 roku wprowadzi\u0142a do swojego rodzinnego domu przy ul. Hameau upad\u0142e kobiety, jak si\u0119 w\u00f3wczas m\u00f3wi\u0142o. I tak zosta\u0142 otwarty pierwszy w Laval Dom Mi\u0142osierdzia dla pokutnic. Urz\u0105dzi\u0142a go na spos\u00f3b klasztoru z refektarzem, sypialni\u0105 dla si\u00f3str i osobn\u0105 dla pokutnic, rozm\u00f3wnic\u0105, pralni\u0105, prasowni\u0105, infirmeri\u0105, kuchni\u0105, wykorzystuj\u0105c do tego prowizoryczne przepierzenia. Jej matka, Teresa Deliere, pomaga\u0142a wydatnie w organizowaniu dzie\u0142a. Pierwszym trzem pokutnicom Teresa nada\u0142a imiona:\u00a0 Wiara, Nadzieja,\u00a0 Mi\u0142o\u015b\u0107. Mimo\u00a0 szczup\u0142o\u015bci miejsca i bardzo skromnych, wr\u0119cz n\u0119dznych warunk\u00f3w, stale wzrasta\u0142a liczba tych, kt\u00f3re z w\u0142asnej woli pragn\u0119\u0142y poprawy swego \u017cycia. W tej pracy Teresa znalaz\u0142a oparcie w proboszczu parafii \u015bw. Veneranda, ks. Changeon, a nade wszystko w biskupie miejsca mgr de Pidoll, kt\u00f3ry udzieli\u0142 jej wszelkich pozwole\u0144, wyznaczy\u0142 kap\u0142ana do sprawowania w Domu Mi\u0142osierdzia niedzielnego nabo\u017ce\u0144stwa z wystawieniem i benedykcj\u0105 Naj\u015bwi\u0119tszym Sakramentem. Pos\u0142ug\u0119 duchow\u0105 sprawowali jezuici z ko\u015bcio\u0142a \u015bw. Micha\u0142a Archanio\u0142a.<\/p>\n<p style=\"text-align: justify\"><a href=\"https:\/\/www.faustyna.pl\/zmbm\/wp-content\/uploads\/2014\/12\/ZMBM-w-Laval.jpg\" data-gallery><img loading=\"lazy\" decoding=\"async\" class=\"size-medium wp-image-10832 alignnone\" src=\"https:\/\/www.faustyna.pl\/zmbm\/wp-content\/uploads\/2014\/12\/ZMBM-w-Laval-560x331.jpg\" alt=\"\" width=\"560\" height=\"331\" srcset=\"https:\/\/www.faustyna.pl\/zmbm\/wp-content\/uploads\/2014\/12\/ZMBM-w-Laval-560x331.jpg 560w, https:\/\/www.faustyna.pl\/zmbm\/wp-content\/uploads\/2014\/12\/ZMBM-w-Laval-140x83.jpg 140w, https:\/\/www.faustyna.pl\/zmbm\/wp-content\/uploads\/2014\/12\/ZMBM-w-Laval.jpg 1024w\" sizes=\"auto, (max-width: 560px) 100vw, 560px\" \/><\/a><\/p>\n<p style=\"text-align: justify\">Z biegiem lat w Laval wzrasta\u0142a liczba pokutnic i si\u00f3str. W 1820 r. (dwa lata po za\u0142o\u017ceniu fundacji) by\u0142o ich ju\u017c 28, 3 siostry, Teresa i kilka os\u00f3b do pomocy: jej mama z\u00a0 Gabrielem (8 lat), \u0142\u0105cznie 36 os\u00f3b w domu przeznaczonym na zamieszkanie dla jednej rodziny\u2026 W tej sytuacji Teresa poszukiwa\u0142a nowego miejsca dla swego dzie\u0142a. Znalaz\u0142a posesj\u0119 nieopodal, przy ulicy Paradis. Po kilku latach wype\u0142nionych licznymi k\u0142opotami zwi\u0105zanymi z brakiem funduszy na zakup domu, zaci\u0105ganiem d\u0142ug\u00f3w, oczekiwaniem na kredyty, ostatecznie 1 wrze\u015bnia 1826 roku siostry i wychowanki przenios\u0142y si\u0119 do wi\u0119kszego domu. W 1840 roku Teresa otworzy\u0142a fili\u0119 w ST. Joseph des Champs obok Laval, w 1855 fili\u0119 w Quimper (potem w Kernisy pod Quimper).<\/p>\n<p style=\"text-align: justify\">Matka Teresa Rondeau nie my\u015bla\u0142a w\u0142a\u015bciwie o zak\u0142adaniu zgromadzenia zakonnego wed\u0142ug norm prawnych. Troszczy\u0142a si\u0119 jednak o \u017cycie si\u00f3str wed\u0142ug rad ewangelicznych, modlitw\u0119, ducha pokuty i po\u015bwiecenia. Konstytucje normuj\u0105ce \u017cycie si\u00f3str napisa\u0142 dla nich o. Chanon. Za \u017cycia Za\u0142o\u017cycielki siostry nie sk\u0142ada\u0142y \u015blub\u00f3w wieczystych, lecz co roku po odprawionych rekolekcjach ponawia\u0142y \u015bluby czasowe przed spowiednikiem w konfesjonale. Ich ubi\u00f3r nie r\u00f3\u017cni\u0142 si\u0119 od stroju breta\u0144skich mieszczek, na kt\u00f3ry sk\u0142ada\u0142a si\u0119 czarna suknia, chustka i czepek. Dom w Laval by\u0142 pod w\u0142adz\u0105 biskupa miejscowego.<\/p>\n<p style=\"text-align: justify\">Od 9 listopada 1861 do 16 lipca 1862 w Domu Mi\u0142osierdzia w Laval wraz z Tekl\u0105 i Antonin\u0105 K\u0142obukowsk\u0105 przebywa\u0142a m. Teresa Ewa z ksi\u0105\u017c\u0105t Su\u0142kowskich hrabina Potocka, za\u0142o\u017cycielka Zgromadzenia Si\u00f3str Matki Bo\u017cej Mi\u0142osierdzia w Polsce.<\/p>\n<p style=\"text-align: justify\"><a href=\"https:\/\/www.faustyna.pl\/zmbm\/wp-content\/uploads\/2014\/12\/Grobowiec-matki-Teresy-Rondeau.jpg\" data-gallery><img loading=\"lazy\" decoding=\"async\" class=\"size-medium wp-image-10833 alignnone\" src=\"https:\/\/www.faustyna.pl\/zmbm\/wp-content\/uploads\/2014\/12\/Grobowiec-matki-Teresy-Rondeau-560x333.jpg\" alt=\"\" width=\"560\" height=\"333\" srcset=\"https:\/\/www.faustyna.pl\/zmbm\/wp-content\/uploads\/2014\/12\/Grobowiec-matki-Teresy-Rondeau-560x333.jpg 560w, https:\/\/www.faustyna.pl\/zmbm\/wp-content\/uploads\/2014\/12\/Grobowiec-matki-Teresy-Rondeau-140x83.jpg 140w, https:\/\/www.faustyna.pl\/zmbm\/wp-content\/uploads\/2014\/12\/Grobowiec-matki-Teresy-Rondeau.jpg 1024w\" sizes=\"auto, (max-width: 560px) 100vw, 560px\" \/><\/a><\/p>\n<p style=\"text-align: justify\">Matka Teresa Rondeau zmar\u0142a 16 lipca 1866 roku w Laval w wieku 73 lat, z kt\u00f3rych 48 po\u015bwi\u0119ci\u0142a bezgranicznej s\u0142u\u017cbie mi\u0142osierdziu, ratuj\u0105c kobiety zagubione moralnie. Zosta\u0142a pochowana w grobowcu usytuowanym w ogrodzie posesji klasztoru Domu Generalnego Zgromadzenia w Laval.<\/p>\n<p align=\"right\">\u00a0\u00a0\u00a0\u00a0\u00a0\u00a0\u00a0\u00a0\u00a0\u00a0<i>s. M. El\u017cbieta Siepak ISMM<\/i><\/p>\n<p style=\"text-align: left\" align=\"right\"><a href=\"https:\/\/www.faustyna.pl\/zmbm\/zgromadzenie\/\">Zgromadzenie\/Za\u0142o\u017cycielki<\/a><\/p>\n","protected":false},"excerpt":{"rendered":"<p>Matka Teresa Rondeau (1793 &#8211; 1866) Wsp\u00f3\u0142za\u0142o\u017cycielka Urodzi\u0142a si\u0119 6 pa\u017adziernika 1793 roku w Laval we Francji. Na chrzcie \u015bwi\u0119tym otrzyma\u0142a imi\u0119 Teresa Agata. Z domu wynios\u0142a g\u0142\u0119bokie wychowanie religijne, wykszta\u0142cenie zawodowe i do\u015bwiadczenie rzetelnej pracy. Pod wp\u0142ywem swego spowiednika o. J. Chanon SJ podj\u0119\u0142a prac\u0119 z pokutnicami, czyli kobietami, kt\u00f3re potrzebowa\u0142y g\u0142\u0119bokiej odnowy moralnej [&hellip;]<\/p>\n","protected":false},"author":1,"featured_media":0,"parent":0,"menu_order":0,"comment_status":"closed","ping_status":"closed","template":"","meta":{"footnotes":""},"categories":[49],"tags":[],"class_list":["post-1564","page","type-page","status-publish","hentry","category-zalozycielki"],"_links":{"self":[{"href":"https:\/\/www.faustyna.pl\/zmbm\/wp-json\/wp\/v2\/pages\/1564","targetHints":{"allow":["GET"]}}],"collection":[{"href":"https:\/\/www.faustyna.pl\/zmbm\/wp-json\/wp\/v2\/pages"}],"about":[{"href":"https:\/\/www.faustyna.pl\/zmbm\/wp-json\/wp\/v2\/types\/page"}],"author":[{"embeddable":true,"href":"https:\/\/www.faustyna.pl\/zmbm\/wp-json\/wp\/v2\/users\/1"}],"replies":[{"embeddable":true,"href":"https:\/\/www.faustyna.pl\/zmbm\/wp-json\/wp\/v2\/comments?post=1564"}],"version-history":[{"count":8,"href":"https:\/\/www.faustyna.pl\/zmbm\/wp-json\/wp\/v2\/pages\/1564\/revisions"}],"predecessor-version":[{"id":25934,"href":"https:\/\/www.faustyna.pl\/zmbm\/wp-json\/wp\/v2\/pages\/1564\/revisions\/25934"}],"wp:attachment":[{"href":"https:\/\/www.faustyna.pl\/zmbm\/wp-json\/wp\/v2\/media?parent=1564"}],"wp:term":[{"taxonomy":"category","embeddable":true,"href":"https:\/\/www.faustyna.pl\/zmbm\/wp-json\/wp\/v2\/categories?post=1564"},{"taxonomy":"post_tag","embeddable":true,"href":"https:\/\/www.faustyna.pl\/zmbm\/wp-json\/wp\/v2\/tags?post=1564"}],"curies":[{"name":"wp","href":"https:\/\/api.w.org\/{rel}","templated":true}]}}