



{"id":1566,"date":"2014-12-19T23:36:54","date_gmt":"2014-12-19T22:36:54","guid":{"rendered":"http:\/\/www.faustyna.pl\/zmbm\/?page_id=1566"},"modified":"2021-07-10T18:19:42","modified_gmt":"2021-07-10T16:19:42","slug":"zgromadzenie","status":"publish","type":"page","link":"https:\/\/www.faustyna.pl\/zmbm\/zgromadzenie\/","title":{"rendered":"Zgromadzenie"},"content":{"rendered":"<p style=\"text-align: justify\">Za\u0142o\u017cone przez matk\u0119 Teres\u0119 Ew\u0119 z ksi\u0105\u017c\u0105t Su\u0142kowskich Potock\u0105 dla ratowania dziewcz\u0105t i kobiet potrzebuj\u0105cych moralnej odnowy, wyda\u0142o \u015bw. Siostr\u0119 Faustyn\u0119, kt\u00f3ra wnios\u0142a w jego histori\u0119 charyzmat g\u0142oszenia \u015bwiatu mi\u0142osiernej mi\u0142o\u015bci Boga.<\/p>\n","protected":false},"excerpt":{"rendered":"<p>Za\u0142o\u017cone przez matk\u0119 Teres\u0119 Ew\u0119 z ksi\u0105\u017c\u0105t Su\u0142kowskich Potock\u0105 dla ratowania dziewcz\u0105t i kobiet potrzebuj\u0105cych moralnej odnowy, wyda\u0142o \u015bw. Siostr\u0119 Faustyn\u0119, kt\u00f3ra wnios\u0142a w jego histori\u0119 charyzmat g\u0142oszenia \u015bwiatu mi\u0142osiernej mi\u0142o\u015bci Boga.<\/p>\n","protected":false},"author":1,"featured_media":21541,"parent":0,"menu_order":0,"comment_status":"closed","ping_status":"closed","template":"page_section_menu.php","meta":{"footnotes":""},"categories":[48],"tags":[],"class_list":["post-1566","page","type-page","status-publish","has-post-thumbnail","hentry","category-zgromadzenie"],"_links":{"self":[{"href":"https:\/\/www.faustyna.pl\/zmbm\/wp-json\/wp\/v2\/pages\/1566","targetHints":{"allow":["GET"]}}],"collection":[{"href":"https:\/\/www.faustyna.pl\/zmbm\/wp-json\/wp\/v2\/pages"}],"about":[{"href":"https:\/\/www.faustyna.pl\/zmbm\/wp-json\/wp\/v2\/types\/page"}],"author":[{"embeddable":true,"href":"https:\/\/www.faustyna.pl\/zmbm\/wp-json\/wp\/v2\/users\/1"}],"replies":[{"embeddable":true,"href":"https:\/\/www.faustyna.pl\/zmbm\/wp-json\/wp\/v2\/comments?post=1566"}],"version-history":[{"count":5,"href":"https:\/\/www.faustyna.pl\/zmbm\/wp-json\/wp\/v2\/pages\/1566\/revisions"}],"predecessor-version":[{"id":4235,"href":"https:\/\/www.faustyna.pl\/zmbm\/wp-json\/wp\/v2\/pages\/1566\/revisions\/4235"}],"wp:featuredmedia":[{"embeddable":true,"href":"https:\/\/www.faustyna.pl\/zmbm\/wp-json\/wp\/v2\/media\/21541"}],"wp:attachment":[{"href":"https:\/\/www.faustyna.pl\/zmbm\/wp-json\/wp\/v2\/media?parent=1566"}],"wp:term":[{"taxonomy":"category","embeddable":true,"href":"https:\/\/www.faustyna.pl\/zmbm\/wp-json\/wp\/v2\/categories?post=1566"},{"taxonomy":"post_tag","embeddable":true,"href":"https:\/\/www.faustyna.pl\/zmbm\/wp-json\/wp\/v2\/tags?post=1566"}],"curies":[{"name":"wp","href":"https:\/\/api.w.org\/{rel}","templated":true}]}}