



{"id":1581,"date":"2014-12-19T23:43:45","date_gmt":"2014-12-19T23:43:45","guid":{"rendered":"http:\/\/www.faustyna.pl\/zmbm\/?page_id=1581"},"modified":"2023-03-08T16:21:00","modified_gmt":"2023-03-08T15:21:00","slug":"na-poczatku-charyzmat","status":"publish","type":"page","link":"https:\/\/www.faustyna.pl\/zmbm\/na-poczatku-charyzmat\/","title":{"rendered":"Na pocz\u0105tku"},"content":{"rendered":"<p style=\"margin-bottom: 0pt\" align=\"justify\"><a href=\"https:\/\/www.faustyna.pl\/zmbm\/wp-content\/uploads\/2014\/12\/Charyzmat-ZMBM-dawniej.jpg\" data-gallery><img loading=\"lazy\" decoding=\"async\" class=\"size-medium wp-image-10838 alignnone\" src=\"https:\/\/www.faustyna.pl\/zmbm\/wp-content\/uploads\/2014\/12\/Charyzmat-ZMBM-dawniej-560x330.jpg\" alt=\"\" width=\"560\" height=\"330\" srcset=\"https:\/\/www.faustyna.pl\/zmbm\/wp-content\/uploads\/2014\/12\/Charyzmat-ZMBM-dawniej-560x330.jpg 560w, https:\/\/www.faustyna.pl\/zmbm\/wp-content\/uploads\/2014\/12\/Charyzmat-ZMBM-dawniej-140x82.jpg 140w, https:\/\/www.faustyna.pl\/zmbm\/wp-content\/uploads\/2014\/12\/Charyzmat-ZMBM-dawniej.jpg 1024w\" sizes=\"auto, (max-width: 560px) 100vw, 560px\" \/><\/a><\/p>\n<p style=\"margin-bottom: 0pt\" align=\"justify\">Na pocz\u0105tku Zgromadzenie zosta\u0142o przez Boga powo\u0142ane do pracy nad popraw\u0105 dziewcz\u0105t i kobiet potrzebuj\u0105cych g\u0142\u0119bokiej odnowy moralnej, otrzyma\u0142o tak zwany charyzmat za\u0142o\u017cenia.<\/p>\n<p style=\"text-align: justify\">Celem Si\u00f3str Towarzystwa Matki Bo\u017cej Mi\u0142osierdzia jest <i style=\"font-weight: normal\">nie tylko praca nad w\u0142asnym u\u015bwi\u0119ceniem przez praktykowanie cn\u00f3t chrze\u015bcija\u0144skich i rad ewangelicznych, lecz r\u00f3wnie\u017c<\/i> (&#8230;) <i style=\"font-weight: normal\">praca nad popraw\u0105 dziewcz\u0105t i niewiast upad\u0142ych, kt\u00f3re by zapragn\u0119\u0142y porzuci\u0107 drog\u0119 nieprawo\u015bci i wr\u00f3ci\u0107 do s\u0142u\u017cby Bo\u017cej.<\/i> (&#8230;) <i style=\"font-weight: normal\">Cel ustrze\u017cenia od upadku nie jest w\u0142a\u015bciwie przedmiotem naszego Dzie\u0142a,<\/i> (&#8230;) <i style=\"font-weight: normal\">zatem liczba dziewcz\u0105t przyjmowanych w celach ochrony ma by\u0107 zawsze szczeg\u00f3lnie ograniczon\u0105. W \u017cadnym razie nie mog\u0105 by\u0107 przyjmowane, pod tytu\u0142em pensjonarek lub innym jakim podobnym, osoby, kt\u00f3re nie maj\u0105 by\u0107 siostrami lub pokutnicami. Przyjmowanie kierownictwa w domach wi\u0119ziennych i ochronach by\u0142oby post\u0119powaniem niezgodnym z celem naszego Dzie\u0142a i z niezale\u017cno\u015bci\u0105, tak drog\u0105 naszej instytucji <\/i>(Konstytucje 1909, art. 1).<\/p>\n<p style=\"text-align: justify\">U pocz\u0105tku swego istnienia Zgromadzenie powsta\u0142o w celu wykonywania w Ko\u015bciele \u015bci\u015ble okre\u015blonego zadania, mianowicie: pracy wychowawczej z dziewcz\u0119tami i kobietami moralnie upad\u0142ymi (prostytutkami), kt\u00f3re z w\u0142asnej woli pragn\u0119\u0142y zmiany swego \u017cycia (\u201echaryzmat za\u0142o\u017cenia\u201d ).<\/p>\n<p style=\"text-align: justify\">W historii Zgromadzenia ujawni\u0142 si\u0119 rozw\u00f3j tego charyzmatu, dzi\u0119ki czemu opiek\u0105 zosta\u0142y obj\u0119te tak\u017ce osoby zagro\u017cone moralnie. Uwzgl\u0119dniaj\u0105c bowiem warunki \u017cycia spo\u0142ecze\u0144stwa i obni\u017caj\u0105cy si\u0119 wiek demoralizacji, Zgromadzenie poszerzy\u0142o zakres pracy apostolskiej tak, by obj\u0105\u0107 nim nie tylko osoby ju\u017c zdeprawowane, ale tak\u017ce te, kt\u00f3rym zagra\u017ca\u0142a moralna degradacja. W Konstytucjach z roku 1930 zapisano: <i style=\"font-weight: normal\">Do dom\u00f3w Zgromadzenia mog\u0105 by\u0107 przyjmowane i takie kobiety, kt\u00f3rych warunki \u017cyciowe mog\u0142yby je doprowadzi\u0107 do zguby, z tem jednak zastrze\u017ceniem, \u017ce liczba ich b\u0119dzie zawsze ograniczon\u0105.<\/i><\/p>\n<p><!--more--><\/p>\n<p align=\"justify\"><a href=\"https:\/\/www.faustyna.pl\/zmbm\/wp-content\/uploads\/2014\/12\/Wychowanki-ZMBM-przy-pracy.jpg\" data-gallery><img loading=\"lazy\" decoding=\"async\" class=\"size-medium wp-image-10841 alignnone\" src=\"https:\/\/www.faustyna.pl\/zmbm\/wp-content\/uploads\/2014\/12\/Wychowanki-ZMBM-przy-pracy-560x328.jpg\" alt=\"\" width=\"560\" height=\"328\" srcset=\"https:\/\/www.faustyna.pl\/zmbm\/wp-content\/uploads\/2014\/12\/Wychowanki-ZMBM-przy-pracy-560x328.jpg 560w, https:\/\/www.faustyna.pl\/zmbm\/wp-content\/uploads\/2014\/12\/Wychowanki-ZMBM-przy-pracy-140x82.jpg 140w, https:\/\/www.faustyna.pl\/zmbm\/wp-content\/uploads\/2014\/12\/Wychowanki-ZMBM-przy-pracy.jpg 1024w\" sizes=\"auto, (max-width: 560px) 100vw, 560px\" \/><\/a><\/p>\n<p align=\"justify\">\u201eDomy Mi\u0142osierdzia\u201d \u2013 tak od pocz\u0105tku nazywano domy Zgromadzenia, w kt\u00f3rych schronienie\u00a0 znajdowa\u0142y\u00a0 dziewcz\u0119ta i kobiety moralnie zaniedbane, pragn\u0105ce z w\u0142asnej woli g\u0142\u0119bokiej przemiany \u017cycia. Rodzinna atmosfera, oddzielenie od \u015bwiata, pewna anonimowo\u015b\u0107, modlitwa i praca przynosi\u0142y oczekiwane efekty. Tysi\u0105ce dziewcz\u0105t i kobiet zacz\u0119\u0142o swoje \u017cycie od nowa z poczuciem osobistej godno\u015bci, w szacunku dla siebie i innych, z wyrobionym przekonaniem o warto\u015bci i sensie ludzkiego \u017cycia i jego ostatecznym celu. System wychowawczy oparty by\u0142 na poszanowaniu godno\u015bci cz\u0142owieka i jego wolno\u015bci, na wprowadzaniu w \u017cycie warto\u015bci chrze\u015bcija\u0144skich, modlitwy i umiej\u0119tnego korzystania z sakrament\u00f3w oraz pracy, kt\u00f3ra nie tylko by\u0142a \u015brodkiem wychowawczym, ale tak\u017ce uczy\u0142a konkretnego zawodu i zapewnia\u0142a utrzymanie dla Domu Mi\u0142osierdzia.<\/p>\n<p style=\"text-align: justify\">W latach dwudziestych XX wieku w\u015br\u00f3d wychowanek by\u0142o coraz wi\u0119cej m\u0142odych dziewcz\u0105t, kierowanych przez s\u0105dy, dla kt\u00f3rych z biegiem czasu siostry zorganizowa\u0142y program dokszta\u0142cania. I tak Domy Mi\u0142osierdzia, kt\u00f3re by\u0142y miejscem\u00a0 dobrowolnej\u00a0 pracy i modlitwy\u00a0 przekszta\u0142ca\u0142y\u00a0 si\u0119 stopniowo w zamkni\u0119te zak\u0142ady wychowawcze z programem nauczania w zakresie szko\u0142y podstawowej i \u015brednich szk\u00f3\u0142 zawodowych. Kierowa\u0142o je Kuratorium, s\u0105dy dla nieletnich oraz rodzice lub opiekunowie. Ta forma prowadzenia dzie\u0142a apostolskiego utrzyma\u0142a si\u0119 w niekt\u00f3rych domach Zgromadzenia do 1962 roku, ale ju\u017c wcze\u015bniej w\u0142adze pa\u0144stwowe rozpocz\u0119\u0142y proces przejmowania niekt\u00f3rych zak\u0142ad\u00f3w, a te, kt\u00f3re pozosta\u0142y w gestii Zgromadzenia przekszta\u0142cono na plac\u00f3wki \u201eCaritas\u201d dla dzieci o obni\u017conej sprawno\u015bci umys\u0142owej i psycho-ruchowej oraz chorych kobiet. Prac\u0119 z m\u0142odzie\u017c\u0105 siostry mog\u0142y prowadzi\u0107 tylko w otwartych \u015bwietlicach (w Krakowie i Warszawie).<\/p>\n<p style=\"text-align: justify\">W 1989 roku w Polsce pojawi\u0142a si\u0119 mo\u017cliwo\u015b\u0107 pracy z dziewcz\u0119tami potrzebuj\u0105cymi g\u0142\u0119bokiej odnowy moralnej w odzyskanym M\u0142odzie\u017cowym O\u015brodku Wychowawczym w Krakowie. W nim siostry prowadz\u0105 internat, gimnazjum i 3 szko\u0142y \u015brednie o profilu zawodowym dla dziewcz\u0105t kierowanych przez s\u0105dy dla nieletnich. W innych miejscowo\u015bciach siostry prowadz\u0105 r\u00f3wnie\u017c domy dla samotnych matek, w kt\u00f3rych tak\u017ce otaczaj\u0105 opiek\u0105 kobiety potrzebuj\u0105ce moralnego wsparcia.<\/p>\n<p style=\"text-align: right\" align=\"justify\">\u00a0\u00a0\u00a0\u00a0\u00a0\u00a0\u00a0\u00a0\u00a0\u00a0\u00a0\u00a0\u00a0\u00a0\u00a0\u00a0\u00a0\u00a0\u00a0\u00a0\u00a0\u00a0\u00a0\u00a0\u00a0\u00a0\u00a0\u00a0\u00a0\u00a0\u00a0\u00a0\u00a0\u00a0\u00a0\u00a0\u00a0\u00a0\u00a0\u00a0\u00a0\u00a0\u00a0\u00a0\u00a0\u00a0\u00a0\u00a0\u00a0\u00a0\u00a0\u00a0\u00a0\u00a0\u00a0\u00a0\u00a0\u00a0\u00a0\u00a0\u00a0\u00a0\u00a0\u00a0\u00a0\u00a0\u00a0\u00a0 <em>s. M. El\u017cbieta Siepak ISMM<\/em><\/p>\n<p align=\"justify\"><a href=\"https:\/\/www.faustyna.pl\/zmbm\/zgromadzenie\/\">Zgromadzenie\/Charyzmat<\/a><\/p>\n","protected":false},"excerpt":{"rendered":"<p>Na pocz\u0105tku Zgromadzenie zosta\u0142o przez Boga powo\u0142ane do pracy nad popraw\u0105 dziewcz\u0105t i kobiet potrzebuj\u0105cych g\u0142\u0119bokiej odnowy moralnej, otrzyma\u0142o tak zwany charyzmat za\u0142o\u017cenia. Celem Si\u00f3str Towarzystwa Matki Bo\u017cej Mi\u0142osierdzia jest nie tylko praca nad w\u0142asnym u\u015bwi\u0119ceniem przez praktykowanie cn\u00f3t chrze\u015bcija\u0144skich i rad ewangelicznych, lecz r\u00f3wnie\u017c (&#8230;) praca nad popraw\u0105 dziewcz\u0105t i niewiast upad\u0142ych, kt\u00f3re by [&hellip;]<\/p>\n","protected":false},"author":1,"featured_media":0,"parent":0,"menu_order":0,"comment_status":"closed","ping_status":"closed","template":"","meta":{"footnotes":""},"categories":[50],"tags":[],"class_list":["post-1581","page","type-page","status-publish","hentry","category-charyzmat-zgromadzenie"],"_links":{"self":[{"href":"https:\/\/www.faustyna.pl\/zmbm\/wp-json\/wp\/v2\/pages\/1581","targetHints":{"allow":["GET"]}}],"collection":[{"href":"https:\/\/www.faustyna.pl\/zmbm\/wp-json\/wp\/v2\/pages"}],"about":[{"href":"https:\/\/www.faustyna.pl\/zmbm\/wp-json\/wp\/v2\/types\/page"}],"author":[{"embeddable":true,"href":"https:\/\/www.faustyna.pl\/zmbm\/wp-json\/wp\/v2\/users\/1"}],"replies":[{"embeddable":true,"href":"https:\/\/www.faustyna.pl\/zmbm\/wp-json\/wp\/v2\/comments?post=1581"}],"version-history":[{"count":10,"href":"https:\/\/www.faustyna.pl\/zmbm\/wp-json\/wp\/v2\/pages\/1581\/revisions"}],"predecessor-version":[{"id":25939,"href":"https:\/\/www.faustyna.pl\/zmbm\/wp-json\/wp\/v2\/pages\/1581\/revisions\/25939"}],"wp:attachment":[{"href":"https:\/\/www.faustyna.pl\/zmbm\/wp-json\/wp\/v2\/media?parent=1581"}],"wp:term":[{"taxonomy":"category","embeddable":true,"href":"https:\/\/www.faustyna.pl\/zmbm\/wp-json\/wp\/v2\/categories?post=1581"},{"taxonomy":"post_tag","embeddable":true,"href":"https:\/\/www.faustyna.pl\/zmbm\/wp-json\/wp\/v2\/tags?post=1581"}],"curies":[{"name":"wp","href":"https:\/\/api.w.org\/{rel}","templated":true}]}}