



{"id":1582,"date":"2014-12-19T23:44:06","date_gmt":"2014-12-19T23:44:06","guid":{"rendered":"http:\/\/www.faustyna.pl\/zmbm\/?page_id=1582"},"modified":"2023-03-08T16:23:58","modified_gmt":"2023-03-08T15:23:58","slug":"dzisiaj-duchowosc","status":"publish","type":"page","link":"https:\/\/www.faustyna.pl\/zmbm\/dzisiaj-duchowosc\/","title":{"rendered":"Dzisiaj"},"content":{"rendered":"<p style=\"margin-bottom: 0pt\" align=\"justify\"><i style=\"font-weight: normal\"><a href=\"https:\/\/www.faustyna.pl\/zmbm\/wp-content\/uploads\/2014\/12\/Duchowosc-ZMBM-dzisiaj.jpg\" data-gallery><img loading=\"lazy\" decoding=\"async\" class=\"size-medium wp-image-10852 alignnone\" src=\"https:\/\/www.faustyna.pl\/zmbm\/wp-content\/uploads\/2014\/12\/Duchowosc-ZMBM-dzisiaj-560x328.jpg\" alt=\"\" width=\"560\" height=\"328\" srcset=\"https:\/\/www.faustyna.pl\/zmbm\/wp-content\/uploads\/2014\/12\/Duchowosc-ZMBM-dzisiaj-560x328.jpg 560w, https:\/\/www.faustyna.pl\/zmbm\/wp-content\/uploads\/2014\/12\/Duchowosc-ZMBM-dzisiaj-140x82.jpg 140w, https:\/\/www.faustyna.pl\/zmbm\/wp-content\/uploads\/2014\/12\/Duchowosc-ZMBM-dzisiaj.jpg 1024w\" sizes=\"auto, (max-width: 560px) 100vw, 560px\" \/><\/a><\/i><\/p>\n<p style=\"margin-bottom: 0pt\" align=\"justify\"><i style=\"font-weight: normal\">Duchowo\u015b\u0107 Zgromadzenia Matki Bo\u017cej Mi\u0142osierdzia streszcza si\u0119 w s\u0142owie: MI\u0141OSIERDZIE. Ka\u017cda siostra usilnie ma si\u0119 stara\u0107, by mi\u0142osierdzie wyra\u017ca\u0142o si\u0119 w ca\u0142ej jej istocie, przenikaj\u0105c jej my\u015bli, s\u0142owa i dzia\u0142anie<\/i> (art. 7).<\/p>\n<div align=\"right\">Konstytucje Zgromadzenia Si\u00f3str Matki Bo\u017cej Mi\u0142osierdzia, 1985<\/div>\n<p style=\"text-align: justify\">Wsp\u00f3\u0142czesne Konstytucje Zgromadzenia okre\u015blaj\u0105 jego duchowo\u015b\u0107 jednym s\u0142owem: MI\u0141OSIERDZIE. Ono charakteryzuje styl \u017cycia ca\u0142ego Instytutu i ka\u017cdej siostry, kt\u00f3ra ma si\u0119 stara\u0107, by swoje \u017cycie kszta\u0142towa\u0107 w tym duchu, to znaczy \u201eprzemieni\u0107 si\u0119 w mi\u0142osierdzie\u201d \u2013 jak m\u00f3wi\u0142a \u015bw. Siostra Faustyna. W centrum tej duchowo\u015bci znajduje si\u0119 wi\u0119c tajemnica mi\u0142osierdzia Bo\u017cego, kt\u00f3ra jest \u017ar\u00f3d\u0142em, wzorem i motywem dla mi\u0142osierdzia w relacjach mi\u0119dzyludzkich. Poznawanie tajemnicy mi\u0142osierdzia Bo\u017cego i jej kontemplacja w codzienno\u015bci, rozwa\u017canie czynnego udzia\u0142u Maryi Matki Mi\u0142osierdzia w dziele Odkupienia, prowadzi do postawy zaufania Bogu i mi\u0142osierdzia\u00a0 wzgl\u0119dem bli\u017anich,\u00a0 do apostolskiej\u00a0 gorliwo\u015bci m\u0119\u017cnej,\u00a0 cierpliwej i bezinteresownej, daj\u0105cej siostrom gotowo\u015b\u0107 do sk\u0142adania ofiar dla zbawienia dusz. W t\u0119 duchowo\u015b\u0107 wpisana jest praktyka nabo\u017ce\u0144stwa do Mi\u0142osierdzia Bo\u017cego w nowych formach, kt\u00f3re przekaza\u0142a \u015bw. Siostra Faustyna. Ona wnosi w histori\u0119 Zgromadzenia i Ko\u015bcio\u0142a now\u0105 szko\u0142\u0119 duchowo\u015bci, w kt\u00f3rej spoiwem wi\u0105\u017c\u0105cym wszystkie jej elementy jest tajemnica mi\u0142osierdzia Bo\u017cego. Ona kszta\u0142tuje nie tylko obraz Boga i relacj\u0119 ufno\u015bci wobec Niego, ale tak\u017ce relacje mi\u0119dzyludzkie, praktyki modlitewne i ascetyczne, s\u0142owem \u2013 ca\u0142o\u017cyciowe odniesienie do Boga, ludzi, \u015bwiata i samego siebie.<\/p>\n<p align=\"right\">\u00a0\u00a0\u00a0\u00a0\u00a0\u00a0\u00a0\u00a0\u00a0\u00a0\u00a0\u00a0\u00a0\u00a0\u00a0\u00a0\u00a0\u00a0\u00a0\u00a0\u00a0\u00a0\u00a0\u00a0\u00a0\u00a0\u00a0\u00a0\u00a0\u00a0\u00a0\u00a0\u00a0\u00a0\u00a0\u00a0\u00a0\u00a0\u00a0\u00a0\u00a0\u00a0\u00a0\u00a0\u00a0\u00a0\u00a0\u00a0\u00a0\u00a0\u00a0\u00a0\u00a0\u00a0\u00a0\u00a0\u00a0\u00a0\u00a0\u00a0\u00a0 \u00a0\u00a0<i> s. M. El\u017cbieta Siepak ISMM<\/i><\/p>\n<div align=\"right\"><a title=\"\u015awi\u0119ta Siostra Faustyna - Duchowo\u015b\u0107\" href=\"https:\/\/www.faustyna.pl\/index.php?option=com_content&amp;task=view&amp;id=291&amp;Itemid=61\">Wi\u0119cej&#8230;<\/a><\/div>\n<div style=\"text-align: left\" align=\"right\"><a href=\"https:\/\/www.faustyna.pl\/zmbm\/zgromadzenie\/\">Zgromadzenie\/Duchowo\u015b\u0107<\/a><\/div>\n","protected":false},"excerpt":{"rendered":"<p>Duchowo\u015b\u0107 Zgromadzenia Matki Bo\u017cej Mi\u0142osierdzia streszcza si\u0119 w s\u0142owie: MI\u0141OSIERDZIE. Ka\u017cda siostra usilnie ma si\u0119 stara\u0107, by mi\u0142osierdzie wyra\u017ca\u0142o si\u0119 w ca\u0142ej jej istocie, przenikaj\u0105c jej my\u015bli, s\u0142owa i dzia\u0142anie (art. 7). Konstytucje Zgromadzenia Si\u00f3str Matki Bo\u017cej Mi\u0142osierdzia, 1985 Wsp\u00f3\u0142czesne Konstytucje Zgromadzenia okre\u015blaj\u0105 jego duchowo\u015b\u0107 jednym s\u0142owem: MI\u0141OSIERDZIE. Ono charakteryzuje styl \u017cycia ca\u0142ego Instytutu i [&hellip;]<\/p>\n","protected":false},"author":1,"featured_media":0,"parent":0,"menu_order":0,"comment_status":"closed","ping_status":"closed","template":"","meta":{"footnotes":""},"categories":[51],"tags":[],"class_list":["post-1582","page","type-page","status-publish","hentry","category-duchowosc-zgromadzenie"],"_links":{"self":[{"href":"https:\/\/www.faustyna.pl\/zmbm\/wp-json\/wp\/v2\/pages\/1582","targetHints":{"allow":["GET"]}}],"collection":[{"href":"https:\/\/www.faustyna.pl\/zmbm\/wp-json\/wp\/v2\/pages"}],"about":[{"href":"https:\/\/www.faustyna.pl\/zmbm\/wp-json\/wp\/v2\/types\/page"}],"author":[{"embeddable":true,"href":"https:\/\/www.faustyna.pl\/zmbm\/wp-json\/wp\/v2\/users\/1"}],"replies":[{"embeddable":true,"href":"https:\/\/www.faustyna.pl\/zmbm\/wp-json\/wp\/v2\/comments?post=1582"}],"version-history":[{"count":5,"href":"https:\/\/www.faustyna.pl\/zmbm\/wp-json\/wp\/v2\/pages\/1582\/revisions"}],"predecessor-version":[{"id":25941,"href":"https:\/\/www.faustyna.pl\/zmbm\/wp-json\/wp\/v2\/pages\/1582\/revisions\/25941"}],"wp:attachment":[{"href":"https:\/\/www.faustyna.pl\/zmbm\/wp-json\/wp\/v2\/media?parent=1582"}],"wp:term":[{"taxonomy":"category","embeddable":true,"href":"https:\/\/www.faustyna.pl\/zmbm\/wp-json\/wp\/v2\/categories?post=1582"},{"taxonomy":"post_tag","embeddable":true,"href":"https:\/\/www.faustyna.pl\/zmbm\/wp-json\/wp\/v2\/tags?post=1582"}],"curies":[{"name":"wp","href":"https:\/\/api.w.org\/{rel}","templated":true}]}}