



{"id":1583,"date":"2014-12-19T23:44:11","date_gmt":"2014-12-19T23:44:11","guid":{"rendered":"http:\/\/www.faustyna.pl\/zmbm\/?page_id=1583"},"modified":"2023-03-08T16:23:42","modified_gmt":"2023-03-08T15:23:42","slug":"na-poczatku-duchowosc","status":"publish","type":"page","link":"https:\/\/www.faustyna.pl\/zmbm\/na-poczatku-duchowosc\/","title":{"rendered":"Na pocz\u0105tku"},"content":{"rendered":"<p style=\"margin-bottom: 0pt\" align=\"justify\"><i style=\"font-weight: normal\"><a href=\"https:\/\/www.faustyna.pl\/zmbm\/wp-content\/uploads\/2014\/12\/Kaplica-ZMBM-w-Lagiewnikach-przed-II-wojna.jpg\" data-gallery><img loading=\"lazy\" decoding=\"async\" class=\"size-medium wp-image-10850 alignnone\" src=\"https:\/\/www.faustyna.pl\/zmbm\/wp-content\/uploads\/2014\/12\/Kaplica-ZMBM-w-Lagiewnikach-przed-II-wojna-560x331.jpg\" alt=\"\" width=\"560\" height=\"331\" srcset=\"https:\/\/www.faustyna.pl\/zmbm\/wp-content\/uploads\/2014\/12\/Kaplica-ZMBM-w-Lagiewnikach-przed-II-wojna-560x331.jpg 560w, https:\/\/www.faustyna.pl\/zmbm\/wp-content\/uploads\/2014\/12\/Kaplica-ZMBM-w-Lagiewnikach-przed-II-wojna-140x83.jpg 140w, https:\/\/www.faustyna.pl\/zmbm\/wp-content\/uploads\/2014\/12\/Kaplica-ZMBM-w-Lagiewnikach-przed-II-wojna.jpg 1024w\" sizes=\"auto, (max-width: 560px) 100vw, 560px\" \/><\/a><\/i><\/p>\n<p style=\"margin-bottom: 0pt\" align=\"justify\"><i style=\"font-weight: normal\">Ducha naszego Towarzystwa stanowi przede wszystkim \u017carliwa gorliwo\u015b\u0107, utrzymuj\u0105ca ka\u017cd\u0105 z jego cz\u0142onki\u0144 w ustawicznej gotowo\u015bci czynienia i cierpienia wszystkiego dla skuteczniejszego dopomagania do powrotu na drog\u0119 cnoty duszom pokutuj\u0105cym, powierzonym im przez Boskiego Mistrza. <\/i><\/p>\n<div align=\"right\">Konstytucje 1909, art. 2.<\/div>\n<p align=\"justify\">\u017bycie duchowe Zgromadzenia wyrasta\u0142o z duchowo\u015bci ignacja\u0144skiej, dlatego cechowa\u0142a je \u201e\u017carliwa gorliwo\u015b\u0107\u201d o zbawienie dusz powierzonych jego apostolskiej pieczy. Ducha tej gorliwo\u015bci siostry czerpa\u0142y z cz\u0119stego rozwa\u017cania wielkich prawd wiary, a szczeg\u00f3lnie tego, \u201eco B\u00f3g uczyni\u0142 dla zbawienia dusz przy stwarzaniu, co uczyni\u0142 i ucierpia\u0142 w odkupieniu i co im gotuje w chwale wiecznej\u201d (art. 2). Tego ducha siostry umacnia\u0142y przez serdeczne rozwa\u017canie cn\u00f3t i uczu\u0107 \u201eswej Matki i Opiekunki, Matki Bo\u017cej Mi\u0142osierdzia, kt\u00f3rej cierpliwo\u015b\u0107, s\u0142odycz i wi\u0119cej ni\u017c macierzy\u0144sk\u0105 lito\u015b\u0107 dla grzesznik\u00f3w\u201d (art. 2) mia\u0142y usilnie na\u015bladowa\u0107. W intencji dusz powierzonych ich pieczy siostry ofiarowa\u0142y swoje modlitwy, umartwienia, prace, \u201ejednym s\u0142owem wszystko, nawet usi\u0142owania podejmowane dla w\u0142asnego u\u015bwi\u0119cenia, bez kt\u00f3rego nie podobna by im by\u0142o pracowa\u0107 skutecznie nad popraw\u0105 innych\u201d (art. 2).<\/p>\n<p style=\"text-align: justify\">Modlitwy, asceza i wszystkie praktyki s\u0142u\u017cy\u0142y nie tylko sprawie \u015bwi\u0119to\u015bci si\u00f3str, ale tak\u017ce charyzmatycznej pos\u0142udze ratowania \u201eupad\u0142ych kobiet\u201d. Duchowo\u015b\u0107 Zgromadzenia przenika\u0142o nabo\u017ce\u0144stwo do Serca Bo\u017cego i duch wynagrodzenia, st\u0105d w \u201eZbiorze modlitw u\u017cywanych w Zgromadzeniu Si\u00f3str Matki Bo\u017cej Mi\u0142osierdzia\u201d tak wiele jest \u201ewestchnie\u0144\u201d do Serca Jezusowego, poczynaj\u0105c od porannego Ofiarowania Sercu Pana Jezusa przez Niepokalane Serce Naj\u015bwi\u0119tszej Maryi Panny wszystkich modlitw, spraw i krzy\u017cy \u201ednia dzisiejszego jako wynagrodzenie za wszystkie wykroczenia nasze\u201d, za Ko\u015bci\u00f3\u0142 \u015bwi\u0119ty i intencje na ten dzie\u0144 wyznaczone. \u201eWestchnienia\u201d do Serca Jezusowego (kr\u00f3tkie modlitwy) powtarzane w r\u00f3\u017cnej formie w ci\u0105gu ca\u0142ego dnia, Litania, Nowenna do Naj\u015bwi\u0119tszego Serca Pana Jezusa, Godzinki o Sercu Bo\u017cym przeplata\u0142y si\u0119 z modlitwami do Matki Bo\u017cej (R\u00f3\u017caniec, Godzinki, Magnificat, Litania\u2026), nowennami poprzedzaj\u0105cymi r\u00f3\u017cne uroczysto\u015bci ko\u015bcielne i litaniami do \u015bwi\u0119tych Patron\u00f3w Zgromadzenia. Wiele si\u00f3str \u017cyj\u0105c t\u0105 duchowo\u015bci\u0105 ofiarowa\u0142o w intencji powierzonych sobie dusz nie tylko modlitwy, prace i cierpienia, ale nadto w\u0142asne \u017cycie.<\/p>\n<p align=\"right\">\u00a0\u00a0\u00a0\u00a0\u00a0\u00a0\u00a0\u00a0\u00a0\u00a0\u00a0\u00a0\u00a0\u00a0\u00a0\u00a0\u00a0\u00a0\u00a0\u00a0\u00a0\u00a0\u00a0\u00a0\u00a0\u00a0\u00a0\u00a0\u00a0\u00a0\u00a0\u00a0\u00a0\u00a0\u00a0\u00a0\u00a0\u00a0\u00a0\u00a0\u00a0\u00a0\u00a0\u00a0\u00a0\u00a0\u00a0\u00a0\u00a0\u00a0\u00a0\u00a0\u00a0\u00a0\u00a0\u00a0\u00a0\u00a0\u00a0\u00a0\u00a0\u00a0\u00a0\u00a0\u00a0\u00a0\u00a0\u00a0<i> s. M. El\u017cbieta Siepak ISMM<\/i><\/p>\n<p style=\"text-align: left\" align=\"right\"><a href=\"https:\/\/www.faustyna.pl\/zmbm\/zgromadzenie\/\">Zgromadzenie\/Duchowo\u015b\u0107<\/a><\/p>\n","protected":false},"excerpt":{"rendered":"<p>Ducha naszego Towarzystwa stanowi przede wszystkim \u017carliwa gorliwo\u015b\u0107, utrzymuj\u0105ca ka\u017cd\u0105 z jego cz\u0142onki\u0144 w ustawicznej gotowo\u015bci czynienia i cierpienia wszystkiego dla skuteczniejszego dopomagania do powrotu na drog\u0119 cnoty duszom pokutuj\u0105cym, powierzonym im przez Boskiego Mistrza. Konstytucje 1909, art. 2. \u017bycie duchowe Zgromadzenia wyrasta\u0142o z duchowo\u015bci ignacja\u0144skiej, dlatego cechowa\u0142a je \u201e\u017carliwa gorliwo\u015b\u0107\u201d o zbawienie dusz powierzonych [&hellip;]<\/p>\n","protected":false},"author":1,"featured_media":0,"parent":0,"menu_order":0,"comment_status":"closed","ping_status":"closed","template":"","meta":{"footnotes":""},"categories":[51],"tags":[],"class_list":["post-1583","page","type-page","status-publish","hentry","category-duchowosc-zgromadzenie"],"_links":{"self":[{"href":"https:\/\/www.faustyna.pl\/zmbm\/wp-json\/wp\/v2\/pages\/1583","targetHints":{"allow":["GET"]}}],"collection":[{"href":"https:\/\/www.faustyna.pl\/zmbm\/wp-json\/wp\/v2\/pages"}],"about":[{"href":"https:\/\/www.faustyna.pl\/zmbm\/wp-json\/wp\/v2\/types\/page"}],"author":[{"embeddable":true,"href":"https:\/\/www.faustyna.pl\/zmbm\/wp-json\/wp\/v2\/users\/1"}],"replies":[{"embeddable":true,"href":"https:\/\/www.faustyna.pl\/zmbm\/wp-json\/wp\/v2\/comments?post=1583"}],"version-history":[{"count":4,"href":"https:\/\/www.faustyna.pl\/zmbm\/wp-json\/wp\/v2\/pages\/1583\/revisions"}],"predecessor-version":[{"id":25940,"href":"https:\/\/www.faustyna.pl\/zmbm\/wp-json\/wp\/v2\/pages\/1583\/revisions\/25940"}],"wp:attachment":[{"href":"https:\/\/www.faustyna.pl\/zmbm\/wp-json\/wp\/v2\/media?parent=1583"}],"wp:term":[{"taxonomy":"category","embeddable":true,"href":"https:\/\/www.faustyna.pl\/zmbm\/wp-json\/wp\/v2\/categories?post=1583"},{"taxonomy":"post_tag","embeddable":true,"href":"https:\/\/www.faustyna.pl\/zmbm\/wp-json\/wp\/v2\/tags?post=1583"}],"curies":[{"name":"wp","href":"https:\/\/api.w.org\/{rel}","templated":true}]}}