



{"id":1592,"date":"2014-12-19T23:45:40","date_gmt":"2014-12-19T23:45:40","guid":{"rendered":"http:\/\/www.faustyna.pl\/zmbm\/?page_id=1592"},"modified":"2026-05-08T16:25:23","modified_gmt":"2026-05-08T14:25:23","slug":"aspirantura","status":"publish","type":"page","link":"https:\/\/www.faustyna.pl\/zmbm\/aspirantura\/","title":{"rendered":"Aspirantura"},"content":{"rendered":"<p align=\"justify\"><i style=\"font-weight: normal\"><a href=\"https:\/\/www.faustyna.pl\/zmbm\/wp-content\/uploads\/2014\/12\/Jezus-Milosierny-aspirantura.jpg\" data-gallery><img loading=\"lazy\" decoding=\"async\" class=\"alignnone wp-image-10854 size-large\" src=\"https:\/\/www.faustyna.pl\/zmbm\/wp-content\/uploads\/2014\/12\/Jezus-Milosierny-aspirantura-1024x602.jpg\" alt=\"\" width=\"1024\" height=\"602\" srcset=\"https:\/\/www.faustyna.pl\/zmbm\/wp-content\/uploads\/2014\/12\/Jezus-Milosierny-aspirantura.jpg 1024w, https:\/\/www.faustyna.pl\/zmbm\/wp-content\/uploads\/2014\/12\/Jezus-Milosierny-aspirantura-140x82.jpg 140w, https:\/\/www.faustyna.pl\/zmbm\/wp-content\/uploads\/2014\/12\/Jezus-Milosierny-aspirantura-560x329.jpg 560w\" sizes=\"auto, (max-width: 1024px) 100vw, 1024px\" \/><\/a><\/i><\/p>\n<p align=\"justify\"><i style=\"font-weight: normal\">\u0141ask\u0119 powo\u0142ania do \u017cycia zakonnego czu\u0142am od siedmiu lat. W si\u00f3dmym roku \u017cycia us\u0142ysza\u0142am pierwszy raz g\u0142os Bo\u017cy w duszy, czyli zaproszenie do \u017cycia doskonalszego<\/i> (&#8230;).\u00a0<i style=\"font-weight: normal\"> Nie spotka\u0142am si\u0119 z nikim, kto by mi te rzeczy wyja\u015bni\u0142<\/i> (Dz. 7).<\/p>\n<p style=\"text-align: justify\">Aspirantura w domu zakonnym Zgromadzenia przewidziana jest dla dziewcz\u0105t, kt\u00f3re przejawiaj\u0105 \u0142ask\u0119 powo\u0142ania, ale nie maj\u0105 odpowiedniego wieku lub przygotowania do \u017cycia zakonnego.\u00a0 W tym czasie kandydatka do Zgromadzenia cz\u0119\u015bciowo jest w\u0142\u0105czona w prace i \u017cycie klasztoru oraz uzupe\u0142nia swoje wykszta\u0142cenie.<\/p>\n<p><a href=\"https:\/\/www.faustyna.pl\/zmbm\/zgromadzenie\/\">Zgromadzenie\/Etapy formacji<\/a><\/p>\n","protected":false},"excerpt":{"rendered":"<p>\u0141ask\u0119 powo\u0142ania do \u017cycia zakonnego czu\u0142am od siedmiu lat. W si\u00f3dmym roku \u017cycia us\u0142ysza\u0142am pierwszy raz g\u0142os Bo\u017cy w duszy, czyli zaproszenie do \u017cycia doskonalszego (&#8230;).\u00a0 Nie spotka\u0142am si\u0119 z nikim, kto by mi te rzeczy wyja\u015bni\u0142 (Dz. 7). Aspirantura w domu zakonnym Zgromadzenia przewidziana jest dla dziewcz\u0105t, kt\u00f3re przejawiaj\u0105 \u0142ask\u0119 powo\u0142ania, ale nie maj\u0105 [&hellip;]<\/p>\n","protected":false},"author":1,"featured_media":0,"parent":0,"menu_order":0,"comment_status":"closed","ping_status":"closed","template":"","meta":{"footnotes":""},"categories":[52],"tags":[],"class_list":["post-1592","page","type-page","status-publish","hentry","category-etapy-formacji"],"_links":{"self":[{"href":"https:\/\/www.faustyna.pl\/zmbm\/wp-json\/wp\/v2\/pages\/1592","targetHints":{"allow":["GET"]}}],"collection":[{"href":"https:\/\/www.faustyna.pl\/zmbm\/wp-json\/wp\/v2\/pages"}],"about":[{"href":"https:\/\/www.faustyna.pl\/zmbm\/wp-json\/wp\/v2\/types\/page"}],"author":[{"embeddable":true,"href":"https:\/\/www.faustyna.pl\/zmbm\/wp-json\/wp\/v2\/users\/1"}],"replies":[{"embeddable":true,"href":"https:\/\/www.faustyna.pl\/zmbm\/wp-json\/wp\/v2\/comments?post=1592"}],"version-history":[{"count":4,"href":"https:\/\/www.faustyna.pl\/zmbm\/wp-json\/wp\/v2\/pages\/1592\/revisions"}],"predecessor-version":[{"id":32537,"href":"https:\/\/www.faustyna.pl\/zmbm\/wp-json\/wp\/v2\/pages\/1592\/revisions\/32537"}],"wp:attachment":[{"href":"https:\/\/www.faustyna.pl\/zmbm\/wp-json\/wp\/v2\/media?parent=1592"}],"wp:term":[{"taxonomy":"category","embeddable":true,"href":"https:\/\/www.faustyna.pl\/zmbm\/wp-json\/wp\/v2\/categories?post=1592"},{"taxonomy":"post_tag","embeddable":true,"href":"https:\/\/www.faustyna.pl\/zmbm\/wp-json\/wp\/v2\/tags?post=1592"}],"curies":[{"name":"wp","href":"https:\/\/api.w.org\/{rel}","templated":true}]}}