



{"id":1598,"date":"2014-12-20T00:05:41","date_gmt":"2014-12-20T00:05:41","guid":{"rendered":"http:\/\/www.faustyna.pl\/zmbm\/?page_id=1598"},"modified":"2023-07-21T08:41:09","modified_gmt":"2023-07-21T06:41:09","slug":"inne-formy-milosierdzia","status":"publish","type":"page","link":"https:\/\/www.faustyna.pl\/zmbm\/inne-formy-milosierdzia\/","title":{"rendered":"Inne formy mi\u0142osierdzia"},"content":{"rendered":"<p align=\"justify\"><a href=\"https:\/\/www.faustyna.pl\/zmbm\/wp-content\/uploads\/2023\/07\/Apostoat_Inne.jpg\" data-gallery><img loading=\"lazy\" decoding=\"async\" class=\"size-medium wp-image-26800 alignnone\" src=\"https:\/\/www.faustyna.pl\/zmbm\/wp-content\/uploads\/2023\/07\/Apostoat_Inne-560x334.jpg\" alt=\"\" width=\"560\" height=\"334\" srcset=\"https:\/\/www.faustyna.pl\/zmbm\/wp-content\/uploads\/2023\/07\/Apostoat_Inne-560x334.jpg 560w, https:\/\/www.faustyna.pl\/zmbm\/wp-content\/uploads\/2023\/07\/Apostoat_Inne-140x83.jpg 140w, https:\/\/www.faustyna.pl\/zmbm\/wp-content\/uploads\/2023\/07\/Apostoat_Inne.jpg 1024w\" sizes=\"auto, (max-width: 560px) 100vw, 560px\" \/><\/a><\/p>\n<p align=\"justify\">Forma g\u0142oszenia or\u0119dzia Mi\u0142osierdzia przez czyn, s\u0142owo i modlitw\u0119 w poszczeg\u00f3lnych klasztorach zale\u017cna jest od lokalnych warunk\u00f3w i potrzeb \u015brodowiska. Siostry pos\u0142uguj\u0105 m. in. w wi\u0119zieniach, wyje\u017cd\u017caj\u0105 do parafii, na sympozja, kongresy, do szk\u00f3\u0142, na spotkania z r\u00f3\u017cnymi wsp\u00f3lnotami, by dzieli\u0107 si\u0119 darem or\u0119dzia Mi\u0142osierdzia,\u00a0 kt\u00f3re Jezus\u00a0 przekaza\u0142\u00a0 przez \u015bw. Siostr\u0119 Faustyn\u0119, i budzi\u0107 nadziej\u0119 w\u00a0 sercach\u00a0 ludzi. Maj\u0105 \u015bwiadomo\u015b\u0107,\u00a0 \u017ce uczestnicz\u0105\u00a0 nie tylko w\u00a0 \u017cyciu, ale i w misji Jezusa objawiaj\u0105cego \u015bwiatu mi\u0142osiern\u0105 mi\u0142o\u015b\u0107 Boga do ka\u017cdego cz\u0142owieka, kt\u00f3ry pos\u0142uguj\u0105c si\u0119 lud\u017ami, czyni to tak\u017ce dzisiaj.<\/p>\n<p><a href=\"https:\/\/www.faustyna.pl\/zmbm\/zgromadzenie\/\">Zgromadzenie\/Apostolstwo<\/a><\/p>\n","protected":false},"excerpt":{"rendered":"<p>Forma g\u0142oszenia or\u0119dzia Mi\u0142osierdzia przez czyn, s\u0142owo i modlitw\u0119 w poszczeg\u00f3lnych klasztorach zale\u017cna jest od lokalnych warunk\u00f3w i potrzeb \u015brodowiska. Siostry pos\u0142uguj\u0105 m. in. w wi\u0119zieniach, wyje\u017cd\u017caj\u0105 do parafii, na sympozja, kongresy, do szk\u00f3\u0142, na spotkania z r\u00f3\u017cnymi wsp\u00f3lnotami, by dzieli\u0107 si\u0119 darem or\u0119dzia Mi\u0142osierdzia,\u00a0 kt\u00f3re Jezus\u00a0 przekaza\u0142\u00a0 przez \u015bw. Siostr\u0119 Faustyn\u0119, i budzi\u0107 nadziej\u0119 [&hellip;]<\/p>\n","protected":false},"author":1,"featured_media":0,"parent":0,"menu_order":0,"comment_status":"closed","ping_status":"closed","template":"","meta":{"footnotes":""},"categories":[53],"tags":[],"class_list":["post-1598","page","type-page","status-publish","hentry","category-apostolstwo"],"_links":{"self":[{"href":"https:\/\/www.faustyna.pl\/zmbm\/wp-json\/wp\/v2\/pages\/1598","targetHints":{"allow":["GET"]}}],"collection":[{"href":"https:\/\/www.faustyna.pl\/zmbm\/wp-json\/wp\/v2\/pages"}],"about":[{"href":"https:\/\/www.faustyna.pl\/zmbm\/wp-json\/wp\/v2\/types\/page"}],"author":[{"embeddable":true,"href":"https:\/\/www.faustyna.pl\/zmbm\/wp-json\/wp\/v2\/users\/1"}],"replies":[{"embeddable":true,"href":"https:\/\/www.faustyna.pl\/zmbm\/wp-json\/wp\/v2\/comments?post=1598"}],"version-history":[{"count":10,"href":"https:\/\/www.faustyna.pl\/zmbm\/wp-json\/wp\/v2\/pages\/1598\/revisions"}],"predecessor-version":[{"id":10894,"href":"https:\/\/www.faustyna.pl\/zmbm\/wp-json\/wp\/v2\/pages\/1598\/revisions\/10894"}],"wp:attachment":[{"href":"https:\/\/www.faustyna.pl\/zmbm\/wp-json\/wp\/v2\/media?parent=1598"}],"wp:term":[{"taxonomy":"category","embeddable":true,"href":"https:\/\/www.faustyna.pl\/zmbm\/wp-json\/wp\/v2\/categories?post=1598"},{"taxonomy":"post_tag","embeddable":true,"href":"https:\/\/www.faustyna.pl\/zmbm\/wp-json\/wp\/v2\/tags?post=1598"}],"curies":[{"name":"wp","href":"https:\/\/api.w.org\/{rel}","templated":true}]}}