



{"id":1602,"date":"2014-12-20T00:05:58","date_gmt":"2014-12-20T00:05:58","guid":{"rendered":"http:\/\/www.faustyna.pl\/zmbm\/?page_id=1602"},"modified":"2023-03-08T16:27:40","modified_gmt":"2023-03-08T15:27:40","slug":"domy-milosierdzia","status":"publish","type":"page","link":"https:\/\/www.faustyna.pl\/zmbm\/domy-milosierdzia\/","title":{"rendered":"Domy Mi\u0142osierdzia"},"content":{"rendered":"<p style=\"text-align: justify\" align=\"justify\"><i style=\"font-weight: normal\"> <a href=\"https:\/\/www.faustyna.pl\/zmbm\/wp-content\/uploads\/2014\/12\/Apostolstwo-na-lekcji-w-MOW.jpg\" data-gallery><img loading=\"lazy\" decoding=\"async\" class=\"size-medium wp-image-10882 aligncenter\" src=\"https:\/\/www.faustyna.pl\/zmbm\/wp-content\/uploads\/2014\/12\/Apostolstwo-na-lekcji-w-MOW-560x332.jpg\" alt=\"\" width=\"560\" height=\"332\" srcset=\"https:\/\/www.faustyna.pl\/zmbm\/wp-content\/uploads\/2014\/12\/Apostolstwo-na-lekcji-w-MOW-560x332.jpg 560w, https:\/\/www.faustyna.pl\/zmbm\/wp-content\/uploads\/2014\/12\/Apostolstwo-na-lekcji-w-MOW-140x83.jpg 140w, https:\/\/www.faustyna.pl\/zmbm\/wp-content\/uploads\/2014\/12\/Apostolstwo-na-lekcji-w-MOW.jpg 1024w\" sizes=\"auto, (max-width: 560px) 100vw, 560px\" \/><\/a><\/i><\/p>\n<p style=\"text-align: justify\" align=\"justify\"><i style=\"font-weight: normal\">Sw\u00f3j\u00a0 apostolat\u00a0 pe\u0142ni Zgromadzenie w domach w\u0142asnych w formie opieki ca\u0142kowitej<\/i> (&#8230;) <i style=\"font-weight: normal\">lub w formie opieki otwartej<\/i> (art. 79 Konstytucji).<\/p>\n<p style=\"text-align: justify\">Apostolsk\u0105 piecz\u0105 w domach Zgromadzenia siostry obejmuj\u0105 dziewcz\u0119ta i kobiety potrzebuj\u0105ce g\u0142\u0119bokiej odnowy moralnej, samotne matki, dzieci, m\u0142odzie\u017c, osoby chore i niepe\u0142nosprawne, a tak\u017ce osoby pragn\u0105ce pog\u0142\u0119bi\u0107 swoje \u017cycie duchowe na spotkaniach formacyjnych, dniach skupienia czy rekolekcjach. Dzie\u0142a mi\u0142osierdzia prowadzone przez Zgromadzenie s\u0105 pierwotn\u0105 i podstawow\u0105 form\u0105 uobecniania w Ko\u015bciele i \u015bwiecie mi\u0142osiernej mi\u0142o\u015bci Boga pochylaj\u0105cego si\u0119 nad ka\u017cd\u0105 ludzk\u0105 n\u0119dz\u0105, a zw\u0142aszcza moraln\u0105.<\/p>\n<div align=\"right\"><a title=\"Domy Mi\u0142osierdzia\" href=\"https:\/\/www.faustyna.pl\/index.php?option=com_content&amp;task=category&amp;sectionid=2&amp;id=3&amp;Itemid=38\">Wi\u0119cej&#8230;<\/a><\/div>\n<div style=\"text-align: left\" align=\"right\"><a href=\"https:\/\/www.faustyna.pl\/zmbm\/zgromadzenie\/\">Zgromadzenie\/Apostolstwo<\/a><\/div>\n","protected":false},"excerpt":{"rendered":"<p>Sw\u00f3j\u00a0 apostolat\u00a0 pe\u0142ni Zgromadzenie w domach w\u0142asnych w formie opieki ca\u0142kowitej (&#8230;) lub w formie opieki otwartej (art. 79 Konstytucji). Apostolsk\u0105 piecz\u0105 w domach Zgromadzenia siostry obejmuj\u0105 dziewcz\u0119ta i kobiety potrzebuj\u0105ce g\u0142\u0119bokiej odnowy moralnej, samotne matki, dzieci, m\u0142odzie\u017c, osoby chore i niepe\u0142nosprawne, a tak\u017ce osoby pragn\u0105ce pog\u0142\u0119bi\u0107 swoje \u017cycie duchowe na spotkaniach formacyjnych, dniach skupienia [&hellip;]<\/p>\n","protected":false},"author":1,"featured_media":0,"parent":0,"menu_order":0,"comment_status":"closed","ping_status":"closed","template":"","meta":{"footnotes":""},"categories":[53],"tags":[],"class_list":["post-1602","page","type-page","status-publish","hentry","category-apostolstwo"],"_links":{"self":[{"href":"https:\/\/www.faustyna.pl\/zmbm\/wp-json\/wp\/v2\/pages\/1602","targetHints":{"allow":["GET"]}}],"collection":[{"href":"https:\/\/www.faustyna.pl\/zmbm\/wp-json\/wp\/v2\/pages"}],"about":[{"href":"https:\/\/www.faustyna.pl\/zmbm\/wp-json\/wp\/v2\/types\/page"}],"author":[{"embeddable":true,"href":"https:\/\/www.faustyna.pl\/zmbm\/wp-json\/wp\/v2\/users\/1"}],"replies":[{"embeddable":true,"href":"https:\/\/www.faustyna.pl\/zmbm\/wp-json\/wp\/v2\/comments?post=1602"}],"version-history":[{"count":7,"href":"https:\/\/www.faustyna.pl\/zmbm\/wp-json\/wp\/v2\/pages\/1602\/revisions"}],"predecessor-version":[{"id":25948,"href":"https:\/\/www.faustyna.pl\/zmbm\/wp-json\/wp\/v2\/pages\/1602\/revisions\/25948"}],"wp:attachment":[{"href":"https:\/\/www.faustyna.pl\/zmbm\/wp-json\/wp\/v2\/media?parent=1602"}],"wp:term":[{"taxonomy":"category","embeddable":true,"href":"https:\/\/www.faustyna.pl\/zmbm\/wp-json\/wp\/v2\/categories?post=1602"},{"taxonomy":"post_tag","embeddable":true,"href":"https:\/\/www.faustyna.pl\/zmbm\/wp-json\/wp\/v2\/tags?post=1602"}],"curies":[{"name":"wp","href":"https:\/\/api.w.org\/{rel}","templated":true}]}}