



{"id":16084,"date":"2019-09-25T16:47:32","date_gmt":"2019-09-25T14:47:32","guid":{"rendered":"https:\/\/www.faustyna.pl\/zmbm\/?page_id=16084"},"modified":"2021-02-03T08:29:27","modified_gmt":"2021-02-03T07:29:27","slug":"polityka-prywatnosci","status":"publish","type":"page","link":"https:\/\/www.faustyna.pl\/zmbm\/polityka-prywatnosci\/","title":{"rendered":"Informacja o przetwarzaniu danych osobowych"},"content":{"rendered":"<p style=\"text-align: justify\">W\u00a0dniu 30 kwietnia 2018 roku wszed\u0142 w\u00a0\u017cycie Dekret og\u00f3lny w\u00a0sprawie ochrony os\u00f3b fizycznych w\u00a0zwi\u0105zku z\u00a0przetwarzaniem danych osobowych w\u00a0Ko\u015bciele katolickim wydany przez\u00a0Konferencj\u0119 Episkopatu Polski, w\u00a0dniu 13 marca 2018 roku, podczas 378. Zebrania Plenarnego w\u00a0Warszawie, na\u00a0podstawie kan. 455 Kodeksu Prawa Kanonicznego, w\u00a0zwi\u0105zku z\u00a0art. 18 Statutu KEP, po\u00a0uzyskaniu specjalnego zezwolenia Stolicy Apostolskiej z\u00a0dnia 3 czerwca 2017 roku.<\/p>\n<p style=\"text-align: justify\">Dekret ten uszczeg\u00f3\u0142awia dotychczas stosowane przepisy Kodeksu Prawa Kanonicznego i\u00a0uaktualnia przepisy prawa partykularnego w\u00a0zakresie przetwarzania danych osobowych przez\u00a0Ko\u015bci\u00f3\u0142 katolicki w\u00a0Polsce. W\u00a0zwi\u0105zku z\u00a0tym oraz\u00a0z\u00a0uwagi na\u00a0fakt, i\u017c Zgromadzenie Si\u00f3str Matki Bo\u017cej Mi\u0142osierdzia jest publiczn\u0105 ko\u015bcieln\u0105 osob\u0105 prawn\u0105, dane osobowe przetwarza zgodnie z\u00a0tym\u017ce Dekretem, co jest zgodne z\u00a0art. 91 Og\u00f3lnego Rozporz\u0105dzenia o\u00a0Ochronie Danych z\u00a0dnia 27 kwietnia 2016 roku.<\/p>\n<p style=\"text-align: justify\">Zawsze traktowali\u015bmy ochron\u0119 danych os\u00f3b, kt\u00f3re s\u0105 przekazywane na stronie: www.faustyna.pl, z\u00a0wielk\u0105 trosk\u0105. R\u00f3wnie\u017c teraz, chc\u0105c wype\u0142ni\u0107 obowi\u0105zki zawarte w\u00a0nowych przepisach, poni\u017cej realizujemy nasz obowi\u0105zek informacyjny. Wykorzystujemy Pa\u0144stwa dane jedynie w\u00a0zakresie prawa i\u00a0na\u00a0podstawie udzielonej przez\u00a0Pa\u0144stwa zgody.<\/p>\n<p><strong>Administratorem danych osobowych jest:<\/strong><\/p>\n<p><strong>Zgromadzenie Si\u00f3str Matki Bo\u017cej Mi\u0142osierdzia<br \/>\n<\/strong>ul. \u017bytnia 3\/9,<br \/>\n01-014 Warszawa<\/p>\n<p>Na\u00a0podstawie art. 30 Dekretu wskazany zosta\u0142 Inspektor Danych Osobowych, z\u00a0kt\u00f3rym\u00a0mo\u017cna skontaktowa\u0107 si\u0119 poprzez: elzbieta@faustyna.pl<\/p>\n<p><strong>Dlaczego przetwarzamy dane osobowe?<\/strong><\/p>\n<p style=\"text-align: justify\">Dobrowolnie podali Pa\u0144stwo swoje dane osobowe, wype\u0142niaj\u0105c formularze wpisowe do dzie\u0142a \u201eKoronki za konaj\u0105cych\u201d, \u201eNieustannej Koronki\u201d, \u201eLosowania Patron\u00f3w\u201d, do pobraniu plik\u00f3w cyfrowych z \u0142askami s\u0142yn\u0105cym obrazem Jezusa Mi\u0142osiernego i folderu \u201eJezusowe or\u0119dzie Mi\u0142osierdzia\u201d, a tak\u017ce przy zg\u0142aszaniu sanktuari\u00f3w Bo\u017cego Mi\u0142osierdzia, ko\u015bcio\u0142\u00f3w pw. \u015bw. Siostry Faustyny i dzie\u0142 pod jej patronatem, do zg\u0142aszania intencji do modlitwy i \u015bwiadectw. Dane te jednak po\u00a0zako\u0144czeniu przedsi\u0119wzi\u0119cia s\u0105 natychmiast usuwane, jak w przypadku zg\u0142aszania intencji, \u015bwiadectw, sanktuari\u00f3w, ko\u015bcio\u0142\u00f3w, patronat\u00f3w, losowania Patron\u00f3w, Nieustannej Koronki, a w pozosta\u0142ych przypadkach s\u0105 przechowywane tylko w celu realizacji dzie\u0142 i w ramach, jakie zosta\u0142y okre\u015blone w formularzach.<\/p>\n<p><strong>Jakie przys\u0142uguj\u0105 prawa osobom, kt\u00f3rych\u00a0dane przetwarzamy?<\/strong><\/p>\n<p>\u00b7\u00a0\u00a0\u00a0\u00a0 Prawo dost\u0119pu do\u00a0informacji czy\u00a0i\u00a0jakie dane s\u0105 przetwarzane,<br \/>\n\u00b7\u00a0\u00a0\u00a0\u00a0 Prawo do\u00a0sprostowania i\u00a0uzupe\u0142nienia danych,<br \/>\n\u00b7\u00a0\u00a0\u00a0\u00a0 Prawo do\u00a0usuni\u0119cia danych, kt\u00f3rych\u00a0przetwarzanie nie\u00a0jest konieczne,<br \/>\n\u00b7\u00a0\u00a0\u00a0\u00a0 Prawo do\u00a0ograniczenia przetwarzania danych.<\/p>\n<p style=\"text-align: justify\">Podanie danych osobowych jest ca\u0142kowicie dobrowolne, przy czym ich niepodanie w\u00a0niekt\u00f3rych przypadkach mo\u017ce spowodowa\u0107 niemo\u017cno\u015b\u0107 dokonania takich czynno\u015bci, jak udzia\u0142 w\u00a0niekt\u00f3rych dzie\u0142ach prowadzonych na stronie: www.faustyna.pl.<\/p>\n<p style=\"text-align: justify\">Informuj\u0119 tak\u017ce, \u017ce\u00a0zgodnie z\u00a0art. 41 Dekretu, je\u017celi Pani\/Pan uzna, \u017ce\u00a0przetwarzanie danych nie\u00a0jest zgodne z\u00a0przepisami Dekretu, ma Pani\/Pan prawo do\u00a0wniesienia skargi<br \/>\ndo\u00a0Ko\u015bcielnego Inspektora Ochrony Danych<br \/>\nSkwer kard. Stefana Wyszy\u0144skiego 6, 01-015 Warszawa,<br \/>\nkiod@episkopat.pl, www.kiod.episkopat.pl.<\/p>\n<p style=\"text-align: justify\">Pragniemy zapewni\u0107, \u017ce\u00a0dane przechowywane s\u0105 zawsze w\u00a0spos\u00f3b bezpieczny, gwarantuj\u0105cy zachowanie Pa\u0144stwa praw i\u00a0wolno\u015bci oraz\u00a0przekazywane w\u00a0ramach, na kt\u00f3re Pa\u0144stwo wyrazili zgod\u0119.<\/p>\n<p>&nbsp;<\/p>\n<p>&nbsp;<\/p>\n<p>&nbsp;<\/p>\n","protected":false},"excerpt":{"rendered":"<p>W\u00a0dniu 30 kwietnia 2018 roku wszed\u0142 w\u00a0\u017cycie Dekret og\u00f3lny w\u00a0sprawie ochrony os\u00f3b fizycznych w\u00a0zwi\u0105zku z\u00a0przetwarzaniem danych osobowych w\u00a0Ko\u015bciele katolickim wydany przez\u00a0Konferencj\u0119 Episkopatu Polski, w\u00a0dniu 13 marca 2018 roku, podczas 378. Zebrania Plenarnego w\u00a0Warszawie, na\u00a0podstawie kan. 455 Kodeksu Prawa Kanonicznego, w\u00a0zwi\u0105zku z\u00a0art. 18 Statutu KEP, po\u00a0uzyskaniu specjalnego zezwolenia Stolicy Apostolskiej z\u00a0dnia 3 czerwca 2017 roku. Dekret [&hellip;]<\/p>\n","protected":false},"author":1,"featured_media":0,"parent":0,"menu_order":0,"comment_status":"closed","ping_status":"closed","template":"","meta":{"footnotes":""},"categories":[108],"tags":[],"class_list":["post-16084","page","type-page","status-publish","hentry","category-inne"],"_links":{"self":[{"href":"https:\/\/www.faustyna.pl\/zmbm\/wp-json\/wp\/v2\/pages\/16084","targetHints":{"allow":["GET"]}}],"collection":[{"href":"https:\/\/www.faustyna.pl\/zmbm\/wp-json\/wp\/v2\/pages"}],"about":[{"href":"https:\/\/www.faustyna.pl\/zmbm\/wp-json\/wp\/v2\/types\/page"}],"author":[{"embeddable":true,"href":"https:\/\/www.faustyna.pl\/zmbm\/wp-json\/wp\/v2\/users\/1"}],"replies":[{"embeddable":true,"href":"https:\/\/www.faustyna.pl\/zmbm\/wp-json\/wp\/v2\/comments?post=16084"}],"version-history":[{"count":6,"href":"https:\/\/www.faustyna.pl\/zmbm\/wp-json\/wp\/v2\/pages\/16084\/revisions"}],"predecessor-version":[{"id":19537,"href":"https:\/\/www.faustyna.pl\/zmbm\/wp-json\/wp\/v2\/pages\/16084\/revisions\/19537"}],"wp:attachment":[{"href":"https:\/\/www.faustyna.pl\/zmbm\/wp-json\/wp\/v2\/media?parent=16084"}],"wp:term":[{"taxonomy":"category","embeddable":true,"href":"https:\/\/www.faustyna.pl\/zmbm\/wp-json\/wp\/v2\/categories?post=16084"},{"taxonomy":"post_tag","embeddable":true,"href":"https:\/\/www.faustyna.pl\/zmbm\/wp-json\/wp\/v2\/tags?post=16084"}],"curies":[{"name":"wp","href":"https:\/\/api.w.org\/{rel}","templated":true}]}}