



{"id":1648,"date":"2014-12-20T00:32:44","date_gmt":"2014-12-20T00:32:44","guid":{"rendered":"http:\/\/www.faustyna.pl\/zmbm\/?page_id=1648"},"modified":"2014-12-20T00:36:26","modified_gmt":"2014-12-19T23:36:26","slug":"4-muzeum-zgromadzenia-siostr-matki-bozej-milosierdzia-zytnia","status":"publish","type":"page","link":"https:\/\/www.faustyna.pl\/zmbm\/4-muzeum-zgromadzenia-siostr-matki-bozej-milosierdzia-zytnia\/","title":{"rendered":"Muzeum Zgromadzenia Si\u00f3str Matki Bo\u017cej Mi\u0142osierdzia"},"content":{"rendered":"<p><iframe loading=\"lazy\" src=\"http:\/\/www.youtube.com\/embed\/q2vdP0drCoY\" width=\"470\" height=\"264\" frameborder=\"0\" allowfullscreen=\"allowfullscreen\"><\/iframe><\/p>\n","protected":false},"excerpt":{"rendered":"","protected":false},"author":1,"featured_media":0,"parent":0,"menu_order":0,"comment_status":"open","ping_status":"open","template":"","meta":{"footnotes":""},"categories":[55],"tags":[],"class_list":["post-1648","page","type-page","status-publish","hentry","category-jubileusz-150-lat-zgromadzenia"],"_links":{"self":[{"href":"https:\/\/www.faustyna.pl\/zmbm\/wp-json\/wp\/v2\/pages\/1648","targetHints":{"allow":["GET"]}}],"collection":[{"href":"https:\/\/www.faustyna.pl\/zmbm\/wp-json\/wp\/v2\/pages"}],"about":[{"href":"https:\/\/www.faustyna.pl\/zmbm\/wp-json\/wp\/v2\/types\/page"}],"author":[{"embeddable":true,"href":"https:\/\/www.faustyna.pl\/zmbm\/wp-json\/wp\/v2\/users\/1"}],"replies":[{"embeddable":true,"href":"https:\/\/www.faustyna.pl\/zmbm\/wp-json\/wp\/v2\/comments?post=1648"}],"version-history":[{"count":1,"href":"https:\/\/www.faustyna.pl\/zmbm\/wp-json\/wp\/v2\/pages\/1648\/revisions"}],"predecessor-version":[{"id":1657,"href":"https:\/\/www.faustyna.pl\/zmbm\/wp-json\/wp\/v2\/pages\/1648\/revisions\/1657"}],"wp:attachment":[{"href":"https:\/\/www.faustyna.pl\/zmbm\/wp-json\/wp\/v2\/media?parent=1648"}],"wp:term":[{"taxonomy":"category","embeddable":true,"href":"https:\/\/www.faustyna.pl\/zmbm\/wp-json\/wp\/v2\/categories?post=1648"},{"taxonomy":"post_tag","embeddable":true,"href":"https:\/\/www.faustyna.pl\/zmbm\/wp-json\/wp\/v2\/tags?post=1648"}],"curies":[{"name":"wp","href":"https:\/\/api.w.org\/{rel}","templated":true}]}}