



{"id":1664,"date":"2014-12-20T00:41:08","date_gmt":"2014-12-20T00:41:08","guid":{"rendered":"http:\/\/www.faustyna.pl\/zmbm\/?page_id=1664"},"modified":"2017-10-16T21:16:47","modified_gmt":"2017-10-16T19:16:47","slug":"wroclaw","status":"publish","type":"page","link":"https:\/\/www.faustyna.pl\/zmbm\/wroclaw\/","title":{"rendered":"Wroc\u0142aw"},"content":{"rendered":"<h2>\u201ePrzebudowa istniej\u0105cego uk\u0142adu pomieszcze\u0144 wraz z instalacjami wewn\u0119trznymi wewn\u0105trz budynku Niepublicznej Zasadniczej Szko\u0142y Zawodowej Specjalnej im. Matki Teresy Potockiej oraz zakup wyposa\u017cenia pracowni, w celu poprawy warunk\u00f3w nauczania zw\u0142aszcza w zakresie zaj\u0119\u0107 matematyczno-przyrodniczych i cyfrowych\u201d<\/h2>\n<ul>\n<li>cele Projektu:<\/li>\n<\/ul>\n<p>Projekt ma na celu popraw\u0119 warunk\u00f3w nauczania w Niepublicznej Zasadniczej Szkole Zawodowej Specjalnej im. Matki Teresy Potockiej we Wroc\u0142awiu (pl. Grunwaldzki 3b). Cel ten zostanie zrealizowany poprzez adaptacj\u0119 II pi\u0119tra istniej\u0105cego budynku szko\u0142y i przeznaczenie go wy\u0142\u0105cznie na potrzeby Szko\u0142y Zawodowej. Dodatkowymi elementami projektu b\u0119dzie zakup wyposa\u017cenia, sprz\u0119tu i materia\u0142\u00f3w dydaktycznych do nast\u0119puj\u0105cych pracowni: j\u0119zykowo \u2013 komputerowej, praktycznej nauki zawodu, matematyczno- przyrodniczej oraz fizyczno- chemicznej. Ca\u0142e wsparcie w projekcie jest nakierowany na wspomaganie rozwoju uczni\u00f3w ze specjalnymi potrzebami edukacyjnymi. Podnosz\u0105c kwalifikacje zawodowe projekt wp\u0142ynie nalepszy start w \u017cycie zawodowe i spo\u0142eczne m\u0142odzie\u017cy zagro\u017conej wykluczeniem spo\u0142ecznym.<\/p>\n<ul>\n<li>planowane efekty:<\/li>\n<\/ul>\n<p>Zak\u0142adany cel zostanie zrealizowany poprzez adaptacj\u0119 II pi\u0119tra istniej\u0105cego budynku szko\u0142y i przeznaczenie go wy\u0142\u0105cznie na potrzeby Szko\u0142y Zawodowej. Dodatkowymi elementami projektu b\u0119dzie zakup wyposa\u017cenia, sprz\u0119tu i materia\u0142\u00f3w dydaktycznych do nast\u0119puj\u0105cych pracowni: j\u0119zykowo \u2013 komputerowej, praktycznej nauki zawodu, matematyczno- przyrodniczej oraz fizyczno- chemicznej. Ca\u0142e wsparcie w projekcie jest nakierowany na wspomaganie rozwoju uczni\u00f3w ze specjalnymi potrzebami edukacyjnymi. Podnosz\u0105c kwalifikacje zawodowe projekt wp\u0142ynie na lepszy start w \u017cycie zawodowe i spo\u0142eczne m\u0142odzie\u017cy zagro\u017conej wykluczeniem spo\u0142ecznym.<\/p>\n<ul>\n<li>warto\u015b\u0107 Projektu:<\/li>\n<\/ul>\n<p>1.005.532,76 PLN<\/p>\n<ul>\n<li>wk\u0142ad Funduszy Europejskich:<\/li>\n<\/ul>\n<p>596.746,08 PLN<\/p>\n<p style=\"text-align: justify;\">\u00a0<img loading=\"lazy\" decoding=\"async\" class=\"aligncenter wp-image-11245 size-medium\" src=\"https:\/\/www.faustyna.pl\/zmbm\/wp-content\/uploads\/2014\/12\/FE_PR-DS-UE_EFRR-pion-PL-kolor-225x400.jpg\" alt=\"\" width=\"225\" height=\"400\" srcset=\"https:\/\/www.faustyna.pl\/zmbm\/wp-content\/uploads\/2014\/12\/FE_PR-DS-UE_EFRR-pion-PL-kolor-225x400.jpg 225w, https:\/\/www.faustyna.pl\/zmbm\/wp-content\/uploads\/2014\/12\/FE_PR-DS-UE_EFRR-pion-PL-kolor-79x140.jpg 79w, https:\/\/www.faustyna.pl\/zmbm\/wp-content\/uploads\/2014\/12\/FE_PR-DS-UE_EFRR-pion-PL-kolor-575x1024.jpg 575w, https:\/\/www.faustyna.pl\/zmbm\/wp-content\/uploads\/2014\/12\/FE_PR-DS-UE_EFRR-pion-PL-kolor-112x200.jpg 112w, https:\/\/www.faustyna.pl\/zmbm\/wp-content\/uploads\/2014\/12\/FE_PR-DS-UE_EFRR-pion-PL-kolor.jpg 1384w\" sizes=\"auto, (max-width: 225px) 100vw, 225px\" \/><\/p>\n","protected":false},"excerpt":{"rendered":"<p>\u201ePrzebudowa istniej\u0105cego uk\u0142adu pomieszcze\u0144 wraz z instalacjami wewn\u0119trznymi wewn\u0105trz budynku Niepublicznej Zasadniczej Szko\u0142y Zawodowej Specjalnej im. Matki Teresy Potockiej oraz zakup wyposa\u017cenia pracowni, w celu poprawy warunk\u00f3w nauczania zw\u0142aszcza w zakresie zaj\u0119\u0107 matematyczno-przyrodniczych i cyfrowych\u201d cele Projektu: Projekt ma na celu popraw\u0119 warunk\u00f3w nauczania w Niepublicznej Zasadniczej Szkole Zawodowej Specjalnej im. Matki Teresy Potockiej we [&hellip;]<\/p>\n","protected":false},"author":1,"featured_media":0,"parent":0,"menu_order":0,"comment_status":"closed","ping_status":"closed","template":"page_detailsNoHeaderSpace.php","meta":{"footnotes":""},"categories":[55],"tags":[],"class_list":["post-1664","page","type-page","status-publish","hentry","category-jubileusz-150-lat-zgromadzenia"],"_links":{"self":[{"href":"https:\/\/www.faustyna.pl\/zmbm\/wp-json\/wp\/v2\/pages\/1664","targetHints":{"allow":["GET"]}}],"collection":[{"href":"https:\/\/www.faustyna.pl\/zmbm\/wp-json\/wp\/v2\/pages"}],"about":[{"href":"https:\/\/www.faustyna.pl\/zmbm\/wp-json\/wp\/v2\/types\/page"}],"author":[{"embeddable":true,"href":"https:\/\/www.faustyna.pl\/zmbm\/wp-json\/wp\/v2\/users\/1"}],"replies":[{"embeddable":true,"href":"https:\/\/www.faustyna.pl\/zmbm\/wp-json\/wp\/v2\/comments?post=1664"}],"version-history":[{"count":9,"href":"https:\/\/www.faustyna.pl\/zmbm\/wp-json\/wp\/v2\/pages\/1664\/revisions"}],"predecessor-version":[{"id":11247,"href":"https:\/\/www.faustyna.pl\/zmbm\/wp-json\/wp\/v2\/pages\/1664\/revisions\/11247"}],"wp:attachment":[{"href":"https:\/\/www.faustyna.pl\/zmbm\/wp-json\/wp\/v2\/media?parent=1664"}],"wp:term":[{"taxonomy":"category","embeddable":true,"href":"https:\/\/www.faustyna.pl\/zmbm\/wp-json\/wp\/v2\/categories?post=1664"},{"taxonomy":"post_tag","embeddable":true,"href":"https:\/\/www.faustyna.pl\/zmbm\/wp-json\/wp\/v2\/tags?post=1664"}],"curies":[{"name":"wp","href":"https:\/\/api.w.org\/{rel}","templated":true}]}}