



{"id":16755,"date":"2020-01-15T01:01:32","date_gmt":"2020-01-15T00:01:32","guid":{"rendered":"https:\/\/www.faustyna.pl\/zmbm\/?page_id=16755"},"modified":"2026-04-30T20:31:53","modified_gmt":"2026-04-30T18:31:53","slug":"nieustanna-koronka-do-milosierdzia-bozego-zapisy","status":"publish","type":"page","link":"https:\/\/www.faustyna.pl\/zmbm\/nieustanna-koronka-do-milosierdzia-bozego-zapisy\/","title":{"rendered":"Nieustanna Koronka do Mi\u0142osierdzia Bo\u017cego"},"content":{"rendered":"<div style=\"margin: 0px;padding: 0px;text-align: justify;background-color: #ffffff\">\n<p>Spe\u0142niaj\u0105c pro\u015bb\u0119 Pana Jezusa, by s\u0142owami Koronki do Mi\u0142osierdzia Bo\u017cego nieustannie b\u0142aga\u0107 o \u201emi\u0142osierdzie dla nas i ca\u0142ego \u015bwiata\u201d, od 1 sierpnia 2011 roku na stronie: faustyna.pl funkcjonuje dzie\u0142o \u201eNieustannej Koronki do Mi\u0142osierdzia Bo\u017cego\u201d, w kt\u00f3rym mog\u0105 uczestniczy\u0107 osoby ze wszystkich kontynent\u00f3w. Wystarczy wpisanie w formularzu deklaracji do cho\u0107by jednorazowego odm\u00f3wienia tej niezwyk\u0142ej modlitwy, kt\u00f3rej nas nauczy\u0142 sam Jezus przez po\u015brednictwo \u015bw. Siostry Faustyny. Z ufnym odmawianiem tej modlitwy zwi\u0105za\u0142 wielkie obietnice uproszenia wszelkich \u0142ask i doczesnych dobrodziejstw, je\u015bli s\u0105 zgodne z wol\u0105 Bo\u017c\u0105, czyli dobre dla nas w \u017cyciu ziemskim i wiecznym. Dzi\u0119ki zaanga\u017cowaniu ludzi z r\u00f3\u017cnych cz\u0119\u015bci \u015bwiata przed obliczem Boga mo\u017ce nieustannie rozbrzmiewa\u0107 wo\u0142anie: \u201eMiej mi\u0142osierdzie dla nas i ca\u0142ego \u015bwiata\u201d. Na nas, nasze rodziny, Ojczyzn\u0119 i \u015bwiat tak\u017ce tym kana\u0142em sp\u0142ywa \u0142aska, b\u0142ogos\u0142awie\u0144stwo i dobro\u0107 Boga.<\/p>\n<p><strong><em>Nie znajdzie ludzko\u015b\u0107 uspokojenia dop\u00f3ki si\u0119 nie zwr\u00f3ci z ufno\u015bci\u0105 do mi\u0142osierdzia Bo\u017cego<\/em> \u2013 powiedzia\u0142 Jezus do \u015bw. Siostry Faustyny. Ufaj\u0105c tym s\u0142owom Jezusa oraz w obliczu wojny na Ukrainie, realnego zagro\u017cenia pokoju w Europie i na \u015bwiecie, s\u0142owami Koronki do Mi\u0142osierdzia Bo\u017cego pragniemy wo\u0142a\u0107 o mi\u0142osierdzie Boga dla ca\u0142ej ludzko\u015bci, o przywr\u00f3cenie pokoju w Ukrainie i oddalenie rozszerzania si\u0119 konfliktu zbrojnego na inne kraje i kontynenty. Do tej modlitwy przez 24 godziny na dob\u0119 zapraszamy wszystkich. Koronka do Mi\u0142osierdzia Bo\u017cego jest pot\u0119\u017cn\u0105 broni\u0105, kt\u00f3r\u0105 w spos\u00f3b bezkrwawy mo\u017cemy zmieni\u0107 losy \u015bwiata. Aby uczestniczy\u0107 w tej modlitwie nale\u017cy wype\u0142ni\u0107 ten kr\u00f3tki formularz.<\/strong><\/p>\n<p><span style=\"color: #800000\"><strong>Intencja szczeg\u00f3\u0142owa na maj: za dzieci i m\u0142odzie\u017c, aby piel\u0119gnowa\u0142a w swoim \u017cyciu ducha wiary, nadziei i mi\u0142o\u015bci oraz o nowe powo\u0142ania do s\u0142u\u017cby Bo\u017cej w Ko\u015bciele.<\/strong><\/span><\/p>\n<p>[@nowenna_kod]<\/p>\n<\/div>\n<p><a href=\"https:\/\/www.faustyna.pl\/index.php?option=com_content&amp;task=view&amp;id=358&amp;Itemid=77\\&quot;\"><strong>Wi\u0119cej o Koronce do Mi\u0142osierdzia Bo\u017cego<\/strong><\/a><br \/>\n<a href=\"https:\/\/www.faustyna.pl\/index.php?option=com_content&amp;task=view&amp;id=377&amp;Itemid=60\\&quot;\"><strong>Historia Koronki do Mi\u0142osierdzia Bo\u017cego<\/strong><\/a><\/p>\n","protected":false},"excerpt":{"rendered":"<p>Spe\u0142niaj\u0105c pro\u015bb\u0119 Pana Jezusa, by s\u0142owami Koronki do Mi\u0142osierdzia Bo\u017cego nieustannie b\u0142aga\u0107 o \u201emi\u0142osierdzie dla nas i ca\u0142ego \u015bwiata\u201d, od 1 sierpnia 2011 roku na stronie: faustyna.pl funkcjonuje dzie\u0142o \u201eNieustannej Koronki do Mi\u0142osierdzia Bo\u017cego\u201d, w kt\u00f3rym mog\u0105 uczestniczy\u0107 osoby ze wszystkich kontynent\u00f3w. Wystarczy wpisanie w formularzu deklaracji do cho\u0107by jednorazowego odm\u00f3wienia tej niezwyk\u0142ej modlitwy, kt\u00f3rej [&hellip;]<\/p>\n","protected":false},"author":1,"featured_media":0,"parent":0,"menu_order":0,"comment_status":"closed","ping_status":"closed","template":"page_detailsNoHeaderSpace.php","meta":{"footnotes":""},"categories":[109],"tags":[130642],"class_list":["post-16755","page","type-page","status-publish","hentry","category-nieustanna-koronka","tag-ip_validate"],"_links":{"self":[{"href":"https:\/\/www.faustyna.pl\/zmbm\/wp-json\/wp\/v2\/pages\/16755","targetHints":{"allow":["GET"]}}],"collection":[{"href":"https:\/\/www.faustyna.pl\/zmbm\/wp-json\/wp\/v2\/pages"}],"about":[{"href":"https:\/\/www.faustyna.pl\/zmbm\/wp-json\/wp\/v2\/types\/page"}],"author":[{"embeddable":true,"href":"https:\/\/www.faustyna.pl\/zmbm\/wp-json\/wp\/v2\/users\/1"}],"replies":[{"embeddable":true,"href":"https:\/\/www.faustyna.pl\/zmbm\/wp-json\/wp\/v2\/comments?post=16755"}],"version-history":[{"count":118,"href":"https:\/\/www.faustyna.pl\/zmbm\/wp-json\/wp\/v2\/pages\/16755\/revisions"}],"predecessor-version":[{"id":32268,"href":"https:\/\/www.faustyna.pl\/zmbm\/wp-json\/wp\/v2\/pages\/16755\/revisions\/32268"}],"wp:attachment":[{"href":"https:\/\/www.faustyna.pl\/zmbm\/wp-json\/wp\/v2\/media?parent=16755"}],"wp:term":[{"taxonomy":"category","embeddable":true,"href":"https:\/\/www.faustyna.pl\/zmbm\/wp-json\/wp\/v2\/categories?post=16755"},{"taxonomy":"post_tag","embeddable":true,"href":"https:\/\/www.faustyna.pl\/zmbm\/wp-json\/wp\/v2\/tags?post=16755"}],"curies":[{"name":"wp","href":"https:\/\/api.w.org\/{rel}","templated":true}]}}