



{"id":16956,"date":"2020-02-18T20:02:59","date_gmt":"2020-02-18T19:02:59","guid":{"rendered":"https:\/\/www.faustyna.pl\/zmbm\/?page_id=16956"},"modified":"2026-03-03T14:33:40","modified_gmt":"2026-03-03T13:33:40","slug":"bibliografia-podmiotowa-za-lata-2020","status":"publish","type":"page","link":"https:\/\/www.faustyna.pl\/zmbm\/bibliografia-podmiotowa-za-lata-2020\/","title":{"rendered":"Bibliografia przedmiotowa za lata 2020 \u2013"},"content":{"rendered":"<h3 align=\"CENTER\"><span style=\"color: #800000\"><b>BIBLIOGRAFIA PRZEDMIOTOWA<br \/>\n<\/b><\/span><\/h3>\n<p align=\"CENTER\"><span style=\"color: #800000\"><b>dotycz\u0105ca tajemnicy mi\u0142osierdzia Bo\u017cego i ludzkiego<br \/>\noraz \u015bw. Siostry Faustyny Kowalskiej<br \/>\nze Zgromadzenia Matki Bo\u017cej Mi\u0142osierdzia<\/b><\/span><\/p>\n<p>&nbsp;<\/p>\n<p><a href=\"https:\/\/www.faustyna.pl\/zmbm\/wp-content\/uploads\/2021\/06\/Bibliografia-podmiotowa.jpg\" data-gallery><img loading=\"lazy\" decoding=\"async\" class=\"size-medium wp-image-20706 alignnone\" src=\"https:\/\/www.faustyna.pl\/zmbm\/wp-content\/uploads\/2021\/06\/Bibliografia-podmiotowa-560x333.jpg\" alt=\"\" width=\"560\" height=\"333\" srcset=\"https:\/\/www.faustyna.pl\/zmbm\/wp-content\/uploads\/2021\/06\/Bibliografia-podmiotowa-560x333.jpg 560w, https:\/\/www.faustyna.pl\/zmbm\/wp-content\/uploads\/2021\/06\/Bibliografia-podmiotowa-140x83.jpg 140w, https:\/\/www.faustyna.pl\/zmbm\/wp-content\/uploads\/2021\/06\/Bibliografia-podmiotowa.jpg 1024w\" sizes=\"auto, (max-width: 560px) 100vw, 560px\" \/><\/a><\/p>\n<p><b>Skr\u00f3ty stosowane w bibliografii:<\/b><\/p>\n<p><b>[b. d.] <\/b>&#8211; brak daty wydania<\/p>\n<p><b>[b. m.]<\/b> &#8211; brak miejsca wydania<\/p>\n<p><b>[b. m. d.]<\/b> &#8211; brak miejsca i daty wydania<\/p>\n<p><b>1961<\/b><sup><b>2<\/b><\/sup> &#8211; indeks g\u00f3rny przy dacie oznacza kolejne wydanie<\/p>\n<p><b>[Krak\u00f3w 1991]<\/b> &#8211; informacja podana<br \/>\nw nawiasie kwadratowym jest zaczerpni\u0119ta<br \/>\nz innego \u017ar\u00f3d\u0142a ni\u017c opisywana ksi\u0105\u017cka (zw\u0142. kart tytu\u0142owa b\u0105d\u017a redakcyjna)<\/p>\n<p><b>prze\u0142.<\/b> &#8211; prze\u0142o\u017cy\u0142\/a<\/p>\n<p><b>red.<\/b> &#8211; redakcja<\/p>\n<p><b>oprac.<\/b> &#8211; opracowa\u0142\/a<\/p>\n<p><b>oprac. zb.<\/b> &#8211; opracowanie zbiorowe<\/p>\n<p><b>tyt. oryg<\/b>. &#8211; tytu\u0142 orygina\u0142u<\/p>\n<p><b>t.<\/b> &#8211; tom<\/p>\n<p><b>br.<\/b> &#8211; brat zakonny<\/p>\n<p><b>ks.<\/b> &#8211; ksi\u0105dz<\/p>\n<p><b>bp<\/b> &#8211; biskup<\/p>\n<p><b>abp <\/b>&#8211; arcybiskup<\/p>\n<p><b>kard.<\/b> &#8211; kardyna\u0142<\/p>\n<p><b>\u015bw.<\/b> &#8211; \u015bwi\u0119ty\/a<\/p>\n<p><b>SJ, ZMBM&#8230; &#8211; <\/b>tego typu skr\u00f3ty po nazwisku i imieniu autora oznaczaj\u0105 przynale\u017cno\u015b\u0107 do danego zakonu lub zgromadzenia<\/p>\n<p align=\"CENTER\"><span style=\"color: #800000\"><b>2020<\/b><\/span><\/p>\n<ol>\n<li><strong>Chmielewski Marek, ks., <\/strong><em>Sprawiedliwo\u015b\u0107 a mi\u0142osierdzie w encyklice \u015bw. Jana Paw\u0142a II \u201eDives in misericordia\u201d. w<\/em>: <em>B\u00f3g bogaty w mi\u0142osierdzie<\/em>, [red naukowa: ks. Szymon Drzy\u017cd\u017cyk i Marek Gilski], Krak\u00f3w 2020, s. 11-24.<\/li>\n<li><strong>Ciereszko Henryk, bp, <\/strong><em>Mi\u0142osierdzie \u201enajwi\u0119kszy przymiot Boga\u201d w \u015bwietle encykliki o Bogu bogatym w mi\u0142osierdzie. w<\/em>: <em>B\u00f3g bogaty w mi\u0142osierdzie<\/em>, [red naukowa: ks. Szymon Drzy\u017cd\u017cyk i Marek Gilski], Krak\u00f3w 2020, s. 51-66.<\/li>\n<li style=\"text-align: justify\"><strong><em>\u2026 dla nas i ca\u0142ego \u015bwiata! Rzecz o Malarzu i Papie\u017cu Bo\u017cego Mi\u0142osierdzia.<\/em><\/strong> Wydawnictwo Kwadrat 2020. [wydanie albumowe].<\/li>\n<li><strong>Dobrzy\u0144ski Andrzej, ks., <\/strong><em>Geneza encykliki \u201eDives in misericordia \u015bw. Jana Paw\u0142a II. w<\/em>: <em>B\u00f3g bogaty w mi\u0142osierdzie<\/em>, [red naukowa: ks. Szymon Drzy\u017cd\u017cyk i Marek Gilski], Krak\u00f3w 2020, s. 11-24.<\/li>\n<li><strong>Gilski Marek, ks., <\/strong><em>Maryjne przes\u0142anie encykliki o Bogu bogatym w mi\u0142osierdzie. w<\/em>: <em>B\u00f3g bogaty w mi\u0142osierdzie<\/em>, [red naukowa: ks. Szymon Drzy\u017cd\u017cyk i Marek Gilski], Krak\u00f3w 2020, s. 97-112.<\/li>\n<li><strong>Machniak Jan, ks<\/strong><em>., Prawda o Bogu i cz\u0142owieku w swietle encykliki \u201eDives in misericordia\u201d \u015bw. jana Paw\u0142a II. w<\/em>: <em>B\u00f3g bogaty w mi\u0142osierdzie<\/em>, [red naukowa: ks. Szymon Drzy\u017cd\u017cyk i Marek Gilski], Krak\u00f3w 2020, s. 67-96.<\/li>\n<li style=\"text-align: justify\"><strong>Pochwat J\u00f3zef MS<\/strong>,\u00a0<em>A Retreat with St. Faustina<\/em>, Wydawnictwo La Salette, Cracow 2020.<\/li>\n<li><strong>Pochwat J\u00f3zef MS<\/strong><em><strong>,<\/strong> Exerzitien mit der Hl. Faustyna, <\/em>Wydawnictwo La Salette, Krakau 2020.<\/li>\n<li style=\"text-align: justify\"><strong>Pochwat J\u00f3zef MS<\/strong>, <em>God\u2019s Justice against Satan; Commentary on the Sermon to the people XI<\/em>, w: <em>C\u00e9saire d\u2019Arles et les cinq continents<\/em>, [<em>Caesarius of Arles and the Five Continents<\/em>], \u00c9diteur: Aux sources de la Provence, t. III, Venelles 2020, \u00a0s. 191-195.<\/li>\n<li style=\"text-align: justify\"><strong>Pochwat J\u00f3zef MS, <\/strong><em>Ja jestem chlebm \u017cywym, kt\u00f3ry zstapi\u0142 z nieba&#8230;. <\/em>\u00a0Materia\u0142y Homiletyczne, lipiec- sierpie\u0144, 330\/2020, rok A,\u00a0 Krak\u00f3w 2020, s. 263-266.<\/li>\n<li><strong>Pochwat J\u00f3zef MS<\/strong>, <em>Jezus zaufa\u0142 Faustynie<\/em>, \u00a0Krak\u00f3w 2020, ss. 193.<\/li>\n<li style=\"text-align: justify\"><strong>Pochwat J\u00f3zef MS<\/strong>, <em>La justice de Dieu <\/em><em>contre Satan\u00a0;<\/em><em> Commentaire du sermon au peuple XI<\/em>, w: <em>C\u00e9saire d\u2019Arles et les cinq continents<\/em>, [<em>Caesarius of Arles and the Five Continents<\/em>], \u00c9diteur: Aux sources de la Provence, t. III, Venelles 2020, s. 183-189.<\/li>\n<li><strong>Pochwat J\u00f3zef MS<\/strong>,\u00a0<em>Rekolekcje ze \u015bw. Faustyn\u0105. <\/em>Wydawnictwo La Salette, Krak\u00f3w 2020, 88 s.<\/li>\n<li><strong>Pochwat J\u00f3zef MS<\/strong>, <em>Retiro con Santa Faustina<\/em>, Wydawnictwo La Salette, Cracovia 2020.<\/li>\n<li><strong>Pochwat <\/strong><strong>J\u00f3zef <\/strong><strong>MS<\/strong>, <em>Retraite avec sainte Faustine<\/em>, Wydawnictwo La Salette, Cracovie 2020.<\/li>\n<li><strong>Rakoczy Tadeusz, bp<\/strong>, <em>Podaj\u0119 ludziom naczynie, z kt\u00f3rym maj\u0105 przychodzi\u0107 po \u0142aski do \u017ar\u00f3d\u0142a mi\u0142osierdzia.\u00a0Tym naczyniem jest ten obraz z podpisem: Jezu, ufam Tobie<\/em>. w: \u2026<em>dla nas i ca\u0142ego \u015bwiata. Rzecz o malarzu i papie\u017cu Bo\u017cego Mi\u0142osierdzia<\/em>. Wydawnictwo Kwadrat, 2020.<\/li>\n<li><strong>Robak Sylwester, ks<\/strong>,\u00a0<em>Siosra Faustyna Kowalska. Nauczycielka cierpienia. <\/em>Wydawnictwo Jedno\u015b\u0107, Kielce 2020, s.352.<\/li>\n<li><strong>Siepak Maria El\u017cbieta ZMBM, <\/strong><em>Przes\u0142anie encykliki \u201eDives in misericordia\u201d w \u015bwietle \u201eDzienniczka\u201d \u015bw. Faustyny Kowalskiej. w<\/em>: <em>B\u00f3g bogaty w mi\u0142osierdzie<\/em>, [red naukowa: ks. Szymon Drzy\u017cd\u017cyk i Marek Gilski], Krak\u00f3w 2020, s. 141-164.<\/li>\n<li style=\"text-align: justify\"><strong>Siepak M. El\u017cbieta ZMBM,\u00a0<\/strong><em>R\u00f3\u017caniec z Jezusem, Maryj\u0105 i \u015bw. Faustyn\u0105. <\/em>Wydawnictwo Misericordia, Krak\u00f3w 2020, 144 s.<\/li>\n<li><strong>Wejman Henryk, bp, <\/strong><em>Potrzeba mi\u0142osierdzia we wsp\u00f3\u0142czesnych relacjach interpersonalnych w kontek\u015bcie encykliki \u201eDives in misericordia\u201d. w<\/em>: <em>B\u00f3g bogaty w mi\u0142osierdzie<\/em>, [red naukowa: ks. Szymon Drzy\u017cd\u017cyk i Marek Gilski], Krak\u00f3w 2020, s. 25-49.2021.<\/li>\n<\/ol>\n<h3 style=\"text-align: center\"><span style=\"color: #800000\">2021<\/span><\/h3>\n<ol>\n<li><strong>Pa\u0142asz Piotr, ks.,<\/strong>\u00a0<em>Mi\u0142osierdzie bez granic. <\/em>Krak\u00f3w 2021, s.48 [wiersze].<\/li>\n<li><em>P\u0142acz i zgrzytanie z\u0119b\u00f3w. Biblia, Kosci\u00f3\u0142 i Mistycy o piekle. <\/em>Wydawnictwo &#8222;Rosa Mistica&#8221;, Wroc\u0142aw 2021, s. 184.<\/li>\n<\/ol>\n<h3 style=\"text-align: center\"><span style=\"color: #800000\">2022<\/span><\/h3>\n<ol>\n<li><em>Akt zawierzenia \u015bwiata Bo\u017cemu Mi\u0142osierdziu. Znaczenie i prspektywy. <\/em>Dom Rodzinny Jana Paw\u0142a II, Wadowice 2022, s. 184.<\/li>\n<li><strong>J\u0119draszweski Marek, abp, <\/strong><em>Bo\u017ee,milosrdni O\u010de\u2026 Razmatranja o molitwy \u010dina posvete svijeta Bo\u017ejemu Milosrdu pape Ivana Pavla II. <\/em>Przek\u0142ad Marija Vikovi\u0107, Zagreb 2022, ss. 140.<\/li>\n<li><strong>Krzy\u017canowska-Witkowska Ma\u0142gorzata, Wyszomirski \u0141ukasz<\/strong>,\u00a0<em>Ko\u015bcio\u0142y Archidiecezji Krakowskiej.\u00a0<\/em>Tom I. Wydawnictwo Ikona. Bydgoszcz 2022, s. 408.<\/li>\n<li><strong>Pochwat J\u00f3zef MS<\/strong>, <em>Modlitwa \u015bw. Faustyny.<\/em>\u00a0Krak\u00f3w 2022, Wydawnictwo La Salette, ss. 216.<\/li>\n<li><strong>Szweda Piotr MS<\/strong>, <em>Adolf Hy\u0142a. Malarz Bo\u017cego Mi\u0142osierdzia. <\/em>Instytut Studi\u00f3w Franciszka\u0144skich, Krak\u00f3w 2022, ss. 1040.<\/li>\n<li><strong>Walendziuk Paschalisa ISMM<\/strong>,\u00a0<em>Betlejem or\u0119dzia Mi\u0142osierdzia. Historia klasztoru Zgromadzenia Si\u00f3str Matki Bo\u017cej Mi\u0142osierdzia i Sanktuarium Bo\u017cego Mi\u0142osierdzia w P\u0142ocku. <\/em>P\u0142ock 2022, s. 160.<\/li>\n<\/ol>\n<h3 style=\"text-align: center\"><span style=\"color: #800000\">2023<\/span><\/h3>\n<ol>\n<li style=\"text-align: justify\"><strong>Bryl Mariusz,<\/strong> <em>Obraz Bo\u017cego Mi\u0142osierdzia Eugeniusza Kazimirowskiego. Potr\u00f3jny orygina\u0142. <\/em>w: <em>Wilno, Vilnius, Vilne 1918-1948. Jedno miasto &#8211; wiele opowie\u015bci,<\/em> red. Giedr\u0117 Jankevi\u010di\u016bt\u0117, Andrzej Szczerski, Muzeum Narodowe w Krakowie, Krak\u00f3w 2023, s. 435-441.<\/li>\n<li><strong>Pochwat J\u00f3zef MS<\/strong>, <em>La Salette. Historia i aktualno\u015b\u0107.<\/em> Cz\u0119stochowa 2023, Wydawnictwo Edycja \u015awi\u0119tego Paw\u0142a, ss. 336.<\/li>\n<li><strong>Pochwat J\u00f3zef MS,<\/strong> <em>Orar con Santa Faustina<\/em>, t\u0142um. Blanca Sanz Mart\u00ednez, Madrid 2023, s. 258.<\/li>\n<li style=\"text-align: justify\"><strong>Smilingyt\u0117-\u017deimien\u0117 Skirmant\u0117,<\/strong> <em>Wile\u0144ski obraz Jezusa Mi\u0142osiernego w litewskiej tradycji pobo\u017cno\u015bciowej. <\/em>w: <em>Wilno, Vilnius, Vilne 1918 &#8211; 1948. Jedno miasto &#8211; wiele opowie\u015bci, <\/em>red. Giedr\u0117 Jankevi\u010di\u016bt\u0117, Andrzej Szczerski, Muzeum Narodowe w Krakowie, Krak\u00f3w 2023,<em>\u00a0<\/em>s. 443- 449.<\/li>\n<\/ol>\n<h3 style=\"text-align: center\"><span style=\"color: #800000\">2024<\/span><\/h3>\n<ol>\n<li><strong>Pochwat J\u00f3zef MS<\/strong>, <em>Rachunek sumienia dla czcicieli Mi\u0142osierdzia Bo\u017cego<\/em>, Edycja Pauli\u0144ska, Cz\u0119stochowa 2024, ss. 32.<\/li>\n<li><strong>Pochwat J\u00f3zef MS<\/strong>, <em>W szkole Bo\u017cego mi\u0142osierdzia #365<\/em>, Edycja Pauli\u0144ska, Cz\u0119stochowa 2024, ss. 407.<\/li>\n<li><strong>Pochwat J\u00f3zef MS<\/strong>, <em>Ze \u015bw. Faustyn\u0105 w Sanktuarium Bo\u017cego Mi\u0142osierdzia. Przewodnik dla dzieci i doros\u0142ych.\u00a0<\/em>Wydawnictwo la Salette, Krak\u00f3w 2024, ss. 72.<\/li>\n<\/ol>\n<h3 style=\"text-align: center\"><span style=\"color: #800000\">2025<\/span><\/h3>\n<ol>\n<li>Siepak El\u017cbieta ISMM, <em>Zachwycona Mi\u0142osierdziem. \u017bycie i misja \u015bw. Siostry Faustyny Kowalskiej<\/em>. [wydanie albumowe]. Wydawnictwo Misericordia, Krak\u00f3w 2025, ss. 496.<\/li>\n<\/ol>\n<h3 style=\"text-align: center\"><span style=\"color: #800000\">2026<\/span><\/h3>\n<ol>\n<li><strong>Pochwat J\u00f3zef MS<\/strong>, <em>Droga do \u015bwi\u0119to\u015bci. S\u0142owa Jezusa do \u015bw. Faustyny i do nas<\/em>. Cz\u0119stochowa 2026, ss. 504.<\/li>\n<\/ol>\n","protected":false},"excerpt":{"rendered":"<p>BIBLIOGRAFIA PRZEDMIOTOWA dotycz\u0105ca tajemnicy mi\u0142osierdzia Bo\u017cego i ludzkiego oraz \u015bw. Siostry Faustyny Kowalskiej ze Zgromadzenia Matki Bo\u017cej Mi\u0142osierdzia &nbsp; Skr\u00f3ty stosowane w bibliografii: [b. d.] &#8211; brak daty wydania [b. m.] &#8211; brak miejsca wydania [b. m. d.] &#8211; brak miejsca i daty wydania 19612 &#8211; indeks g\u00f3rny przy dacie oznacza kolejne wydanie [Krak\u00f3w 1991] [&hellip;]<\/p>\n","protected":false},"author":4,"featured_media":0,"parent":0,"menu_order":0,"comment_status":"closed","ping_status":"closed","template":"","meta":{"footnotes":""},"categories":[89],"tags":[],"class_list":["post-16956","page","type-page","status-publish","hentry","category-bibliografia2"],"_links":{"self":[{"href":"https:\/\/www.faustyna.pl\/zmbm\/wp-json\/wp\/v2\/pages\/16956","targetHints":{"allow":["GET"]}}],"collection":[{"href":"https:\/\/www.faustyna.pl\/zmbm\/wp-json\/wp\/v2\/pages"}],"about":[{"href":"https:\/\/www.faustyna.pl\/zmbm\/wp-json\/wp\/v2\/types\/page"}],"author":[{"embeddable":true,"href":"https:\/\/www.faustyna.pl\/zmbm\/wp-json\/wp\/v2\/users\/4"}],"replies":[{"embeddable":true,"href":"https:\/\/www.faustyna.pl\/zmbm\/wp-json\/wp\/v2\/comments?post=16956"}],"version-history":[{"count":38,"href":"https:\/\/www.faustyna.pl\/zmbm\/wp-json\/wp\/v2\/pages\/16956\/revisions"}],"predecessor-version":[{"id":32003,"href":"https:\/\/www.faustyna.pl\/zmbm\/wp-json\/wp\/v2\/pages\/16956\/revisions\/32003"}],"wp:attachment":[{"href":"https:\/\/www.faustyna.pl\/zmbm\/wp-json\/wp\/v2\/media?parent=16956"}],"wp:term":[{"taxonomy":"category","embeddable":true,"href":"https:\/\/www.faustyna.pl\/zmbm\/wp-json\/wp\/v2\/categories?post=16956"},{"taxonomy":"post_tag","embeddable":true,"href":"https:\/\/www.faustyna.pl\/zmbm\/wp-json\/wp\/v2\/tags?post=16956"}],"curies":[{"name":"wp","href":"https:\/\/api.w.org\/{rel}","templated":true}]}}