



{"id":17167,"date":"2020-03-24T14:35:13","date_gmt":"2020-03-24T13:35:13","guid":{"rendered":"https:\/\/www.faustyna.pl\/zmbm\/?page_id=17167"},"modified":"2022-02-26T09:14:03","modified_gmt":"2022-02-26T08:14:03","slug":"dzienniczek-audio-na-you-tube","status":"publish","type":"page","link":"https:\/\/www.faustyna.pl\/zmbm\/dzienniczek-audio-na-you-tube\/","title":{"rendered":"\u201eDzienniczek\u201d audio na You Tube"},"content":{"rendered":"<p><a href=\"https:\/\/www.faustyna.pl\/zmbm\/wp-content\/uploads\/2020\/03\/Dzienniczek-audio-na-You-Tube.jpg\" data-gallery><img loading=\"lazy\" decoding=\"async\" class=\"size-medium wp-image-17168 alignnone\" src=\"https:\/\/www.faustyna.pl\/zmbm\/wp-content\/uploads\/2020\/03\/Dzienniczek-audio-na-You-Tube-560x329.jpg\" alt=\"\" width=\"560\" height=\"329\" srcset=\"https:\/\/www.faustyna.pl\/zmbm\/wp-content\/uploads\/2020\/03\/Dzienniczek-audio-na-You-Tube-560x329.jpg 560w, https:\/\/www.faustyna.pl\/zmbm\/wp-content\/uploads\/2020\/03\/Dzienniczek-audio-na-You-Tube-140x82.jpg 140w, https:\/\/www.faustyna.pl\/zmbm\/wp-content\/uploads\/2020\/03\/Dzienniczek-audio-na-You-Tube.jpg 1024w\" sizes=\"auto, (max-width: 560px) 100vw, 560px\" \/><\/a><\/p>\n<p style=\"text-align: justify\">Zgromadzenie Si\u00f3str Matki Bo\u017cej Mi\u0142osierdzia publikuje \u201eDzienniczek\u201d \u015bw. Siostry Faustyny Kowalskiej w adaptacji radiowej, czyli wed\u0142ug chronologii wydarze\u0144. 119 odcink\u00f3w, 8-10-minutowych, opowiada histori\u0119 \u017cycia Aposto\u0142ki Bo\u017cego Mi\u0142osierdzia w uk\u0142adzie chronologicznym, by ka\u017cdy s\u0142uchacz z \u0142atwo\u015bci\u0105 m\u00f3g\u0142 pod\u0105\u017ca\u0107 za ni\u0105 i w jaki\u015b spos\u00f3b uczestniczy\u0107 w tym, czego jej by\u0142o dane do\u015bwiadczy\u0107. Pomini\u0119to w tej adaptacji wiersze, teksty niekt\u00f3rych modlitw (np. nowenny, wezwania do Mi\u0142osierdzia Bo\u017cego) czy inne teksty, mniej znacz\u0105ce dla \u017cycia, misji i duchowo\u015bci Mistyczki z \u0141agiewnik. Czyta s. M. El\u017cbieta Siepak ZMBM. Nagranie, kt\u00f3re by\u0142o przygotowane dla rozg\u0142o\u015bni radiowych w latach 90. XX wieku, zosta\u0142o od\u015bwie\u017cone i brakuj\u0105ce odcinki \u2013 uzupe\u0142nione w studiu \u201eKatolik\u201d, a opublikowane na p\u0142ytach CD 3 lata temu przez Wydawnictwo \u201eMisericordia\u201d. To czwarte wydanie publikacji \u201eDzienniczka\u201d w formie audio w j\u0119zyku polskim po audiobooku fundacji \u201eDivine Mercy\u201d, audiobooku wydawnictwa \u201eMisericordia\u201d i audiobooku w wykonaniu Haliny \u0141abonarskiej.<\/p>\n<p>&nbsp;<\/p>\n<p>&nbsp;<\/p>\n","protected":false},"excerpt":{"rendered":"<p>Zgromadzenie Si\u00f3str Matki Bo\u017cej Mi\u0142osierdzia publikuje \u201eDzienniczek\u201d \u015bw. Siostry Faustyny Kowalskiej w adaptacji radiowej, czyli wed\u0142ug chronologii wydarze\u0144. 119 odcink\u00f3w, 8-10-minutowych, opowiada histori\u0119 \u017cycia Aposto\u0142ki Bo\u017cego Mi\u0142osierdzia w uk\u0142adzie chronologicznym, by ka\u017cdy s\u0142uchacz z \u0142atwo\u015bci\u0105 m\u00f3g\u0142 pod\u0105\u017ca\u0107 za ni\u0105 i w jaki\u015b spos\u00f3b uczestniczy\u0107 w tym, czego jej by\u0142o dane do\u015bwiadczy\u0107. Pomini\u0119to w tej adaptacji [&hellip;]<\/p>\n","protected":false},"author":2,"featured_media":17168,"parent":0,"menu_order":-680,"comment_status":"closed","ping_status":"closed","template":"","meta":{"footnotes":""},"categories":[4],"tags":[],"class_list":["post-17167","page","type-page","status-publish","has-post-thumbnail","hentry","category-aktualnosci"],"_links":{"self":[{"href":"https:\/\/www.faustyna.pl\/zmbm\/wp-json\/wp\/v2\/pages\/17167","targetHints":{"allow":["GET"]}}],"collection":[{"href":"https:\/\/www.faustyna.pl\/zmbm\/wp-json\/wp\/v2\/pages"}],"about":[{"href":"https:\/\/www.faustyna.pl\/zmbm\/wp-json\/wp\/v2\/types\/page"}],"author":[{"embeddable":true,"href":"https:\/\/www.faustyna.pl\/zmbm\/wp-json\/wp\/v2\/users\/2"}],"replies":[{"embeddable":true,"href":"https:\/\/www.faustyna.pl\/zmbm\/wp-json\/wp\/v2\/comments?post=17167"}],"version-history":[{"count":1,"href":"https:\/\/www.faustyna.pl\/zmbm\/wp-json\/wp\/v2\/pages\/17167\/revisions"}],"predecessor-version":[{"id":17169,"href":"https:\/\/www.faustyna.pl\/zmbm\/wp-json\/wp\/v2\/pages\/17167\/revisions\/17169"}],"wp:featuredmedia":[{"embeddable":true,"href":"https:\/\/www.faustyna.pl\/zmbm\/wp-json\/wp\/v2\/media\/17168"}],"wp:attachment":[{"href":"https:\/\/www.faustyna.pl\/zmbm\/wp-json\/wp\/v2\/media?parent=17167"}],"wp:term":[{"taxonomy":"category","embeddable":true,"href":"https:\/\/www.faustyna.pl\/zmbm\/wp-json\/wp\/v2\/categories?post=17167"},{"taxonomy":"post_tag","embeddable":true,"href":"https:\/\/www.faustyna.pl\/zmbm\/wp-json\/wp\/v2\/tags?post=17167"}],"curies":[{"name":"wp","href":"https:\/\/api.w.org\/{rel}","templated":true}]}}