



{"id":17346,"date":"2020-04-10T01:02:37","date_gmt":"2020-04-09T23:02:37","guid":{"rendered":"https:\/\/www.faustyna.pl\/zmbm\/?page_id=17346"},"modified":"2022-09-04T17:41:51","modified_gmt":"2022-09-04T15:41:51","slug":"zobacz-na-jakie-godziny-jestes-zapisany","status":"publish","type":"page","link":"https:\/\/www.faustyna.pl\/zmbm\/zobacz-na-jakie-godziny-jestes-zapisany\/","title":{"rendered":"Moje godziny w &#8222;Koronce za Konaj\u0105cych&#8221;"},"content":{"rendered":"<p>Wpisz sw\u00f3j adres email, aby otrzyma\u0107 informacje o Twoich strefach czuwania w dziele &#8222;Koronki za konaj\u0105cych&#8221;.<\/p>\n<style type=\"text\/css\">#nex-forms{display:none;}<\/style><script type=\"text\/javascript\">\r\nif(typeof jQuery !== \"undefined\") {\r\n    jQuery(document).ready(function(){\r\n        jQuery(\"#nex-forms\").show().css(\"visibility\",\"visible\");\r\n    });\r\n} else {\r\n    document.addEventListener(\"DOMContentLoaded\", function(){\r\n        var forms = document.querySelectorAll(\"#nex-forms\");\r\n        forms.forEach(function(form){ form.style.display = \"block\"; form.style.visibility = \"visible\"; });\r\n    });\r\n}\r\n<\/script><div id=\"nf_form_31968\">\r\n\t\t\t\r\n\t\t\t<style type=\"text\/css\">\r\n\t\t\t\r\n\t\t\t\t#nex-forms.na_jakie_godziny_jestem_zapisany\/-a .nf-loader-lds-spinner div:after {background: #40C4FF; }\r\n\t\t\t\t#nex-forms.na_jakie_godziny_jestem_zapisany\/-a .nf-loader-lds-grid div {background: #40C4FF; }\r\n\t\t\t\t#nex-forms.na_jakie_godziny_jestem_zapisany\/-a .nf-loader-lds-ellipsis div { background: #40C4FF;}\r\n\t\t\t\t#nex-forms.na_jakie_godziny_jestem_zapisany\/-a .nf-loader-lds-default div {background: #40C4FF;}\r\n\t\t\t\t#nex-forms.na_jakie_godziny_jestem_zapisany\/-a .nf-loader-lds-roller div:after {background: #40C4FF;}\r\n\t\t\t\t#nex-forms.na_jakie_godziny_jestem_zapisany\/-a .nf-loader-lds-heart div,\r\n\t\t\t\t#nex-forms.na_jakie_godziny_jestem_zapisany\/-a .nf-loader-lds-heart div:after,\r\n\t\t\t\t#nex-forms.na_jakie_godziny_jestem_zapisany\/-a .nf-loader-lds-heart div:before {background: #40C4FF;}\r\n\t\r\n\t\t\t\t\r\n\t\t\t\t#nex-forms.na_jakie_godziny_jestem_zapisany\/-a .nf-loader-lds-facebook div {background: #40C4FF;}\r\n\t\t\t\t#nex-forms.na_jakie_godziny_jestem_zapisany\/-a .nf-loader-lds-circle > div {background: #40C4FF;}\r\n\t\t\t\t\r\n\t\t\t\t#nex-forms.na_jakie_godziny_jestem_zapisany\/-a .nf-loader-lds-dual-ring:after {border: 6px solid #40C4FF;border-color: #40C4FF transparent #40C4FF transparent;}\r\n\t\t\t\t#nex-forms.na_jakie_godziny_jestem_zapisany\/-a .nf-loader-lds-ring div {border: 8px solid #40C4FF;border-color: #40C4FF transparent transparent transparent;}\r\n\t\t\t\t#nex-forms.na_jakie_godziny_jestem_zapisany\/-a .nf-loader-lds-hourglass:after {border: 32px solid #40C4FF;border-color: #40C4FF transparent #40C4FF transparent;}\r\n\t\t\t\t#nex-forms.na_jakie_godziny_jestem_zapisany\/-a .nf-loader-lds-ripple div {border: 4px solid #40C4FF;}\r\n\t\t\t<\/style>\r\n\t\t\t\r\n\t\t\t\r\n\t\t\t<div id=\"nex-forms\" data-loader=\"ellipsis\" data-msg-hide-form=\"yes\" data-msg-position=\"top\" data-msg-placement=\"outside\"  class=\"nex-forms na_jakie_godziny_jestem_zapisany\/-a  \"><div class=\"pre_fill_fields\"><input type=\"hidden\" name=\"q\"  data-original-value=\"\/zmbm\/wp-json\/wp\/v2\/pages\/17346\" value=\"\/zmbm\/wp-json\/wp\/v2\/pages\/17346\"><\/div><div class=\"set_form_theme theme-base\"><div class=\"nex_success_message oldv animated\" style=\"display:none;\"><div class=\"success_header\" ><div class=\"success_icon animated\" style=\"display:none;\"><span class=\"fa fa-check\"><\/span><\/div><\/div><div class=\"msg_box\"><div class=\"msg_text\" style=\"display:none;\"><p><i>Pr\u0119dzej niebo i ziemia obr\u00f3ci\u0142yby si\u0119 w nico\u015b\u0107, ani\u017celiby dusz\u0119 ufaj\u0105c\u0105 nie ogarn\u0119\u0142o mi\u0142osierdzie Moje.<br \/>\n<\/i>S\u0142owa Pana Jezusa (Dz.1777)<\/p>\n<p><b>Odbierz od nas poczt\u0119 e-mailow\u0105 i potwierd\u017a zg\u0142oszenie.<\/b><\/p>\n<p><i>Siostry ze Zgromadzenia Matki Bo\u017cej Mi\u0142osierdzia<\/i><\/p>\n<\/div><\/div><\/div><div data-timer-start=\"1\" data-timer-end=\"0\" class=\"inner-canvas-container ui-nex-forms-container ui-nex-forms-container-fe  bootstrap\" id=\"ui-nex-forms-container-104\"  ><div class=\"current_step\" style=\"display:none;\">1<\/div><div class=\"last_visited_step\" style=\"display:none;\">1<\/div><div id=\"the_plugin_url\" style=\"display:none;\">https:\/\/www.faustyna.pl\/zmbm\/wp-content\/plugins\/nex-forms<\/div><div id=\"nf_save_form_progress\" style=\"display:none;\">false<\/div><div id=\"confirmation_page\" class=\"confirmation_page\" style=\"display:none;\">https:\/\/www.faustyna.pl\/zmbm\/raport-moich-godzin\/<\/div><div id=\"on_form_submmision\" class=\"on_form_submmision\" style=\"display:none;\">redirect<\/div><div class=\"hidden\" id=\"nf_ajax_url\" style=\"display:none;\">https:\/\/www.faustyna.pl\/zmbm\/wp-admin\/admin-ajax.php<\/div><div class=\"hidden\" id=\"paypal_return_url\" style=\"display:none;\">https:\/\/www.faustyna.pl\/zmbm\/wp-json\/wp\/v2\/pages\/17346<\/div><div class=\"hidden\" id=\"ms_scroll_to_top\" style=\"display:none;\">yes<\/div><div class=\"v7_container form_type_normal   \" style=\"width: 100%;\"><div class=\"current_field_on_focus\" style=\"display:none\">1<\/div><form id=\"104\" class=\"send-nex-form nex-forms-104\" data-form-id=\"104\" name=\"nex_form\" action=\"https:\/\/www.faustyna.pl\/zmbm\/raport-moich-godzin\/\" method=\"post\" enctype=\"multipart\/form-data\"><div class=\"step_transition_in\" style=\"display:none;\">fadeIn<\/div><div class=\"step_transition_out\" style=\"display:none;\">fadeOut<\/div><input type=\"hidden\" name=\"nex_forms_Id\" value=\"104\"><input type=\"hidden\" name=\"ip\" value=\"216.73.217.145\"><input type=\"hidden\" name=\"nf_page_id\" value=\"17346\"><input type=\"hidden\" name=\"nf_page_title\" value=\"Moje godziny w &#8222;Koronce za Konaj\u0105cych&#8221;\"><input type=\"text\" name=\"company_url\" value=\"\" placeholder=\"enter company url\" class=\"form-control req\">\n\t\t\t\t\t\t\t<div class=\"form_field hidden\" id=\"_28486\" style=\"\">\n\t\t\t\t\t\t\t\t<input class=\"ms_current_step\" value=\"1\" name=\"ms_current_step\" type=\"hidden\">\n\t\t\t\t\t\t\t<\/div>\n\t\t\t\t\t\t\t<div class=\"form_field all_fields email email preset_fields required\" data-settings=\"s-text\" id=\"_14160\"><div class=\"row\"><div class=\"col-sm-12\" id=\"field_container\"><div class=\"row\"><div class=\"col-sm-12  label_container align_let\"><label class=\"nf_title text-sm\"><span class=\"the_label style_bold\" style=\"color: rgb(0, 0, 0);\">*Adres e-mail<\/span><\/label><\/div><div class=\"col-sm-12  input_container\"><input type=\"text\" name=\"email\" class=\"error_message required email form-control the_input_element  aling_left\" data-onfocus-color=\"#66AFE9\" data-drop-focus-swadow=\"1\" data-placement=\"bottom\" data-content=\"Adres email jest wymagany\" title=\"\" data-secondary-message=\"Adres jest niepoprawny\" id=\"\"><\/div><\/div><\/div><div class=\"field_settings\" style=\"display:none\"><div class=\"btn btn-default waves-effect waves-light btn-xs edit\" title=\"Edit Field Attributes\"><i class=\"fa fa-edit\"><\/i><\/div><div class=\"btn btn-default waves-effect waves-light btn-xs duplicate_field\" title=\"Duplicate Field\"><i class=\"fa fa-files-o\"><\/i><\/div><div class=\"btn btn-default waves-effect waves-light btn-xs delete\" title=\"Delete field\"><i class=\"fa fa-close\"><\/i><\/div><\/div><\/div><\/div><div class=\"form_field all_fields submit-button the_submit button_fields common_fields preset_fields special_fields selection_fields\" id=\"_27813\"><div class=\"row\"><div class=\"col-sm-12\" id=\"field_container\"><div class=\"row\"><div class=\"col-sm-12 input_container\"><button class=\"nex-submit svg_ready the_input_element btn btn-default\" onclick=\"\">Wy\u015blij<\/button><\/div><\/div><\/div><div class=\"field_settings\" style=\"display:none\"><div class=\"btn btn-default waves-effect waves-light btn-xs edit\" title=\"Edit Field Attributes\"><i class=\"fa fa-edit\"><\/i><\/div><div class=\"btn btn-default waves-effect waves-light btn-xs duplicate_field\" title=\"Duplicate Field\"><i class=\"fa fa-files-o\"><\/i><\/div><div class=\"btn btn-default waves-effect waves-light btn-xs delete\" title=\"Delete field\"><i class=\"fa fa-close\"><\/i><\/div><\/div><\/div><\/div><\/form><\/div><\/div><\/div><\/div><\/div><style type=\"text\/css\" class=\"nex-forms-custom-css\"><\/style>\n","protected":false},"excerpt":{"rendered":"<p>Wpisz sw\u00f3j adres email, aby otrzyma\u0107 informacje o Twoich strefach czuwania w dziele &#8222;Koronki za konaj\u0105cych&#8221;.<\/p>\n","protected":false},"author":1,"featured_media":0,"parent":0,"menu_order":0,"comment_status":"closed","ping_status":"closed","template":"","meta":{"footnotes":""},"categories":[105],"tags":[],"class_list":["post-17346","page","type-page","status-publish","hentry","category-koronka-za-konajacych"],"_links":{"self":[{"href":"https:\/\/www.faustyna.pl\/zmbm\/wp-json\/wp\/v2\/pages\/17346","targetHints":{"allow":["GET"]}}],"collection":[{"href":"https:\/\/www.faustyna.pl\/zmbm\/wp-json\/wp\/v2\/pages"}],"about":[{"href":"https:\/\/www.faustyna.pl\/zmbm\/wp-json\/wp\/v2\/types\/page"}],"author":[{"embeddable":true,"href":"https:\/\/www.faustyna.pl\/zmbm\/wp-json\/wp\/v2\/users\/1"}],"replies":[{"embeddable":true,"href":"https:\/\/www.faustyna.pl\/zmbm\/wp-json\/wp\/v2\/comments?post=17346"}],"version-history":[{"count":4,"href":"https:\/\/www.faustyna.pl\/zmbm\/wp-json\/wp\/v2\/pages\/17346\/revisions"}],"predecessor-version":[{"id":23398,"href":"https:\/\/www.faustyna.pl\/zmbm\/wp-json\/wp\/v2\/pages\/17346\/revisions\/23398"}],"wp:attachment":[{"href":"https:\/\/www.faustyna.pl\/zmbm\/wp-json\/wp\/v2\/media?parent=17346"}],"wp:term":[{"taxonomy":"category","embeddable":true,"href":"https:\/\/www.faustyna.pl\/zmbm\/wp-json\/wp\/v2\/categories?post=17346"},{"taxonomy":"post_tag","embeddable":true,"href":"https:\/\/www.faustyna.pl\/zmbm\/wp-json\/wp\/v2\/tags?post=17346"}],"curies":[{"name":"wp","href":"https:\/\/api.w.org\/{rel}","templated":true}]}}